{"id":8062,"date":"2021-09-17T08:29:40","date_gmt":"2021-09-17T06:29:40","guid":{"rendered":"http:\/\/ellegaard.com\/industries\/"},"modified":"2023-09-26T10:36:31","modified_gmt":"2023-09-26T08:36:31","slug":"industries","status":"publish","type":"page","link":"https:\/\/www.ellegaard.com\/en\/industries\/","title":{"rendered":"Industries"},"content":{"rendered":"<section class=\"wpb-content-wrapper\"><p>[vc_row full_width=&#8221;stretch_row&#8221; css=&#8221;.vc_custom_1632318073014{border-bottom-width: 1px !important;border-bottom-color: rgba(0,0,0,0.05) !important;border-bottom-style: solid !important;}&#8221;][vc_column][vc_empty_space height=&#8221;60px&#8221;][vc_row_inner][vc_column_inner width=&#8221;1\/6&#8243;][\/vc_column_inner][vc_column_inner width=&#8221;2\/3&#8243;][vc_column_text el_class=&#8221;custom&#8221;]<\/p>\n<h1 style=\"text-align: center;\">Choose your industry here<\/h1>\n<p style=\"text-align: center;\">We ease the daily life for the machine builder For machine builders it can be an advantage to choose Ellegaard as a supplier.<\/p>\n<p>[\/vc_column_text][\/vc_column_inner][vc_column_inner width=&#8221;1\/6&#8243;][\/vc_column_inner][\/vc_row_inner][vc_empty_space height=&#8221;30px&#8221;][vc_row_inner css=&#8221;.vc_custom_1632135170112{padding-right: 30px !important;padding-left: 30px !important;}&#8221;][vc_column_inner width=&#8221;1\/3&#8243; css=&#8221;.vc_custom_1632135046065{padding-right: 0px !important;padding-left: 0px !important;}&#8221;]<div class=\"aio-icon-component   branche dark-blue style_3\"><a class=\"aio-icon-box-link\" href=\"\/en\/industries\/logistics\/\" title=\"Logistics\" ><div id=\"Info-box-wrap-3605\" class=\"aio-icon-box top-icon\" style=\"\"  ><div class=\"aio-icon-top\"><div class=\"ult-just-icon-wrapper  \"><div class=\"align-icon\" style=\"text-align:center;\">\n<div class=\"aio-icon-img \" style=\"font-size:80px;display:inline-block;\" >\n\t<img decoding=\"async\" class=\"img-icon\" alt=\"null\" src=\"https:\/\/www.ellegaard.com\/wp-content\/uploads\/2021\/09\/002-box.svg\"\/>\n<\/div><\/div><\/div><\/div><div class=\"aio-icon-header\" ><h3 class=\"aio-icon-title ult-responsive\"  data-ultimate-target='#Info-box-wrap-3605 .aio-icon-title'  data-responsive-json-new='{\"font-size\":\"desktop:28px;tablet_portrait:22px;mobile:20px;\",\"line-height\":\"\"}'  style=\"color:#ffffff;\">Logistics<\/h3><\/div> <!-- header --><\/div> <!-- aio-icon-box --><\/a><\/div> <!-- aio-icon-component -->[\/vc_column_inner][vc_column_inner width=&#8221;1\/3&#8243; css=&#8221;.vc_custom_1632135151410{padding-right: 0px !important;padding-left: 0px !important;}&#8221;]<div class=\"aio-icon-component   branche light-blue style_3\"><a class=\"aio-icon-box-link\" href=\"\/en\/industries\/supply\/\" title=\"Supply\" ><div id=\"Info-box-wrap-8431\" class=\"aio-icon-box top-icon\" style=\"\"  ><div class=\"aio-icon-top\"><div class=\"ult-just-icon-wrapper  \"><div class=\"align-icon\" style=\"text-align:center;\">\n<div class=\"aio-icon-img \" style=\"font-size:80px;display:inline-block;\" >\n\t<img decoding=\"async\" class=\"img-icon\" alt=\"null\" src=\"https:\/\/www.ellegaard.com\/wp-content\/uploads\/2021\/09\/001-green-energy.svg\"\/>\n<\/div><\/div><\/div><\/div><div class=\"aio-icon-header\" ><h3 class=\"aio-icon-title ult-responsive\"  data-ultimate-target='#Info-box-wrap-8431 .aio-icon-title'  data-responsive-json-new='{\"font-size\":\"desktop:28px;tablet_portrait:22px;mobile:20px;\",\"line-height\":\"\"}'  style=\"color:#ffffff;\">Supply<\/h3><\/div> <!-- header --><\/div> <!-- aio-icon-box --><\/a><\/div> <!-- aio-icon-component -->[\/vc_column_inner][vc_column_inner width=&#8221;1\/3&#8243; css=&#8221;.vc_custom_1632135154745{padding-right: 0px !important;padding-left: 0px !important;}&#8221;]<div class=\"aio-icon-component   branche dark-blue style_3\"><a class=\"aio-icon-box-link\" href=\"\/en\/industries\/ellegaard-rail\/\" title=\"Rail\" ><div id=\"Info-box-wrap-8984\" class=\"aio-icon-box top-icon\" style=\"\"  ><div class=\"aio-icon-top\"><div class=\"ult-just-icon-wrapper  \"><div class=\"align-icon\" style=\"text-align:center;\">\n<div class=\"aio-icon-img \" style=\"font-size:80px;display:inline-block;\" >\n\t<img decoding=\"async\" class=\"img-icon\" alt=\"null\" src=\"https:\/\/www.ellegaard.com\/wp-content\/uploads\/2021\/09\/003-train.svg\"\/>\n<\/div><\/div><\/div><\/div><div class=\"aio-icon-header\" ><h3 class=\"aio-icon-title ult-responsive\"  data-ultimate-target='#Info-box-wrap-8984 .aio-icon-title'  data-responsive-json-new='{\"font-size\":\"desktop:28px;tablet_portrait:22px;mobile:20px;\",\"line-height\":\"\"}'  style=\"color:#ffffff;\">Rail<\/h3><\/div> <!-- header --><\/div> <!-- aio-icon-box --><\/a><\/div> <!-- aio-icon-component -->[\/vc_column_inner][\/vc_row_inner][vc_row_inner css=&#8221;.vc_custom_1632135170112{padding-right: 30px !important;padding-left: 30px !important;}&#8221;][vc_column_inner width=&#8221;1\/3&#8243; css=&#8221;.vc_custom_1632135046065{padding-right: 0px !important;padding-left: 0px !important;}&#8221;]<div class=\"aio-icon-component   branche light-blue style_3\"><a class=\"aio-icon-box-link\" href=\"\/en\/industries\/food-industry\/\" title=\"Food\" ><div id=\"Info-box-wrap-7726\" class=\"aio-icon-box top-icon\" style=\"\"  ><div class=\"aio-icon-top\"><div class=\"ult-just-icon-wrapper  \"><div class=\"align-icon\" style=\"text-align:center;\">\n<div class=\"aio-icon-img \" style=\"font-size:80px;display:inline-block;\" >\n\t<img decoding=\"async\" class=\"img-icon\" alt=\"null\" src=\"https:\/\/www.ellegaard.com\/wp-content\/uploads\/2021\/09\/004-canned-food.svg\"\/>\n<\/div><\/div><\/div><\/div><div class=\"aio-icon-header\" ><h3 class=\"aio-icon-title ult-responsive\"  data-ultimate-target='#Info-box-wrap-7726 .aio-icon-title'  data-responsive-json-new='{\"font-size\":\"desktop:28px;tablet_portrait:22px;mobile:20px;\",\"line-height\":\"\"}'  style=\"color:#ffffff;\">Food industry<\/h3><\/div> <!-- header --><\/div> <!-- aio-icon-box --><\/a><\/div> <!-- aio-icon-component -->[\/vc_column_inner][vc_column_inner width=&#8221;1\/3&#8243; css=&#8221;.vc_custom_1632135151410{padding-right: 0px !important;padding-left: 0px !important;}&#8221;]<div class=\"aio-icon-component   branche orange style_3\"><a class=\"aio-icon-box-link\" href=\"\/en\/industries\/recycling\/\" title=\"Recycling\" ><div id=\"Info-box-wrap-8126\" class=\"aio-icon-box top-icon\" style=\"\"  ><div class=\"aio-icon-top\"><div class=\"ult-just-icon-wrapper  \"><div class=\"align-icon\" style=\"text-align:center;\">\n<div class=\"aio-icon-img \" style=\"font-size:80px;display:inline-block;\" >\n\t<img decoding=\"async\" class=\"img-icon\" alt=\"null\" src=\"https:\/\/www.ellegaard.com\/wp-content\/uploads\/2021\/09\/005-recycle.svg\"\/>\n<\/div><\/div><\/div><\/div><div class=\"aio-icon-header\" ><h3 class=\"aio-icon-title ult-responsive\"  data-ultimate-target='#Info-box-wrap-8126 .aio-icon-title'  data-responsive-json-new='{\"font-size\":\"desktop:28px;tablet_portrait:22px;mobile:20px;\",\"line-height\":\"\"}'  style=\"color:#ffffff;\">Recycling<\/h3><\/div> <!-- header --><\/div> <!-- aio-icon-box --><\/a><\/div> <!-- aio-icon-component -->[\/vc_column_inner][vc_column_inner width=&#8221;1\/3&#8243; css=&#8221;.vc_custom_1632135154745{padding-right: 0px !important;padding-left: 0px !important;}&#8221;]<div class=\"aio-icon-component   branche light-blue style_3\"><a class=\"aio-icon-box-link\" href=\"\/en\/industries\/medicinal\/\" title=\"Pharmaceutical\" ><div id=\"Info-box-wrap-9344\" class=\"aio-icon-box top-icon\" style=\"\"  ><div class=\"aio-icon-top\"><div class=\"ult-just-icon-wrapper  \"><div class=\"align-icon\" style=\"text-align:center;\">\n<div class=\"aio-icon-img \" style=\"font-size:80px;display:inline-block;\" >\n\t<img decoding=\"async\" class=\"img-icon\" alt=\"null\" src=\"https:\/\/www.ellegaard.com\/wp-content\/uploads\/2021\/09\/006-pills.svg\"\/>\n<\/div><\/div><\/div><\/div><div class=\"aio-icon-header\" ><h3 class=\"aio-icon-title ult-responsive\"  data-ultimate-target='#Info-box-wrap-9344 .aio-icon-title'  data-responsive-json-new='{\"font-size\":\"desktop:28px;tablet_portrait:22px;mobile:20px;\",\"line-height\":\"\"}'  style=\"color:#ffffff;\">Pharmaceutical<\/h3><\/div> <!-- header --><\/div> <!-- aio-icon-box --><\/a><\/div> <!-- aio-icon-component -->[\/vc_column_inner][\/vc_row_inner][vc_row_inner css=&#8221;.vc_custom_1632135170112{padding-right: 30px !important;padding-left: 30px !important;}&#8221;][vc_column_inner width=&#8221;1\/3&#8243; css=&#8221;.vc_custom_1632135046065{padding-right: 0px !important;padding-left: 0px !important;}&#8221;]<div class=\"aio-icon-component   branche dark-blue style_3\"><a class=\"aio-icon-box-link\" href=\"\/en\/industries\/agriculture\/\" title=\"Agriculture\" ><div id=\"Info-box-wrap-2504\" class=\"aio-icon-box top-icon\" style=\"\"  ><div class=\"aio-icon-top\"><div class=\"ult-just-icon-wrapper  \"><div class=\"align-icon\" style=\"text-align:center;\">\n<div class=\"aio-icon-img \" style=\"font-size:80px;display:inline-block;\" >\n\t<img decoding=\"async\" class=\"img-icon\" alt=\"null\" src=\"https:\/\/www.ellegaard.com\/wp-content\/uploads\/2021\/09\/007-agriculture.svg\"\/>\n<\/div><\/div><\/div><\/div><div class=\"aio-icon-header\" ><h3 class=\"aio-icon-title ult-responsive\"  data-ultimate-target='#Info-box-wrap-2504 .aio-icon-title'  data-responsive-json-new='{\"font-size\":\"desktop:28px;tablet_portrait:22px;mobile:20px;\",\"line-height\":\"\"}'  style=\"color:#ffffff;\">Agri<\/h3><\/div> <!-- header --><\/div> <!-- aio-icon-box --><\/a><\/div> <!-- aio-icon-component -->[\/vc_column_inner][vc_column_inner width=&#8221;1\/3&#8243; css=&#8221;.vc_custom_1632135151410{padding-right: 0px !important;padding-left: 0px !important;}&#8221;]<div class=\"aio-icon-component   branche light-blue style_3\"><a class=\"aio-icon-box-link\" href=\"\/en\/industries\/raw-materials\/\" title=\"Raw Materials\" ><div id=\"Info-box-wrap-2486\" class=\"aio-icon-box top-icon\" style=\"\"  ><div class=\"aio-icon-top\"><div class=\"ult-just-icon-wrapper  \"><div class=\"align-icon\" style=\"text-align:center;\">\n<div class=\"aio-icon-img \" style=\"font-size:80px;display:inline-block;\" >\n\t<img decoding=\"async\" class=\"img-icon\" alt=\"null\" src=\"https:\/\/www.ellegaard.com\/wp-content\/uploads\/2021\/11\/001-conveyor.svg\"\/>\n<\/div><\/div><\/div><\/div><div class=\"aio-icon-header\" ><h3 class=\"aio-icon-title ult-responsive\"  data-ultimate-target='#Info-box-wrap-2486 .aio-icon-title'  data-responsive-json-new='{\"font-size\":\"desktop:28px;tablet_portrait:22px;mobile:20px;\",\"line-height\":\"\"}'  style=\"color:#ffffff;\">Raw materials<\/h3><\/div> <!-- header --><\/div> <!-- aio-icon-box --><\/a><\/div> <!-- aio-icon-component -->[\/vc_column_inner][vc_column_inner width=&#8221;1\/3&#8243; css=&#8221;.vc_custom_1632135154745{padding-right: 0px !important;padding-left: 0px !important;}&#8221;]<div class=\"aio-icon-component   branche dark-blue style_3\"><a class=\"aio-icon-box-link\" href=\"\/en\/industries\/machine-builder\/\" title=\"Machine Builder\" ><div id=\"Info-box-wrap-3679\" class=\"aio-icon-box top-icon\" style=\"\"  ><div class=\"aio-icon-top\"><div class=\"ult-just-icon-wrapper  \"><div class=\"align-icon\" style=\"text-align:center;\">\n<div class=\"aio-icon-img \" style=\"font-size:80px;display:inline-block;\" >\n\t<img decoding=\"async\" class=\"img-icon\" alt=\"null\" src=\"https:\/\/www.ellegaard.com\/wp-content\/uploads\/2021\/11\/001-cogwheel.svg\"\/>\n<\/div><\/div><\/div><\/div><div class=\"aio-icon-header\" ><h3 class=\"aio-icon-title ult-responsive\"  data-ultimate-target='#Info-box-wrap-3679 .aio-icon-title'  data-responsive-json-new='{\"font-size\":\"desktop:28px;tablet_portrait:22px;mobile:20px;\",\"line-height\":\"\"}'  style=\"color:#ffffff;\">Machine builder<\/h3><\/div> <!-- header --><\/div> <!-- aio-icon-box --><\/a><\/div> <!-- aio-icon-component -->[\/vc_column_inner][\/vc_row_inner][vc_empty_space height=&#8221;60px&#8221;][\/vc_column][\/vc_row]<\/p>\n<\/section>","protected":false},"excerpt":{"rendered":"<p>[vc_row full_width=&#8221;stretch_row&#8221; css=&#8221;.vc_custom_1632318073014{border-bottom-width: 1px !important;border-bottom-color: rgba(0,0,0,0.05) !important;border-bottom-style: solid !important;}&#8221;][vc_column][vc_empty_space height=&#8221;60px&#8221;][vc_row_inner][vc_column_inner width=&#8221;1\/6&#8243;][\/vc_column_inner][vc_column_inner width=&#8221;2\/3&#8243;][vc_column_text el_class=&#8221;custom&#8221;] Choose your industry here We ease the daily life for the machine builder For machine builders it can be an advantage to choose Ellegaard as a supplier. [\/vc_column_text][\/vc_column_inner][vc_column_inner width=&#8221;1\/6&#8243;][\/vc_column_inner][\/vc_row_inner][vc_empty_space height=&#8221;30px&#8221;][vc_row_inner css=&#8221;.vc_custom_1632135170112{padding-right: 30px !important;padding-left: 30px !important;}&#8221;][vc_column_inner width=&#8221;1\/3&#8243; css=&#8221;.vc_custom_1632135046065{padding-right: 0px !important;padding-left: 0px !important;}&#8221;][\/vc_column_inner][vc_column_inner width=&#8221;1\/3&#8243; &#8230; <a title=\"Industries\" class=\"read-more\" href=\"https:\/\/www.ellegaard.com\/en\/industries\/\" aria-label=\"Read more about Industries\">Read more<\/a><\/p>\n","protected":false},"author":1,"featured_media":0,"parent":0,"menu_order":6,"comment_status":"closed","ping_status":"closed","template":"","meta":{"_acf_changed":false,"footnotes":""},"categories":[],"class_list":["post-8062","page","type-page","status-publish"],"acf":[],"yoast_head":"<!-- This site is optimized with the Yoast SEO plugin v27.1.1 - https:\/\/yoast.com\/product\/yoast-seo-wordpress\/ -->\n<title>Industries &#183; Ellegaard Group<\/title>\n<meta name=\"robots\" content=\"index, follow, max-snippet:-1, max-image-preview:large, max-video-preview:-1\" \/>\n<link rel=\"canonical\" href=\"https:\/\/www.ellegaard.com\/en\/industries\/\" \/>\n<meta property=\"og:locale\" content=\"en_US\" \/>\n<meta property=\"og:type\" content=\"article\" \/>\n<meta property=\"og:title\" content=\"Industries &#183; Ellegaard Group\" \/>\n<meta property=\"og:description\" content=\"[vc_row full_width=&#8221;stretch_row&#8221; css=&#8221;.vc_custom_1632318073014{border-bottom-width: 1px !important;border-bottom-color: rgba(0,0,0,0.05) !important;border-bottom-style: solid !important;}&#8221;][vc_column][vc_empty_space height=&#8221;60px&#8221;][vc_row_inner][vc_column_inner width=&#8221;1\/6&#8243;][\/vc_column_inner][vc_column_inner width=&#8221;2\/3&#8243;][vc_column_text el_class=&#8221;custom&#8221;] Choose your industry here We ease the daily life for the machine builder For machine builders it can be an advantage to choose Ellegaard as a supplier. [\/vc_column_text][\/vc_column_inner][vc_column_inner width=&#8221;1\/6&#8243;][\/vc_column_inner][\/vc_row_inner][vc_empty_space height=&#8221;30px&#8221;][vc_row_inner css=&#8221;.vc_custom_1632135170112{padding-right: 30px !important;padding-left: 30px !important;}&#8221;][vc_column_inner width=&#8221;1\/3&#8243; css=&#8221;.vc_custom_1632135046065{padding-right: 0px !important;padding-left: 0px !important;}&#8221;][\/vc_column_inner][vc_column_inner width=&#8221;1\/3&#8243; ... Read more\" \/>\n<meta property=\"og:url\" content=\"https:\/\/www.ellegaard.com\/en\/industries\/\" \/>\n<meta property=\"og:site_name\" content=\"Ellegaard Group\" \/>\n<meta property=\"article:modified_time\" content=\"2023-09-26T08:36:31+00:00\" \/>\n<meta name=\"twitter:card\" content=\"summary_large_image\" \/>\n<meta name=\"twitter:label1\" content=\"Est. reading time\" \/>\n\t<meta name=\"twitter:data1\" content=\"2 minutes\" \/>\n<script type=\"application\/ld+json\" class=\"yoast-schema-graph\">{\"@context\":\"https:\/\/schema.org\",\"@graph\":[{\"@type\":\"WebPage\",\"@id\":\"https:\/\/www.ellegaard.com\/en\/industries\/\",\"url\":\"https:\/\/www.ellegaard.com\/en\/industries\/\",\"name\":\"Industries &#183; Ellegaard Group\",\"isPartOf\":{\"@id\":\"https:\/\/www.ellegaard.com\/en\/#website\"},\"datePublished\":\"2021-09-17T06:29:40+00:00\",\"dateModified\":\"2023-09-26T08:36:31+00:00\",\"breadcrumb\":{\"@id\":\"https:\/\/www.ellegaard.com\/en\/industries\/#breadcrumb\"},\"inLanguage\":\"en-US\",\"potentialAction\":[{\"@type\":\"ReadAction\",\"target\":[\"https:\/\/www.ellegaard.com\/en\/industries\/\"]}]},{\"@type\":\"BreadcrumbList\",\"@id\":\"https:\/\/www.ellegaard.com\/en\/industries\/#breadcrumb\",\"itemListElement\":[{\"@type\":\"ListItem\",\"position\":1,\"name\":\"Hjem\",\"item\":\"https:\/\/www.ellegaard.com\/en\/\"},{\"@type\":\"ListItem\",\"position\":2,\"name\":\"Industries\"}]},{\"@type\":\"WebSite\",\"@id\":\"https:\/\/www.ellegaard.com\/en\/#website\",\"url\":\"https:\/\/www.ellegaard.com\/en\/\",\"name\":\"Ellegaard Group\",\"description\":\"Totalleverand\u00f8r til industrien: Alt i transportb\u00e5nd, transportsystemer, service og transport\u00f8rer\",\"publisher\":{\"@id\":\"https:\/\/www.ellegaard.com\/en\/#organization\"},\"potentialAction\":[{\"@type\":\"SearchAction\",\"target\":{\"@type\":\"EntryPoint\",\"urlTemplate\":\"https:\/\/www.ellegaard.com\/en\/?s={search_term_string}\"},\"query-input\":{\"@type\":\"PropertyValueSpecification\",\"valueRequired\":true,\"valueName\":\"search_term_string\"}}],\"inLanguage\":\"en-US\"},{\"@type\":\"Organization\",\"@id\":\"https:\/\/www.ellegaard.com\/en\/#organization\",\"name\":\"Ellegaard Group\",\"url\":\"https:\/\/www.ellegaard.com\/en\/\",\"logo\":{\"@type\":\"ImageObject\",\"inLanguage\":\"en-US\",\"@id\":\"https:\/\/www.ellegaard.com\/en\/#\/schema\/logo\/image\/\",\"url\":\"https:\/\/www.ellegaard.com\/wp-content\/uploads\/2021\/09\/logo.svg\",\"contentUrl\":\"https:\/\/www.ellegaard.com\/wp-content\/uploads\/2021\/09\/logo.svg\",\"width\":519,\"height\":46,\"caption\":\"Ellegaard Group\"},\"image\":{\"@id\":\"https:\/\/www.ellegaard.com\/en\/#\/schema\/logo\/image\/\"}}]}<\/script>\n<!-- \/ Yoast SEO plugin. -->","yoast_head_json":{"title":"Industries &#183; Ellegaard Group","robots":{"index":"index","follow":"follow","max-snippet":"max-snippet:-1","max-image-preview":"max-image-preview:large","max-video-preview":"max-video-preview:-1"},"canonical":"https:\/\/www.ellegaard.com\/en\/industries\/","og_locale":"en_US","og_type":"article","og_title":"Industries &#183; Ellegaard Group","og_description":"[vc_row full_width=&#8221;stretch_row&#8221; css=&#8221;.vc_custom_1632318073014{border-bottom-width: 1px !important;border-bottom-color: rgba(0,0,0,0.05) !important;border-bottom-style: solid !important;}&#8221;][vc_column][vc_empty_space height=&#8221;60px&#8221;][vc_row_inner][vc_column_inner width=&#8221;1\/6&#8243;][\/vc_column_inner][vc_column_inner width=&#8221;2\/3&#8243;][vc_column_text el_class=&#8221;custom&#8221;] Choose your industry here We ease the daily life for the machine builder For machine builders it can be an advantage to choose Ellegaard as a supplier. [\/vc_column_text][\/vc_column_inner][vc_column_inner width=&#8221;1\/6&#8243;][\/vc_column_inner][\/vc_row_inner][vc_empty_space height=&#8221;30px&#8221;][vc_row_inner css=&#8221;.vc_custom_1632135170112{padding-right: 30px !important;padding-left: 30px !important;}&#8221;][vc_column_inner width=&#8221;1\/3&#8243; css=&#8221;.vc_custom_1632135046065{padding-right: 0px !important;padding-left: 0px !important;}&#8221;][\/vc_column_inner][vc_column_inner width=&#8221;1\/3&#8243; ... Read more","og_url":"https:\/\/www.ellegaard.com\/en\/industries\/","og_site_name":"Ellegaard Group","article_modified_time":"2023-09-26T08:36:31+00:00","twitter_card":"summary_large_image","twitter_misc":{"Est. reading time":"2 minutes"},"schema":{"@context":"https:\/\/schema.org","@graph":[{"@type":"WebPage","@id":"https:\/\/www.ellegaard.com\/en\/industries\/","url":"https:\/\/www.ellegaard.com\/en\/industries\/","name":"Industries &#183; Ellegaard Group","isPartOf":{"@id":"https:\/\/www.ellegaard.com\/en\/#website"},"datePublished":"2021-09-17T06:29:40+00:00","dateModified":"2023-09-26T08:36:31+00:00","breadcrumb":{"@id":"https:\/\/www.ellegaard.com\/en\/industries\/#breadcrumb"},"inLanguage":"en-US","potentialAction":[{"@type":"ReadAction","target":["https:\/\/www.ellegaard.com\/en\/industries\/"]}]},{"@type":"BreadcrumbList","@id":"https:\/\/www.ellegaard.com\/en\/industries\/#breadcrumb","itemListElement":[{"@type":"ListItem","position":1,"name":"Hjem","item":"https:\/\/www.ellegaard.com\/en\/"},{"@type":"ListItem","position":2,"name":"Industries"}]},{"@type":"WebSite","@id":"https:\/\/www.ellegaard.com\/en\/#website","url":"https:\/\/www.ellegaard.com\/en\/","name":"Ellegaard Group","description":"Totalleverand\u00f8r til industrien: Alt i transportb\u00e5nd, transportsystemer, service og transport\u00f8rer","publisher":{"@id":"https:\/\/www.ellegaard.com\/en\/#organization"},"potentialAction":[{"@type":"SearchAction","target":{"@type":"EntryPoint","urlTemplate":"https:\/\/www.ellegaard.com\/en\/?s={search_term_string}"},"query-input":{"@type":"PropertyValueSpecification","valueRequired":true,"valueName":"search_term_string"}}],"inLanguage":"en-US"},{"@type":"Organization","@id":"https:\/\/www.ellegaard.com\/en\/#organization","name":"Ellegaard Group","url":"https:\/\/www.ellegaard.com\/en\/","logo":{"@type":"ImageObject","inLanguage":"en-US","@id":"https:\/\/www.ellegaard.com\/en\/#\/schema\/logo\/image\/","url":"https:\/\/www.ellegaard.com\/wp-content\/uploads\/2021\/09\/logo.svg","contentUrl":"https:\/\/www.ellegaard.com\/wp-content\/uploads\/2021\/09\/logo.svg","width":519,"height":46,"caption":"Ellegaard Group"},"image":{"@id":"https:\/\/www.ellegaard.com\/en\/#\/schema\/logo\/image\/"}}]}},"_links":{"self":[{"href":"https:\/\/www.ellegaard.com\/en\/wp-json\/wp\/v2\/pages\/8062","targetHints":{"allow":["GET"]}}],"collection":[{"href":"https:\/\/www.ellegaard.com\/en\/wp-json\/wp\/v2\/pages"}],"about":[{"href":"https:\/\/www.ellegaard.com\/en\/wp-json\/wp\/v2\/types\/page"}],"author":[{"embeddable":true,"href":"https:\/\/www.ellegaard.com\/en\/wp-json\/wp\/v2\/users\/1"}],"replies":[{"embeddable":true,"href":"https:\/\/www.ellegaard.com\/en\/wp-json\/wp\/v2\/comments?post=8062"}],"version-history":[{"count":14,"href":"https:\/\/www.ellegaard.com\/en\/wp-json\/wp\/v2\/pages\/8062\/revisions"}],"predecessor-version":[{"id":85229,"href":"https:\/\/www.ellegaard.com\/en\/wp-json\/wp\/v2\/pages\/8062\/revisions\/85229"}],"wp:attachment":[{"href":"https:\/\/www.ellegaard.com\/en\/wp-json\/wp\/v2\/media?parent=8062"}],"wp:term":[{"taxonomy":"category","embeddable":true,"href":"https:\/\/www.ellegaard.com\/en\/wp-json\/wp\/v2\/categories?post=8062"}],"curies":[{"name":"wp","href":"https:\/\/api.w.org\/{rel}","templated":true}]}}