{"id":8035,"date":"2021-09-17T08:32:07","date_gmt":"2021-09-17T06:32:07","guid":{"rendered":"http:\/\/ellegaard.com\/products\/polymax-modular\/"},"modified":"2022-10-25T13:58:32","modified_gmt":"2022-10-25T11:58:32","slug":"polymax-modular","status":"publish","type":"page","link":"https:\/\/www.ellegaard.com\/en\/products\/polymax-modular\/","title":{"rendered":"PolyMax Modular"},"content":{"rendered":"<section class=\"wpb-content-wrapper\"><p>[vc_row full_width=&#8221;stretch_row&#8221; css=&#8221;.vc_custom_1632401993261{border-bottom-width: 1px !important;border-bottom-color: rgba(0,0,0,0.05) !important;border-bottom-style: solid !important;}&#8221;][vc_column][vc_empty_space height=&#8221;60px&#8221;][vc_column_text]<\/p>\n<h1>Polymax modular<\/h1>\n<p><img decoding=\"async\" class=\"alignnone size-full wp-image-5486\" src=\"http:\/\/ellegaard.com\/wp-content\/uploads\/2022\/02\/polymax-modular-lineup.jpg\" alt=\"\" width=\"1200\" height=\"150\" srcset=\"https:\/\/www.ellegaard.com\/wp-content\/uploads\/2022\/02\/polymax-modular-lineup.jpg 1200w, https:\/\/www.ellegaard.com\/wp-content\/uploads\/2022\/02\/polymax-modular-lineup-768x96.jpg 768w\" sizes=\"(max-width: 1200px) 100vw, 1200px\" \/>[\/vc_column_text][vc_empty_space height=&#8221;30px&#8221;][vc_row_inner][vc_column_inner width=&#8221;2\/3&#8243;][vc_column_text]The modular wide belt conveyor is designed for applications that handle products that require stable support by a wide chain, such as:<\/p>\n<ul>\n<li>Secondary packaging of food and hygiene products<\/li>\n<li>Bags<\/li>\n<li>Soft plastic bags<\/li>\n<li>Shrink wrapped products<\/li>\n<li>Cardboard boxes<\/li>\n<li>Plastic containers<\/li>\n<\/ul>\n<p>Extremely suitable when production requires horizontal transport between suitcase packers, cartons, in-case fillers, shrink\/stretch wrappers or bulk packers.<\/p>\n<p><a href=\"https:\/\/www.flexlink.com\/en\/home\/products-and-services\/aluminum-conveyor-systems\/wide-belt-conveyors\"><img decoding=\"async\" class=\"alignnone size-full wp-image-5487\" src=\"http:\/\/ellegaard.com\/wp-content\/uploads\/2022\/02\/polymax-modular1-800px.jpg\" alt=\"\" width=\"800\" height=\"272\" srcset=\"https:\/\/www.ellegaard.com\/wp-content\/uploads\/2022\/02\/polymax-modular1-800px.jpg 800w, https:\/\/www.ellegaard.com\/wp-content\/uploads\/2022\/02\/polymax-modular1-800px-768x261.jpg 768w\" sizes=\"(max-width: 800px) 100vw, 800px\" \/><\/a><\/p>\n<p>&nbsp;<\/p>\n<p><strong>Conveyor belts<\/strong><br \/>\nModular polymer conveyor systems ranges from 304 to 608 mm. Mounted in a rigid aluminium construction.<\/p>\n<p><strong>Modular<\/strong><br \/>\nThe belt conveyor system has many of the advantages of the original FlexLink conveyor system. Due to the modular design, the conveyors are easy to design and assemble to match your specific needs. The added benefit of a side-bending wide belt (up to 600 mm) allows efficient transport and accumulation in several different configurations.<\/p>\n<p><strong>Gentle transport<\/strong><br \/>\nThe polymer belt surface ensures safe and gentle transport of the transported goods. Optional high-friction belt for vertical ascents is available. The chain&#8217;s fine-mesh pattern minimizes the risk of entrapment during transport and also improves operator safety.<\/p>\n<p>&nbsp;<\/p>\n<p><img decoding=\"async\" class=\"alignnone wp-image-5528\" src=\"http:\/\/ellegaard.com\/wp-content\/uploads\/2022\/02\/14169271506043359192_aluminum-wide-belt-conveyors-FlexLink-G.jpg\" alt=\"\" width=\"342\" height=\"220\" srcset=\"https:\/\/www.ellegaard.com\/wp-content\/uploads\/2022\/02\/14169271506043359192_aluminum-wide-belt-conveyors-FlexLink-G.jpg 800w, https:\/\/www.ellegaard.com\/wp-content\/uploads\/2022\/02\/14169271506043359192_aluminum-wide-belt-conveyors-FlexLink-G-768x494.jpg 768w\" sizes=\"(max-width: 342px) 100vw, 342px\" \/>   <img decoding=\"async\" class=\"alignnone wp-image-5529\" src=\"http:\/\/ellegaard.com\/wp-content\/uploads\/2022\/02\/14169273295093922946_modular-wide-belt-aluminum-conveyors-FlexLink-G.jpg\" alt=\"\" width=\"342\" height=\"220\" srcset=\"https:\/\/www.ellegaard.com\/wp-content\/uploads\/2022\/02\/14169273295093922946_modular-wide-belt-aluminum-conveyors-FlexLink-G.jpg 800w, https:\/\/www.ellegaard.com\/wp-content\/uploads\/2022\/02\/14169273295093922946_modular-wide-belt-aluminum-conveyors-FlexLink-G-768x494.jpg 768w\" sizes=\"(max-width: 342px) 100vw, 342px\" \/><\/p>\n<p><img decoding=\"async\" class=\"alignnone wp-image-5530\" src=\"http:\/\/ellegaard.com\/wp-content\/uploads\/2022\/02\/14169273908221151143_wide-belt-conveyors-FlexLink-G.jpg\" alt=\"\" width=\"342\" height=\"220\" srcset=\"https:\/\/www.ellegaard.com\/wp-content\/uploads\/2022\/02\/14169273908221151143_wide-belt-conveyors-FlexLink-G.jpg 800w, https:\/\/www.ellegaard.com\/wp-content\/uploads\/2022\/02\/14169273908221151143_wide-belt-conveyors-FlexLink-G-768x494.jpg 768w\" sizes=\"(max-width: 342px) 100vw, 342px\" \/>    <img decoding=\"async\" class=\"alignnone wp-image-5533\" src=\"http:\/\/ellegaard.com\/wp-content\/uploads\/2022\/02\/polymax-modular3-crop.jpg\" alt=\"\" width=\"260\" height=\"220\">[\/vc_column_text]<div class=\"ult-spacer spacer-69e4c6eba6a97\" data-id=\"69e4c6eba6a97\" data-height=\"0\" data-height-mobile=\"30\" data-height-tab=\"0\" data-height-tab-portrait=\"0\" data-height-mobile-landscape=\"30\" style=\"clear:both;display:block;\"><\/div>[\/vc_column_inner][vc_column_inner width=&#8221;1\/3&#8243;]<div class=\"ult_row_spacer\"><div class=\"ult-sticky-anchor\"><div class=\"ult-sticky-section ult-sticky \"  data-gutter= '60' data-stick_behaviour= 'stick_with_scroll_row'  data-sticky_position= 'top' data-mobile='no' data-support='no'>[vc_wp_custommenu nav_menu=&#8221;10&#8243;]<\/div><div class=\"ult-space\"><\/div><\/div><\/div>[\/vc_column_inner][\/vc_row_inner][\/vc_column][\/vc_row][vc_row][vc_column][vc_empty_space height=&#8221;60px&#8221;][\/vc_column][\/vc_row]<\/p>\n<\/section>","protected":false},"excerpt":{"rendered":"<p>[vc_row full_width=&#8221;stretch_row&#8221; css=&#8221;.vc_custom_1632401993261{border-bottom-width: 1px !important;border-bottom-color: rgba(0,0,0,0.05) !important;border-bottom-style: solid !important;}&#8221;][vc_column][vc_empty_space height=&#8221;60px&#8221;][vc_column_text] Polymax modular [\/vc_column_text][vc_empty_space height=&#8221;30px&#8221;][vc_row_inner][vc_column_inner width=&#8221;2\/3&#8243;][vc_column_text]The modular wide belt conveyor is designed for applications that handle products that require stable support by a wide chain, such as: Secondary packaging of food and hygiene products Bags Soft plastic bags Shrink wrapped products Cardboard boxes Plastic containers Extremely &#8230; <a title=\"PolyMax Modular\" class=\"read-more\" href=\"https:\/\/www.ellegaard.com\/en\/products\/polymax-modular\/\" aria-label=\"Read more about PolyMax Modular\">Read more<\/a><\/p>\n","protected":false},"author":1,"featured_media":7720,"parent":7972,"menu_order":25,"comment_status":"closed","ping_status":"closed","template":"","meta":{"_acf_changed":false,"footnotes":""},"categories":[82],"class_list":{"0":"post-8035","1":"page","2":"type-page","3":"status-publish","4":"has-post-thumbnail","6":"category-products"},"acf":[],"yoast_head":"<!-- This site is optimized with the Yoast SEO plugin v27.1.1 - https:\/\/yoast.com\/product\/yoast-seo-wordpress\/ -->\n<title>PolyMax Modular &#183; Ellegaard Group<\/title>\n<meta name=\"robots\" content=\"index, follow, max-snippet:-1, max-image-preview:large, max-video-preview:-1\" \/>\n<link rel=\"canonical\" href=\"https:\/\/www.ellegaard.com\/en\/products\/polymax-modular\/\" \/>\n<meta property=\"og:locale\" content=\"en_US\" \/>\n<meta property=\"og:type\" content=\"article\" \/>\n<meta property=\"og:title\" content=\"PolyMax Modular &#183; Ellegaard Group\" \/>\n<meta property=\"og:description\" content=\"[vc_row full_width=&#8221;stretch_row&#8221; css=&#8221;.vc_custom_1632401993261{border-bottom-width: 1px !important;border-bottom-color: rgba(0,0,0,0.05) !important;border-bottom-style: solid !important;}&#8221;][vc_column][vc_empty_space height=&#8221;60px&#8221;][vc_column_text] Polymax modular [\/vc_column_text][vc_empty_space height=&#8221;30px&#8221;][vc_row_inner][vc_column_inner width=&#8221;2\/3&#8243;][vc_column_text]The modular wide belt conveyor is designed for applications that handle products that require stable support by a wide chain, such as: Secondary packaging of food and hygiene products Bags Soft plastic bags Shrink wrapped products Cardboard boxes Plastic containers Extremely ... Read more\" \/>\n<meta property=\"og:url\" content=\"https:\/\/www.ellegaard.com\/en\/products\/polymax-modular\/\" \/>\n<meta property=\"og:site_name\" content=\"Ellegaard Group\" \/>\n<meta property=\"article:modified_time\" content=\"2022-10-25T11:58:32+00:00\" \/>\n<meta property=\"og:image\" content=\"https:\/\/www.ellegaard.com\/wp-content\/uploads\/2022\/02\/Polymax-modular-fade.jpg\" \/>\n\t<meta property=\"og:image:width\" content=\"600\" \/>\n\t<meta property=\"og:image:height\" content=\"340\" \/>\n\t<meta property=\"og:image:type\" content=\"image\/jpeg\" \/>\n<meta name=\"twitter:card\" content=\"summary_large_image\" \/>\n<meta name=\"twitter:label1\" content=\"Est. reading time\" \/>\n\t<meta name=\"twitter:data1\" content=\"1 minute\" \/>\n<script type=\"application\/ld+json\" class=\"yoast-schema-graph\">{\"@context\":\"https:\/\/schema.org\",\"@graph\":[{\"@type\":\"WebPage\",\"@id\":\"https:\/\/www.ellegaard.com\/en\/products\/polymax-modular\/\",\"url\":\"https:\/\/www.ellegaard.com\/en\/products\/polymax-modular\/\",\"name\":\"PolyMax Modular &#183; Ellegaard Group\",\"isPartOf\":{\"@id\":\"https:\/\/www.ellegaard.com\/en\/#website\"},\"primaryImageOfPage\":{\"@id\":\"https:\/\/www.ellegaard.com\/en\/products\/polymax-modular\/#primaryimage\"},\"image\":{\"@id\":\"https:\/\/www.ellegaard.com\/en\/products\/polymax-modular\/#primaryimage\"},\"thumbnailUrl\":\"https:\/\/www.ellegaard.com\/wp-content\/uploads\/2022\/02\/Polymax-modular-fade.jpg\",\"datePublished\":\"2021-09-17T06:32:07+00:00\",\"dateModified\":\"2022-10-25T11:58:32+00:00\",\"breadcrumb\":{\"@id\":\"https:\/\/www.ellegaard.com\/en\/products\/polymax-modular\/#breadcrumb\"},\"inLanguage\":\"en-US\",\"potentialAction\":[{\"@type\":\"ReadAction\",\"target\":[\"https:\/\/www.ellegaard.com\/en\/products\/polymax-modular\/\"]}]},{\"@type\":\"ImageObject\",\"inLanguage\":\"en-US\",\"@id\":\"https:\/\/www.ellegaard.com\/en\/products\/polymax-modular\/#primaryimage\",\"url\":\"https:\/\/www.ellegaard.com\/wp-content\/uploads\/2022\/02\/Polymax-modular-fade.jpg\",\"contentUrl\":\"https:\/\/www.ellegaard.com\/wp-content\/uploads\/2022\/02\/Polymax-modular-fade.jpg\",\"width\":600,\"height\":340},{\"@type\":\"BreadcrumbList\",\"@id\":\"https:\/\/www.ellegaard.com\/en\/products\/polymax-modular\/#breadcrumb\",\"itemListElement\":[{\"@type\":\"ListItem\",\"position\":1,\"name\":\"Hjem\",\"item\":\"https:\/\/www.ellegaard.com\/en\/\"},{\"@type\":\"ListItem\",\"position\":2,\"name\":\"Products\",\"item\":\"https:\/\/www.ellegaard.com\/en\/products\/\"},{\"@type\":\"ListItem\",\"position\":3,\"name\":\"PolyMax Modular\"}]},{\"@type\":\"WebSite\",\"@id\":\"https:\/\/www.ellegaard.com\/en\/#website\",\"url\":\"https:\/\/www.ellegaard.com\/en\/\",\"name\":\"Ellegaard Group\",\"description\":\"Totalleverand\u00f8r til industrien: Alt i transportb\u00e5nd, transportsystemer, service og transport\u00f8rer\",\"publisher\":{\"@id\":\"https:\/\/www.ellegaard.com\/en\/#organization\"},\"potentialAction\":[{\"@type\":\"SearchAction\",\"target\":{\"@type\":\"EntryPoint\",\"urlTemplate\":\"https:\/\/www.ellegaard.com\/en\/?s={search_term_string}\"},\"query-input\":{\"@type\":\"PropertyValueSpecification\",\"valueRequired\":true,\"valueName\":\"search_term_string\"}}],\"inLanguage\":\"en-US\"},{\"@type\":\"Organization\",\"@id\":\"https:\/\/www.ellegaard.com\/en\/#organization\",\"name\":\"Ellegaard Group\",\"url\":\"https:\/\/www.ellegaard.com\/en\/\",\"logo\":{\"@type\":\"ImageObject\",\"inLanguage\":\"en-US\",\"@id\":\"https:\/\/www.ellegaard.com\/en\/#\/schema\/logo\/image\/\",\"url\":\"https:\/\/www.ellegaard.com\/wp-content\/uploads\/2021\/09\/logo.svg\",\"contentUrl\":\"https:\/\/www.ellegaard.com\/wp-content\/uploads\/2021\/09\/logo.svg\",\"width\":519,\"height\":46,\"caption\":\"Ellegaard Group\"},\"image\":{\"@id\":\"https:\/\/www.ellegaard.com\/en\/#\/schema\/logo\/image\/\"}}]}<\/script>\n<!-- \/ Yoast SEO plugin. -->","yoast_head_json":{"title":"PolyMax Modular &#183; Ellegaard Group","robots":{"index":"index","follow":"follow","max-snippet":"max-snippet:-1","max-image-preview":"max-image-preview:large","max-video-preview":"max-video-preview:-1"},"canonical":"https:\/\/www.ellegaard.com\/en\/products\/polymax-modular\/","og_locale":"en_US","og_type":"article","og_title":"PolyMax Modular &#183; Ellegaard Group","og_description":"[vc_row full_width=&#8221;stretch_row&#8221; css=&#8221;.vc_custom_1632401993261{border-bottom-width: 1px !important;border-bottom-color: rgba(0,0,0,0.05) !important;border-bottom-style: solid !important;}&#8221;][vc_column][vc_empty_space height=&#8221;60px&#8221;][vc_column_text] Polymax modular [\/vc_column_text][vc_empty_space height=&#8221;30px&#8221;][vc_row_inner][vc_column_inner width=&#8221;2\/3&#8243;][vc_column_text]The modular wide belt conveyor is designed for applications that handle products that require stable support by a wide chain, such as: Secondary packaging of food and hygiene products Bags Soft plastic bags Shrink wrapped products Cardboard boxes Plastic containers Extremely ... Read more","og_url":"https:\/\/www.ellegaard.com\/en\/products\/polymax-modular\/","og_site_name":"Ellegaard Group","article_modified_time":"2022-10-25T11:58:32+00:00","og_image":[{"width":600,"height":340,"url":"https:\/\/www.ellegaard.com\/wp-content\/uploads\/2022\/02\/Polymax-modular-fade.jpg","type":"image\/jpeg"}],"twitter_card":"summary_large_image","twitter_misc":{"Est. reading time":"1 minute"},"schema":{"@context":"https:\/\/schema.org","@graph":[{"@type":"WebPage","@id":"https:\/\/www.ellegaard.com\/en\/products\/polymax-modular\/","url":"https:\/\/www.ellegaard.com\/en\/products\/polymax-modular\/","name":"PolyMax Modular &#183; Ellegaard Group","isPartOf":{"@id":"https:\/\/www.ellegaard.com\/en\/#website"},"primaryImageOfPage":{"@id":"https:\/\/www.ellegaard.com\/en\/products\/polymax-modular\/#primaryimage"},"image":{"@id":"https:\/\/www.ellegaard.com\/en\/products\/polymax-modular\/#primaryimage"},"thumbnailUrl":"https:\/\/www.ellegaard.com\/wp-content\/uploads\/2022\/02\/Polymax-modular-fade.jpg","datePublished":"2021-09-17T06:32:07+00:00","dateModified":"2022-10-25T11:58:32+00:00","breadcrumb":{"@id":"https:\/\/www.ellegaard.com\/en\/products\/polymax-modular\/#breadcrumb"},"inLanguage":"en-US","potentialAction":[{"@type":"ReadAction","target":["https:\/\/www.ellegaard.com\/en\/products\/polymax-modular\/"]}]},{"@type":"ImageObject","inLanguage":"en-US","@id":"https:\/\/www.ellegaard.com\/en\/products\/polymax-modular\/#primaryimage","url":"https:\/\/www.ellegaard.com\/wp-content\/uploads\/2022\/02\/Polymax-modular-fade.jpg","contentUrl":"https:\/\/www.ellegaard.com\/wp-content\/uploads\/2022\/02\/Polymax-modular-fade.jpg","width":600,"height":340},{"@type":"BreadcrumbList","@id":"https:\/\/www.ellegaard.com\/en\/products\/polymax-modular\/#breadcrumb","itemListElement":[{"@type":"ListItem","position":1,"name":"Hjem","item":"https:\/\/www.ellegaard.com\/en\/"},{"@type":"ListItem","position":2,"name":"Products","item":"https:\/\/www.ellegaard.com\/en\/products\/"},{"@type":"ListItem","position":3,"name":"PolyMax Modular"}]},{"@type":"WebSite","@id":"https:\/\/www.ellegaard.com\/en\/#website","url":"https:\/\/www.ellegaard.com\/en\/","name":"Ellegaard Group","description":"Totalleverand\u00f8r til industrien: Alt i transportb\u00e5nd, transportsystemer, service og transport\u00f8rer","publisher":{"@id":"https:\/\/www.ellegaard.com\/en\/#organization"},"potentialAction":[{"@type":"SearchAction","target":{"@type":"EntryPoint","urlTemplate":"https:\/\/www.ellegaard.com\/en\/?s={search_term_string}"},"query-input":{"@type":"PropertyValueSpecification","valueRequired":true,"valueName":"search_term_string"}}],"inLanguage":"en-US"},{"@type":"Organization","@id":"https:\/\/www.ellegaard.com\/en\/#organization","name":"Ellegaard Group","url":"https:\/\/www.ellegaard.com\/en\/","logo":{"@type":"ImageObject","inLanguage":"en-US","@id":"https:\/\/www.ellegaard.com\/en\/#\/schema\/logo\/image\/","url":"https:\/\/www.ellegaard.com\/wp-content\/uploads\/2021\/09\/logo.svg","contentUrl":"https:\/\/www.ellegaard.com\/wp-content\/uploads\/2021\/09\/logo.svg","width":519,"height":46,"caption":"Ellegaard Group"},"image":{"@id":"https:\/\/www.ellegaard.com\/en\/#\/schema\/logo\/image\/"}}]}},"_links":{"self":[{"href":"https:\/\/www.ellegaard.com\/en\/wp-json\/wp\/v2\/pages\/8035","targetHints":{"allow":["GET"]}}],"collection":[{"href":"https:\/\/www.ellegaard.com\/en\/wp-json\/wp\/v2\/pages"}],"about":[{"href":"https:\/\/www.ellegaard.com\/en\/wp-json\/wp\/v2\/types\/page"}],"author":[{"embeddable":true,"href":"https:\/\/www.ellegaard.com\/en\/wp-json\/wp\/v2\/users\/1"}],"replies":[{"embeddable":true,"href":"https:\/\/www.ellegaard.com\/en\/wp-json\/wp\/v2\/comments?post=8035"}],"version-history":[{"count":2,"href":"https:\/\/www.ellegaard.com\/en\/wp-json\/wp\/v2\/pages\/8035\/revisions"}],"predecessor-version":[{"id":8037,"href":"https:\/\/www.ellegaard.com\/en\/wp-json\/wp\/v2\/pages\/8035\/revisions\/8037"}],"up":[{"embeddable":true,"href":"https:\/\/www.ellegaard.com\/en\/wp-json\/wp\/v2\/pages\/7972"}],"wp:featuredmedia":[{"embeddable":true,"href":"https:\/\/www.ellegaard.com\/en\/wp-json\/wp\/v2\/media\/7720"}],"wp:attachment":[{"href":"https:\/\/www.ellegaard.com\/en\/wp-json\/wp\/v2\/media?parent=8035"}],"wp:term":[{"taxonomy":"category","embeddable":true,"href":"https:\/\/www.ellegaard.com\/en\/wp-json\/wp\/v2\/categories?post=8035"}],"curies":[{"name":"wp","href":"https:\/\/api.w.org\/{rel}","templated":true}]}}