{"id":8032,"date":"2021-09-17T08:32:07","date_gmt":"2021-09-17T06:32:07","guid":{"rendered":"http:\/\/ellegaard.com\/products\/technical-rubber\/"},"modified":"2023-09-25T10:30:21","modified_gmt":"2023-09-25T08:30:21","slug":"technical-rubber","status":"publish","type":"page","link":"https:\/\/www.ellegaard.com\/en\/products\/technical-rubber\/","title":{"rendered":"Technical rubber"},"content":{"rendered":"<section class=\"wpb-content-wrapper\"><p>[vc_row full_width=&#8221;stretch_row&#8221; css=&#8221;.vc_custom_1632401993261{border-bottom-width: 1px !important;border-bottom-color: rgba(0,0,0,0.05) !important;border-bottom-style: solid !important;}&#8221;][vc_column][vc_empty_space height=&#8221;60px&#8221;][vc_column_text]<\/p>\n<h1>Technical rubber<\/h1>\n<p><img decoding=\"async\" class=\"alignnone size-full wp-image-5477\" src=\"https:\/\/ellegaard.com\/wp-content\/uploads\/2022\/02\/vibrationsdaempere-linup.jpg\" alt=\"\" width=\"1200\" height=\"150\" srcset=\"https:\/\/www.ellegaard.com\/wp-content\/uploads\/2022\/02\/vibrationsdaempere-linup.jpg 1200w, https:\/\/www.ellegaard.com\/wp-content\/uploads\/2022\/02\/vibrationsdaempere-linup-768x96.jpg 768w\" sizes=\"(max-width: 1200px) 100vw, 1200px\" \/>[\/vc_column_text][vc_empty_space height=&#8221;30px&#8221;][vc_row_inner][vc_column_inner width=&#8221;2\/3&#8243;][vc_toggle title=&#8221;Technical rubber&#8221; style=&#8221;text_only&#8221; size=&#8221;lg&#8221; custom_font_container=&#8221;tag:h2|font_size:20px|text_align:center|color:%23ffffff|line_height:24px&#8221; custom_use_theme_fonts=&#8221;yes&#8221; use_custom_heading=&#8221;true&#8221; css=&#8221;.vc_custom_1695630617236{margin-bottom: 15px !important;}&#8221;]Vibration dampening is required wherever resonance is generated, or where the effects of shocks need to be rapidly weakened. Vibration insulation should not be confused with vibration dampening. Efficient vibration insulation can only be achieved with a corresponding frequency adjustment.<\/p>\n<p><strong><img decoding=\"async\" class=\"alignnone size-full wp-image-5479\" src=\"https:\/\/ellegaard.com\/wp-content\/uploads\/2022\/02\/Metavulk-rubber-cut.jpg\" alt=\"\" width=\"800\" height=\"274\" srcset=\"https:\/\/www.ellegaard.com\/wp-content\/uploads\/2022\/02\/Metavulk-rubber-cut.jpg 800w, https:\/\/www.ellegaard.com\/wp-content\/uploads\/2022\/02\/Metavulk-rubber-cut-768x263.jpg 768w\" sizes=\"(max-width: 800px) 100vw, 800px\" \/><\/strong><\/p>\n<p><strong>Contact us at <span style=\"color: #ff9900;\">+45 8020 8020<\/span> for further information.<\/strong><\/p>\n<p>You can also download our catalogue on Technical Rubber on this page.<\/p>\n<h4><img decoding=\"async\" class=\"alignnone wp-image-5475\" src=\"https:\/\/ellegaard.com\/wp-content\/uploads\/2022\/02\/vibrationsdaemper-streg-300px.png\" alt=\"\" width=\"227\" height=\"107\" \/> <img decoding=\"async\" class=\"alignnone wp-image-5473\" src=\"https:\/\/ellegaard.com\/wp-content\/uploads\/2022\/02\/fjeder-karakteristik-gb.png\" alt=\"\" width=\"182\" height=\"135\" \/> <img decoding=\"async\" class=\"alignnone size-medium wp-image-5474\" src=\"https:\/\/ellegaard.com\/wp-content\/uploads\/2022\/02\/vibrationsdaempning-kurve-gb.png\" alt=\"\" width=\"250\" height=\"96\" \/><\/h4>\n<p>&nbsp;<\/p>\n<h4>THE EFFECT OF VIBRATION DAMPENING<\/h4>\n<p>Vibration conditions: Dampening with rubber differs significantly from e.g. viscous dampening.<\/p>\n<p>In the frequency range 10-200 Hz, the shape of the force\/movement diagram (the dampening ellipse) is constant, and independent of the excitation frequency.<\/p>\n<p>The dampening factor is, in connection with rubber, frequency dependent, and moves towards zero with an increasing frequency.<\/p>\n<p>This means that when it comes to very small movements, the dampening effect of the rubber is insignificant, and is unlikely to influence insulation effects.<\/p>\n<p>On the other hand, for viscous dampening, the dampening effect increases with an increasing frequency, which leads to a deterioration of the insulation effect.<\/p>\n<p>&nbsp;<\/p>\n<h4>RUBBER ELEMENTS<\/h4>\n<p>Rubber springs are ideal as vibration and noise silencers.<br \/>\nThe vulcanised rubber elements have a bond strength between metal and rubber of 130 kp\/cm\u00b2.<\/p>\n<p>&nbsp;<\/p>\n<p><a href=\"https:\/\/ellegaard.com\/wp-content\/uploads\/2023\/09\/Ellegaard-antivibration-damper-catalogue-2022.pdf\"><strong>Download catalogue here<\/strong><\/a>[\/vc_toggle][vc_toggle title=&#8221;Rubber repair&#8221; style=&#8221;text_only&#8221; size=&#8221;lg&#8221; custom_font_container=&#8221;tag:h2|font_size:20px|text_align:center|color:%23ffffff|line_height:24px&#8221; custom_use_theme_fonts=&#8221;yes&#8221; use_custom_heading=&#8221;true&#8221; css=&#8221;.vc_custom_1693298242725{margin-bottom: 15px !important;}&#8221;]Ellegaard has serviced Danish industry since 1954 and has many years of experience in maintenance and repair of rubber. Through 60 years, we\u2019ve accumulated an impressive knowledge across many industries, and we service transport systems all over the country.<\/p>\n<p><strong><img decoding=\"async\" class=\"alignnone size-full wp-image-5481\" src=\"https:\/\/ellegaard.com\/wp-content\/uploads\/2022\/02\/reparation-linup.jpg\" alt=\"\" width=\"1200\" height=\"150\" srcset=\"https:\/\/www.ellegaard.com\/wp-content\/uploads\/2022\/02\/reparation-linup.jpg 1200w, https:\/\/www.ellegaard.com\/wp-content\/uploads\/2022\/02\/reparation-linup-768x96.jpg 768w\" sizes=\"(max-width: 1200px) 100vw, 1200px\" \/><\/strong><\/p>\n<p>We service, design, and produce bulk transport systems, and with a nationwide service network and a quick response time we can ensure uptime<br \/>\nin the production. We know how to move raw materials from A to B, and our experienced service engineers are therefore also available for advise on maintenance<br \/>\nand repair of the entire conveyor system. Ellegaards high-tech machines and unparralleled nationwide service network, ensures quality as well as quick response times.<\/p>\n<p><strong>Ellegaard services Danish industry with the entire package:<\/strong><\/p>\n<ul>\n<li>Subscription packages for service<\/li>\n<li>Maintenance of technology, electrical and automative components<\/li>\n<li>Design and manufacture of conveyor systems<\/li>\n<\/ul>\n<p><strong>For more information contact us <span style=\"color: #ff9900;\">+45 8020 8020<\/span><\/strong><\/p>\n<p>A poorly maintained conveyor belt leads to both expensive repairs and lost earnings when production is not running.<\/p>\n<p>See how much of a difference a service agreement with Ellegaard can make for your company:<\/p>\n<p>A 24\u00b77 agreement with Ellegaard Service contributes to increased productivity and noticeable savings.<br \/>\nWe offer individual solutions, specialized knowledge and nationwide 24-hour service that ensures uptime.<\/p>\n<p>At Ellegaard, we know your needs for long-term safe and durable solutions that are also economically viable.<\/p>\n<p><strong>Call <span id=\"u33741-18\">+45 8020 8020<\/span> for more information about how you can get your own 24\u00b77 Service Agreement.<\/strong><\/p>\n<p><img decoding=\"async\" class=\"alignnone wp-image-5483\" src=\"https:\/\/ellegaard.com\/wp-content\/uploads\/2022\/02\/Ellegaard-danmarkskort-web-2022.png\" alt=\"\" width=\"600\" height=\"572\" \/>[\/vc_toggle]<div class=\"ult-spacer spacer-69d0d41712110\" data-id=\"69d0d41712110\" data-height=\"0\" data-height-mobile=\"30\" data-height-tab=\"0\" data-height-tab-portrait=\"0\" data-height-mobile-landscape=\"30\" style=\"clear:both;display:block;\"><\/div>[\/vc_column_inner][vc_column_inner width=&#8221;1\/3&#8243;]<div class=\"ult_row_spacer\"><div class=\"ult-sticky-anchor\"><div class=\"ult-sticky-section ult-sticky \"  data-gutter= '60' data-stick_behaviour= 'stick_with_scroll_row'  data-sticky_position= 'top' data-mobile='no' data-support='no'>[vc_wp_custommenu nav_menu=&#8221;10&#8243;]<\/div><div class=\"ult-space\"><\/div><\/div><\/div>[\/vc_column_inner][\/vc_row_inner][vc_empty_space height=&#8221;60px&#8221;][\/vc_column][\/vc_row]<\/p>\n<\/section>","protected":false},"excerpt":{"rendered":"<p>[vc_row full_width=&#8221;stretch_row&#8221; css=&#8221;.vc_custom_1632401993261{border-bottom-width: 1px !important;border-bottom-color: rgba(0,0,0,0.05) !important;border-bottom-style: solid !important;}&#8221;][vc_column][vc_empty_space height=&#8221;60px&#8221;][vc_column_text] Technical rubber [\/vc_column_text][vc_empty_space height=&#8221;30px&#8221;][vc_row_inner][vc_column_inner width=&#8221;2\/3&#8243;][vc_toggle title=&#8221;Technical rubber&#8221; style=&#8221;text_only&#8221; size=&#8221;lg&#8221; custom_font_container=&#8221;tag:h2|font_size:20px|text_align:center|color:%23ffffff|line_height:24px&#8221; custom_use_theme_fonts=&#8221;yes&#8221; use_custom_heading=&#8221;true&#8221; css=&#8221;.vc_custom_1695630617236{margin-bottom: 15px !important;}&#8221;]Vibration dampening is required wherever resonance is generated, or where the effects of shocks need to be rapidly weakened. Vibration insulation should not be confused with vibration dampening. Efficient vibration insulation &#8230; <a title=\"Technical rubber\" class=\"read-more\" href=\"https:\/\/www.ellegaard.com\/en\/products\/technical-rubber\/\" aria-label=\"Read more about Technical rubber\">Read more<\/a><\/p>\n","protected":false},"author":1,"featured_media":7726,"parent":7972,"menu_order":24,"comment_status":"closed","ping_status":"closed","template":"","meta":{"_acf_changed":false,"footnotes":""},"categories":[82],"class_list":{"0":"post-8032","1":"page","2":"type-page","3":"status-publish","4":"has-post-thumbnail","6":"category-products"},"acf":[],"yoast_head":"<!-- This site is optimized with the Yoast SEO plugin v27.1.1 - https:\/\/yoast.com\/product\/yoast-seo-wordpress\/ -->\n<title>Technical rubber &#183; Ellegaard Group<\/title>\n<meta name=\"robots\" content=\"index, follow, max-snippet:-1, max-image-preview:large, max-video-preview:-1\" \/>\n<link rel=\"canonical\" href=\"https:\/\/www.ellegaard.com\/en\/products\/technical-rubber\/\" \/>\n<meta property=\"og:locale\" content=\"en_US\" \/>\n<meta property=\"og:type\" content=\"article\" \/>\n<meta property=\"og:title\" content=\"Technical rubber &#183; Ellegaard Group\" \/>\n<meta property=\"og:description\" content=\"[vc_row full_width=&#8221;stretch_row&#8221; css=&#8221;.vc_custom_1632401993261{border-bottom-width: 1px !important;border-bottom-color: rgba(0,0,0,0.05) !important;border-bottom-style: solid !important;}&#8221;][vc_column][vc_empty_space height=&#8221;60px&#8221;][vc_column_text] Technical rubber [\/vc_column_text][vc_empty_space height=&#8221;30px&#8221;][vc_row_inner][vc_column_inner width=&#8221;2\/3&#8243;][vc_toggle title=&#8221;Technical rubber&#8221; style=&#8221;text_only&#8221; size=&#8221;lg&#8221; custom_font_container=&#8221;tag:h2|font_size:20px|text_align:center|color:%23ffffff|line_height:24px&#8221; custom_use_theme_fonts=&#8221;yes&#8221; use_custom_heading=&#8221;true&#8221; css=&#8221;.vc_custom_1695630617236{margin-bottom: 15px !important;}&#8221;]Vibration dampening is required wherever resonance is generated, or where the effects of shocks need to be rapidly weakened. Vibration insulation should not be confused with vibration dampening. Efficient vibration insulation ... Read more\" \/>\n<meta property=\"og:url\" content=\"https:\/\/www.ellegaard.com\/en\/products\/technical-rubber\/\" \/>\n<meta property=\"og:site_name\" content=\"Ellegaard Group\" \/>\n<meta property=\"article:modified_time\" content=\"2023-09-25T08:30:21+00:00\" \/>\n<meta property=\"og:image\" content=\"https:\/\/www.ellegaard.com\/wp-content\/uploads\/2022\/02\/Teknisk-gummi-fade.jpg\" \/>\n\t<meta property=\"og:image:width\" content=\"600\" \/>\n\t<meta property=\"og:image:height\" content=\"340\" \/>\n\t<meta property=\"og:image:type\" content=\"image\/jpeg\" \/>\n<meta name=\"twitter:card\" content=\"summary_large_image\" \/>\n<meta name=\"twitter:label1\" content=\"Est. reading time\" \/>\n\t<meta name=\"twitter:data1\" content=\"4 minutes\" \/>\n<script type=\"application\/ld+json\" class=\"yoast-schema-graph\">{\"@context\":\"https:\/\/schema.org\",\"@graph\":[{\"@type\":\"WebPage\",\"@id\":\"https:\/\/www.ellegaard.com\/en\/products\/technical-rubber\/\",\"url\":\"https:\/\/www.ellegaard.com\/en\/products\/technical-rubber\/\",\"name\":\"Technical rubber &#183; Ellegaard Group\",\"isPartOf\":{\"@id\":\"https:\/\/www.ellegaard.com\/en\/#website\"},\"primaryImageOfPage\":{\"@id\":\"https:\/\/www.ellegaard.com\/en\/products\/technical-rubber\/#primaryimage\"},\"image\":{\"@id\":\"https:\/\/www.ellegaard.com\/en\/products\/technical-rubber\/#primaryimage\"},\"thumbnailUrl\":\"https:\/\/www.ellegaard.com\/wp-content\/uploads\/2022\/02\/Teknisk-gummi-fade.jpg\",\"datePublished\":\"2021-09-17T06:32:07+00:00\",\"dateModified\":\"2023-09-25T08:30:21+00:00\",\"breadcrumb\":{\"@id\":\"https:\/\/www.ellegaard.com\/en\/products\/technical-rubber\/#breadcrumb\"},\"inLanguage\":\"en-US\",\"potentialAction\":[{\"@type\":\"ReadAction\",\"target\":[\"https:\/\/www.ellegaard.com\/en\/products\/technical-rubber\/\"]}]},{\"@type\":\"ImageObject\",\"inLanguage\":\"en-US\",\"@id\":\"https:\/\/www.ellegaard.com\/en\/products\/technical-rubber\/#primaryimage\",\"url\":\"https:\/\/www.ellegaard.com\/wp-content\/uploads\/2022\/02\/Teknisk-gummi-fade.jpg\",\"contentUrl\":\"https:\/\/www.ellegaard.com\/wp-content\/uploads\/2022\/02\/Teknisk-gummi-fade.jpg\",\"width\":600,\"height\":340},{\"@type\":\"BreadcrumbList\",\"@id\":\"https:\/\/www.ellegaard.com\/en\/products\/technical-rubber\/#breadcrumb\",\"itemListElement\":[{\"@type\":\"ListItem\",\"position\":1,\"name\":\"Hjem\",\"item\":\"https:\/\/www.ellegaard.com\/en\/\"},{\"@type\":\"ListItem\",\"position\":2,\"name\":\"Products\",\"item\":\"https:\/\/www.ellegaard.com\/en\/products\/\"},{\"@type\":\"ListItem\",\"position\":3,\"name\":\"Technical rubber\"}]},{\"@type\":\"WebSite\",\"@id\":\"https:\/\/www.ellegaard.com\/en\/#website\",\"url\":\"https:\/\/www.ellegaard.com\/en\/\",\"name\":\"Ellegaard Group\",\"description\":\"Totalleverand\u00f8r til industrien: Alt i transportb\u00e5nd, transportsystemer, service og transport\u00f8rer\",\"publisher\":{\"@id\":\"https:\/\/www.ellegaard.com\/en\/#organization\"},\"potentialAction\":[{\"@type\":\"SearchAction\",\"target\":{\"@type\":\"EntryPoint\",\"urlTemplate\":\"https:\/\/www.ellegaard.com\/en\/?s={search_term_string}\"},\"query-input\":{\"@type\":\"PropertyValueSpecification\",\"valueRequired\":true,\"valueName\":\"search_term_string\"}}],\"inLanguage\":\"en-US\"},{\"@type\":\"Organization\",\"@id\":\"https:\/\/www.ellegaard.com\/en\/#organization\",\"name\":\"Ellegaard Group\",\"url\":\"https:\/\/www.ellegaard.com\/en\/\",\"logo\":{\"@type\":\"ImageObject\",\"inLanguage\":\"en-US\",\"@id\":\"https:\/\/www.ellegaard.com\/en\/#\/schema\/logo\/image\/\",\"url\":\"https:\/\/www.ellegaard.com\/wp-content\/uploads\/2021\/09\/logo.svg\",\"contentUrl\":\"https:\/\/www.ellegaard.com\/wp-content\/uploads\/2021\/09\/logo.svg\",\"width\":519,\"height\":46,\"caption\":\"Ellegaard Group\"},\"image\":{\"@id\":\"https:\/\/www.ellegaard.com\/en\/#\/schema\/logo\/image\/\"}}]}<\/script>\n<!-- \/ Yoast SEO plugin. -->","yoast_head_json":{"title":"Technical rubber &#183; Ellegaard Group","robots":{"index":"index","follow":"follow","max-snippet":"max-snippet:-1","max-image-preview":"max-image-preview:large","max-video-preview":"max-video-preview:-1"},"canonical":"https:\/\/www.ellegaard.com\/en\/products\/technical-rubber\/","og_locale":"en_US","og_type":"article","og_title":"Technical rubber &#183; Ellegaard Group","og_description":"[vc_row full_width=&#8221;stretch_row&#8221; css=&#8221;.vc_custom_1632401993261{border-bottom-width: 1px !important;border-bottom-color: rgba(0,0,0,0.05) !important;border-bottom-style: solid !important;}&#8221;][vc_column][vc_empty_space height=&#8221;60px&#8221;][vc_column_text] Technical rubber [\/vc_column_text][vc_empty_space height=&#8221;30px&#8221;][vc_row_inner][vc_column_inner width=&#8221;2\/3&#8243;][vc_toggle title=&#8221;Technical rubber&#8221; style=&#8221;text_only&#8221; size=&#8221;lg&#8221; custom_font_container=&#8221;tag:h2|font_size:20px|text_align:center|color:%23ffffff|line_height:24px&#8221; custom_use_theme_fonts=&#8221;yes&#8221; use_custom_heading=&#8221;true&#8221; css=&#8221;.vc_custom_1695630617236{margin-bottom: 15px !important;}&#8221;]Vibration dampening is required wherever resonance is generated, or where the effects of shocks need to be rapidly weakened. Vibration insulation should not be confused with vibration dampening. Efficient vibration insulation ... Read more","og_url":"https:\/\/www.ellegaard.com\/en\/products\/technical-rubber\/","og_site_name":"Ellegaard Group","article_modified_time":"2023-09-25T08:30:21+00:00","og_image":[{"width":600,"height":340,"url":"https:\/\/www.ellegaard.com\/wp-content\/uploads\/2022\/02\/Teknisk-gummi-fade.jpg","type":"image\/jpeg"}],"twitter_card":"summary_large_image","twitter_misc":{"Est. reading time":"4 minutes"},"schema":{"@context":"https:\/\/schema.org","@graph":[{"@type":"WebPage","@id":"https:\/\/www.ellegaard.com\/en\/products\/technical-rubber\/","url":"https:\/\/www.ellegaard.com\/en\/products\/technical-rubber\/","name":"Technical rubber &#183; Ellegaard Group","isPartOf":{"@id":"https:\/\/www.ellegaard.com\/en\/#website"},"primaryImageOfPage":{"@id":"https:\/\/www.ellegaard.com\/en\/products\/technical-rubber\/#primaryimage"},"image":{"@id":"https:\/\/www.ellegaard.com\/en\/products\/technical-rubber\/#primaryimage"},"thumbnailUrl":"https:\/\/www.ellegaard.com\/wp-content\/uploads\/2022\/02\/Teknisk-gummi-fade.jpg","datePublished":"2021-09-17T06:32:07+00:00","dateModified":"2023-09-25T08:30:21+00:00","breadcrumb":{"@id":"https:\/\/www.ellegaard.com\/en\/products\/technical-rubber\/#breadcrumb"},"inLanguage":"en-US","potentialAction":[{"@type":"ReadAction","target":["https:\/\/www.ellegaard.com\/en\/products\/technical-rubber\/"]}]},{"@type":"ImageObject","inLanguage":"en-US","@id":"https:\/\/www.ellegaard.com\/en\/products\/technical-rubber\/#primaryimage","url":"https:\/\/www.ellegaard.com\/wp-content\/uploads\/2022\/02\/Teknisk-gummi-fade.jpg","contentUrl":"https:\/\/www.ellegaard.com\/wp-content\/uploads\/2022\/02\/Teknisk-gummi-fade.jpg","width":600,"height":340},{"@type":"BreadcrumbList","@id":"https:\/\/www.ellegaard.com\/en\/products\/technical-rubber\/#breadcrumb","itemListElement":[{"@type":"ListItem","position":1,"name":"Hjem","item":"https:\/\/www.ellegaard.com\/en\/"},{"@type":"ListItem","position":2,"name":"Products","item":"https:\/\/www.ellegaard.com\/en\/products\/"},{"@type":"ListItem","position":3,"name":"Technical rubber"}]},{"@type":"WebSite","@id":"https:\/\/www.ellegaard.com\/en\/#website","url":"https:\/\/www.ellegaard.com\/en\/","name":"Ellegaard Group","description":"Totalleverand\u00f8r til industrien: Alt i transportb\u00e5nd, transportsystemer, service og transport\u00f8rer","publisher":{"@id":"https:\/\/www.ellegaard.com\/en\/#organization"},"potentialAction":[{"@type":"SearchAction","target":{"@type":"EntryPoint","urlTemplate":"https:\/\/www.ellegaard.com\/en\/?s={search_term_string}"},"query-input":{"@type":"PropertyValueSpecification","valueRequired":true,"valueName":"search_term_string"}}],"inLanguage":"en-US"},{"@type":"Organization","@id":"https:\/\/www.ellegaard.com\/en\/#organization","name":"Ellegaard Group","url":"https:\/\/www.ellegaard.com\/en\/","logo":{"@type":"ImageObject","inLanguage":"en-US","@id":"https:\/\/www.ellegaard.com\/en\/#\/schema\/logo\/image\/","url":"https:\/\/www.ellegaard.com\/wp-content\/uploads\/2021\/09\/logo.svg","contentUrl":"https:\/\/www.ellegaard.com\/wp-content\/uploads\/2021\/09\/logo.svg","width":519,"height":46,"caption":"Ellegaard Group"},"image":{"@id":"https:\/\/www.ellegaard.com\/en\/#\/schema\/logo\/image\/"}}]}},"_links":{"self":[{"href":"https:\/\/www.ellegaard.com\/en\/wp-json\/wp\/v2\/pages\/8032","targetHints":{"allow":["GET"]}}],"collection":[{"href":"https:\/\/www.ellegaard.com\/en\/wp-json\/wp\/v2\/pages"}],"about":[{"href":"https:\/\/www.ellegaard.com\/en\/wp-json\/wp\/v2\/types\/page"}],"author":[{"embeddable":true,"href":"https:\/\/www.ellegaard.com\/en\/wp-json\/wp\/v2\/users\/1"}],"replies":[{"embeddable":true,"href":"https:\/\/www.ellegaard.com\/en\/wp-json\/wp\/v2\/comments?post=8032"}],"version-history":[{"count":5,"href":"https:\/\/www.ellegaard.com\/en\/wp-json\/wp\/v2\/pages\/8032\/revisions"}],"predecessor-version":[{"id":85212,"href":"https:\/\/www.ellegaard.com\/en\/wp-json\/wp\/v2\/pages\/8032\/revisions\/85212"}],"up":[{"embeddable":true,"href":"https:\/\/www.ellegaard.com\/en\/wp-json\/wp\/v2\/pages\/7972"}],"wp:featuredmedia":[{"embeddable":true,"href":"https:\/\/www.ellegaard.com\/en\/wp-json\/wp\/v2\/media\/7726"}],"wp:attachment":[{"href":"https:\/\/www.ellegaard.com\/en\/wp-json\/wp\/v2\/media?parent=8032"}],"wp:term":[{"taxonomy":"category","embeddable":true,"href":"https:\/\/www.ellegaard.com\/en\/wp-json\/wp\/v2\/categories?post=8032"}],"curies":[{"name":"wp","href":"https:\/\/api.w.org\/{rel}","templated":true}]}}