{"id":8026,"date":"2021-09-17T08:32:07","date_gmt":"2021-09-17T06:32:07","guid":{"rendered":"http:\/\/ellegaard.com\/products\/machine-construction\/"},"modified":"2025-02-10T17:04:53","modified_gmt":"2025-02-10T16:04:53","slug":"machine-construction","status":"publish","type":"page","link":"https:\/\/www.ellegaard.com\/en\/products\/machine-construction\/","title":{"rendered":"Engineering and construction"},"content":{"rendered":"<section class=\"wpb-content-wrapper\"><p>[vc_row full_width=&#8221;stretch_row&#8221; css=&#8221;.vc_custom_1632401993261{border-bottom-width: 1px !important;border-bottom-color: rgba(0,0,0,0.05) !important;border-bottom-style: solid !important;}&#8221;][vc_column][vc_empty_space height=&#8221;60px&#8221;][vc_column_text]<\/p>\n<h1>Engineering and construction<\/h1>\n<p><img decoding=\"async\" class=\"alignnone size-full wp-image-5462\" src=\"http:\/\/ellegaard.com\/wp-content\/uploads\/2022\/02\/teknik-kontsruktion-linup.jpg\" alt=\"\" width=\"1200\" height=\"150\" srcset=\"https:\/\/www.ellegaard.com\/wp-content\/uploads\/2022\/02\/teknik-kontsruktion-linup.jpg 1200w, https:\/\/www.ellegaard.com\/wp-content\/uploads\/2022\/02\/teknik-kontsruktion-linup-768x96.jpg 768w\" sizes=\"(max-width: 1200px) 100vw, 1200px\" \/>[\/vc_column_text][vc_empty_space height=&#8221;30px&#8221;][vc_row_inner][vc_column_inner width=&#8221;2\/3&#8243;][vc_column_text]Ellegaard has generations of experience with conveyor systems, and are happy to help with the construction of completely new systems and plants, or the rebuilding of existing ones.<br \/>\nWe can contribute professionally in all stages, from consultation and planning, to construction and assembly. We are happy to follow-up on our projects, and ensure that the system is running as it should.<\/p>\n<p>In Ellegaard\u2019s construction department, we produce customer specific solutions that meet our customers\u2019 desired requirements.<\/p>\n<p>We build conveyors from tried and tested components for unique custom-made solutions. The conveyors are constructed in the newest version of Inventor 3D \/ Autocad, and always in close dialogue with the customer.<\/p>\n<p><img decoding=\"async\" class=\"alignnone size-full wp-image-5936\" src=\"http:\/\/ellegaard.com\/wp-content\/uploads\/2022\/03\/91A0752-web.jpg\" alt=\"\" width=\"999\" height=\"674\" srcset=\"https:\/\/www.ellegaard.com\/wp-content\/uploads\/2022\/03\/91A0752-web.jpg 999w, https:\/\/www.ellegaard.com\/wp-content\/uploads\/2022\/03\/91A0752-web-768x518.jpg 768w\" sizes=\"(max-width: 999px) 100vw, 999px\" \/><\/p>\n<p><strong>Construction<\/strong><\/p>\n<ul>\n<li>Concrete and cement industry<\/li>\n<li>Steel industry<\/li>\n<li>Internal transport<\/li>\n<\/ul>\n<p><strong>The energy sector<\/strong><\/p>\n<ul>\n<li>Power plants<\/li>\n<li>Heating plants<\/li>\n<li>Incinerator<\/li>\n<\/ul>\n<p><strong>The food industry<\/strong><\/p>\n<ul>\n<li>Bakeries<\/li>\n<li>Slaughterhouses<\/li>\n<li>Mills<\/li>\n<li>Breweries<\/li>\n<li>Agriculture<\/li>\n<li>Other processing\/manufacturing<\/li>\n<\/ul>\n<p><strong>Recycling sector<\/strong><\/p>\n<ul>\n<li>Slag<\/li>\n<li>Concrete \/ wood \/ glass<\/li>\n<li>Cardboard and paper<\/li>\n<li>Garbage sorting<\/li>\n<\/ul>\n<p><strong>Pharmaceutical and chemical industry<\/strong><\/p>\n<ul>\n<li>Pharmaceutical companies<\/li>\n<li>Chemical companies<\/li>\n<\/ul>\n<p><strong>Raw material and minerals<\/strong><\/p>\n<ul>\n<li>Stone \/ gravel \/ lime \/ salt etc.<\/li>\n<\/ul>\n<p><strong>Distribution<\/strong><\/p>\n<ul>\n<li>Package handling<\/li>\n<li>Runway facility<\/li>\n<\/ul>\n<p><strong>Advisory and consultant<\/strong><\/p>\n<ul>\n<li>Within transport facilities etc.<\/li>\n<\/ul>\n<p>[\/vc_column_text]<div class=\"ult-spacer spacer-69e4dbfd45528\" data-id=\"69e4dbfd45528\" data-height=\"40\" data-height-mobile=\"30\" data-height-tab=\"0\" data-height-tab-portrait=\"0\" data-height-mobile-landscape=\"30\" style=\"clear:both;display:block;\"><\/div>[vc_separator]<div class=\"ult-spacer spacer-69e4dbfd45572\" data-id=\"69e4dbfd45572\" data-height=\"40\" data-height-mobile=\"30\" data-height-tab=\"0\" data-height-tab-portrait=\"0\" data-height-mobile-landscape=\"30\" style=\"clear:both;display:block;\"><\/div>[vc_column_text]Ellegaard Group A\/S are ISO 9001 certified has been found to conform to the Quality Management System standard:<\/p>\n<p>Manufacture, processing, sale and service of conveyor belts &#8211; conveyor belts facilities Components in rubber, PVC \/ PU, iron \/ steel and drum motors for relevant customers Rail assembly \/ service with focus on joint and window replacement as well as sanding of surfaces on train carriages and stations. Plumbing &#8211; blacksmith work<\/p>\n<p>L\u00e6s mere her: <a href=\"https:\/\/ellegaard.com\/wp-content\/uploads\/2025\/02\/ISO-9001-2025-ENG.pdf\">ISO-9001 2025 ENG<\/a>[\/vc_column_text]<div class=\"ult-spacer spacer-69e4dbfd45595\" data-id=\"69e4dbfd45595\" data-height=\"0\" data-height-mobile=\"30\" data-height-tab=\"0\" data-height-tab-portrait=\"0\" data-height-mobile-landscape=\"30\" style=\"clear:both;display:block;\"><\/div>[\/vc_column_inner][vc_column_inner width=&#8221;1\/3&#8243;]<div class=\"ult_row_spacer\"><div class=\"ult-sticky-anchor\"><div class=\"ult-sticky-section ult-sticky \"  data-gutter= '60' data-stick_behaviour= 'stick_with_scroll_row'  data-sticky_position= 'top' data-mobile='no' data-support='no'>[vc_wp_custommenu nav_menu=&#8221;10&#8243;]<\/div><div class=\"ult-space\"><\/div><\/div><\/div>[\/vc_column_inner][\/vc_row_inner][vc_empty_space height=&#8221;60px&#8221;][\/vc_column][\/vc_row][vc_row][vc_column offset=&#8221;vc_col-lg-6 vc_col-md-6&#8243;][\/vc_column][\/vc_row][vc_row][vc_column offset=&#8221;vc_col-lg-6 vc_col-md-6&#8243;][\/vc_column][\/vc_row]<\/p>\n<\/section>","protected":false},"excerpt":{"rendered":"<p>[vc_row full_width=&#8221;stretch_row&#8221; css=&#8221;.vc_custom_1632401993261{border-bottom-width: 1px !important;border-bottom-color: rgba(0,0,0,0.05) !important;border-bottom-style: solid !important;}&#8221;][vc_column][vc_empty_space height=&#8221;60px&#8221;][vc_column_text] Engineering and construction [\/vc_column_text][vc_empty_space height=&#8221;30px&#8221;][vc_row_inner][vc_column_inner width=&#8221;2\/3&#8243;][vc_column_text]Ellegaard has generations of experience with conveyor systems, and are happy to help with the construction of completely new systems and plants, or the rebuilding of existing ones. We can contribute professionally in all stages, from consultation and planning, to &#8230; <a title=\"Engineering and construction\" class=\"read-more\" href=\"https:\/\/www.ellegaard.com\/en\/products\/machine-construction\/\" aria-label=\"Read more about Engineering and construction\">Read more<\/a><\/p>\n","protected":false},"author":1,"featured_media":7724,"parent":7972,"menu_order":23,"comment_status":"closed","ping_status":"closed","template":"","meta":{"_acf_changed":false,"footnotes":""},"categories":[82],"class_list":{"0":"post-8026","1":"page","2":"type-page","3":"status-publish","4":"has-post-thumbnail","6":"category-products"},"acf":[],"yoast_head":"<!-- This site is optimized with the Yoast SEO plugin v27.1.1 - https:\/\/yoast.com\/product\/yoast-seo-wordpress\/ -->\n<title>Engineering and construction &#183; Ellegaard Group<\/title>\n<meta name=\"robots\" content=\"index, follow, max-snippet:-1, max-image-preview:large, max-video-preview:-1\" \/>\n<link rel=\"canonical\" href=\"https:\/\/www.ellegaard.com\/en\/products\/machine-construction\/\" \/>\n<meta property=\"og:locale\" content=\"en_US\" \/>\n<meta property=\"og:type\" content=\"article\" \/>\n<meta property=\"og:title\" content=\"Engineering and construction &#183; Ellegaard Group\" \/>\n<meta property=\"og:description\" content=\"[vc_row full_width=&#8221;stretch_row&#8221; css=&#8221;.vc_custom_1632401993261{border-bottom-width: 1px !important;border-bottom-color: rgba(0,0,0,0.05) !important;border-bottom-style: solid !important;}&#8221;][vc_column][vc_empty_space height=&#8221;60px&#8221;][vc_column_text] Engineering and construction [\/vc_column_text][vc_empty_space height=&#8221;30px&#8221;][vc_row_inner][vc_column_inner width=&#8221;2\/3&#8243;][vc_column_text]Ellegaard has generations of experience with conveyor systems, and are happy to help with the construction of completely new systems and plants, or the rebuilding of existing ones. We can contribute professionally in all stages, from consultation and planning, to ... Read more\" \/>\n<meta property=\"og:url\" content=\"https:\/\/www.ellegaard.com\/en\/products\/machine-construction\/\" \/>\n<meta property=\"og:site_name\" content=\"Ellegaard Group\" \/>\n<meta property=\"article:modified_time\" content=\"2025-02-10T16:04:53+00:00\" \/>\n<meta property=\"og:image\" content=\"https:\/\/www.ellegaard.com\/wp-content\/uploads\/2022\/02\/Teknik-og-konstruktion-fade.jpg\" \/>\n\t<meta property=\"og:image:width\" content=\"600\" \/>\n\t<meta property=\"og:image:height\" content=\"338\" \/>\n\t<meta property=\"og:image:type\" content=\"image\/jpeg\" \/>\n<meta name=\"twitter:card\" content=\"summary_large_image\" \/>\n<meta name=\"twitter:label1\" content=\"Est. reading time\" \/>\n\t<meta name=\"twitter:data1\" content=\"2 minutes\" \/>\n<script type=\"application\/ld+json\" class=\"yoast-schema-graph\">{\"@context\":\"https:\/\/schema.org\",\"@graph\":[{\"@type\":\"WebPage\",\"@id\":\"https:\/\/www.ellegaard.com\/en\/products\/machine-construction\/\",\"url\":\"https:\/\/www.ellegaard.com\/en\/products\/machine-construction\/\",\"name\":\"Engineering and construction &#183; Ellegaard Group\",\"isPartOf\":{\"@id\":\"https:\/\/www.ellegaard.com\/en\/#website\"},\"primaryImageOfPage\":{\"@id\":\"https:\/\/www.ellegaard.com\/en\/products\/machine-construction\/#primaryimage\"},\"image\":{\"@id\":\"https:\/\/www.ellegaard.com\/en\/products\/machine-construction\/#primaryimage\"},\"thumbnailUrl\":\"https:\/\/www.ellegaard.com\/wp-content\/uploads\/2022\/02\/Teknik-og-konstruktion-fade.jpg\",\"datePublished\":\"2021-09-17T06:32:07+00:00\",\"dateModified\":\"2025-02-10T16:04:53+00:00\",\"breadcrumb\":{\"@id\":\"https:\/\/www.ellegaard.com\/en\/products\/machine-construction\/#breadcrumb\"},\"inLanguage\":\"en-US\",\"potentialAction\":[{\"@type\":\"ReadAction\",\"target\":[\"https:\/\/www.ellegaard.com\/en\/products\/machine-construction\/\"]}]},{\"@type\":\"ImageObject\",\"inLanguage\":\"en-US\",\"@id\":\"https:\/\/www.ellegaard.com\/en\/products\/machine-construction\/#primaryimage\",\"url\":\"https:\/\/www.ellegaard.com\/wp-content\/uploads\/2022\/02\/Teknik-og-konstruktion-fade.jpg\",\"contentUrl\":\"https:\/\/www.ellegaard.com\/wp-content\/uploads\/2022\/02\/Teknik-og-konstruktion-fade.jpg\",\"width\":600,\"height\":338},{\"@type\":\"BreadcrumbList\",\"@id\":\"https:\/\/www.ellegaard.com\/en\/products\/machine-construction\/#breadcrumb\",\"itemListElement\":[{\"@type\":\"ListItem\",\"position\":1,\"name\":\"Hjem\",\"item\":\"https:\/\/www.ellegaard.com\/en\/\"},{\"@type\":\"ListItem\",\"position\":2,\"name\":\"Products\",\"item\":\"https:\/\/www.ellegaard.com\/en\/products\/\"},{\"@type\":\"ListItem\",\"position\":3,\"name\":\"Engineering and construction\"}]},{\"@type\":\"WebSite\",\"@id\":\"https:\/\/www.ellegaard.com\/en\/#website\",\"url\":\"https:\/\/www.ellegaard.com\/en\/\",\"name\":\"Ellegaard Group\",\"description\":\"Totalleverand\u00f8r til industrien: Alt i transportb\u00e5nd, transportsystemer, service og transport\u00f8rer\",\"publisher\":{\"@id\":\"https:\/\/www.ellegaard.com\/en\/#organization\"},\"potentialAction\":[{\"@type\":\"SearchAction\",\"target\":{\"@type\":\"EntryPoint\",\"urlTemplate\":\"https:\/\/www.ellegaard.com\/en\/?s={search_term_string}\"},\"query-input\":{\"@type\":\"PropertyValueSpecification\",\"valueRequired\":true,\"valueName\":\"search_term_string\"}}],\"inLanguage\":\"en-US\"},{\"@type\":\"Organization\",\"@id\":\"https:\/\/www.ellegaard.com\/en\/#organization\",\"name\":\"Ellegaard Group\",\"url\":\"https:\/\/www.ellegaard.com\/en\/\",\"logo\":{\"@type\":\"ImageObject\",\"inLanguage\":\"en-US\",\"@id\":\"https:\/\/www.ellegaard.com\/en\/#\/schema\/logo\/image\/\",\"url\":\"https:\/\/www.ellegaard.com\/wp-content\/uploads\/2021\/09\/logo.svg\",\"contentUrl\":\"https:\/\/www.ellegaard.com\/wp-content\/uploads\/2021\/09\/logo.svg\",\"width\":519,\"height\":46,\"caption\":\"Ellegaard Group\"},\"image\":{\"@id\":\"https:\/\/www.ellegaard.com\/en\/#\/schema\/logo\/image\/\"}}]}<\/script>\n<!-- \/ Yoast SEO plugin. -->","yoast_head_json":{"title":"Engineering and construction &#183; Ellegaard Group","robots":{"index":"index","follow":"follow","max-snippet":"max-snippet:-1","max-image-preview":"max-image-preview:large","max-video-preview":"max-video-preview:-1"},"canonical":"https:\/\/www.ellegaard.com\/en\/products\/machine-construction\/","og_locale":"en_US","og_type":"article","og_title":"Engineering and construction &#183; Ellegaard Group","og_description":"[vc_row full_width=&#8221;stretch_row&#8221; css=&#8221;.vc_custom_1632401993261{border-bottom-width: 1px !important;border-bottom-color: rgba(0,0,0,0.05) !important;border-bottom-style: solid !important;}&#8221;][vc_column][vc_empty_space height=&#8221;60px&#8221;][vc_column_text] Engineering and construction [\/vc_column_text][vc_empty_space height=&#8221;30px&#8221;][vc_row_inner][vc_column_inner width=&#8221;2\/3&#8243;][vc_column_text]Ellegaard has generations of experience with conveyor systems, and are happy to help with the construction of completely new systems and plants, or the rebuilding of existing ones. We can contribute professionally in all stages, from consultation and planning, to ... Read more","og_url":"https:\/\/www.ellegaard.com\/en\/products\/machine-construction\/","og_site_name":"Ellegaard Group","article_modified_time":"2025-02-10T16:04:53+00:00","og_image":[{"width":600,"height":338,"url":"https:\/\/www.ellegaard.com\/wp-content\/uploads\/2022\/02\/Teknik-og-konstruktion-fade.jpg","type":"image\/jpeg"}],"twitter_card":"summary_large_image","twitter_misc":{"Est. reading time":"2 minutes"},"schema":{"@context":"https:\/\/schema.org","@graph":[{"@type":"WebPage","@id":"https:\/\/www.ellegaard.com\/en\/products\/machine-construction\/","url":"https:\/\/www.ellegaard.com\/en\/products\/machine-construction\/","name":"Engineering and construction &#183; Ellegaard Group","isPartOf":{"@id":"https:\/\/www.ellegaard.com\/en\/#website"},"primaryImageOfPage":{"@id":"https:\/\/www.ellegaard.com\/en\/products\/machine-construction\/#primaryimage"},"image":{"@id":"https:\/\/www.ellegaard.com\/en\/products\/machine-construction\/#primaryimage"},"thumbnailUrl":"https:\/\/www.ellegaard.com\/wp-content\/uploads\/2022\/02\/Teknik-og-konstruktion-fade.jpg","datePublished":"2021-09-17T06:32:07+00:00","dateModified":"2025-02-10T16:04:53+00:00","breadcrumb":{"@id":"https:\/\/www.ellegaard.com\/en\/products\/machine-construction\/#breadcrumb"},"inLanguage":"en-US","potentialAction":[{"@type":"ReadAction","target":["https:\/\/www.ellegaard.com\/en\/products\/machine-construction\/"]}]},{"@type":"ImageObject","inLanguage":"en-US","@id":"https:\/\/www.ellegaard.com\/en\/products\/machine-construction\/#primaryimage","url":"https:\/\/www.ellegaard.com\/wp-content\/uploads\/2022\/02\/Teknik-og-konstruktion-fade.jpg","contentUrl":"https:\/\/www.ellegaard.com\/wp-content\/uploads\/2022\/02\/Teknik-og-konstruktion-fade.jpg","width":600,"height":338},{"@type":"BreadcrumbList","@id":"https:\/\/www.ellegaard.com\/en\/products\/machine-construction\/#breadcrumb","itemListElement":[{"@type":"ListItem","position":1,"name":"Hjem","item":"https:\/\/www.ellegaard.com\/en\/"},{"@type":"ListItem","position":2,"name":"Products","item":"https:\/\/www.ellegaard.com\/en\/products\/"},{"@type":"ListItem","position":3,"name":"Engineering and construction"}]},{"@type":"WebSite","@id":"https:\/\/www.ellegaard.com\/en\/#website","url":"https:\/\/www.ellegaard.com\/en\/","name":"Ellegaard Group","description":"Totalleverand\u00f8r til industrien: Alt i transportb\u00e5nd, transportsystemer, service og transport\u00f8rer","publisher":{"@id":"https:\/\/www.ellegaard.com\/en\/#organization"},"potentialAction":[{"@type":"SearchAction","target":{"@type":"EntryPoint","urlTemplate":"https:\/\/www.ellegaard.com\/en\/?s={search_term_string}"},"query-input":{"@type":"PropertyValueSpecification","valueRequired":true,"valueName":"search_term_string"}}],"inLanguage":"en-US"},{"@type":"Organization","@id":"https:\/\/www.ellegaard.com\/en\/#organization","name":"Ellegaard Group","url":"https:\/\/www.ellegaard.com\/en\/","logo":{"@type":"ImageObject","inLanguage":"en-US","@id":"https:\/\/www.ellegaard.com\/en\/#\/schema\/logo\/image\/","url":"https:\/\/www.ellegaard.com\/wp-content\/uploads\/2021\/09\/logo.svg","contentUrl":"https:\/\/www.ellegaard.com\/wp-content\/uploads\/2021\/09\/logo.svg","width":519,"height":46,"caption":"Ellegaard Group"},"image":{"@id":"https:\/\/www.ellegaard.com\/en\/#\/schema\/logo\/image\/"}}]}},"_links":{"self":[{"href":"https:\/\/www.ellegaard.com\/en\/wp-json\/wp\/v2\/pages\/8026","targetHints":{"allow":["GET"]}}],"collection":[{"href":"https:\/\/www.ellegaard.com\/en\/wp-json\/wp\/v2\/pages"}],"about":[{"href":"https:\/\/www.ellegaard.com\/en\/wp-json\/wp\/v2\/types\/page"}],"author":[{"embeddable":true,"href":"https:\/\/www.ellegaard.com\/en\/wp-json\/wp\/v2\/users\/1"}],"replies":[{"embeddable":true,"href":"https:\/\/www.ellegaard.com\/en\/wp-json\/wp\/v2\/comments?post=8026"}],"version-history":[{"count":20,"href":"https:\/\/www.ellegaard.com\/en\/wp-json\/wp\/v2\/pages\/8026\/revisions"}],"predecessor-version":[{"id":89148,"href":"https:\/\/www.ellegaard.com\/en\/wp-json\/wp\/v2\/pages\/8026\/revisions\/89148"}],"up":[{"embeddable":true,"href":"https:\/\/www.ellegaard.com\/en\/wp-json\/wp\/v2\/pages\/7972"}],"wp:featuredmedia":[{"embeddable":true,"href":"https:\/\/www.ellegaard.com\/en\/wp-json\/wp\/v2\/media\/7724"}],"wp:attachment":[{"href":"https:\/\/www.ellegaard.com\/en\/wp-json\/wp\/v2\/media?parent=8026"}],"wp:term":[{"taxonomy":"category","embeddable":true,"href":"https:\/\/www.ellegaard.com\/en\/wp-json\/wp\/v2\/categories?post=8026"}],"curies":[{"name":"wp","href":"https:\/\/api.w.org\/{rel}","templated":true}]}}