{"id":8014,"date":"2021-09-17T08:32:07","date_gmt":"2021-09-17T06:32:07","guid":{"rendered":"http:\/\/ellegaard.com\/products\/noise-recuction-funnels\/"},"modified":"2022-10-25T13:16:45","modified_gmt":"2022-10-25T11:16:45","slug":"noise-recuction-funnels","status":"publish","type":"page","link":"https:\/\/www.ellegaard.com\/en\/products\/noise-recuction-funnels\/","title":{"rendered":"Noise recuction funnels"},"content":{"rendered":"<section class=\"wpb-content-wrapper\"><p>[vc_row full_width=&#8221;stretch_row&#8221; css=&#8221;.vc_custom_1632401993261{border-bottom-width: 1px !important;border-bottom-color: rgba(0,0,0,0.05) !important;border-bottom-style: solid !important;}&#8221;][vc_column][vc_empty_space height=&#8221;60px&#8221;][vc_column_text]<\/p>\n<h1>Noise recuction funnels<\/h1>\n<p><img decoding=\"async\" class=\"alignnone size-full wp-image-5459\" src=\"http:\/\/ellegaard.com\/wp-content\/uploads\/2022\/02\/funnel-linup.jpg\" alt=\"\" width=\"1200\" height=\"150\" srcset=\"https:\/\/www.ellegaard.com\/wp-content\/uploads\/2022\/02\/funnel-linup.jpg 1200w, https:\/\/www.ellegaard.com\/wp-content\/uploads\/2022\/02\/funnel-linup-768x96.jpg 768w\" sizes=\"(max-width: 1200px) 100vw, 1200px\" \/>[\/vc_column_text][vc_empty_space height=&#8221;30px&#8221;][vc_row_inner][vc_column_inner width=&#8221;2\/3&#8243;][vc_column_text]In the processing industry where the transport of products is resulting in too much noise, noise-reducing funnels can be used to improve the working environment. The funnels are specially made to measure and cut from food-approved PU material and assembled into a finished funnel.<\/p>\n<p>With its smooth surface, the PU funnel has significant hygiene advantages, as it prevents the formation of bacteria and is easy to clean. The funnel effectively reduces noise from impacts and can be easily be implemented in production lines for processing frozen foods.<\/p>\n<p><img decoding=\"async\" class=\"alignnone wp-image-5437\" src=\"http:\/\/ellegaard.com\/wp-content\/uploads\/2022\/02\/stoejreducerence-tragte-44db.jpg\" alt=\"\" width=\"651\" height=\"366\" srcset=\"https:\/\/www.ellegaard.com\/wp-content\/uploads\/2022\/02\/stoejreducerence-tragte-44db.jpg 800w, https:\/\/www.ellegaard.com\/wp-content\/uploads\/2022\/02\/stoejreducerence-tragte-44db-768x432.jpg 768w\" sizes=\"(max-width: 651px) 100vw, 651px\" \/><\/p>\n<p><img decoding=\"async\" class=\"alignnone size-full wp-image-5450\" src=\"http:\/\/ellegaard.com\/wp-content\/uploads\/2022\/02\/stoejreducerende-tragt4b.jpg\" alt=\"\" width=\"150\" height=\"225\">    <img decoding=\"async\" class=\"alignnone size-full wp-image-5449\" src=\"http:\/\/ellegaard.com\/wp-content\/uploads\/2022\/02\/stoejreducerende-tragt1.jpg\" alt=\"\" width=\"150\" height=\"225\">    <img decoding=\"async\" class=\"alignnone size-full wp-image-5448\" src=\"http:\/\/ellegaard.com\/wp-content\/uploads\/2022\/02\/stoejreducerende-tragt2.jpg\" alt=\"\" width=\"150\" height=\"225\">    <img decoding=\"async\" class=\"alignnone size-full wp-image-5447\" src=\"http:\/\/ellegaard.com\/wp-content\/uploads\/2022\/02\/stoejreducerende-tragt3.jpg\" alt=\"\" width=\"150\" height=\"225\"><\/p>\n<h3>Real-life applications<\/h3>\n<p>We have, among other things, installed the funnel at HKSCAN, which has resulted in a better working environment and contributed to minimise product wastage.<\/p>\n<p><em>&#8220;The lifespan of the soft product has surprised us and we intend to install it in more places in the production.&#8221; <\/em>Tue Albrektsen, HKSCAN<\/p>\n<div style=\"width: 1200px;\" class=\"wp-video\"><video class=\"wp-video-shortcode\" id=\"video-8014-1\" width=\"1200\" height=\"675\" preload=\"metadata\" controls=\"controls\"><source type=\"video\/mp4\" src=\"http:\/\/ellegaard.com\/wp-content\/uploads\/2022\/02\/Noise-reduction-funnel.mp4?_=1\" \/><a href=\"http:\/\/ellegaard.com\/wp-content\/uploads\/2022\/02\/Noise-reduction-funnel.mp4\">http:\/\/ellegaard.com\/wp-content\/uploads\/2022\/02\/Noise-reduction-funnel.mp4<\/a><\/video><\/div>\n<p>&nbsp;<\/p>\n<hr>\n<ul>\n<li>Reduces noise up til 20db<\/li>\n<li>Improves cleaning efficiency<\/li>\n<li>FDA approved Volta materiale: USDA, FDA og 3-A Diary<\/li>\n<li>Easy to handle<\/li>\n<li>Migration test<\/li>\n<li>Does not contain plasticizers or other additives in the form of phthalates<\/li>\n<li>Smooth surface results in a more stable transport of the product<\/li>\n<li>No product wastage<\/li>\n<\/ul>\n<h2>Call us <span style=\"color: #ff9900;\">+45 8020 8020<\/span> for more information<\/h2>\n<p>[\/vc_column_text][vc_empty_space height=&#8221;20px&#8221;]<div class=\"ult-spacer spacer-69e1e0cc61c5c\" data-id=\"69e1e0cc61c5c\" data-height=\"0\" data-height-mobile=\"30\" data-height-tab=\"0\" data-height-tab-portrait=\"0\" data-height-mobile-landscape=\"30\" style=\"clear:both;display:block;\"><\/div>[\/vc_column_inner][vc_column_inner width=&#8221;1\/3&#8243;]<div class=\"ult_row_spacer\"><div class=\"ult-sticky-anchor\"><div class=\"ult-sticky-section ult-sticky \"  data-gutter= '60' data-stick_behaviour= 'stick_with_scroll_row'  data-sticky_position= 'top' data-mobile='no' data-support='no'>[vc_wp_custommenu nav_menu=&#8221;10&#8243;]<\/div><div class=\"ult-space\"><\/div><\/div><\/div>[\/vc_column_inner][\/vc_row_inner][vc_empty_space height=&#8221;60px&#8221;][\/vc_column][\/vc_row]<\/p>\n<\/section>","protected":false},"excerpt":{"rendered":"<p>[vc_row full_width=&#8221;stretch_row&#8221; css=&#8221;.vc_custom_1632401993261{border-bottom-width: 1px !important;border-bottom-color: rgba(0,0,0,0.05) !important;border-bottom-style: solid !important;}&#8221;][vc_column][vc_empty_space height=&#8221;60px&#8221;][vc_column_text] Noise recuction funnels [\/vc_column_text][vc_empty_space height=&#8221;30px&#8221;][vc_row_inner][vc_column_inner width=&#8221;2\/3&#8243;][vc_column_text]In the processing industry where the transport of products is resulting in too much noise, noise-reducing funnels can be used to improve the working environment. The funnels are specially made to measure and cut from food-approved PU material and assembled &#8230; <a title=\"Noise recuction funnels\" class=\"read-more\" href=\"https:\/\/www.ellegaard.com\/en\/products\/noise-recuction-funnels\/\" aria-label=\"Read more about Noise recuction funnels\">Read more<\/a><\/p>\n","protected":false},"author":1,"featured_media":7716,"parent":7972,"menu_order":21,"comment_status":"closed","ping_status":"closed","template":"","meta":{"_acf_changed":false,"footnotes":""},"categories":[82],"class_list":{"0":"post-8014","1":"page","2":"type-page","3":"status-publish","4":"has-post-thumbnail","6":"category-products"},"acf":[],"yoast_head":"<!-- This site is optimized with the Yoast SEO plugin v27.1.1 - https:\/\/yoast.com\/product\/yoast-seo-wordpress\/ -->\n<title>Noise recuction funnels &#183; Ellegaard Group<\/title>\n<meta name=\"robots\" content=\"index, follow, max-snippet:-1, max-image-preview:large, max-video-preview:-1\" \/>\n<link rel=\"canonical\" href=\"https:\/\/www.ellegaard.com\/en\/products\/noise-recuction-funnels\/\" \/>\n<meta property=\"og:locale\" content=\"en_US\" \/>\n<meta property=\"og:type\" content=\"article\" \/>\n<meta property=\"og:title\" content=\"Noise recuction funnels &#183; Ellegaard Group\" \/>\n<meta property=\"og:description\" content=\"[vc_row full_width=&#8221;stretch_row&#8221; css=&#8221;.vc_custom_1632401993261{border-bottom-width: 1px !important;border-bottom-color: rgba(0,0,0,0.05) !important;border-bottom-style: solid !important;}&#8221;][vc_column][vc_empty_space height=&#8221;60px&#8221;][vc_column_text] Noise recuction funnels [\/vc_column_text][vc_empty_space height=&#8221;30px&#8221;][vc_row_inner][vc_column_inner width=&#8221;2\/3&#8243;][vc_column_text]In the processing industry where the transport of products is resulting in too much noise, noise-reducing funnels can be used to improve the working environment. The funnels are specially made to measure and cut from food-approved PU material and assembled ... Read more\" \/>\n<meta property=\"og:url\" content=\"https:\/\/www.ellegaard.com\/en\/products\/noise-recuction-funnels\/\" \/>\n<meta property=\"og:site_name\" content=\"Ellegaard Group\" \/>\n<meta property=\"article:modified_time\" content=\"2022-10-25T11:16:45+00:00\" \/>\n<meta property=\"og:image\" content=\"https:\/\/www.ellegaard.com\/wp-content\/uploads\/2022\/02\/noise-canceling-funnel-fade.jpg\" \/>\n\t<meta property=\"og:image:width\" content=\"600\" \/>\n\t<meta property=\"og:image:height\" content=\"338\" \/>\n\t<meta property=\"og:image:type\" content=\"image\/jpeg\" \/>\n<meta name=\"twitter:card\" content=\"summary_large_image\" \/>\n<meta name=\"twitter:label1\" content=\"Est. reading time\" \/>\n\t<meta name=\"twitter:data1\" content=\"2 minutes\" \/>\n<script type=\"application\/ld+json\" class=\"yoast-schema-graph\">{\"@context\":\"https:\/\/schema.org\",\"@graph\":[{\"@type\":\"WebPage\",\"@id\":\"https:\/\/www.ellegaard.com\/en\/products\/noise-recuction-funnels\/\",\"url\":\"https:\/\/www.ellegaard.com\/en\/products\/noise-recuction-funnels\/\",\"name\":\"Noise recuction funnels &#183; Ellegaard Group\",\"isPartOf\":{\"@id\":\"https:\/\/www.ellegaard.com\/en\/#website\"},\"primaryImageOfPage\":{\"@id\":\"https:\/\/www.ellegaard.com\/en\/products\/noise-recuction-funnels\/#primaryimage\"},\"image\":{\"@id\":\"https:\/\/www.ellegaard.com\/en\/products\/noise-recuction-funnels\/#primaryimage\"},\"thumbnailUrl\":\"https:\/\/www.ellegaard.com\/wp-content\/uploads\/2022\/02\/noise-canceling-funnel-fade.jpg\",\"datePublished\":\"2021-09-17T06:32:07+00:00\",\"dateModified\":\"2022-10-25T11:16:45+00:00\",\"breadcrumb\":{\"@id\":\"https:\/\/www.ellegaard.com\/en\/products\/noise-recuction-funnels\/#breadcrumb\"},\"inLanguage\":\"en-US\",\"potentialAction\":[{\"@type\":\"ReadAction\",\"target\":[\"https:\/\/www.ellegaard.com\/en\/products\/noise-recuction-funnels\/\"]}]},{\"@type\":\"ImageObject\",\"inLanguage\":\"en-US\",\"@id\":\"https:\/\/www.ellegaard.com\/en\/products\/noise-recuction-funnels\/#primaryimage\",\"url\":\"https:\/\/www.ellegaard.com\/wp-content\/uploads\/2022\/02\/noise-canceling-funnel-fade.jpg\",\"contentUrl\":\"https:\/\/www.ellegaard.com\/wp-content\/uploads\/2022\/02\/noise-canceling-funnel-fade.jpg\",\"width\":600,\"height\":338},{\"@type\":\"BreadcrumbList\",\"@id\":\"https:\/\/www.ellegaard.com\/en\/products\/noise-recuction-funnels\/#breadcrumb\",\"itemListElement\":[{\"@type\":\"ListItem\",\"position\":1,\"name\":\"Hjem\",\"item\":\"https:\/\/www.ellegaard.com\/en\/\"},{\"@type\":\"ListItem\",\"position\":2,\"name\":\"Products\",\"item\":\"https:\/\/www.ellegaard.com\/en\/products\/\"},{\"@type\":\"ListItem\",\"position\":3,\"name\":\"Noise recuction funnels\"}]},{\"@type\":\"WebSite\",\"@id\":\"https:\/\/www.ellegaard.com\/en\/#website\",\"url\":\"https:\/\/www.ellegaard.com\/en\/\",\"name\":\"Ellegaard Group\",\"description\":\"Totalleverand\u00f8r til industrien: Alt i transportb\u00e5nd, transportsystemer, service og transport\u00f8rer\",\"publisher\":{\"@id\":\"https:\/\/www.ellegaard.com\/en\/#organization\"},\"potentialAction\":[{\"@type\":\"SearchAction\",\"target\":{\"@type\":\"EntryPoint\",\"urlTemplate\":\"https:\/\/www.ellegaard.com\/en\/?s={search_term_string}\"},\"query-input\":{\"@type\":\"PropertyValueSpecification\",\"valueRequired\":true,\"valueName\":\"search_term_string\"}}],\"inLanguage\":\"en-US\"},{\"@type\":\"Organization\",\"@id\":\"https:\/\/www.ellegaard.com\/en\/#organization\",\"name\":\"Ellegaard Group\",\"url\":\"https:\/\/www.ellegaard.com\/en\/\",\"logo\":{\"@type\":\"ImageObject\",\"inLanguage\":\"en-US\",\"@id\":\"https:\/\/www.ellegaard.com\/en\/#\/schema\/logo\/image\/\",\"url\":\"https:\/\/www.ellegaard.com\/wp-content\/uploads\/2021\/09\/logo.svg\",\"contentUrl\":\"https:\/\/www.ellegaard.com\/wp-content\/uploads\/2021\/09\/logo.svg\",\"width\":519,\"height\":46,\"caption\":\"Ellegaard Group\"},\"image\":{\"@id\":\"https:\/\/www.ellegaard.com\/en\/#\/schema\/logo\/image\/\"}}]}<\/script>\n<!-- \/ Yoast SEO plugin. -->","yoast_head_json":{"title":"Noise recuction funnels &#183; Ellegaard Group","robots":{"index":"index","follow":"follow","max-snippet":"max-snippet:-1","max-image-preview":"max-image-preview:large","max-video-preview":"max-video-preview:-1"},"canonical":"https:\/\/www.ellegaard.com\/en\/products\/noise-recuction-funnels\/","og_locale":"en_US","og_type":"article","og_title":"Noise recuction funnels &#183; Ellegaard Group","og_description":"[vc_row full_width=&#8221;stretch_row&#8221; css=&#8221;.vc_custom_1632401993261{border-bottom-width: 1px !important;border-bottom-color: rgba(0,0,0,0.05) !important;border-bottom-style: solid !important;}&#8221;][vc_column][vc_empty_space height=&#8221;60px&#8221;][vc_column_text] Noise recuction funnels [\/vc_column_text][vc_empty_space height=&#8221;30px&#8221;][vc_row_inner][vc_column_inner width=&#8221;2\/3&#8243;][vc_column_text]In the processing industry where the transport of products is resulting in too much noise, noise-reducing funnels can be used to improve the working environment. The funnels are specially made to measure and cut from food-approved PU material and assembled ... Read more","og_url":"https:\/\/www.ellegaard.com\/en\/products\/noise-recuction-funnels\/","og_site_name":"Ellegaard Group","article_modified_time":"2022-10-25T11:16:45+00:00","og_image":[{"width":600,"height":338,"url":"https:\/\/www.ellegaard.com\/wp-content\/uploads\/2022\/02\/noise-canceling-funnel-fade.jpg","type":"image\/jpeg"}],"twitter_card":"summary_large_image","twitter_misc":{"Est. reading time":"2 minutes"},"schema":{"@context":"https:\/\/schema.org","@graph":[{"@type":"WebPage","@id":"https:\/\/www.ellegaard.com\/en\/products\/noise-recuction-funnels\/","url":"https:\/\/www.ellegaard.com\/en\/products\/noise-recuction-funnels\/","name":"Noise recuction funnels &#183; Ellegaard Group","isPartOf":{"@id":"https:\/\/www.ellegaard.com\/en\/#website"},"primaryImageOfPage":{"@id":"https:\/\/www.ellegaard.com\/en\/products\/noise-recuction-funnels\/#primaryimage"},"image":{"@id":"https:\/\/www.ellegaard.com\/en\/products\/noise-recuction-funnels\/#primaryimage"},"thumbnailUrl":"https:\/\/www.ellegaard.com\/wp-content\/uploads\/2022\/02\/noise-canceling-funnel-fade.jpg","datePublished":"2021-09-17T06:32:07+00:00","dateModified":"2022-10-25T11:16:45+00:00","breadcrumb":{"@id":"https:\/\/www.ellegaard.com\/en\/products\/noise-recuction-funnels\/#breadcrumb"},"inLanguage":"en-US","potentialAction":[{"@type":"ReadAction","target":["https:\/\/www.ellegaard.com\/en\/products\/noise-recuction-funnels\/"]}]},{"@type":"ImageObject","inLanguage":"en-US","@id":"https:\/\/www.ellegaard.com\/en\/products\/noise-recuction-funnels\/#primaryimage","url":"https:\/\/www.ellegaard.com\/wp-content\/uploads\/2022\/02\/noise-canceling-funnel-fade.jpg","contentUrl":"https:\/\/www.ellegaard.com\/wp-content\/uploads\/2022\/02\/noise-canceling-funnel-fade.jpg","width":600,"height":338},{"@type":"BreadcrumbList","@id":"https:\/\/www.ellegaard.com\/en\/products\/noise-recuction-funnels\/#breadcrumb","itemListElement":[{"@type":"ListItem","position":1,"name":"Hjem","item":"https:\/\/www.ellegaard.com\/en\/"},{"@type":"ListItem","position":2,"name":"Products","item":"https:\/\/www.ellegaard.com\/en\/products\/"},{"@type":"ListItem","position":3,"name":"Noise recuction funnels"}]},{"@type":"WebSite","@id":"https:\/\/www.ellegaard.com\/en\/#website","url":"https:\/\/www.ellegaard.com\/en\/","name":"Ellegaard Group","description":"Totalleverand\u00f8r til industrien: Alt i transportb\u00e5nd, transportsystemer, service og transport\u00f8rer","publisher":{"@id":"https:\/\/www.ellegaard.com\/en\/#organization"},"potentialAction":[{"@type":"SearchAction","target":{"@type":"EntryPoint","urlTemplate":"https:\/\/www.ellegaard.com\/en\/?s={search_term_string}"},"query-input":{"@type":"PropertyValueSpecification","valueRequired":true,"valueName":"search_term_string"}}],"inLanguage":"en-US"},{"@type":"Organization","@id":"https:\/\/www.ellegaard.com\/en\/#organization","name":"Ellegaard Group","url":"https:\/\/www.ellegaard.com\/en\/","logo":{"@type":"ImageObject","inLanguage":"en-US","@id":"https:\/\/www.ellegaard.com\/en\/#\/schema\/logo\/image\/","url":"https:\/\/www.ellegaard.com\/wp-content\/uploads\/2021\/09\/logo.svg","contentUrl":"https:\/\/www.ellegaard.com\/wp-content\/uploads\/2021\/09\/logo.svg","width":519,"height":46,"caption":"Ellegaard Group"},"image":{"@id":"https:\/\/www.ellegaard.com\/en\/#\/schema\/logo\/image\/"}}]}},"_links":{"self":[{"href":"https:\/\/www.ellegaard.com\/en\/wp-json\/wp\/v2\/pages\/8014","targetHints":{"allow":["GET"]}}],"collection":[{"href":"https:\/\/www.ellegaard.com\/en\/wp-json\/wp\/v2\/pages"}],"about":[{"href":"https:\/\/www.ellegaard.com\/en\/wp-json\/wp\/v2\/types\/page"}],"author":[{"embeddable":true,"href":"https:\/\/www.ellegaard.com\/en\/wp-json\/wp\/v2\/users\/1"}],"replies":[{"embeddable":true,"href":"https:\/\/www.ellegaard.com\/en\/wp-json\/wp\/v2\/comments?post=8014"}],"version-history":[{"count":5,"href":"https:\/\/www.ellegaard.com\/en\/wp-json\/wp\/v2\/pages\/8014\/revisions"}],"predecessor-version":[{"id":8019,"href":"https:\/\/www.ellegaard.com\/en\/wp-json\/wp\/v2\/pages\/8014\/revisions\/8019"}],"up":[{"embeddable":true,"href":"https:\/\/www.ellegaard.com\/en\/wp-json\/wp\/v2\/pages\/7972"}],"wp:featuredmedia":[{"embeddable":true,"href":"https:\/\/www.ellegaard.com\/en\/wp-json\/wp\/v2\/media\/7716"}],"wp:attachment":[{"href":"https:\/\/www.ellegaard.com\/en\/wp-json\/wp\/v2\/media?parent=8014"}],"wp:term":[{"taxonomy":"category","embeddable":true,"href":"https:\/\/www.ellegaard.com\/en\/wp-json\/wp\/v2\/categories?post=8014"}],"curies":[{"name":"wp","href":"https:\/\/api.w.org\/{rel}","templated":true}]}}