{"id":8011,"date":"2021-09-17T08:32:07","date_gmt":"2021-09-17T06:32:07","guid":{"rendered":"http:\/\/ellegaard.com\/products\/scandrive-rollers\/"},"modified":"2023-08-29T10:38:45","modified_gmt":"2023-08-29T08:38:45","slug":"scandrive-rollers","status":"publish","type":"page","link":"https:\/\/www.ellegaard.com\/en\/products\/scandrive-rollers\/","title":{"rendered":"ScanDrive Rollers"},"content":{"rendered":"<section class=\"wpb-content-wrapper\"><p>[vc_row full_width=&#8221;stretch_row&#8221; css=&#8221;.vc_custom_1632401993261{border-bottom-width: 1px !important;border-bottom-color: rgba(0,0,0,0.05) !important;border-bottom-style: solid !important;}&#8221;][vc_column][vc_empty_space height=&#8221;60px&#8221;][vc_column_text]<\/p>\n<h1>Scandrive rollers<\/h1>\n<p><img decoding=\"async\" class=\"alignnone size-full wp-image-5426\" src=\"http:\/\/ellegaard.com\/wp-content\/uploads\/2022\/02\/ruller-linup.jpg\" alt=\"\" width=\"1200\" height=\"150\" srcset=\"https:\/\/www.ellegaard.com\/wp-content\/uploads\/2022\/02\/ruller-linup.jpg 1200w, https:\/\/www.ellegaard.com\/wp-content\/uploads\/2022\/02\/ruller-linup-768x96.jpg 768w\" sizes=\"(max-width: 1200px) 100vw, 1200px\" \/>[\/vc_column_text][vc_empty_space height=&#8221;30px&#8221;][vc_row_inner][vc_column_inner width=&#8221;2\/3&#8243;][vc_toggle title=&#8221;Scandrive steel rollers&#8221; style=&#8221;text_only&#8221; size=&#8221;lg&#8221; custom_font_container=&#8221;tag:h2|font_size:20px|text_align:center|color:%23ffffff|line_height:24px&#8221; custom_use_theme_fonts=&#8221;yes&#8221; use_custom_heading=&#8221;true&#8221; css=&#8221;.vc_custom_1693298317600{margin-bottom: 15px !important;}&#8221;]<\/p>\n<div id=\"u122544\" class=\"gradient clearfix grpelem\">\n<div id=\"u18232-7\" class=\"clearfix grpelem\" data-muse-uid=\"U18232\" data-muse-type=\"txt_frame\" data-ibe-flags=\"txtStyleSrc\">\n<p>Scandrive steel rollers use a technology that allows the roller to withstand a much greater load over a longer period of time.<\/p>\n<p>Ellegaard produces all types of rollers and have short delivery times with our own production facilities in Roskilde. Please contact our Sales Department for offers or further information.<\/p>\n<\/div>\n<\/div>\n<div id=\"u18638-6\" class=\"clearfix grpelem\" data-muse-uid=\"U18638\" data-muse-type=\"txt_frame\" data-ibe-flags=\"txtStyleSrc\">\n<h4>SCANDRIVE STEEL ROLLERS<\/h4>\n<\/div>\n<div id=\"u30918-21\" class=\"clearfix grpelem\" data-muse-uid=\"U30918\" data-muse-type=\"txt_frame\" data-ibe-flags=\"txtStyleSrc\">\n<ul>\n<li id=\"u30918-4\"><span id=\"u30918-3\"><img decoding=\"async\" class=\"size-full wp-image-5403 alignright\" src=\"http:\/\/ellegaard.com\/wp-content\/uploads\/2022\/02\/ruller-line-up-staal.png\" alt=\"\" width=\"366\" height=\"293\" \/>Wrap up to 3 mm thickness<\/span><\/li>\n<li>Welded end caps results in a stronger construction<\/li>\n<li>Labyrint seals means tighter bearings<\/li>\n<li>Roller diameter from \u00d838 mm to \u00d8133 mm<\/li>\n<li>Optional disc rings<\/li>\n<li>Beskpoke lengths on enquiry<\/li>\n<li>We stock all common types of steel for casings, axles and bearings<\/li>\n<\/ul>\n<div id=\"u34959-6\" class=\"clearfix colelem\" data-muse-uid=\"U34959\" data-muse-type=\"txt_frame\" data-ibe-flags=\"txtStyleSrc\">\n<h4>SCANDRIVE IP 69K ROLLERS FOR THE FOOD INDUSTRY<\/h4>\n<\/div>\n<div id=\"pu34958-16\" class=\"clearfix colelem\">\n<div id=\"u34958-16\" class=\"clearfix grpelem\" data-muse-uid=\"U34958\" data-muse-type=\"txt_frame\" data-ibe-flags=\"txtStyleSrc\">\n<p id=\"u34958-4\">Our continuous development work has resulted in that we now are able to deliver ScanDrive<span class=\"superscript\">\u00ae<\/span> steel rollers with IP69K sealing. Here we have compact and robust rollers, which are able to perform optimally in almost all situations and conditions.<\/p>\n<p id=\"u34958-9\">With an IP69K sealing, you achieve the highest possible encapsulation of the motor, and an even greater opportunity to meet the high demands placed on hygiene and cleaning, especially in the food industry. ScanDrive<span class=\"superscript\">\u00ae<\/span> IP69K motors can withstand high pressure cleaning and rinsing, including hot water cleaning, and can run under extreme conditions without dust or liquids entering the motor.<\/p>\n<p id=\"u34958-12\"><strong>Test method<\/strong><\/p>\n<p id=\"u34958-14\">The test standard for IP69K specifies a nozzle supplied with water with a temperature of 80\u00b0C, a pressure of 8 &#8211; 10 MPa (80-100 bar), and a water jet of 4-16 litres\/min. The nozzle is placed 10-15 cm from the equipment that is to be tested. The nozzle is held in place for 30 seconds in each of the angles 0\u00b0, 30\u00b0, 60\u00b0, and 90\u00b0. The equipment must during the testing be placed on a table that rotates with five revolutions per minute.<\/p>\n<\/div>\n<div id=\"u34973-24\" class=\"clearfix grpelem\" data-muse-uid=\"U34973\" data-muse-type=\"txt_frame\" data-ibe-flags=\"txtStyleSrc\">\n<p id=\"u34973-2\">This is what the standard means:<\/p>\n<p id=\"u34973-6\">The letter and number combination defines the encapsulation degree for dust<br \/>\nand liquids:<\/p>\n<p id=\"u34973-10\"><strong><span id=\"u34973-8\">IP<\/span><\/strong> = Ingress Protection<br \/>\n<strong><span id=\"u34973-11\">6<\/span><\/strong> = Dust-proof<br \/>\n<strong><span id=\"u34973-14\">9K<\/span><\/strong> = Suited for high pressure cleaning and rinsing<\/p>\n<hr \/>\n<\/div>\n<p><img decoding=\"async\" class=\"alignnone wp-image-5268\" src=\"http:\/\/ellegaard.com\/wp-content\/uploads\/2022\/02\/Heycon-logo-blue-370px.png\" alt=\"\" width=\"215\" height=\"55\" \/><\/p>\n<p>Hyecon is a term for the highly efficient Ellegaard component developed for the Food Industry, focusing on hygiene and economy. The product portfolio consists of the following components:<\/p>\n<ul>\n<li>ScanDrive Drum Motor IP69K certified<\/li>\n<li>Scandrive Rollers<\/li>\n<li>Undine Belt cleaning technology<\/li>\n<li>Quick-Release Belt Tensioner<\/li>\n<li>Dropbelt<\/li>\n<\/ul>\n<p><a href=\"https:\/\/ellegaard.com\/en\/products\/conveyor-components-to-the-food-industry\/\"><strong>Click here to read more about Hyecon<\/strong><\/a><\/p>\n<div id=\"u34973-24\" class=\"clearfix grpelem\" data-muse-uid=\"U34973\" data-muse-type=\"txt_frame\" data-ibe-flags=\"txtStyleSrc\">\n<p id=\"u34973-19\"><strong>DIN-norm<\/strong><\/p>\n<p id=\"u34973-22\"><strong><span id=\"u34973-20\">IP 69K <\/span><\/strong>surpasses the German standard DIN 40050-9 for equipment that can withstand high pressure, high temperatures, and strong water jets.<\/p>\n<\/div>\n<\/div>\n<\/div>\n<p>[\/vc_toggle][vc_toggle title=&#8221;Scandrive polymer rollers&#8221; style=&#8221;text_only&#8221; size=&#8221;lg&#8221; custom_font_container=&#8221;tag:h2|font_size:20px|text_align:center|color:%23ffffff|line_height:24px&#8221; custom_use_theme_fonts=&#8221;yes&#8221; use_custom_heading=&#8221;true&#8221; css=&#8221;.vc_custom_1693298323638{margin-bottom: 15px !important;}&#8221;]<\/p>\n<div id=\"u31394-6\" class=\"clearfix colelem\" data-muse-uid=\"U31394\" data-muse-type=\"txt_frame\" data-ibe-flags=\"txtStyleSrc\">\n<h4>SCANDRIVE POLYMER ROLLERS<\/h4>\n<\/div>\n<div id=\"pu31416\" class=\"clearfix colelem\">\n<div id=\"u35108\" class=\"clip_frame grpelem\" data-muse-uid=\"U35108\" data-muse-type=\"img_frame\"><img decoding=\"async\" class=\"alignnone size-full wp-image-5006\" src=\"http:\/\/ellegaard.com\/wp-content\/uploads\/2022\/02\/plastruller2.jpg\" alt=\"\" width=\"600\" height=\"300\" \/><\/div>\n<div id=\"u31418\" class=\"clip_frame grpelem\" data-muse-uid=\"U31418\" data-muse-type=\"img_frame\"><img decoding=\"async\" class=\"alignnone size-full wp-image-5005\" src=\"http:\/\/ellegaard.com\/wp-content\/uploads\/2022\/02\/plastruller.jpg\" alt=\"\" width=\"455\" height=\"287\" \/><\/div>\n<div id=\"u31414-6\" class=\"clearfix grpelem\" data-muse-uid=\"U31414\" data-muse-type=\"txt_frame\" data-ibe-flags=\"txtStyleSrc\">\n<p>Ellegaard stock all types of rollers.<\/p>\n<p>Please contact our Sales Department for offers or further information.<\/p>\n<\/div>\n<div id=\"u31415-45\" class=\"clearfix grpelem\" data-muse-uid=\"U31415\" data-muse-type=\"txt_frame\" data-ibe-flags=\"txtStyleSrc\">\n<ul>\n<li id=\"u31415-4\"><span id=\"u31415-3\">Wraps in food grade blue PVC<\/span><\/li>\n<li id=\"u31415-8\"><span id=\"u31415-7\">End caps in food grade POM<\/span><\/li>\n<li id=\"u31415-12\"><span id=\"u31415-11\">Sealed hygienic design<\/span><\/li>\n<li id=\"u31415-16\"><span id=\"u31415-15\">Built-in fixed axle shafts<\/span><\/li>\n<li id=\"u31415-23\"><span id=\"u31415-22\">Pillow blocks in food grade &#8216;non-squeaking&#8217; glide material (UHMWPE)<\/span><\/li>\n<li id=\"u31415-27\"><span id=\"u31415-26\">Diameter: from \u00d850 &#8211; \u00d8133 mm<\/span><\/li>\n<li id=\"u31415-31\"><span id=\"u31415-30\">Shafts and bearings are supplied in all types of steel<\/span><\/li>\n<li id=\"u31415-35\"><span id=\"u31415-34\">Beskpoke lengths on enquiry<\/span><\/li>\n<li id=\"u31415-39\"><span id=\"u31415-38\">Max load: up to 200 N<\/span><\/li>\n<li id=\"u31415-43\"><span id=\"u31415-42\">Meets the IP69K standard<\/span><\/li>\n<\/ul>\n<\/div>\n<\/div>\n<p>&nbsp;<\/p>\n<hr \/>\n<p><img decoding=\"async\" class=\"alignnone wp-image-5268\" src=\"http:\/\/ellegaard.com\/wp-content\/uploads\/2022\/02\/Heycon-logo-blue-370px.png\" alt=\"\" width=\"215\" height=\"55\" \/><\/p>\n<p>Hyecon is a group of highly efficient Ellegaard components developed for the food industry with focus on hygiene and economy. The product portfolio consists of the following components:<\/p>\n<ul>\n<li>ScanDrive Drum Motor IP 69K certified<\/li>\n<li>Scandrive Rollers<\/li>\n<li>Undine Belt cleaning technology<\/li>\n<li>Quick-Release Belt Tensioner<\/li>\n<li>Dropbelt<\/li>\n<\/ul>\n<p><a href=\"https:\/\/ellegaard.com\/en\/products\/conveyor-components-to-the-food-industry\/\"><strong>Click here to read more about Hyecon<\/strong><\/a>[\/vc_toggle]<div class=\"ult-spacer spacer-69e1b7d29577f\" data-id=\"69e1b7d29577f\" data-height=\"0\" data-height-mobile=\"30\" data-height-tab=\"0\" data-height-tab-portrait=\"0\" data-height-mobile-landscape=\"30\" style=\"clear:both;display:block;\"><\/div>[\/vc_column_inner][vc_column_inner width=&#8221;1\/3&#8243;]<div class=\"ult_row_spacer\"><div class=\"ult-sticky-anchor\"><div class=\"ult-sticky-section ult-sticky \"  data-gutter= '60' data-stick_behaviour= 'stick_with_scroll_row'  data-sticky_position= 'top' data-mobile='no' data-support='no'>[vc_wp_custommenu nav_menu=&#8221;10&#8243;]<\/div><div class=\"ult-space\"><\/div><\/div><\/div>[\/vc_column_inner][\/vc_row_inner][vc_empty_space height=&#8221;60px&#8221;][\/vc_column][\/vc_row]<\/p>\n<\/section>","protected":false},"excerpt":{"rendered":"<p>[vc_row full_width=&#8221;stretch_row&#8221; css=&#8221;.vc_custom_1632401993261{border-bottom-width: 1px !important;border-bottom-color: rgba(0,0,0,0.05) !important;border-bottom-style: solid !important;}&#8221;][vc_column][vc_empty_space height=&#8221;60px&#8221;][vc_column_text] Scandrive rollers [\/vc_column_text][vc_empty_space height=&#8221;30px&#8221;][vc_row_inner][vc_column_inner width=&#8221;2\/3&#8243;][vc_toggle title=&#8221;Scandrive steel rollers&#8221; style=&#8221;text_only&#8221; size=&#8221;lg&#8221; custom_font_container=&#8221;tag:h2|font_size:20px|text_align:center|color:%23ffffff|line_height:24px&#8221; custom_use_theme_fonts=&#8221;yes&#8221; use_custom_heading=&#8221;true&#8221; css=&#8221;.vc_custom_1693298317600{margin-bottom: 15px !important;}&#8221;] Scandrive steel rollers use a technology that allows the roller to withstand a much greater load over a longer period of time. Ellegaard produces all types of rollers and &#8230; <a title=\"ScanDrive Rollers\" class=\"read-more\" href=\"https:\/\/www.ellegaard.com\/en\/products\/scandrive-rollers\/\" aria-label=\"Read more about ScanDrive Rollers\">Read more<\/a><\/p>\n","protected":false},"author":1,"featured_media":83900,"parent":7972,"menu_order":20,"comment_status":"closed","ping_status":"closed","template":"","meta":{"_acf_changed":false,"footnotes":""},"categories":[82],"class_list":{"0":"post-8011","1":"page","2":"type-page","3":"status-publish","4":"has-post-thumbnail","6":"category-products"},"acf":[],"yoast_head":"<!-- This site is optimized with the Yoast SEO plugin v27.1.1 - https:\/\/yoast.com\/product\/yoast-seo-wordpress\/ -->\n<title>ScanDrive Rollers &#183; Ellegaard Group<\/title>\n<meta name=\"robots\" content=\"index, follow, max-snippet:-1, max-image-preview:large, max-video-preview:-1\" \/>\n<link rel=\"canonical\" href=\"https:\/\/www.ellegaard.com\/en\/products\/scandrive-rollers\/\" \/>\n<meta property=\"og:locale\" content=\"en_US\" \/>\n<meta property=\"og:type\" content=\"article\" \/>\n<meta property=\"og:title\" content=\"ScanDrive Rollers &#183; Ellegaard Group\" \/>\n<meta property=\"og:description\" content=\"[vc_row full_width=&#8221;stretch_row&#8221; css=&#8221;.vc_custom_1632401993261{border-bottom-width: 1px !important;border-bottom-color: rgba(0,0,0,0.05) !important;border-bottom-style: solid !important;}&#8221;][vc_column][vc_empty_space height=&#8221;60px&#8221;][vc_column_text] Scandrive rollers [\/vc_column_text][vc_empty_space height=&#8221;30px&#8221;][vc_row_inner][vc_column_inner width=&#8221;2\/3&#8243;][vc_toggle title=&#8221;Scandrive steel rollers&#8221; style=&#8221;text_only&#8221; size=&#8221;lg&#8221; custom_font_container=&#8221;tag:h2|font_size:20px|text_align:center|color:%23ffffff|line_height:24px&#8221; custom_use_theme_fonts=&#8221;yes&#8221; use_custom_heading=&#8221;true&#8221; css=&#8221;.vc_custom_1693298317600{margin-bottom: 15px !important;}&#8221;] Scandrive steel rollers use a technology that allows the roller to withstand a much greater load over a longer period of time. Ellegaard produces all types of rollers and ... Read more\" \/>\n<meta property=\"og:url\" content=\"https:\/\/www.ellegaard.com\/en\/products\/scandrive-rollers\/\" \/>\n<meta property=\"og:site_name\" content=\"Ellegaard Group\" \/>\n<meta property=\"article:modified_time\" content=\"2023-08-29T08:38:45+00:00\" \/>\n<meta property=\"og:image\" content=\"https:\/\/www.ellegaard.com\/wp-content\/uploads\/2023\/03\/ruller-line-up-staal-blue.png\" \/>\n\t<meta property=\"og:image:width\" content=\"366\" \/>\n\t<meta property=\"og:image:height\" content=\"293\" \/>\n\t<meta property=\"og:image:type\" content=\"image\/png\" \/>\n<meta name=\"twitter:card\" content=\"summary_large_image\" \/>\n<meta name=\"twitter:label1\" content=\"Est. reading time\" \/>\n\t<meta name=\"twitter:data1\" content=\"4 minutes\" \/>\n<script type=\"application\/ld+json\" class=\"yoast-schema-graph\">{\"@context\":\"https:\/\/schema.org\",\"@graph\":[{\"@type\":\"WebPage\",\"@id\":\"https:\/\/www.ellegaard.com\/en\/products\/scandrive-rollers\/\",\"url\":\"https:\/\/www.ellegaard.com\/en\/products\/scandrive-rollers\/\",\"name\":\"ScanDrive Rollers &#183; Ellegaard Group\",\"isPartOf\":{\"@id\":\"https:\/\/www.ellegaard.com\/en\/#website\"},\"primaryImageOfPage\":{\"@id\":\"https:\/\/www.ellegaard.com\/en\/products\/scandrive-rollers\/#primaryimage\"},\"image\":{\"@id\":\"https:\/\/www.ellegaard.com\/en\/products\/scandrive-rollers\/#primaryimage\"},\"thumbnailUrl\":\"https:\/\/www.ellegaard.com\/wp-content\/uploads\/2023\/03\/ruller-line-up-staal-blue.png\",\"datePublished\":\"2021-09-17T06:32:07+00:00\",\"dateModified\":\"2023-08-29T08:38:45+00:00\",\"breadcrumb\":{\"@id\":\"https:\/\/www.ellegaard.com\/en\/products\/scandrive-rollers\/#breadcrumb\"},\"inLanguage\":\"en-US\",\"potentialAction\":[{\"@type\":\"ReadAction\",\"target\":[\"https:\/\/www.ellegaard.com\/en\/products\/scandrive-rollers\/\"]}]},{\"@type\":\"ImageObject\",\"inLanguage\":\"en-US\",\"@id\":\"https:\/\/www.ellegaard.com\/en\/products\/scandrive-rollers\/#primaryimage\",\"url\":\"https:\/\/www.ellegaard.com\/wp-content\/uploads\/2023\/03\/ruller-line-up-staal-blue.png\",\"contentUrl\":\"https:\/\/www.ellegaard.com\/wp-content\/uploads\/2023\/03\/ruller-line-up-staal-blue.png\",\"width\":366,\"height\":293},{\"@type\":\"BreadcrumbList\",\"@id\":\"https:\/\/www.ellegaard.com\/en\/products\/scandrive-rollers\/#breadcrumb\",\"itemListElement\":[{\"@type\":\"ListItem\",\"position\":1,\"name\":\"Hjem\",\"item\":\"https:\/\/www.ellegaard.com\/en\/\"},{\"@type\":\"ListItem\",\"position\":2,\"name\":\"Products\",\"item\":\"https:\/\/www.ellegaard.com\/en\/products\/\"},{\"@type\":\"ListItem\",\"position\":3,\"name\":\"ScanDrive Rollers\"}]},{\"@type\":\"WebSite\",\"@id\":\"https:\/\/www.ellegaard.com\/en\/#website\",\"url\":\"https:\/\/www.ellegaard.com\/en\/\",\"name\":\"Ellegaard Group\",\"description\":\"Totalleverand\u00f8r til industrien: Alt i transportb\u00e5nd, transportsystemer, service og transport\u00f8rer\",\"publisher\":{\"@id\":\"https:\/\/www.ellegaard.com\/en\/#organization\"},\"potentialAction\":[{\"@type\":\"SearchAction\",\"target\":{\"@type\":\"EntryPoint\",\"urlTemplate\":\"https:\/\/www.ellegaard.com\/en\/?s={search_term_string}\"},\"query-input\":{\"@type\":\"PropertyValueSpecification\",\"valueRequired\":true,\"valueName\":\"search_term_string\"}}],\"inLanguage\":\"en-US\"},{\"@type\":\"Organization\",\"@id\":\"https:\/\/www.ellegaard.com\/en\/#organization\",\"name\":\"Ellegaard Group\",\"url\":\"https:\/\/www.ellegaard.com\/en\/\",\"logo\":{\"@type\":\"ImageObject\",\"inLanguage\":\"en-US\",\"@id\":\"https:\/\/www.ellegaard.com\/en\/#\/schema\/logo\/image\/\",\"url\":\"https:\/\/www.ellegaard.com\/wp-content\/uploads\/2021\/09\/logo.svg\",\"contentUrl\":\"https:\/\/www.ellegaard.com\/wp-content\/uploads\/2021\/09\/logo.svg\",\"width\":519,\"height\":46,\"caption\":\"Ellegaard Group\"},\"image\":{\"@id\":\"https:\/\/www.ellegaard.com\/en\/#\/schema\/logo\/image\/\"}}]}<\/script>\n<!-- \/ Yoast SEO plugin. -->","yoast_head_json":{"title":"ScanDrive Rollers &#183; Ellegaard Group","robots":{"index":"index","follow":"follow","max-snippet":"max-snippet:-1","max-image-preview":"max-image-preview:large","max-video-preview":"max-video-preview:-1"},"canonical":"https:\/\/www.ellegaard.com\/en\/products\/scandrive-rollers\/","og_locale":"en_US","og_type":"article","og_title":"ScanDrive Rollers &#183; Ellegaard Group","og_description":"[vc_row full_width=&#8221;stretch_row&#8221; css=&#8221;.vc_custom_1632401993261{border-bottom-width: 1px !important;border-bottom-color: rgba(0,0,0,0.05) !important;border-bottom-style: solid !important;}&#8221;][vc_column][vc_empty_space height=&#8221;60px&#8221;][vc_column_text] Scandrive rollers [\/vc_column_text][vc_empty_space height=&#8221;30px&#8221;][vc_row_inner][vc_column_inner width=&#8221;2\/3&#8243;][vc_toggle title=&#8221;Scandrive steel rollers&#8221; style=&#8221;text_only&#8221; size=&#8221;lg&#8221; custom_font_container=&#8221;tag:h2|font_size:20px|text_align:center|color:%23ffffff|line_height:24px&#8221; custom_use_theme_fonts=&#8221;yes&#8221; use_custom_heading=&#8221;true&#8221; css=&#8221;.vc_custom_1693298317600{margin-bottom: 15px !important;}&#8221;] Scandrive steel rollers use a technology that allows the roller to withstand a much greater load over a longer period of time. Ellegaard produces all types of rollers and ... Read more","og_url":"https:\/\/www.ellegaard.com\/en\/products\/scandrive-rollers\/","og_site_name":"Ellegaard Group","article_modified_time":"2023-08-29T08:38:45+00:00","og_image":[{"width":366,"height":293,"url":"https:\/\/www.ellegaard.com\/wp-content\/uploads\/2023\/03\/ruller-line-up-staal-blue.png","type":"image\/png"}],"twitter_card":"summary_large_image","twitter_misc":{"Est. reading time":"4 minutes"},"schema":{"@context":"https:\/\/schema.org","@graph":[{"@type":"WebPage","@id":"https:\/\/www.ellegaard.com\/en\/products\/scandrive-rollers\/","url":"https:\/\/www.ellegaard.com\/en\/products\/scandrive-rollers\/","name":"ScanDrive Rollers &#183; Ellegaard Group","isPartOf":{"@id":"https:\/\/www.ellegaard.com\/en\/#website"},"primaryImageOfPage":{"@id":"https:\/\/www.ellegaard.com\/en\/products\/scandrive-rollers\/#primaryimage"},"image":{"@id":"https:\/\/www.ellegaard.com\/en\/products\/scandrive-rollers\/#primaryimage"},"thumbnailUrl":"https:\/\/www.ellegaard.com\/wp-content\/uploads\/2023\/03\/ruller-line-up-staal-blue.png","datePublished":"2021-09-17T06:32:07+00:00","dateModified":"2023-08-29T08:38:45+00:00","breadcrumb":{"@id":"https:\/\/www.ellegaard.com\/en\/products\/scandrive-rollers\/#breadcrumb"},"inLanguage":"en-US","potentialAction":[{"@type":"ReadAction","target":["https:\/\/www.ellegaard.com\/en\/products\/scandrive-rollers\/"]}]},{"@type":"ImageObject","inLanguage":"en-US","@id":"https:\/\/www.ellegaard.com\/en\/products\/scandrive-rollers\/#primaryimage","url":"https:\/\/www.ellegaard.com\/wp-content\/uploads\/2023\/03\/ruller-line-up-staal-blue.png","contentUrl":"https:\/\/www.ellegaard.com\/wp-content\/uploads\/2023\/03\/ruller-line-up-staal-blue.png","width":366,"height":293},{"@type":"BreadcrumbList","@id":"https:\/\/www.ellegaard.com\/en\/products\/scandrive-rollers\/#breadcrumb","itemListElement":[{"@type":"ListItem","position":1,"name":"Hjem","item":"https:\/\/www.ellegaard.com\/en\/"},{"@type":"ListItem","position":2,"name":"Products","item":"https:\/\/www.ellegaard.com\/en\/products\/"},{"@type":"ListItem","position":3,"name":"ScanDrive Rollers"}]},{"@type":"WebSite","@id":"https:\/\/www.ellegaard.com\/en\/#website","url":"https:\/\/www.ellegaard.com\/en\/","name":"Ellegaard Group","description":"Totalleverand\u00f8r til industrien: Alt i transportb\u00e5nd, transportsystemer, service og transport\u00f8rer","publisher":{"@id":"https:\/\/www.ellegaard.com\/en\/#organization"},"potentialAction":[{"@type":"SearchAction","target":{"@type":"EntryPoint","urlTemplate":"https:\/\/www.ellegaard.com\/en\/?s={search_term_string}"},"query-input":{"@type":"PropertyValueSpecification","valueRequired":true,"valueName":"search_term_string"}}],"inLanguage":"en-US"},{"@type":"Organization","@id":"https:\/\/www.ellegaard.com\/en\/#organization","name":"Ellegaard Group","url":"https:\/\/www.ellegaard.com\/en\/","logo":{"@type":"ImageObject","inLanguage":"en-US","@id":"https:\/\/www.ellegaard.com\/en\/#\/schema\/logo\/image\/","url":"https:\/\/www.ellegaard.com\/wp-content\/uploads\/2021\/09\/logo.svg","contentUrl":"https:\/\/www.ellegaard.com\/wp-content\/uploads\/2021\/09\/logo.svg","width":519,"height":46,"caption":"Ellegaard Group"},"image":{"@id":"https:\/\/www.ellegaard.com\/en\/#\/schema\/logo\/image\/"}}]}},"_links":{"self":[{"href":"https:\/\/www.ellegaard.com\/en\/wp-json\/wp\/v2\/pages\/8011","targetHints":{"allow":["GET"]}}],"collection":[{"href":"https:\/\/www.ellegaard.com\/en\/wp-json\/wp\/v2\/pages"}],"about":[{"href":"https:\/\/www.ellegaard.com\/en\/wp-json\/wp\/v2\/types\/page"}],"author":[{"embeddable":true,"href":"https:\/\/www.ellegaard.com\/en\/wp-json\/wp\/v2\/users\/1"}],"replies":[{"embeddable":true,"href":"https:\/\/www.ellegaard.com\/en\/wp-json\/wp\/v2\/comments?post=8011"}],"version-history":[{"count":13,"href":"https:\/\/www.ellegaard.com\/en\/wp-json\/wp\/v2\/pages\/8011\/revisions"}],"predecessor-version":[{"id":84664,"href":"https:\/\/www.ellegaard.com\/en\/wp-json\/wp\/v2\/pages\/8011\/revisions\/84664"}],"up":[{"embeddable":true,"href":"https:\/\/www.ellegaard.com\/en\/wp-json\/wp\/v2\/pages\/7972"}],"wp:featuredmedia":[{"embeddable":true,"href":"https:\/\/www.ellegaard.com\/en\/wp-json\/wp\/v2\/media\/83900"}],"wp:attachment":[{"href":"https:\/\/www.ellegaard.com\/en\/wp-json\/wp\/v2\/media?parent=8011"}],"wp:term":[{"taxonomy":"category","embeddable":true,"href":"https:\/\/www.ellegaard.com\/en\/wp-json\/wp\/v2\/categories?post=8011"}],"curies":[{"name":"wp","href":"https:\/\/api.w.org\/{rel}","templated":true}]}}