{"id":7990,"date":"2021-09-17T08:32:07","date_gmt":"2021-09-17T06:32:07","guid":{"rendered":"http:\/\/ellegaard.com\/products\/drum-motor-and-coating\/"},"modified":"2023-08-29T10:35:53","modified_gmt":"2023-08-29T08:35:53","slug":"drum-motor-and-coating","status":"publish","type":"page","link":"https:\/\/www.ellegaard.com\/en\/products\/drum-motor-and-coating\/","title":{"rendered":"Drum Motor and coating"},"content":{"rendered":"<section class=\"wpb-content-wrapper\"><p>[vc_row full_width=&#8221;stretch_row&#8221; css=&#8221;.vc_custom_1632401993261{border-bottom-width: 1px !important;border-bottom-color: rgba(0,0,0,0.05) !important;border-bottom-style: solid !important;}&#8221;][vc_column][vc_empty_space height=&#8221;60px&#8221;][vc_column_text]<\/p>\n<h1>Drum Motor and coating<\/h1>\n<p><img decoding=\"async\" class=\"alignnone size-full wp-image-5420\" src=\"https:\/\/ellegaard.com\/wp-content\/uploads\/2022\/02\/Tromlemotor-belaegning-lineup.jpg\" alt=\"\" width=\"1200\" height=\"150\" srcset=\"https:\/\/www.ellegaard.com\/wp-content\/uploads\/2022\/02\/Tromlemotor-belaegning-lineup.jpg 1200w, https:\/\/www.ellegaard.com\/wp-content\/uploads\/2022\/02\/Tromlemotor-belaegning-lineup-768x96.jpg 768w\" sizes=\"(max-width: 1200px) 100vw, 1200px\" \/>[\/vc_column_text][vc_empty_space height=&#8221;30px&#8221;][vc_row_inner][vc_column_inner width=&#8221;2\/3&#8243;][vc_toggle title=&#8221;Scandrive Steel&#8221; style=&#8221;text_only&#8221; size=&#8221;lg&#8221; custom_font_container=&#8221;tag:h2|font_size:20px|text_align:center|color:%23ffffff|line_height:24px&#8221; custom_use_theme_fonts=&#8221;yes&#8221; use_custom_heading=&#8221;true&#8221; css=&#8221;.vc_custom_1693298137762{margin-bottom: 15px !important;}&#8221;]<\/p>\n<h4>&#8220;Scandrive is the sure way to reduce operating costs and invest in future technology that meets Europe&#8217;s requirements for better energy efficiency&#8221;<\/h4>\n<h4>DESIGN AND DEVELOPMENT<\/h4>\n<p>Ellegaard has developed a ground-breaking new PM motor and control with a view to savings and streamlining material flow. The technology behind the new PM engine, and the advanced electronic control, make full use of the engine&#8217;s capacity. The efficiency thus achieved is the best on the market and the energy consumption exceeds the new European standards for energy consumption. The exact position of the rotor is constantly measured and the current is adapted depending on the rotation speed and load. This is not possible on a standard motor where the current is the same regardless of the position of the rotor.<\/p>\n<h4>THE ONLY DRUM MOTOR THAT DOESN&#8217;T BURN OUT!<\/h4>\n<ul>\n<li><img decoding=\"async\" class=\"size-full wp-image-5385 alignright\" src=\"https:\/\/ellegaard.com\/wp-content\/uploads\/2022\/02\/scandrive_web.png\" alt=\"\" width=\"433\" height=\"275\" \/>Uptime<\/li>\n<li>Energy efficiency<\/li>\n<li>Full torque<\/li>\n<li>Very low heatloss<\/li>\n<li>Ie3 &amp; ie4 compatible<\/li>\n<li>Ip69k classification<\/li>\n<li>Programmable<\/li>\n<li>Fewer components<\/li>\n<li>Reduced storage requirements<\/li>\n<li>Return on investment<\/li>\n<\/ul>\n<p>We have for more than 40 years kept internal transport systems going smoothly all over Denmark During more than fifteen of these years, we have moreover produced, developed, and repaired drum motors locally for Danish businesses.<\/p>\n<p>With the intent of improving the service level, and ensure faster delivery times for customers, we began our own production in Viborg in 2005 \u2013 and already in 2009, the production capacity increased sharply in connection with<br \/>\nus setting up on new and larger premises. This means that we can offer extremely short delivery times on standard drum motors, as well as completely individual solutions. If it is urgent, we can deliver a new drum motor within a matter of hours.<\/p>\n<p>Technically and in regards to quality, ScanDrive\u00ae drum motors are completely on par with those leading on the world market, and with just a few minor adjustments, our drum motors can easily be implemented into existing structures.<\/p>\n<p><a href=\"http:\/\/ellegaard.com\/wp-content\/uploads\/2022\/02\/Scandrive-Tromlemotor-Staalgear-Katalog-2017.pdf\">Download catalogue here<\/a><\/p>\n<p><a href=\"http:\/\/ellegaard.com\/wp-content\/uploads\/2022\/02\/Scandrive-Tromlemotor-Staalgear-Katalog-2017.pdf\"><img decoding=\"async\" class=\"alignnone size-full wp-image-5398\" src=\"https:\/\/ellegaard.com\/wp-content\/uploads\/2022\/02\/Scandrive-web-cover.jpg\" alt=\"\" width=\"100\" height=\"142\" \/><\/a><\/p>\n<p><a href=\"https:\/\/ellegaard.com\/en\/downloads\/#tromlemotor-og-belaegning\">Click here for Scandrive Drum Motor Data sheet<\/a><\/p>\n<p><a href=\"https:\/\/ellegaard.com\/en\/products\/conveyor-components-to-the-food-industry\/\"><img decoding=\"async\" class=\"alignnone wp-image-5268\" src=\"https:\/\/ellegaard.com\/wp-content\/uploads\/2022\/02\/Heycon-logo-blue-370px.png\" alt=\"\" width=\"179\" height=\"46\" \/><\/a><\/p>\n<p>Hyecon is a group of highly efficient Ellegaard components developed for the food industry with a focus on hygiene and economy. The product portfolio consists of the following components:<\/p>\n<ul>\n<li>ScanDrive Drum Motor IP69K certified<\/li>\n<li>Scandrive Rollers<\/li>\n<li>Undine Belt cleaning technology<\/li>\n<li>Quick-Release Belt Tensioner<\/li>\n<li>Dropbelt<\/li>\n<\/ul>\n<p><a href=\"https:\/\/ellegaard.com\/en\/products\/conveyor-components-to-the-food-industry\/\"><strong>Click here to read more about Hyecon<\/strong><\/a>[\/vc_toggle][vc_toggle title=&#8221;Scandrive Polymer&#8221; style=&#8221;text_only&#8221; size=&#8221;lg&#8221; custom_font_container=&#8221;tag:h2|font_size:20px|text_align:center|color:%23ffffff|line_height:24px&#8221; custom_use_theme_fonts=&#8221;yes&#8221; use_custom_heading=&#8221;true&#8221; css=&#8221;.vc_custom_1693298143926{margin-bottom: 15px !important;}&#8221;]<\/p>\n<h4>SCANDRIVE TROMLEMOTOR WITH POLYMER GEAR<\/h4>\n<p><img decoding=\"async\" class=\" wp-image-5386 alignleft\" src=\"https:\/\/ellegaard.com\/wp-content\/uploads\/2022\/02\/scandrive-polymer-motor-web.png\" alt=\"\" width=\"352\" height=\"401\" \/>Ellegaard stock all types of drum motor.<br \/>\nPlease contact our Sales Department for offers or further information.<\/p>\n<p>\u2022 Sealed hygienic design<\/p>\n<p>\u2022 Built-in fixed axle studs<\/p>\n<p>\u2022 Meet all the demands for the IP 69K standard<\/p>\n<p>&nbsp;<\/p>\n<p>Download brochure here<\/p>\n<p><img decoding=\"async\" class=\"alignnone size-full wp-image-5387\" src=\"https:\/\/ellegaard.com\/wp-content\/uploads\/2022\/02\/scandrive-tromlemotor-polymer.jpg\" alt=\"\" width=\"100\" height=\"142\" \/>[\/vc_toggle][vc_toggle title=&#8221;Coatings&#8221; style=&#8221;text_only&#8221; size=&#8221;lg&#8221; custom_font_container=&#8221;tag:h2|font_size:20px|text_align:center|color:%23ffffff|line_height:24px&#8221; custom_use_theme_fonts=&#8221;yes&#8221; use_custom_heading=&#8221;true&#8221; css=&#8221;.vc_custom_1693298150273{margin-bottom: 15px !important;}&#8221;]<\/p>\n<h4>COATINGS OF DRUM MOTORS, DRIVE ROLLERS, ROLLERS, ROLLERS, ETC.<\/h4>\n<div id=\"u158560-4\" class=\"clearfix grpelem\" data-muse-uid=\"U158560\" data-muse-type=\"txt_frame\" data-ibe-flags=\"txtStyleSrc\">\n<p>If you require a hard-wearing and durable transport solution, ELLEGAARD can help you lay rubber or polyurethane (PU) on drum motors, drive rollers, rollers or rollers. We can of course do this on our own drum motors etc., but we can also help you with coatings on you own drum motors and rollers.<\/p>\n<\/div>\n<p><img decoding=\"async\" class=\"alignnone size-full wp-image-5390\" src=\"https:\/\/ellegaard.com\/wp-content\/uploads\/2022\/02\/rubber-coated-roller-straight2.png\" alt=\"\" width=\"345\" height=\"78\" \/><\/p>\n<p>Rubber coating, smooth or waffle profile as shown here<\/p>\n<p><img decoding=\"async\" class=\"alignnone size-full wp-image-5391\" src=\"https:\/\/ellegaard.com\/wp-content\/uploads\/2022\/02\/volta-belaegning.png\" alt=\"\" width=\"369\" height=\"77\" \/><\/p>\n<p>VOLTA belt coating<\/p>\n<p>&nbsp;<\/p>\n<div id=\"u158911-16\" class=\"clearfix grpelem\" data-muse-uid=\"U158911\" data-muse-type=\"txt_frame\" data-ibe-flags=\"txtStyleSrc\">\n<h4 id=\"u158911-2\">WHY DOES IT REQUIRE A COATING?<\/h4>\n<p>Rubber or polyurethane are the most commonly used materials for coatings, and there can be many reasons for applying this to drum motors, rollers, etc. The right coating material with a smooth or waffle surface creates the optimal friction, thus ensuring a good grip on the conveyor belt. The coating can also reduce wear and tear on the conveyor belt and protect the rollers and drum motor against unwanted effects from e.g. oil or chemicals.<\/p>\n<h4 id=\"u158911-7\">NY COATING<\/h4>\n<p>At ELLEGAARD, we produce our own ScanDrive drum motors, transport rollers and rollers. And we also apply most coatings ourselves. When you order these products from us, you will therefore receive the right advice on which type of coating is suitable for your project. Regardless of whether it is food, oily products, heavy duty materials from heavy industry or something else entirely, we will find the right solution for you.<\/p>\n<h4 id=\"u158911-12\">REFURBISHED COATING<\/h4>\n<p>Bring your old roller, your old drum motor or anything else where the coating is worn or damaged. ELLEGAARD removes or lathe off the worn rubber or polyurethane (PU) and cleans\/sandblasts the roller itself for optimal adhesion. Next, we apply and vulcanize with the agreed coating and your roller or drum motor is ready for operation again.<\/p>\n<\/div>\n<h4 id=\"u158908-2\">WHICH COATING SHOULD YOU CHOOSE?<\/h4>\n<p id=\"u158908-4\">Rubber or polyurethane (PU) has different properties when used as a coating on drum motors, rollers etc. In many cases, a rubber coating on the drum motor or roller will be sufficient to ensure a good grip in the conveyor belt. The rubber coating also has the advantage that it is a simple and cost-effective solution.<\/p>\n<p><img decoding=\"async\" class=\"size-full wp-image-5389 alignright\" src=\"https:\/\/ellegaard.com\/wp-content\/uploads\/2022\/02\/valse1-5.png\" alt=\"\" width=\"344\" height=\"211\" \/><\/p>\n<div id=\"u158942-15\" class=\"clearfix grpelem\" data-muse-uid=\"U158942\" data-muse-type=\"txt_frame\" data-ibe-flags=\"txtStyleSrc\">\n<ul>\n<li>White rubber with groove for guide profile<\/li>\n<li>Black smooth rubber for better friction<\/li>\n<li>White smooth rubber for better friction<\/li>\n<li>Blue PU coating with ridges for Volta Super Drive<\/li>\n<li>Sprayed black PU for better friction<\/li>\n<li>White Food FDA approved rubber<\/li>\n<\/ul>\n<\/div>\n<div id=\"u359921\" class=\"clearfix grpelem\">\n<div id=\"u359922\" class=\"clip_frame grpelem\" data-muse-uid=\"U359922\" data-muse-type=\"img_frame\" data-mu-ie-matrix=\"progid:DXImageTransform.Microsoft.Matrix(M11=-0.8572,M12=0.515,M21=-0.515,M22=-0.8572,SizingMethod='auto expand')\" data-mu-ie-matrix-dx=\"-23\" data-mu-ie-matrix-dy=\"-42\"><img decoding=\"async\" class=\"size-full wp-image-5388 alignright\" src=\"https:\/\/ellegaard.com\/wp-content\/uploads\/2022\/02\/conveyor-drive-roller2-white.png\" alt=\"\" width=\"204\" height=\"147\" \/>Polyurethan (PU) is, like rubber, very wear resistant and can withstand high loads. In addition, polyurethane (PU) is resistant to certain grease, oil and chemical types and the material can be used on countless surfaces. Polyurethane (PU) is also a very flexible material and can also be sprayed directly onto the surface of the workpiece without leaving visible joints.<\/div>\n<\/div>\n<div data-muse-uid=\"U359922\" data-muse-type=\"img_frame\" data-mu-ie-matrix=\"progid:DXImageTransform.Microsoft.Matrix(M11=-0.8572,M12=0.515,M21=-0.515,M22=-0.8572,SizingMethod='auto expand')\" data-mu-ie-matrix-dx=\"-23\" data-mu-ie-matrix-dy=\"-42\"><\/div>\n<div data-muse-uid=\"U359922\" data-muse-type=\"img_frame\" data-mu-ie-matrix=\"progid:DXImageTransform.Microsoft.Matrix(M11=-0.8572,M12=0.515,M21=-0.515,M22=-0.8572,SizingMethod='auto expand')\" data-mu-ie-matrix-dx=\"-23\" data-mu-ie-matrix-dy=\"-42\"><\/div>\n<div data-muse-uid=\"U359922\" data-muse-type=\"img_frame\" data-mu-ie-matrix=\"progid:DXImageTransform.Microsoft.Matrix(M11=-0.8572,M12=0.515,M21=-0.515,M22=-0.8572,SizingMethod='auto expand')\" data-mu-ie-matrix-dx=\"-23\" data-mu-ie-matrix-dy=\"-42\">\n<div style=\"width: 1200px;\" class=\"wp-video\"><video class=\"wp-video-shortcode\" id=\"video-7990-1\" width=\"1200\" height=\"675\" preload=\"metadata\" controls=\"controls\"><source type=\"video\/mp4\" src=\"https:\/\/ellegaard.com\/wp-content\/uploads\/2022\/02\/Belaegning-ruller-2018.mp4?_=1\" \/><a href=\"https:\/\/ellegaard.com\/wp-content\/uploads\/2022\/02\/Belaegning-ruller-2018.mp4\">https:\/\/ellegaard.com\/wp-content\/uploads\/2022\/02\/Belaegning-ruller-2018.mp4<\/a><\/video><\/div>\n<\/div>\n<p>[\/vc_toggle]<div class=\"ult-spacer spacer-69e01e8aa0280\" data-id=\"69e01e8aa0280\" data-height=\"0\" data-height-mobile=\"30\" data-height-tab=\"0\" data-height-tab-portrait=\"0\" data-height-mobile-landscape=\"30\" style=\"clear:both;display:block;\"><\/div>[\/vc_column_inner][vc_column_inner width=&#8221;1\/3&#8243;]<div class=\"ult_row_spacer\"><div class=\"ult-sticky-anchor\"><div class=\"ult-sticky-section ult-sticky \"  data-gutter= '60' data-stick_behaviour= 'stick_with_scroll_row'  data-sticky_position= 'top' data-mobile='no' data-support='no'>[vc_wp_custommenu nav_menu=&#8221;10&#8243;]<\/div><div class=\"ult-space\"><\/div><\/div><\/div>[\/vc_column_inner][\/vc_row_inner][vc_empty_space height=&#8221;60px&#8221;][\/vc_column][\/vc_row]<\/p>\n<\/section>","protected":false},"excerpt":{"rendered":"<p>[vc_row full_width=&#8221;stretch_row&#8221; css=&#8221;.vc_custom_1632401993261{border-bottom-width: 1px !important;border-bottom-color: rgba(0,0,0,0.05) !important;border-bottom-style: solid !important;}&#8221;][vc_column][vc_empty_space height=&#8221;60px&#8221;][vc_column_text] Drum Motor and coating [\/vc_column_text][vc_empty_space height=&#8221;30px&#8221;][vc_row_inner][vc_column_inner width=&#8221;2\/3&#8243;][vc_toggle title=&#8221;Scandrive Steel&#8221; style=&#8221;text_only&#8221; size=&#8221;lg&#8221; custom_font_container=&#8221;tag:h2|font_size:20px|text_align:center|color:%23ffffff|line_height:24px&#8221; custom_use_theme_fonts=&#8221;yes&#8221; use_custom_heading=&#8221;true&#8221; css=&#8221;.vc_custom_1693298137762{margin-bottom: 15px !important;}&#8221;] &#8220;Scandrive is the sure way to reduce operating costs and invest in future technology that meets Europe&#8217;s requirements for better energy efficiency&#8221; DESIGN AND DEVELOPMENT Ellegaard has developed &#8230; <a title=\"Drum Motor and coating\" class=\"read-more\" href=\"https:\/\/www.ellegaard.com\/en\/products\/drum-motor-and-coating\/\" aria-label=\"Read more about Drum Motor and coating\">Read more<\/a><\/p>\n","protected":false},"author":1,"featured_media":86133,"parent":7972,"menu_order":19,"comment_status":"closed","ping_status":"closed","template":"","meta":{"_acf_changed":false,"footnotes":""},"categories":[82],"class_list":{"0":"post-7990","1":"page","2":"type-page","3":"status-publish","4":"has-post-thumbnail","6":"category-products"},"acf":[],"yoast_head":"<!-- This site is optimized with the Yoast SEO plugin v27.1.1 - https:\/\/yoast.com\/product\/yoast-seo-wordpress\/ -->\n<title>Drum Motor and coating &#183; Ellegaard Group<\/title>\n<meta name=\"robots\" content=\"index, follow, max-snippet:-1, max-image-preview:large, max-video-preview:-1\" \/>\n<link rel=\"canonical\" href=\"https:\/\/www.ellegaard.com\/en\/products\/drum-motor-and-coating\/\" \/>\n<meta property=\"og:locale\" content=\"en_US\" \/>\n<meta property=\"og:type\" content=\"article\" \/>\n<meta property=\"og:title\" content=\"Drum Motor and coating &#183; Ellegaard Group\" \/>\n<meta property=\"og:description\" content=\"[vc_row full_width=&#8221;stretch_row&#8221; css=&#8221;.vc_custom_1632401993261{border-bottom-width: 1px !important;border-bottom-color: rgba(0,0,0,0.05) !important;border-bottom-style: solid !important;}&#8221;][vc_column][vc_empty_space height=&#8221;60px&#8221;][vc_column_text] Drum Motor and coating [\/vc_column_text][vc_empty_space height=&#8221;30px&#8221;][vc_row_inner][vc_column_inner width=&#8221;2\/3&#8243;][vc_toggle title=&#8221;Scandrive Steel&#8221; style=&#8221;text_only&#8221; size=&#8221;lg&#8221; custom_font_container=&#8221;tag:h2|font_size:20px|text_align:center|color:%23ffffff|line_height:24px&#8221; custom_use_theme_fonts=&#8221;yes&#8221; use_custom_heading=&#8221;true&#8221; css=&#8221;.vc_custom_1693298137762{margin-bottom: 15px !important;}&#8221;] &#8220;Scandrive is the sure way to reduce operating costs and invest in future technology that meets Europe&#8217;s requirements for better energy efficiency&#8221; DESIGN AND DEVELOPMENT Ellegaard has developed ... Read more\" \/>\n<meta property=\"og:url\" content=\"https:\/\/www.ellegaard.com\/en\/products\/drum-motor-and-coating\/\" \/>\n<meta property=\"og:site_name\" content=\"Ellegaard Group\" \/>\n<meta property=\"article:modified_time\" content=\"2023-08-29T08:35:53+00:00\" \/>\n<meta property=\"og:image\" content=\"https:\/\/www.ellegaard.com\/wp-content\/uploads\/2024\/02\/tromlemotor1-600x330-fade.jpg\" \/>\n\t<meta property=\"og:image:width\" content=\"600\" \/>\n\t<meta property=\"og:image:height\" content=\"330\" \/>\n\t<meta property=\"og:image:type\" content=\"image\/jpeg\" \/>\n<meta name=\"twitter:card\" content=\"summary_large_image\" \/>\n<meta name=\"twitter:label1\" content=\"Est. reading time\" \/>\n\t<meta name=\"twitter:data1\" content=\"7 minutes\" \/>\n<script type=\"application\/ld+json\" class=\"yoast-schema-graph\">{\"@context\":\"https:\/\/schema.org\",\"@graph\":[{\"@type\":\"WebPage\",\"@id\":\"https:\/\/www.ellegaard.com\/en\/products\/drum-motor-and-coating\/\",\"url\":\"https:\/\/www.ellegaard.com\/en\/products\/drum-motor-and-coating\/\",\"name\":\"Drum Motor and coating &#183; Ellegaard Group\",\"isPartOf\":{\"@id\":\"https:\/\/www.ellegaard.com\/en\/#website\"},\"primaryImageOfPage\":{\"@id\":\"https:\/\/www.ellegaard.com\/en\/products\/drum-motor-and-coating\/#primaryimage\"},\"image\":{\"@id\":\"https:\/\/www.ellegaard.com\/en\/products\/drum-motor-and-coating\/#primaryimage\"},\"thumbnailUrl\":\"https:\/\/www.ellegaard.com\/wp-content\/uploads\/2024\/02\/tromlemotor1-600x330-fade.jpg\",\"datePublished\":\"2021-09-17T06:32:07+00:00\",\"dateModified\":\"2023-08-29T08:35:53+00:00\",\"breadcrumb\":{\"@id\":\"https:\/\/www.ellegaard.com\/en\/products\/drum-motor-and-coating\/#breadcrumb\"},\"inLanguage\":\"en-US\",\"potentialAction\":[{\"@type\":\"ReadAction\",\"target\":[\"https:\/\/www.ellegaard.com\/en\/products\/drum-motor-and-coating\/\"]}]},{\"@type\":\"ImageObject\",\"inLanguage\":\"en-US\",\"@id\":\"https:\/\/www.ellegaard.com\/en\/products\/drum-motor-and-coating\/#primaryimage\",\"url\":\"https:\/\/www.ellegaard.com\/wp-content\/uploads\/2024\/02\/tromlemotor1-600x330-fade.jpg\",\"contentUrl\":\"https:\/\/www.ellegaard.com\/wp-content\/uploads\/2024\/02\/tromlemotor1-600x330-fade.jpg\",\"width\":600,\"height\":330},{\"@type\":\"BreadcrumbList\",\"@id\":\"https:\/\/www.ellegaard.com\/en\/products\/drum-motor-and-coating\/#breadcrumb\",\"itemListElement\":[{\"@type\":\"ListItem\",\"position\":1,\"name\":\"Hjem\",\"item\":\"https:\/\/www.ellegaard.com\/en\/\"},{\"@type\":\"ListItem\",\"position\":2,\"name\":\"Products\",\"item\":\"https:\/\/www.ellegaard.com\/en\/products\/\"},{\"@type\":\"ListItem\",\"position\":3,\"name\":\"Drum Motor and coating\"}]},{\"@type\":\"WebSite\",\"@id\":\"https:\/\/www.ellegaard.com\/en\/#website\",\"url\":\"https:\/\/www.ellegaard.com\/en\/\",\"name\":\"Ellegaard Group\",\"description\":\"Totalleverand\u00f8r til industrien: Alt i transportb\u00e5nd, transportsystemer, service og transport\u00f8rer\",\"publisher\":{\"@id\":\"https:\/\/www.ellegaard.com\/en\/#organization\"},\"potentialAction\":[{\"@type\":\"SearchAction\",\"target\":{\"@type\":\"EntryPoint\",\"urlTemplate\":\"https:\/\/www.ellegaard.com\/en\/?s={search_term_string}\"},\"query-input\":{\"@type\":\"PropertyValueSpecification\",\"valueRequired\":true,\"valueName\":\"search_term_string\"}}],\"inLanguage\":\"en-US\"},{\"@type\":\"Organization\",\"@id\":\"https:\/\/www.ellegaard.com\/en\/#organization\",\"name\":\"Ellegaard Group\",\"url\":\"https:\/\/www.ellegaard.com\/en\/\",\"logo\":{\"@type\":\"ImageObject\",\"inLanguage\":\"en-US\",\"@id\":\"https:\/\/www.ellegaard.com\/en\/#\/schema\/logo\/image\/\",\"url\":\"https:\/\/www.ellegaard.com\/wp-content\/uploads\/2021\/09\/logo.svg\",\"contentUrl\":\"https:\/\/www.ellegaard.com\/wp-content\/uploads\/2021\/09\/logo.svg\",\"width\":519,\"height\":46,\"caption\":\"Ellegaard Group\"},\"image\":{\"@id\":\"https:\/\/www.ellegaard.com\/en\/#\/schema\/logo\/image\/\"}}]}<\/script>\n<!-- \/ Yoast SEO plugin. -->","yoast_head_json":{"title":"Drum Motor and coating &#183; Ellegaard Group","robots":{"index":"index","follow":"follow","max-snippet":"max-snippet:-1","max-image-preview":"max-image-preview:large","max-video-preview":"max-video-preview:-1"},"canonical":"https:\/\/www.ellegaard.com\/en\/products\/drum-motor-and-coating\/","og_locale":"en_US","og_type":"article","og_title":"Drum Motor and coating &#183; Ellegaard Group","og_description":"[vc_row full_width=&#8221;stretch_row&#8221; css=&#8221;.vc_custom_1632401993261{border-bottom-width: 1px !important;border-bottom-color: rgba(0,0,0,0.05) !important;border-bottom-style: solid !important;}&#8221;][vc_column][vc_empty_space height=&#8221;60px&#8221;][vc_column_text] Drum Motor and coating [\/vc_column_text][vc_empty_space height=&#8221;30px&#8221;][vc_row_inner][vc_column_inner width=&#8221;2\/3&#8243;][vc_toggle title=&#8221;Scandrive Steel&#8221; style=&#8221;text_only&#8221; size=&#8221;lg&#8221; custom_font_container=&#8221;tag:h2|font_size:20px|text_align:center|color:%23ffffff|line_height:24px&#8221; custom_use_theme_fonts=&#8221;yes&#8221; use_custom_heading=&#8221;true&#8221; css=&#8221;.vc_custom_1693298137762{margin-bottom: 15px !important;}&#8221;] &#8220;Scandrive is the sure way to reduce operating costs and invest in future technology that meets Europe&#8217;s requirements for better energy efficiency&#8221; DESIGN AND DEVELOPMENT Ellegaard has developed ... Read more","og_url":"https:\/\/www.ellegaard.com\/en\/products\/drum-motor-and-coating\/","og_site_name":"Ellegaard Group","article_modified_time":"2023-08-29T08:35:53+00:00","og_image":[{"width":600,"height":330,"url":"https:\/\/www.ellegaard.com\/wp-content\/uploads\/2024\/02\/tromlemotor1-600x330-fade.jpg","type":"image\/jpeg"}],"twitter_card":"summary_large_image","twitter_misc":{"Est. reading time":"7 minutes"},"schema":{"@context":"https:\/\/schema.org","@graph":[{"@type":"WebPage","@id":"https:\/\/www.ellegaard.com\/en\/products\/drum-motor-and-coating\/","url":"https:\/\/www.ellegaard.com\/en\/products\/drum-motor-and-coating\/","name":"Drum Motor and coating &#183; Ellegaard Group","isPartOf":{"@id":"https:\/\/www.ellegaard.com\/en\/#website"},"primaryImageOfPage":{"@id":"https:\/\/www.ellegaard.com\/en\/products\/drum-motor-and-coating\/#primaryimage"},"image":{"@id":"https:\/\/www.ellegaard.com\/en\/products\/drum-motor-and-coating\/#primaryimage"},"thumbnailUrl":"https:\/\/www.ellegaard.com\/wp-content\/uploads\/2024\/02\/tromlemotor1-600x330-fade.jpg","datePublished":"2021-09-17T06:32:07+00:00","dateModified":"2023-08-29T08:35:53+00:00","breadcrumb":{"@id":"https:\/\/www.ellegaard.com\/en\/products\/drum-motor-and-coating\/#breadcrumb"},"inLanguage":"en-US","potentialAction":[{"@type":"ReadAction","target":["https:\/\/www.ellegaard.com\/en\/products\/drum-motor-and-coating\/"]}]},{"@type":"ImageObject","inLanguage":"en-US","@id":"https:\/\/www.ellegaard.com\/en\/products\/drum-motor-and-coating\/#primaryimage","url":"https:\/\/www.ellegaard.com\/wp-content\/uploads\/2024\/02\/tromlemotor1-600x330-fade.jpg","contentUrl":"https:\/\/www.ellegaard.com\/wp-content\/uploads\/2024\/02\/tromlemotor1-600x330-fade.jpg","width":600,"height":330},{"@type":"BreadcrumbList","@id":"https:\/\/www.ellegaard.com\/en\/products\/drum-motor-and-coating\/#breadcrumb","itemListElement":[{"@type":"ListItem","position":1,"name":"Hjem","item":"https:\/\/www.ellegaard.com\/en\/"},{"@type":"ListItem","position":2,"name":"Products","item":"https:\/\/www.ellegaard.com\/en\/products\/"},{"@type":"ListItem","position":3,"name":"Drum Motor and coating"}]},{"@type":"WebSite","@id":"https:\/\/www.ellegaard.com\/en\/#website","url":"https:\/\/www.ellegaard.com\/en\/","name":"Ellegaard Group","description":"Totalleverand\u00f8r til industrien: Alt i transportb\u00e5nd, transportsystemer, service og transport\u00f8rer","publisher":{"@id":"https:\/\/www.ellegaard.com\/en\/#organization"},"potentialAction":[{"@type":"SearchAction","target":{"@type":"EntryPoint","urlTemplate":"https:\/\/www.ellegaard.com\/en\/?s={search_term_string}"},"query-input":{"@type":"PropertyValueSpecification","valueRequired":true,"valueName":"search_term_string"}}],"inLanguage":"en-US"},{"@type":"Organization","@id":"https:\/\/www.ellegaard.com\/en\/#organization","name":"Ellegaard Group","url":"https:\/\/www.ellegaard.com\/en\/","logo":{"@type":"ImageObject","inLanguage":"en-US","@id":"https:\/\/www.ellegaard.com\/en\/#\/schema\/logo\/image\/","url":"https:\/\/www.ellegaard.com\/wp-content\/uploads\/2021\/09\/logo.svg","contentUrl":"https:\/\/www.ellegaard.com\/wp-content\/uploads\/2021\/09\/logo.svg","width":519,"height":46,"caption":"Ellegaard Group"},"image":{"@id":"https:\/\/www.ellegaard.com\/en\/#\/schema\/logo\/image\/"}}]}},"_links":{"self":[{"href":"https:\/\/www.ellegaard.com\/en\/wp-json\/wp\/v2\/pages\/7990","targetHints":{"allow":["GET"]}}],"collection":[{"href":"https:\/\/www.ellegaard.com\/en\/wp-json\/wp\/v2\/pages"}],"about":[{"href":"https:\/\/www.ellegaard.com\/en\/wp-json\/wp\/v2\/types\/page"}],"author":[{"embeddable":true,"href":"https:\/\/www.ellegaard.com\/en\/wp-json\/wp\/v2\/users\/1"}],"replies":[{"embeddable":true,"href":"https:\/\/www.ellegaard.com\/en\/wp-json\/wp\/v2\/comments?post=7990"}],"version-history":[{"count":6,"href":"https:\/\/www.ellegaard.com\/en\/wp-json\/wp\/v2\/pages\/7990\/revisions"}],"predecessor-version":[{"id":84658,"href":"https:\/\/www.ellegaard.com\/en\/wp-json\/wp\/v2\/pages\/7990\/revisions\/84658"}],"up":[{"embeddable":true,"href":"https:\/\/www.ellegaard.com\/en\/wp-json\/wp\/v2\/pages\/7972"}],"wp:featuredmedia":[{"embeddable":true,"href":"https:\/\/www.ellegaard.com\/en\/wp-json\/wp\/v2\/media\/86133"}],"wp:attachment":[{"href":"https:\/\/www.ellegaard.com\/en\/wp-json\/wp\/v2\/media?parent=7990"}],"wp:term":[{"taxonomy":"category","embeddable":true,"href":"https:\/\/www.ellegaard.com\/en\/wp-json\/wp\/v2\/categories?post=7990"}],"curies":[{"name":"wp","href":"https:\/\/api.w.org\/{rel}","templated":true}]}}