{"id":7978,"date":"2021-09-17T08:32:06","date_gmt":"2021-09-17T06:32:06","guid":{"rendered":"http:\/\/ellegaard.com\/products\/conveyor-belts\/"},"modified":"2023-09-21T13:40:42","modified_gmt":"2023-09-21T11:40:42","slug":"conveyor-belts","status":"publish","type":"page","link":"https:\/\/www.ellegaard.com\/en\/products\/conveyor-belts\/","title":{"rendered":"Conveyor belts"},"content":{"rendered":"<section class=\"wpb-content-wrapper\"><p>[vc_row full_width=&#8221;stretch_row&#8221; css=&#8221;.vc_custom_1632401993261{border-bottom-width: 1px !important;border-bottom-color: rgba(0,0,0,0.05) !important;border-bottom-style: solid !important;}&#8221;][vc_column][vc_empty_space height=&#8221;60px&#8221;][vc_column_text]<\/p>\n<h1>Conveyor belts<\/h1>\n<p><img decoding=\"async\" class=\"alignnone size-full wp-image-5330\" src=\"https:\/\/ellegaard.com\/wp-content\/uploads\/2022\/02\/transportbaand-linup1200.jpg\" alt=\"\" width=\"1200\" height=\"150\" srcset=\"https:\/\/www.ellegaard.com\/wp-content\/uploads\/2022\/02\/transportbaand-linup1200.jpg 1200w, https:\/\/www.ellegaard.com\/wp-content\/uploads\/2022\/02\/transportbaand-linup1200-768x96.jpg 768w\" sizes=\"(max-width: 1200px) 100vw, 1200px\" \/>[\/vc_column_text][vc_empty_space height=&#8221;30px&#8221;][vc_row_inner][vc_column_inner width=&#8221;2\/3&#8243;][vc_toggle title=&#8221;Polymax<sup>\u00ae<\/sup>PU and PVC conveyorbelts&#8221; style=&#8221;text_only&#8221; size=&#8221;lg&#8221; custom_font_container=&#8221;tag:h2|font_size:20px|text_align:center|color:%23ffffff|line_height:24px&#8221; custom_use_theme_fonts=&#8221;yes&#8221; use_custom_heading=&#8221;true&#8221; css=&#8221;.vc_custom_1694159281601{margin-bottom: 15px !important;}&#8221;]<\/p>\n<h4>Polymax<sup>\u00ae<\/sup> conveyor belts<\/h4>\n<p><img decoding=\"async\" class=\"size-full wp-image-5313 alignleft\" src=\"https:\/\/ellegaard.com\/wp-content\/uploads\/2022\/02\/Polymax-4-kinds.jpg\" alt=\"\" width=\"250\" height=\"400\" \/>We offer a complete range of tailor-made conveyor belts of the Polymax\u00ae quality brand.<\/p>\n<p>We have more than 50 belt types in stock as well as many different profiles and cleats. Which means shorter delivery times for our customers.<\/p>\n<p>Below you can find datas sheets on the common belt types. Other types of belts can be supplied on request. Polymax\u00ae conveyor belts are carefully manufactured according to our technical specifications in an ISO certified process and meet all the specifications set for e.g. tensile strength, flexibility, lateral stability, noise level and any relevant approvals for use in the food industry.<\/p>\n<p>We continuously develop products that correspond to the demands of the market.<\/p>\n<p><a href=\"http:\/\/ellegaard.com\/wp-content\/uploads\/2022\/02\/Polymax-katalog-DK-web.pdf\" target=\"_blank\" rel=\"noopener\"><strong>Download our catalogue here<\/strong><\/a>with details about cleats and profiles.<br \/>\nContact us on +45 8020 8020 to help choose the product that best suits your requirements.<\/p>\n<p><a href=\"https:\/\/ellegaard.com\/en\/downloads\/\"><strong>Click here for Data sheets<\/strong><\/a>[\/vc_toggle][vc_toggle title=&#8221;Volta<sup>\u00ae<\/sup> conveyor belts&#8221; style=&#8221;text_only&#8221; size=&#8221;lg&#8221; custom_font_container=&#8221;tag:h2|font_size:20px|text_align:center|color:%23ffffff|line_height:24px&#8221; custom_use_theme_fonts=&#8221;yes&#8221; use_custom_heading=&#8221;true&#8221; css=&#8221;.vc_custom_1694159399142{margin-bottom: 15px !important;}&#8221;]<\/p>\n<h4>Volta<sup>\u00ae<\/sup> conveyor belts<\/h4>\n<p><img decoding=\"async\" class=\"size-full wp-image-5317 alignleft\" src=\"https:\/\/ellegaard.com\/wp-content\/uploads\/2022\/02\/Volta-6-crop.jpg\" alt=\"\" width=\"244\" height=\"351\" \/><\/p>\n<p>We distribute quality belts from Volta Belting, a world leader in the development and manufacture of homogeneous belts in thermoplastic elastomers (TPE).<\/p>\n<p>Contact us so we can help you choose the product that best suits your requirements.<\/p>\n<p>Download our catalogue here<br \/>\nContact us on +45 8020 8020 so we can help you choose the product that best suits your requirements.<\/p>\n<p>Food-grade conveyor belts<br \/>\nWe stock a large selection of food-grade conveyor belts and systems.<\/p>\n<p>See our selection of food-grade Volta and Polymax belts <a href=\"https:\/\/ellegaard.com\/en\/downloads\/?kategori=transportbaand-en\"><strong>here<\/strong><\/a><\/p>\n<p><a href=\"http:\/\/ellegaard.com\/wp-content\/uploads\/2022\/02\/Ellegaard-Volta-applications-2022.pdf\" target=\"_blank\" rel=\"noopener\"><strong>Download our catalogue here<\/strong><\/a><br \/>\nContact us on +45 8020 8020 so we can help you choose the product that best suits your requirements.<\/p>\n<p><a href=\"https:\/\/ellegaard.com\/en\/downloads\/\"><strong>Click here for Data sheets<\/strong><\/a>[\/vc_toggle][vc_toggle title=&#8221;Food-approved conveyor belts&#8221; style=&#8221;text_only&#8221; size=&#8221;lg&#8221; custom_font_container=&#8221;tag:h2|font_size:20px|text_align:center|color:%23ffffff|line_height:24px&#8221; custom_use_theme_fonts=&#8221;yes&#8221; use_custom_heading=&#8221;true&#8221; css=&#8221;.vc_custom_1693297101014{margin-bottom: 15px !important;}&#8221;]<\/p>\n<h4>Food-approved conveyor belts<\/h4>\n<p><img decoding=\"async\" class=\" wp-image-7704 alignleft\" src=\"https:\/\/ellegaard.com\/wp-content\/uploads\/2022\/02\/Transportbaand.jpg\" alt=\"\" width=\"350\" height=\"197\" \/>We stock a large selection of food-approved conveyor belts and systems.<\/p>\n<p><a href=\"https:\/\/ellegaard.com\/en\/downloads\/?kategori=food-approved\">See our selection of food-approved Volta and Polymax belts here<\/a><\/p>\n<p>Contact us on Tel. +45 8020 8020 to choose the product that best suits your needs.[\/vc_toggle][vc_toggle title=&#8221;Maxply<sup>\u00ae<\/sup>Rubber conveyor belts&#8221; style=&#8221;text_only&#8221; size=&#8221;lg&#8221; custom_font_container=&#8221;tag:h2|font_size:20px|text_align:center|color:%23ffffff|line_height:24px&#8221; custom_use_theme_fonts=&#8221;yes&#8221; use_custom_heading=&#8221;true&#8221; css=&#8221;.vc_custom_1694159476374{margin-bottom: 15px !important;}&#8221;]<\/p>\n<h4>Maxply<sup>\u00ae<\/sup> standard rubber conveyorbelts<\/h4>\n<p><img decoding=\"async\" class=\"size-full wp-image-4637 alignleft\" src=\"https:\/\/ellegaard.com\/wp-content\/uploads\/2022\/01\/EP630-4-62-Y.png\" alt=\"\" width=\"176\" height=\"250\" \/>Edge-covered tape program based on cores of fully synthetic EP cloths (polyester\/polyamide), which gives&#8230;<\/p>\n<ul>\n<li style=\"list-style-type: none;\">\n<ul>\n<li>Small extension at maximum workload<\/li>\n<li>Good impact resistance<\/li>\n<li>Insensitivity to moisture and microorganisms<\/li>\n<\/ul>\n<\/li>\n<\/ul>\n<p>Top layer thickness and quality are calibrated according to core strength and provide economic belts for the most common applications.<\/p>\n<h5>Top layer<\/h5>\n<p><span style=\"text-decoration: underline;\">Type B<\/span><br \/>\nVery wear-resistant top layer suitable for the transport of sharp-edged abrasive materials. Type B top layers have a large general area of application. Meets DIN 22102 type Y.<\/p>\n<p><span style=\"text-decoration: underline;\">Type BW<\/span><br \/>\nParticularly wear-resistant cover layer that meets the highest standardized requirements for wear resistance. Meets DIN 22102 type W.<\/p>\n<p><a href=\"https:\/\/ellegaard.com\/en\/downloads\/\"><strong>Click here for brochures and data sheets<\/strong><\/a><\/p>\n<p>or <a href=\"\/kontakt\/\">contact us<\/a> to help choose the product best suited to your requirements.[\/vc_toggle][vc_toggle title=&#8221;Maxoil<sup>\u00ae<\/sup>oil resistant conveyor belts&#8221; style=&#8221;text_only&#8221; size=&#8221;lg&#8221; custom_font_container=&#8221;tag:h2|font_size:20px|text_align:center|color:%23ffffff|line_height:24px&#8221; custom_use_theme_fonts=&#8221;yes&#8221; use_custom_heading=&#8221;true&#8221; css=&#8221;.vc_custom_1693296971791{margin-bottom: 15px !important;}&#8221;]<\/p>\n<h4>Maxoil<sup>\u00ae<\/sup> grease and oil resistant rubber conveyor belts<\/h4>\n<p><img decoding=\"async\" class=\"size-full wp-image-4633 alignleft\" src=\"https:\/\/ellegaard.com\/wp-content\/uploads\/2022\/01\/EP400-3-42.png\" alt=\"\" width=\"176\" height=\"250\" \/>A conveyor belt for all slightly oily materials: grain, feed, daily waste and other materials with limited oil and fat content.<\/p>\n<p>The EP core ensures good resistance to impacts.<\/p>\n<h5>Properties<\/h5>\n<ul>\n<li>Top layers which is oil and grease resistant to slightly oily materials<\/li>\n<li>Antistatic, great directional stability and suitable for trough belts<\/li>\n<li>Insensitivity to moisture and microorganisms<\/li>\n<\/ul>\n<p>&nbsp;<\/p>\n<ul>\n<li><a href=\"https:\/\/ellegaard.com\/en\/downloads\/\"><strong>Click here for Bruchures and Data sheets<\/strong><\/a><\/li>\n<li>or <a href=\"\/kontakt\/\">Contact us<\/a> to help choose the product best suited to your requirements.<\/li>\n<\/ul>\n<p>[\/vc_toggle][vc_toggle title=&#8221;Maxheat<sup>\u00ae<\/sup>heat resistant conveyor belts&#8221; style=&#8221;text_only&#8221; size=&#8221;lg&#8221; custom_font_container=&#8221;tag:h2|font_size:20px|text_align:center|color:%23ffffff|line_height:24px&#8221; custom_use_theme_fonts=&#8221;yes&#8221; use_custom_heading=&#8221;true&#8221; css=&#8221;.vc_custom_1694159560750{margin-bottom: 15px !important;}&#8221;]<\/p>\n<h4>Maxheat<sup>\u00ae<\/sup> heat resistant rubber conveyor belt<\/h4>\n<p><img decoding=\"async\" class=\"size-full wp-image-5311 alignleft\" src=\"https:\/\/ellegaard.com\/wp-content\/uploads\/2022\/02\/MaxHeat2.jpg\" alt=\"\" width=\"250\" height=\"275\" \/>For transporting hot abrasive materials with a maximum material temperature of 180\u00b0. For example, blast furnace tiles, coke, ore, slag, foundry sand etc. A conveyor belt that can briefly withstand temperatures up to 210 \u00baC. The EP core ensures good resistance to impacts. Under certain conditions, materials with a higher initial temperature can be transported if they are sprinkled with water during filling.<\/p>\n<h5>Properties<\/h5>\n<ul>\n<li>Material temperature at 180\u00ba C<\/li>\n<li>Peak load at 210 \u00baC<\/li>\n<li>Insensitivity to moisture and microorganisms<\/li>\n<li>Good resistance to impact<\/li>\n<\/ul>\n<p><a href=\"https:\/\/ellegaard.com\/en\/downloads\/\"><strong>Click here for brochures and data sheets<\/strong><\/a><\/p>\n<p>or <a href=\"\/kontakt\/\">contact us<\/a> to help choose the product best suited to your requirements.[\/vc_toggle][vc_toggle title=&#8221;Heko Conveyor Chains&#8221; style=&#8221;text_only&#8221; size=&#8221;lg&#8221; custom_font_container=&#8221;tag:h2|font_size:20px|text_align:center|color:%23ffffff|line_height:24px&#8221; custom_use_theme_fonts=&#8221;yes&#8221; use_custom_heading=&#8221;true&#8221; css=&#8221;.vc_custom_1694159763566{margin-bottom: 15px !important;}&#8221;]<\/p>\n<h4>Conveyor Chains for the Bulk Handling Industry<\/h4>\n<p>HEKO is one of the world\u2019s leading producers of chains and other wear resistant parts for the bulk handling industry.<\/p>\n<p><strong><img decoding=\"async\" class=\"alignnone wp-image-84234\" src=\"https:\/\/ellegaard.com\/wp-content\/uploads\/2023\/07\/Heko1.webp\" alt=\"\" width=\"802\" height=\"317\" srcset=\"https:\/\/www.ellegaard.com\/wp-content\/uploads\/2023\/07\/Heko1.webp 1242w, https:\/\/www.ellegaard.com\/wp-content\/uploads\/2023\/07\/Heko1-768x304.webp 768w\" sizes=\"(max-width: 802px) 100vw, 802px\" \/><\/strong><\/p>\n<p><strong>HEKO chain transport<\/strong><br \/>\n\u2022 Highly wear resistant round link chains<br \/>\n\u2022 Bushed conveyor chains<br \/>\n\u2022 Forged link conveyor chains<br \/>\n\u2022 Heat resistant kiln chains<br \/>\n\u2022 Accessories for all chains<\/p>\n<p><strong><img decoding=\"async\" class=\"alignnone wp-image-84231\" src=\"https:\/\/ellegaard.com\/wp-content\/uploads\/2023\/07\/Heko8.webp\" alt=\"\" width=\"802\" height=\"163\" srcset=\"https:\/\/www.ellegaard.com\/wp-content\/uploads\/2023\/07\/Heko8.webp 1294w, https:\/\/www.ellegaard.com\/wp-content\/uploads\/2023\/07\/Heko8-768x156.webp 768w\" sizes=\"(max-width: 802px) 100vw, 802px\" \/><\/strong><\/p>\n<p><strong>High tech heat treatment<\/strong><br \/>\nHardening technique is the key technology in the manufacture of high quality conveyor chains, and this has been given high priority by HEKO for decades.<br \/>\n\u2022 Very high surface hardening, min. 800HV or 64HRC<br \/>\n\u2022 High breaking load resulting from the fine grained, tough core<br \/>\n\u2022 High fatigue strength<br \/>\n\u2022 Excellent dimensional accuracy<br \/>\n\u2022 Clean surfaces<\/p>\n<p><strong>Induction Hardening<\/strong><br \/>\n\u2022 Accurate partial wear protection<br \/>\n\u2022 High surface hardness up to 650HV\/58HRC<br \/>\n\u2022 Very high hardening depth up to 6 mm<br \/>\n\u2022 High toughness of core structure<br \/>\n\u2022 High process accuracy<br \/>\n\u2022 Excellent reproducability of hardening values<br \/>\n\u2022 Optimal bespoke wear protection<\/p>\n<p><strong>Quenched and Tempered<\/strong><br \/>\n\u2022 High tensile strength<br \/>\n\u2022 Even, tough structure<br \/>\n\u2022 High fatigue strength<br \/>\n\u2022 Highest breaking loads<\/p>\n<p><strong>Chains and chain wheels for central chain and twin strand bucket elevators<\/strong><br \/>\nHEKO\u2019s chains for central chain and twin strand bucket elevators are available within a wide range of dimensions and assemblies.<\/p>\n<p><a href=\"https:\/\/ellegaard.com\/en\/downloads\/\"><strong>Click here to download brochures<\/strong><\/a><\/p>\n<p>eller <a href=\"\/kontakt\/\">Contact us<\/a> if you would like help in chosing the correct product.[\/vc_toggle]<div class=\"ult-spacer spacer-69f6259b3ba9b\" data-id=\"69f6259b3ba9b\" data-height=\"0\" data-height-mobile=\"30\" data-height-tab=\"0\" data-height-tab-portrait=\"0\" data-height-mobile-landscape=\"30\" style=\"clear:both;display:block;\"><\/div>[\/vc_column_inner][vc_column_inner width=&#8221;1\/3&#8243;]<div class=\"ult_row_spacer\"><div class=\"ult-sticky-anchor\"><div class=\"ult-sticky-section ult-sticky \"  data-gutter= '60' data-stick_behaviour= 'stick_with_scroll_row'  data-sticky_position= 'top' data-mobile='no' data-support='no'>[vc_wp_custommenu nav_menu=&#8221;10&#8243;]<\/div><div class=\"ult-space\"><\/div><\/div><\/div>[\/vc_column_inner][\/vc_row_inner][vc_empty_space height=&#8221;60px&#8221;][\/vc_column][\/vc_row]<\/p>\n<\/section>","protected":false},"excerpt":{"rendered":"<p>[vc_row full_width=&#8221;stretch_row&#8221; css=&#8221;.vc_custom_1632401993261{border-bottom-width: 1px !important;border-bottom-color: rgba(0,0,0,0.05) !important;border-bottom-style: solid !important;}&#8221;][vc_column][vc_empty_space height=&#8221;60px&#8221;][vc_column_text] Conveyor belts [\/vc_column_text][vc_empty_space height=&#8221;30px&#8221;][vc_row_inner][vc_column_inner width=&#8221;2\/3&#8243;][vc_toggle title=&#8221;Polymax\u00aePU and PVC conveyorbelts&#8221; style=&#8221;text_only&#8221; size=&#8221;lg&#8221; custom_font_container=&#8221;tag:h2|font_size:20px|text_align:center|color:%23ffffff|line_height:24px&#8221; custom_use_theme_fonts=&#8221;yes&#8221; use_custom_heading=&#8221;true&#8221; css=&#8221;.vc_custom_1694159281601{margin-bottom: 15px !important;}&#8221;] Polymax\u00ae conveyor belts We offer a complete range of tailor-made conveyor belts of the Polymax\u00ae quality brand. We have more than 50 belt types in stock as well &#8230; <a title=\"Conveyor belts\" class=\"read-more\" href=\"https:\/\/www.ellegaard.com\/en\/products\/conveyor-belts\/\" aria-label=\"Read more about Conveyor belts\">Read more<\/a><\/p>\n","protected":false},"author":1,"featured_media":7712,"parent":7972,"menu_order":16,"comment_status":"closed","ping_status":"closed","template":"","meta":{"_acf_changed":false,"footnotes":""},"categories":[82],"class_list":{"0":"post-7978","1":"page","2":"type-page","3":"status-publish","4":"has-post-thumbnail","6":"category-products"},"acf":[],"yoast_head":"<!-- This site is optimized with the Yoast SEO plugin v27.1.1 - https:\/\/yoast.com\/product\/yoast-seo-wordpress\/ -->\n<title>Conveyor belts &#183; Ellegaard Group<\/title>\n<meta name=\"robots\" content=\"index, follow, max-snippet:-1, max-image-preview:large, max-video-preview:-1\" \/>\n<link rel=\"canonical\" href=\"https:\/\/www.ellegaard.com\/en\/products\/conveyor-belts\/\" \/>\n<meta property=\"og:locale\" content=\"en_US\" \/>\n<meta property=\"og:type\" content=\"article\" \/>\n<meta property=\"og:title\" content=\"Conveyor belts &#183; Ellegaard Group\" \/>\n<meta property=\"og:description\" content=\"[vc_row full_width=&#8221;stretch_row&#8221; css=&#8221;.vc_custom_1632401993261{border-bottom-width: 1px !important;border-bottom-color: rgba(0,0,0,0.05) !important;border-bottom-style: solid !important;}&#8221;][vc_column][vc_empty_space height=&#8221;60px&#8221;][vc_column_text] Conveyor belts [\/vc_column_text][vc_empty_space height=&#8221;30px&#8221;][vc_row_inner][vc_column_inner width=&#8221;2\/3&#8243;][vc_toggle title=&#8221;Polymax\u00aePU and PVC conveyorbelts&#8221; style=&#8221;text_only&#8221; size=&#8221;lg&#8221; custom_font_container=&#8221;tag:h2|font_size:20px|text_align:center|color:%23ffffff|line_height:24px&#8221; custom_use_theme_fonts=&#8221;yes&#8221; use_custom_heading=&#8221;true&#8221; css=&#8221;.vc_custom_1694159281601{margin-bottom: 15px !important;}&#8221;] Polymax\u00ae conveyor belts We offer a complete range of tailor-made conveyor belts of the Polymax\u00ae quality brand. We have more than 50 belt types in stock as well ... Read more\" \/>\n<meta property=\"og:url\" content=\"https:\/\/www.ellegaard.com\/en\/products\/conveyor-belts\/\" \/>\n<meta property=\"og:site_name\" content=\"Ellegaard Group\" \/>\n<meta property=\"article:modified_time\" content=\"2023-09-21T11:40:42+00:00\" \/>\n<meta property=\"og:image\" content=\"https:\/\/www.ellegaard.com\/wp-content\/uploads\/2022\/02\/Transportbaand-fade.jpg\" \/>\n\t<meta property=\"og:image:width\" content=\"600\" \/>\n\t<meta property=\"og:image:height\" content=\"338\" \/>\n\t<meta property=\"og:image:type\" content=\"image\/jpeg\" \/>\n<meta name=\"twitter:card\" content=\"summary_large_image\" \/>\n<meta name=\"twitter:label1\" content=\"Est. reading time\" \/>\n\t<meta name=\"twitter:data1\" content=\"7 minutes\" \/>\n<script type=\"application\/ld+json\" class=\"yoast-schema-graph\">{\"@context\":\"https:\/\/schema.org\",\"@graph\":[{\"@type\":\"WebPage\",\"@id\":\"https:\/\/www.ellegaard.com\/en\/products\/conveyor-belts\/\",\"url\":\"https:\/\/www.ellegaard.com\/en\/products\/conveyor-belts\/\",\"name\":\"Conveyor belts &#183; Ellegaard Group\",\"isPartOf\":{\"@id\":\"https:\/\/www.ellegaard.com\/en\/#website\"},\"primaryImageOfPage\":{\"@id\":\"https:\/\/www.ellegaard.com\/en\/products\/conveyor-belts\/#primaryimage\"},\"image\":{\"@id\":\"https:\/\/www.ellegaard.com\/en\/products\/conveyor-belts\/#primaryimage\"},\"thumbnailUrl\":\"https:\/\/www.ellegaard.com\/wp-content\/uploads\/2022\/02\/Transportbaand-fade.jpg\",\"datePublished\":\"2021-09-17T06:32:06+00:00\",\"dateModified\":\"2023-09-21T11:40:42+00:00\",\"breadcrumb\":{\"@id\":\"https:\/\/www.ellegaard.com\/en\/products\/conveyor-belts\/#breadcrumb\"},\"inLanguage\":\"en-US\",\"potentialAction\":[{\"@type\":\"ReadAction\",\"target\":[\"https:\/\/www.ellegaard.com\/en\/products\/conveyor-belts\/\"]}]},{\"@type\":\"ImageObject\",\"inLanguage\":\"en-US\",\"@id\":\"https:\/\/www.ellegaard.com\/en\/products\/conveyor-belts\/#primaryimage\",\"url\":\"https:\/\/www.ellegaard.com\/wp-content\/uploads\/2022\/02\/Transportbaand-fade.jpg\",\"contentUrl\":\"https:\/\/www.ellegaard.com\/wp-content\/uploads\/2022\/02\/Transportbaand-fade.jpg\",\"width\":600,\"height\":338},{\"@type\":\"BreadcrumbList\",\"@id\":\"https:\/\/www.ellegaard.com\/en\/products\/conveyor-belts\/#breadcrumb\",\"itemListElement\":[{\"@type\":\"ListItem\",\"position\":1,\"name\":\"Hjem\",\"item\":\"https:\/\/www.ellegaard.com\/en\/\"},{\"@type\":\"ListItem\",\"position\":2,\"name\":\"Products\",\"item\":\"https:\/\/www.ellegaard.com\/en\/products\/\"},{\"@type\":\"ListItem\",\"position\":3,\"name\":\"Conveyor belts\"}]},{\"@type\":\"WebSite\",\"@id\":\"https:\/\/www.ellegaard.com\/en\/#website\",\"url\":\"https:\/\/www.ellegaard.com\/en\/\",\"name\":\"Ellegaard Group\",\"description\":\"Totalleverand\u00f8r til industrien: Alt i transportb\u00e5nd, transportsystemer, service og transport\u00f8rer\",\"publisher\":{\"@id\":\"https:\/\/www.ellegaard.com\/en\/#organization\"},\"potentialAction\":[{\"@type\":\"SearchAction\",\"target\":{\"@type\":\"EntryPoint\",\"urlTemplate\":\"https:\/\/www.ellegaard.com\/en\/?s={search_term_string}\"},\"query-input\":{\"@type\":\"PropertyValueSpecification\",\"valueRequired\":true,\"valueName\":\"search_term_string\"}}],\"inLanguage\":\"en-US\"},{\"@type\":\"Organization\",\"@id\":\"https:\/\/www.ellegaard.com\/en\/#organization\",\"name\":\"Ellegaard Group\",\"url\":\"https:\/\/www.ellegaard.com\/en\/\",\"logo\":{\"@type\":\"ImageObject\",\"inLanguage\":\"en-US\",\"@id\":\"https:\/\/www.ellegaard.com\/en\/#\/schema\/logo\/image\/\",\"url\":\"https:\/\/www.ellegaard.com\/wp-content\/uploads\/2021\/09\/logo.svg\",\"contentUrl\":\"https:\/\/www.ellegaard.com\/wp-content\/uploads\/2021\/09\/logo.svg\",\"width\":519,\"height\":46,\"caption\":\"Ellegaard Group\"},\"image\":{\"@id\":\"https:\/\/www.ellegaard.com\/en\/#\/schema\/logo\/image\/\"}}]}<\/script>\n<!-- \/ Yoast SEO plugin. -->","yoast_head_json":{"title":"Conveyor belts &#183; Ellegaard Group","robots":{"index":"index","follow":"follow","max-snippet":"max-snippet:-1","max-image-preview":"max-image-preview:large","max-video-preview":"max-video-preview:-1"},"canonical":"https:\/\/www.ellegaard.com\/en\/products\/conveyor-belts\/","og_locale":"en_US","og_type":"article","og_title":"Conveyor belts &#183; Ellegaard Group","og_description":"[vc_row full_width=&#8221;stretch_row&#8221; css=&#8221;.vc_custom_1632401993261{border-bottom-width: 1px !important;border-bottom-color: rgba(0,0,0,0.05) !important;border-bottom-style: solid !important;}&#8221;][vc_column][vc_empty_space height=&#8221;60px&#8221;][vc_column_text] Conveyor belts [\/vc_column_text][vc_empty_space height=&#8221;30px&#8221;][vc_row_inner][vc_column_inner width=&#8221;2\/3&#8243;][vc_toggle title=&#8221;Polymax\u00aePU and PVC conveyorbelts&#8221; style=&#8221;text_only&#8221; size=&#8221;lg&#8221; custom_font_container=&#8221;tag:h2|font_size:20px|text_align:center|color:%23ffffff|line_height:24px&#8221; custom_use_theme_fonts=&#8221;yes&#8221; use_custom_heading=&#8221;true&#8221; css=&#8221;.vc_custom_1694159281601{margin-bottom: 15px !important;}&#8221;] Polymax\u00ae conveyor belts We offer a complete range of tailor-made conveyor belts of the Polymax\u00ae quality brand. We have more than 50 belt types in stock as well ... Read more","og_url":"https:\/\/www.ellegaard.com\/en\/products\/conveyor-belts\/","og_site_name":"Ellegaard Group","article_modified_time":"2023-09-21T11:40:42+00:00","og_image":[{"width":600,"height":338,"url":"https:\/\/www.ellegaard.com\/wp-content\/uploads\/2022\/02\/Transportbaand-fade.jpg","type":"image\/jpeg"}],"twitter_card":"summary_large_image","twitter_misc":{"Est. reading time":"7 minutes"},"schema":{"@context":"https:\/\/schema.org","@graph":[{"@type":"WebPage","@id":"https:\/\/www.ellegaard.com\/en\/products\/conveyor-belts\/","url":"https:\/\/www.ellegaard.com\/en\/products\/conveyor-belts\/","name":"Conveyor belts &#183; Ellegaard Group","isPartOf":{"@id":"https:\/\/www.ellegaard.com\/en\/#website"},"primaryImageOfPage":{"@id":"https:\/\/www.ellegaard.com\/en\/products\/conveyor-belts\/#primaryimage"},"image":{"@id":"https:\/\/www.ellegaard.com\/en\/products\/conveyor-belts\/#primaryimage"},"thumbnailUrl":"https:\/\/www.ellegaard.com\/wp-content\/uploads\/2022\/02\/Transportbaand-fade.jpg","datePublished":"2021-09-17T06:32:06+00:00","dateModified":"2023-09-21T11:40:42+00:00","breadcrumb":{"@id":"https:\/\/www.ellegaard.com\/en\/products\/conveyor-belts\/#breadcrumb"},"inLanguage":"en-US","potentialAction":[{"@type":"ReadAction","target":["https:\/\/www.ellegaard.com\/en\/products\/conveyor-belts\/"]}]},{"@type":"ImageObject","inLanguage":"en-US","@id":"https:\/\/www.ellegaard.com\/en\/products\/conveyor-belts\/#primaryimage","url":"https:\/\/www.ellegaard.com\/wp-content\/uploads\/2022\/02\/Transportbaand-fade.jpg","contentUrl":"https:\/\/www.ellegaard.com\/wp-content\/uploads\/2022\/02\/Transportbaand-fade.jpg","width":600,"height":338},{"@type":"BreadcrumbList","@id":"https:\/\/www.ellegaard.com\/en\/products\/conveyor-belts\/#breadcrumb","itemListElement":[{"@type":"ListItem","position":1,"name":"Hjem","item":"https:\/\/www.ellegaard.com\/en\/"},{"@type":"ListItem","position":2,"name":"Products","item":"https:\/\/www.ellegaard.com\/en\/products\/"},{"@type":"ListItem","position":3,"name":"Conveyor belts"}]},{"@type":"WebSite","@id":"https:\/\/www.ellegaard.com\/en\/#website","url":"https:\/\/www.ellegaard.com\/en\/","name":"Ellegaard Group","description":"Totalleverand\u00f8r til industrien: Alt i transportb\u00e5nd, transportsystemer, service og transport\u00f8rer","publisher":{"@id":"https:\/\/www.ellegaard.com\/en\/#organization"},"potentialAction":[{"@type":"SearchAction","target":{"@type":"EntryPoint","urlTemplate":"https:\/\/www.ellegaard.com\/en\/?s={search_term_string}"},"query-input":{"@type":"PropertyValueSpecification","valueRequired":true,"valueName":"search_term_string"}}],"inLanguage":"en-US"},{"@type":"Organization","@id":"https:\/\/www.ellegaard.com\/en\/#organization","name":"Ellegaard Group","url":"https:\/\/www.ellegaard.com\/en\/","logo":{"@type":"ImageObject","inLanguage":"en-US","@id":"https:\/\/www.ellegaard.com\/en\/#\/schema\/logo\/image\/","url":"https:\/\/www.ellegaard.com\/wp-content\/uploads\/2021\/09\/logo.svg","contentUrl":"https:\/\/www.ellegaard.com\/wp-content\/uploads\/2021\/09\/logo.svg","width":519,"height":46,"caption":"Ellegaard Group"},"image":{"@id":"https:\/\/www.ellegaard.com\/en\/#\/schema\/logo\/image\/"}}]}},"_links":{"self":[{"href":"https:\/\/www.ellegaard.com\/en\/wp-json\/wp\/v2\/pages\/7978","targetHints":{"allow":["GET"]}}],"collection":[{"href":"https:\/\/www.ellegaard.com\/en\/wp-json\/wp\/v2\/pages"}],"about":[{"href":"https:\/\/www.ellegaard.com\/en\/wp-json\/wp\/v2\/types\/page"}],"author":[{"embeddable":true,"href":"https:\/\/www.ellegaard.com\/en\/wp-json\/wp\/v2\/users\/1"}],"replies":[{"embeddable":true,"href":"https:\/\/www.ellegaard.com\/en\/wp-json\/wp\/v2\/comments?post=7978"}],"version-history":[{"count":21,"href":"https:\/\/www.ellegaard.com\/en\/wp-json\/wp\/v2\/pages\/7978\/revisions"}],"predecessor-version":[{"id":85169,"href":"https:\/\/www.ellegaard.com\/en\/wp-json\/wp\/v2\/pages\/7978\/revisions\/85169"}],"up":[{"embeddable":true,"href":"https:\/\/www.ellegaard.com\/en\/wp-json\/wp\/v2\/pages\/7972"}],"wp:featuredmedia":[{"embeddable":true,"href":"https:\/\/www.ellegaard.com\/en\/wp-json\/wp\/v2\/media\/7712"}],"wp:attachment":[{"href":"https:\/\/www.ellegaard.com\/en\/wp-json\/wp\/v2\/media?parent=7978"}],"wp:term":[{"taxonomy":"category","embeddable":true,"href":"https:\/\/www.ellegaard.com\/en\/wp-json\/wp\/v2\/categories?post=7978"}],"curies":[{"name":"wp","href":"https:\/\/api.w.org\/{rel}","templated":true}]}}