{"id":7972,"date":"2021-09-17T08:29:40","date_gmt":"2021-09-17T06:29:40","guid":{"rendered":"http:\/\/ellegaard.com\/products\/"},"modified":"2023-09-19T12:45:37","modified_gmt":"2023-09-19T10:45:37","slug":"products","status":"publish","type":"page","link":"https:\/\/www.ellegaard.com\/en\/products\/","title":{"rendered":"Products"},"content":{"rendered":"<section class=\"wpb-content-wrapper\"><p>[vc_row full_width=&#8221;stretch_row&#8221;][vc_column][vc_empty_space height=&#8221;60px&#8221;][vc_row_inner][vc_column_inner offset=&#8221;vc_col-lg-6 vc_col-md-6 vc_col-xs-12&#8243;][vc_column_text]<\/p>\n<h1 style=\"text-align: left;\">Ellegaard Quality Components<\/h1>\n<h2>We make your daily operations easier<\/h2>\n<p style=\"text-align: left;\">We supply tailor-made drum motors and custom-made spare parts in PVC\/PU or rubber for all types of handling systems and for all types of industry.<\/p>\n<p style=\"text-align: left;\">We can offer you competitive prices and fast and continuous delivery directly from our factories in Denmark.<\/p>\n<h3><img decoding=\"async\" class=\"wp-image-5691 alignleft\" src=\"http:\/\/ellegaard.com\/wp-content\/uploads\/2022\/02\/Service-guy-standing.png\" alt=\"\" width=\"200\" height=\"300\" \/>The Ellegaard advantages<br \/>\nas supplier<\/h3>\n<p>Ellegaard is Denmark&#8217;s largest supplier of components for conveyors and transport systems.<\/p>\n<p>We have unparalleled high-tech machines and a nationwide service network located in Denmark.[\/vc_column_text]<div class=\"ult-spacer spacer-69e4c5d92b6dd\" data-id=\"69e4c5d92b6dd\" data-height=\"0\" data-height-mobile=\"30\" data-height-tab=\"0\" data-height-tab-portrait=\"30\" data-height-mobile-landscape=\"30\" style=\"clear:both;display:block;\"><\/div>[\/vc_column_inner][vc_column_inner offset=&#8221;vc_col-lg-6 vc_col-md-6 vc_col-xs-12&#8243;][vc_column_text el_class=&#8221;value&#8221;]<\/p>\n<ul>\n<li>Uniformly high quality\n<ul>\n<li>Our products are manufactured in ISO 9001 : 2008 certified processes and under the supervision of the Danish Food and Drug Administration. Series production with fast and continuous delivery (just-in-time). Obviously we are ISO: 9001 certified<\/li>\n<li><a href=\"https:\/\/www.findsmiley.dk\/28070\">Control report from the Danish Food and Drug Administration<\/a><br \/>\nEllegaard Group, Viborg<\/li>\n<li><a href=\"https:\/\/www.findsmiley.dk\/943836\">Control report from the Danish Food and Drug Administration<\/a><br \/>\nEllegaard Group, Roskilde<\/li>\n<\/ul>\n<\/li>\n<li><a href=\"https:\/\/ellegaard.com\/en\/products\/conveyor-belts\/\">Conveyor belts<\/a>\n<ul>\n<li>More than 50 years of experience with rubber conveyor belts to all industries.<\/li>\n<\/ul>\n<\/li>\n<li><a href=\"https:\/\/ellegaard.com\/en\/products\/conveyor-components-to-the-food-industry\/\">The food industry<\/a>\n<ul>\n<li>FDA, USDA and 3A approved Volta belts. Polymax\u00ae FDA og USDA approved belts.<\/li>\n<\/ul>\n<\/li>\n<li><a href=\"https:\/\/ellegaard.com\/en\/industries\/agriculture\/\">Agricultural machinery<\/a>\n<ul>\n<li>Customer-specific spare parts and products with high performance and low operating costs.<\/li>\n<\/ul>\n<\/li>\n<li><a href=\"https:\/\/ellegaard.com\/en\/products\/drum-motor-and-coating\/\">Drum motor<\/a>\n<ul>\n<li>ScanDrive\u00ae drum motors \u00d860-\u00d8400 mm with the option of IP69K sealing.<\/li>\n<\/ul>\n<\/li>\n<li><a href=\"https:\/\/ellegaard.com\/en\/products\/high-pressure-waterjet-cutter\/\">Smartcut\u00ae<\/a>\n<ul>\n<li>Cutting in dense materials (rubber, PVC, PU etc.) without contaminating either the material or the environment.<\/li>\n<\/ul>\n<\/li>\n<\/ul>\n<p>[\/vc_column_text][\/vc_column_inner][\/vc_row_inner][vc_empty_space height=&#8221;60px&#8221;][\/vc_column][\/vc_row][vc_row full_width=&#8221;stretch_row&#8221; css=&#8221;.vc_custom_1632386807216{border-top-width: 1px !important;border-bottom-width: 1px !important;border-top-color: rgba(0,0,0,0.05) !important;border-top-style: solid !important;border-bottom-color: rgba(0,0,0,0.05) !important;border-bottom-style: solid !important;}&#8221;][vc_column][vc_empty_space height=&#8221;60px&#8221;][vc_basic_grid post_type=&#8221;page&#8221; max_items=&#8221;-1&#8243; gap=&#8221;25&#8243; orderby=&#8221;menu_order&#8221; order=&#8221;ASC&#8221; item=&#8221;5606&#8243; grid_id=&#8221;vc_gid:1695120283808-ed6cbc24-ad4d-8&#8243; taxonomies=&#8221;13&#8243;][vc_empty_space height=&#8221;60px&#8221;][\/vc_column][\/vc_row][vc_row full_width=&#8221;stretch_row&#8221; css=&#8221;.vc_custom_1632386803931{background-image: url(http:\/\/ellegaard.com\/wp-content\/uploads\/2021\/09\/iStock-1181272142-min-scaled-1.jpeg?id=3495) !important;background-position: center !important;background-repeat: no-repeat !important;background-size: cover !important;}&#8221; el_class=&#8221;overlay parallax white&#8221;][vc_column][vc_empty_space height=&#8221;100px&#8221;][vc_row_inner equal_height=&#8221;yes&#8221; content_placement=&#8221;bottom&#8221;][vc_column_inner width=&#8221;1\/2&#8243;][vc_column_text]<\/p>\n<h3>We make your daily operations easier<\/h3>\n<p><strong>When you work with us, you get access to experienced industry experts and specialist \u2013 and large discounts.<br \/>\n<\/strong><\/p>\n<p>Our products are supported by online step-files, so you can incorporate e.g. a conveyor belt or a motor in your overall machine solution quickly and easily.<\/p>\n<p>Our components are produced according to ISO 9001:2008 and are approved by the Danish Food Agency.<\/p>\n<p>[\/vc_column_text]<div class=\"ult-spacer spacer-69e4c5d92b721\" data-id=\"69e4c5d92b721\" data-height=\"0\" data-height-mobile=\"15\" data-height-tab=\"0\" data-height-tab-portrait=\"0\" data-height-mobile-landscape=\"15\" style=\"clear:both;display:block;\"><\/div>[\/vc_column_inner][vc_column_inner width=&#8221;1\/2&#8243;][vc_column_text]<\/p>\n<h3>We have a large inventory<\/h3>\n<p><strong>We have the capacity to supply large quantities of components.<\/strong><\/p>\n<p>We have our own facilities to manufacture components and perform quality assurance of all products. Ellegaard delivers on time and is competitive on price. Get conveyor belts, drum motors and rollers in one place.[\/vc_column_text][\/vc_column_inner][\/vc_row_inner][vc_empty_space height=&#8221;100px&#8221;][\/vc_column][\/vc_row]<\/p>\n<\/section>","protected":false},"excerpt":{"rendered":"<p>[vc_row full_width=&#8221;stretch_row&#8221;][vc_column][vc_empty_space height=&#8221;60px&#8221;][vc_row_inner][vc_column_inner offset=&#8221;vc_col-lg-6 vc_col-md-6 vc_col-xs-12&#8243;][vc_column_text] Ellegaard Quality Components We make your daily operations easier We supply tailor-made drum motors and custom-made spare parts in PVC\/PU or rubber for all types of handling systems and for all types of industry. We can offer you competitive prices and fast and continuous delivery directly from our factories &#8230; <a title=\"Products\" class=\"read-more\" href=\"https:\/\/www.ellegaard.com\/en\/products\/\" aria-label=\"Read more about Products\">Read more<\/a><\/p>\n","protected":false},"author":1,"featured_media":0,"parent":0,"menu_order":2,"comment_status":"closed","ping_status":"closed","template":"","meta":{"_acf_changed":false,"footnotes":""},"categories":[],"class_list":["post-7972","page","type-page","status-publish"],"acf":[],"yoast_head":"<!-- This site is optimized with the Yoast SEO plugin v27.1.1 - https:\/\/yoast.com\/product\/yoast-seo-wordpress\/ -->\n<title>Products &#183; Ellegaard Group<\/title>\n<meta name=\"robots\" content=\"index, follow, max-snippet:-1, max-image-preview:large, max-video-preview:-1\" \/>\n<link rel=\"canonical\" href=\"https:\/\/www.ellegaard.com\/en\/products\/\" \/>\n<meta property=\"og:locale\" content=\"en_US\" \/>\n<meta property=\"og:type\" content=\"article\" \/>\n<meta property=\"og:title\" content=\"Products &#183; Ellegaard Group\" \/>\n<meta property=\"og:description\" content=\"[vc_row full_width=&#8221;stretch_row&#8221;][vc_column][vc_empty_space height=&#8221;60px&#8221;][vc_row_inner][vc_column_inner offset=&#8221;vc_col-lg-6 vc_col-md-6 vc_col-xs-12&#8243;][vc_column_text] Ellegaard Quality Components We make your daily operations easier We supply tailor-made drum motors and custom-made spare parts in PVC\/PU or rubber for all types of handling systems and for all types of industry. We can offer you competitive prices and fast and continuous delivery directly from our factories ... Read more\" \/>\n<meta property=\"og:url\" content=\"https:\/\/www.ellegaard.com\/en\/products\/\" \/>\n<meta property=\"og:site_name\" content=\"Ellegaard Group\" \/>\n<meta property=\"article:modified_time\" content=\"2023-09-19T10:45:37+00:00\" \/>\n<meta property=\"og:image\" content=\"http:\/\/ellegaard.com\/wp-content\/uploads\/2022\/02\/Service-guy-standing.png\" \/>\n<meta name=\"twitter:card\" content=\"summary_large_image\" \/>\n<meta name=\"twitter:label1\" content=\"Est. reading time\" \/>\n\t<meta name=\"twitter:data1\" content=\"2 minutes\" \/>\n<script type=\"application\/ld+json\" class=\"yoast-schema-graph\">{\"@context\":\"https:\/\/schema.org\",\"@graph\":[{\"@type\":\"WebPage\",\"@id\":\"https:\/\/www.ellegaard.com\/en\/products\/\",\"url\":\"https:\/\/www.ellegaard.com\/en\/products\/\",\"name\":\"Products &#183; Ellegaard Group\",\"isPartOf\":{\"@id\":\"https:\/\/www.ellegaard.com\/en\/#website\"},\"primaryImageOfPage\":{\"@id\":\"https:\/\/www.ellegaard.com\/en\/products\/#primaryimage\"},\"image\":{\"@id\":\"https:\/\/www.ellegaard.com\/en\/products\/#primaryimage\"},\"thumbnailUrl\":\"http:\/\/ellegaard.com\/wp-content\/uploads\/2022\/02\/Service-guy-standing.png\",\"datePublished\":\"2021-09-17T06:29:40+00:00\",\"dateModified\":\"2023-09-19T10:45:37+00:00\",\"breadcrumb\":{\"@id\":\"https:\/\/www.ellegaard.com\/en\/products\/#breadcrumb\"},\"inLanguage\":\"en-US\",\"potentialAction\":[{\"@type\":\"ReadAction\",\"target\":[\"https:\/\/www.ellegaard.com\/en\/products\/\"]}]},{\"@type\":\"ImageObject\",\"inLanguage\":\"en-US\",\"@id\":\"https:\/\/www.ellegaard.com\/en\/products\/#primaryimage\",\"url\":\"http:\/\/ellegaard.com\/wp-content\/uploads\/2022\/02\/Service-guy-standing.png\",\"contentUrl\":\"http:\/\/ellegaard.com\/wp-content\/uploads\/2022\/02\/Service-guy-standing.png\"},{\"@type\":\"BreadcrumbList\",\"@id\":\"https:\/\/www.ellegaard.com\/en\/products\/#breadcrumb\",\"itemListElement\":[{\"@type\":\"ListItem\",\"position\":1,\"name\":\"Hjem\",\"item\":\"https:\/\/www.ellegaard.com\/en\/\"},{\"@type\":\"ListItem\",\"position\":2,\"name\":\"Products\"}]},{\"@type\":\"WebSite\",\"@id\":\"https:\/\/www.ellegaard.com\/en\/#website\",\"url\":\"https:\/\/www.ellegaard.com\/en\/\",\"name\":\"Ellegaard Group\",\"description\":\"Totalleverand\u00f8r til industrien: Alt i transportb\u00e5nd, transportsystemer, service og transport\u00f8rer\",\"publisher\":{\"@id\":\"https:\/\/www.ellegaard.com\/en\/#organization\"},\"potentialAction\":[{\"@type\":\"SearchAction\",\"target\":{\"@type\":\"EntryPoint\",\"urlTemplate\":\"https:\/\/www.ellegaard.com\/en\/?s={search_term_string}\"},\"query-input\":{\"@type\":\"PropertyValueSpecification\",\"valueRequired\":true,\"valueName\":\"search_term_string\"}}],\"inLanguage\":\"en-US\"},{\"@type\":\"Organization\",\"@id\":\"https:\/\/www.ellegaard.com\/en\/#organization\",\"name\":\"Ellegaard Group\",\"url\":\"https:\/\/www.ellegaard.com\/en\/\",\"logo\":{\"@type\":\"ImageObject\",\"inLanguage\":\"en-US\",\"@id\":\"https:\/\/www.ellegaard.com\/en\/#\/schema\/logo\/image\/\",\"url\":\"https:\/\/www.ellegaard.com\/wp-content\/uploads\/2021\/09\/logo.svg\",\"contentUrl\":\"https:\/\/www.ellegaard.com\/wp-content\/uploads\/2021\/09\/logo.svg\",\"width\":519,\"height\":46,\"caption\":\"Ellegaard Group\"},\"image\":{\"@id\":\"https:\/\/www.ellegaard.com\/en\/#\/schema\/logo\/image\/\"}}]}<\/script>\n<!-- \/ Yoast SEO plugin. -->","yoast_head_json":{"title":"Products &#183; Ellegaard Group","robots":{"index":"index","follow":"follow","max-snippet":"max-snippet:-1","max-image-preview":"max-image-preview:large","max-video-preview":"max-video-preview:-1"},"canonical":"https:\/\/www.ellegaard.com\/en\/products\/","og_locale":"en_US","og_type":"article","og_title":"Products &#183; Ellegaard Group","og_description":"[vc_row full_width=&#8221;stretch_row&#8221;][vc_column][vc_empty_space height=&#8221;60px&#8221;][vc_row_inner][vc_column_inner offset=&#8221;vc_col-lg-6 vc_col-md-6 vc_col-xs-12&#8243;][vc_column_text] Ellegaard Quality Components We make your daily operations easier We supply tailor-made drum motors and custom-made spare parts in PVC\/PU or rubber for all types of handling systems and for all types of industry. We can offer you competitive prices and fast and continuous delivery directly from our factories ... Read more","og_url":"https:\/\/www.ellegaard.com\/en\/products\/","og_site_name":"Ellegaard Group","article_modified_time":"2023-09-19T10:45:37+00:00","og_image":[{"url":"http:\/\/ellegaard.com\/wp-content\/uploads\/2022\/02\/Service-guy-standing.png","type":"","width":"","height":""}],"twitter_card":"summary_large_image","twitter_misc":{"Est. reading time":"2 minutes"},"schema":{"@context":"https:\/\/schema.org","@graph":[{"@type":"WebPage","@id":"https:\/\/www.ellegaard.com\/en\/products\/","url":"https:\/\/www.ellegaard.com\/en\/products\/","name":"Products &#183; Ellegaard Group","isPartOf":{"@id":"https:\/\/www.ellegaard.com\/en\/#website"},"primaryImageOfPage":{"@id":"https:\/\/www.ellegaard.com\/en\/products\/#primaryimage"},"image":{"@id":"https:\/\/www.ellegaard.com\/en\/products\/#primaryimage"},"thumbnailUrl":"http:\/\/ellegaard.com\/wp-content\/uploads\/2022\/02\/Service-guy-standing.png","datePublished":"2021-09-17T06:29:40+00:00","dateModified":"2023-09-19T10:45:37+00:00","breadcrumb":{"@id":"https:\/\/www.ellegaard.com\/en\/products\/#breadcrumb"},"inLanguage":"en-US","potentialAction":[{"@type":"ReadAction","target":["https:\/\/www.ellegaard.com\/en\/products\/"]}]},{"@type":"ImageObject","inLanguage":"en-US","@id":"https:\/\/www.ellegaard.com\/en\/products\/#primaryimage","url":"http:\/\/ellegaard.com\/wp-content\/uploads\/2022\/02\/Service-guy-standing.png","contentUrl":"http:\/\/ellegaard.com\/wp-content\/uploads\/2022\/02\/Service-guy-standing.png"},{"@type":"BreadcrumbList","@id":"https:\/\/www.ellegaard.com\/en\/products\/#breadcrumb","itemListElement":[{"@type":"ListItem","position":1,"name":"Hjem","item":"https:\/\/www.ellegaard.com\/en\/"},{"@type":"ListItem","position":2,"name":"Products"}]},{"@type":"WebSite","@id":"https:\/\/www.ellegaard.com\/en\/#website","url":"https:\/\/www.ellegaard.com\/en\/","name":"Ellegaard Group","description":"Totalleverand\u00f8r til industrien: Alt i transportb\u00e5nd, transportsystemer, service og transport\u00f8rer","publisher":{"@id":"https:\/\/www.ellegaard.com\/en\/#organization"},"potentialAction":[{"@type":"SearchAction","target":{"@type":"EntryPoint","urlTemplate":"https:\/\/www.ellegaard.com\/en\/?s={search_term_string}"},"query-input":{"@type":"PropertyValueSpecification","valueRequired":true,"valueName":"search_term_string"}}],"inLanguage":"en-US"},{"@type":"Organization","@id":"https:\/\/www.ellegaard.com\/en\/#organization","name":"Ellegaard Group","url":"https:\/\/www.ellegaard.com\/en\/","logo":{"@type":"ImageObject","inLanguage":"en-US","@id":"https:\/\/www.ellegaard.com\/en\/#\/schema\/logo\/image\/","url":"https:\/\/www.ellegaard.com\/wp-content\/uploads\/2021\/09\/logo.svg","contentUrl":"https:\/\/www.ellegaard.com\/wp-content\/uploads\/2021\/09\/logo.svg","width":519,"height":46,"caption":"Ellegaard Group"},"image":{"@id":"https:\/\/www.ellegaard.com\/en\/#\/schema\/logo\/image\/"}}]}},"_links":{"self":[{"href":"https:\/\/www.ellegaard.com\/en\/wp-json\/wp\/v2\/pages\/7972","targetHints":{"allow":["GET"]}}],"collection":[{"href":"https:\/\/www.ellegaard.com\/en\/wp-json\/wp\/v2\/pages"}],"about":[{"href":"https:\/\/www.ellegaard.com\/en\/wp-json\/wp\/v2\/types\/page"}],"author":[{"embeddable":true,"href":"https:\/\/www.ellegaard.com\/en\/wp-json\/wp\/v2\/users\/1"}],"replies":[{"embeddable":true,"href":"https:\/\/www.ellegaard.com\/en\/wp-json\/wp\/v2\/comments?post=7972"}],"version-history":[{"count":18,"href":"https:\/\/www.ellegaard.com\/en\/wp-json\/wp\/v2\/pages\/7972\/revisions"}],"predecessor-version":[{"id":85104,"href":"https:\/\/www.ellegaard.com\/en\/wp-json\/wp\/v2\/pages\/7972\/revisions\/85104"}],"wp:attachment":[{"href":"https:\/\/www.ellegaard.com\/en\/wp-json\/wp\/v2\/media?parent=7972"}],"wp:term":[{"taxonomy":"category","embeddable":true,"href":"https:\/\/www.ellegaard.com\/en\/wp-json\/wp\/v2\/categories?post=7972"}],"curies":[{"name":"wp","href":"https:\/\/api.w.org\/{rel}","templated":true}]}}