{"id":7939,"date":"2021-09-17T08:29:40","date_gmt":"2021-09-17T06:29:40","guid":{"rendered":"http:\/\/ellegaard.com\/about-us\/"},"modified":"2023-02-09T14:20:56","modified_gmt":"2023-02-09T13:20:56","slug":"about-us","status":"publish","type":"page","link":"https:\/\/www.ellegaard.com\/en\/about-us\/","title":{"rendered":"About us"},"content":{"rendered":"<section class=\"wpb-content-wrapper\"><p>[vc_row full_width=&#8221;stretch_row&#8221; css=&#8221;.vc_custom_1632401912765{border-bottom-width: 1px !important;border-bottom-color: rgba(0,0,0,0.05) !important;border-bottom-style: solid !important;}&#8221;][vc_column][vc_empty_space height=&#8221;60px&#8221;][vc_row_inner][vc_column_inner][vc_column_text el_class=&#8221;custom&#8221;]<\/p>\n<h1 style=\"text-align: left;\">Ellegaard supply uptime to all industries<\/h1>\n<p id=\"u66126-6\" style=\"text-align: left;\"><img decoding=\"async\" class=\" wp-image-5843 alignright\" src=\"http:\/\/ellegaard.com\/wp-content\/uploads\/2022\/02\/engineer-service-guys.png\" alt=\"\" width=\"309\" height=\"300\" srcset=\"https:\/\/www.ellegaard.com\/wp-content\/uploads\/2022\/02\/engineer-service-guys.png 1000w, https:\/\/www.ellegaard.com\/wp-content\/uploads\/2022\/02\/engineer-service-guys-768x745.png 768w\" sizes=\"(max-width: 309px) 100vw, 309px\" \/><br \/>\nFor machine builders it can be an advantage to choose Ellegaard as a supplier.<br \/>\nWith us you can get conveyor belts, drum motors, and rollers in one place.<\/p>\n<p id=\"u66126-8\" style=\"text-align: left;\"><span class=\"HwtZe\" lang=\"en\"><span class=\"jCAhz ChMk0b\"><span class=\"ryNqvb\">It makes your work easier<\/span><\/span><\/span>, and you save time. Our products are supported by step-files online, so you quickly and easily can incorporate e.g. a conveyor belt or a motor in your overall machine solution.<\/p>\n<p>We stock high quality components for conveyor solutions as well as competitive service agreements.<\/p>\n<p>Contact us on tlf. <strong>+45 8020 8020<\/strong> for more information.[\/vc_column_text][\/vc_column_inner][\/vc_row_inner][vc_empty_space height=&#8221;60px&#8221;][\/vc_column][\/vc_row][vc_row full_width=&#8221;stretch_row&#8221; css=&#8221;.vc_custom_1645695718624{border-bottom-width: 1px !important;border-bottom-color: rgba(0,0,0,0.05) !important;border-bottom-style: solid !important;}&#8221;][vc_column][vc_empty_space height=&#8221;60px&#8221;][vc_column_text el_class=&#8221;white&#8221; css=&#8221;.vc_custom_1645694742469{padding-top: 20px !important;padding-right: 20px !important;padding-bottom: 20px !important;padding-left: 20px !important;background-color: #004154 !important;}&#8221;]<\/p>\n<h2 style=\"text-align: center;\">Products and conveyor solutions<\/h2>\n<p>[\/vc_column_text][\/vc_column][vc_column][vc_empty_space height=&#8221;60px&#8221;][vc_column_text]<\/p>\n<h2>Quality components from our own production in Danmark<\/h2>\n<p><img decoding=\"async\" class=\" wp-image-5857 alignright\" src=\"http:\/\/ellegaard.com\/wp-content\/uploads\/2022\/02\/food-scandrive-apples-600px.png\" alt=\"\" width=\"457\" height=\"400\" \/>Ellegaard is Denmark&#8217;s largest supplier of components for conveyors and transport systems.<\/p>\n<p>We supply tailor-made drum motors and custom-made spare parts in PVC\/PU or rubber for all types of handling systems and for all types of industry.<\/p>\n<p>We can offer you competitive prices and fast and continuous delivery directly from our factory in Denmark.<\/p>\n<p>We have unparalleled high-tech machines and a nationwide service network located in Denmark.[\/vc_column_text][vc_empty_space height=&#8221;30px&#8221;][vc_btn title=&#8221;See selection of products here&#8221; style=&#8221;custom&#8221; custom_background=&#8221;#004154&#8243; custom_text=&#8221;#ffffff&#8221; shape=&#8221;square&#8221; link=&#8221;url:%2Fen%2Fproducts%2F&#8221;][vc_empty_space height=&#8221;60px&#8221;][\/vc_column][\/vc_row][vc_row full_width=&#8221;stretch_row&#8221; css=&#8221;.vc_custom_1632222920536{border-bottom-width: 1px !important;border-bottom-color: rgba(0,0,0,0.05) !important;border-bottom-style: solid !important;}&#8221;][vc_column][vc_empty_space height=&#8221;60px&#8221;][vc_column_text el_class=&#8221;white&#8221; css=&#8221;.vc_custom_1645699860269{padding-top: 20px !important;padding-right: 20px !important;padding-bottom: 20px !important;padding-left: 20px !important;background-color: #004154 !important;}&#8221;]<\/p>\n<h2 style=\"text-align: center;\">One-stop-hop to the industry<\/h2>\n<p>[\/vc_column_text][vc_empty_space height=&#8221;60px&#8221;][vc_column_text]<\/p>\n<h2>We are experts in materialflow<\/h2>\n<p><a href=\"https:\/\/ellegaard.com\/en\/industries\/\"><img decoding=\"async\" class=\"size-full wp-image-5877 alignright\" src=\"http:\/\/ellegaard.com\/wp-content\/uploads\/2022\/02\/brancher300px.png\" alt=\"\" width=\"462\" height=\"300\" \/><\/a>Ellegaard is represented in many industries and services virtually all conveyors and components.<\/p>\n<p>Ellegaard is also at the forefront when it comes to technological development, resulting in savings on the production line. It is important to us that it should also be a profitable business with a short-term ROI. Find your industry and read more about why Ellegaard is a sound choice for your company.[\/vc_column_text][vc_empty_space height=&#8221;30px&#8221;][vc_btn title=&#8221;Find your industry here&#8221; style=&#8221;custom&#8221; custom_background=&#8221;#004154&#8243; custom_text=&#8221;#ffffff&#8221; shape=&#8221;square&#8221; link=&#8221;url:http%3A%2F%2Fellegaard.wk120.dk%2Fen%2Findustries%2F|&#8221;][vc_empty_space height=&#8221;60px&#8221;][vc_empty_space height=&#8221;60px&#8221;][\/vc_column][\/vc_row][vc_row full_width=&#8221;stretch_row&#8221; css=&#8221;.vc_custom_1632223563111{background-image: url(http:\/\/ellegaard.com\/wp-content\/uploads\/2021\/09\/iStock-1033293104-min.jpeg?id=3252) !important;background-position: center !important;background-repeat: no-repeat !important;background-size: cover !important;}&#8221; el_class=&#8221;overlay parallax white&#8221;][vc_column][vc_empty_space height=&#8221;100px&#8221;][vc_row_inner][vc_column_inner width=&#8221;1\/6&#8243;][\/vc_column_inner][vc_column_inner width=&#8221;2\/3&#8243;][vc_empty_space height=&#8221;30px&#8221;][vc_column_text el_class=&#8221;custom&#8221;]<\/p>\n<h3 style=\"text-align: center;\">Our products are supported by step files on the web, so they can be quickly integrated into your overall machine solution<\/h3>\n<p>[\/vc_column_text][vc_empty_space height=&#8221;30px&#8221;][vc_btn title=&#8221;Click here for Step files&#8221; style=&#8221;custom&#8221; custom_background=&#8221;#ff6e00&#8243; custom_text=&#8221;#ffffff&#8221; shape=&#8221;square&#8221; align=&#8221;center&#8221; link=&#8221;url:http%3A%2F%2Fellegaard.wk120.dk%2Fen%2Fdownloads%2F|&#8221;][\/vc_column_inner][vc_column_inner width=&#8221;1\/6&#8243;][\/vc_column_inner][\/vc_row_inner][vc_empty_space height=&#8221;100px&#8221;][\/vc_column][\/vc_row][vc_row full_width=&#8221;stretch_row&#8221; css=&#8221;.vc_custom_1632222926269{border-top-width: 1px !important;border-bottom-width: 1px !important;border-top-color: rgba(0,0,0,0.05) !important;border-top-style: solid !important;border-bottom-color: rgba(0,0,0,0.05) !important;border-bottom-style: solid !important;}&#8221;][vc_column][vc_empty_space height=&#8221;60px&#8221;][vc_row_inner equal_height=&#8221;yes&#8221; el_class=&#8221;white&#8221; css=&#8221;.vc_custom_1632142368196{padding-right: 30px !important;padding-left: 30px !important;}&#8221;][vc_column_inner width=&#8221;1\/2&#8243; css=&#8221;.vc_custom_1632142326890{background-color: #005066 !important;}&#8221; offset=&#8221;vc_col-lg-4 vc_col-md-4 vc_col-xs-12&#8243;][vc_empty_space height=&#8221;30px&#8221;][vc_column_text]<\/p>\n<h6>The good stories<\/h6>\n<p>[\/vc_column_text][vc_separator color=&#8221;custom&#8221; accent_color=&#8221;rgba(255,255,255,0.1)&#8221; css=&#8221;.vc_custom_1632141405054{padding-top: 20px !important;padding-bottom: 20px !important;}&#8221;][vc_column_text]<\/p>\n<h3>Noise kills<\/h3>\n<p>More than 10,000 Europeans die every year as a result of noise, and the number is likely to be higher.[\/vc_column_text][vc_empty_space height=&#8221;20px&#8221;][vc_btn title=&#8221;Read more here&#8221; style=&#8221;custom&#8221; custom_background=&#8221;rgba(255,255,255,0.1)&#8221; custom_text=&#8221;#ffffff&#8221; shape=&#8221;square&#8221; align=&#8221;left&#8221; link=&#8221;url:http%3A%2F%2Fellegaard.wk120.dk%2Fen%2Fproducts%2Fnoise-recuction-funnels%2F|title:Noise%20reduction%20funnels|&#8221;][vc_empty_space height=&#8221;30px&#8221;][\/vc_column_inner][vc_column_inner width=&#8221;1\/2&#8243; css=&#8221;.vc_custom_1632142335316{background-color: #82adbd !important;}&#8221; offset=&#8221;vc_col-lg-4 vc_col-md-4 vc_col-xs-12&#8243;][vc_empty_space height=&#8221;30px&#8221;][vc_column_text]<\/p>\n<h6>Job at Ellegaard<\/h6>\n<p>[\/vc_column_text][vc_separator color=&#8221;custom&#8221; accent_color=&#8221;rgba(255,255,255,0.1)&#8221; css=&#8221;.vc_custom_1632141405054{padding-top: 20px !important;padding-bottom: 20px !important;}&#8221;][vc_column_text]<\/p>\n<h3>Skilled colleagues wanted<\/h3>\n<p>Are you also keen to providing a great service and making it work for customers?[\/vc_column_text][vc_empty_space height=&#8221;20px&#8221;][vc_btn title=&#8221;see more here&#8221; style=&#8221;custom&#8221; custom_background=&#8221;rgba(255,255,255,0.1)&#8221; custom_text=&#8221;#ffffff&#8221; shape=&#8221;square&#8221; align=&#8221;left&#8221; link=&#8221;|||&#8221;][vc_empty_space height=&#8221;30px&#8221;][\/vc_column_inner][vc_column_inner css=&#8221;.vc_custom_1632144571844{background-color: #ff6e00 !important;}&#8221; offset=&#8221;vc_col-lg-4 vc_col-md-4 vc_col-xs-12&#8243;][vc_empty_space height=&#8221;30px&#8221;][vc_column_text]<\/p>\n<h6>Contact us<\/h6>\n<p>[\/vc_column_text][vc_separator color=&#8221;custom&#8221; accent_color=&#8221;rgba(255,255,255,0.1)&#8221; css=&#8221;.vc_custom_1632141405054{padding-top: 20px !important;padding-bottom: 20px !important;}&#8221;][vc_column_text]<\/p>\n<h3>Get in touch with us<\/h3>\n<p>With us you can get conveyor belts, drum motors, and rollers at the same place.[\/vc_column_text][vc_empty_space height=&#8221;20px&#8221;][vc_btn title=&#8221;Contact us here&#8221; style=&#8221;custom&#8221; custom_background=&#8221;rgba(255,255,255,0.1)&#8221; custom_text=&#8221;#ffffff&#8221; shape=&#8221;square&#8221; align=&#8221;left&#8221; link=&#8221;url:http%3A%2F%2Fellegaard.wk120.dk%2Fen%2Fcontact-us%2F|title:Contact%20us|&#8221;][vc_empty_space height=&#8221;30px&#8221;][\/vc_column_inner][\/vc_row_inner][vc_empty_space height=&#8221;60px&#8221;][\/vc_column][\/vc_row]<\/p>\n<\/section>","protected":false},"excerpt":{"rendered":"<p>[vc_row full_width=&#8221;stretch_row&#8221; css=&#8221;.vc_custom_1632401912765{border-bottom-width: 1px !important;border-bottom-color: rgba(0,0,0,0.05) !important;border-bottom-style: solid !important;}&#8221;][vc_column][vc_empty_space height=&#8221;60px&#8221;][vc_row_inner][vc_column_inner][vc_column_text el_class=&#8221;custom&#8221;] Ellegaard supply uptime to all industries For machine builders it can be an advantage to choose Ellegaard as a supplier. With us you can get conveyor belts, drum motors, and rollers in one place. It makes your work easier, and you save time. Our &#8230; <a title=\"About us\" class=\"read-more\" href=\"https:\/\/www.ellegaard.com\/en\/about-us\/\" aria-label=\"Read more about About us\">Read more<\/a><\/p>\n","protected":false},"author":1,"featured_media":0,"parent":0,"menu_order":1,"comment_status":"closed","ping_status":"closed","template":"","meta":{"_acf_changed":false,"footnotes":""},"categories":[],"class_list":["post-7939","page","type-page","status-publish"],"acf":[],"yoast_head":"<!-- This site is optimized with the Yoast SEO plugin v27.1.1 - https:\/\/yoast.com\/product\/yoast-seo-wordpress\/ -->\n<title>About us &#183; Ellegaard Group<\/title>\n<meta name=\"robots\" content=\"index, follow, max-snippet:-1, max-image-preview:large, max-video-preview:-1\" \/>\n<link rel=\"canonical\" href=\"https:\/\/www.ellegaard.com\/en\/about-us\/\" \/>\n<meta property=\"og:locale\" content=\"en_US\" \/>\n<meta property=\"og:type\" content=\"article\" \/>\n<meta property=\"og:title\" content=\"About us &#183; Ellegaard Group\" \/>\n<meta property=\"og:description\" content=\"[vc_row full_width=&#8221;stretch_row&#8221; css=&#8221;.vc_custom_1632401912765{border-bottom-width: 1px !important;border-bottom-color: rgba(0,0,0,0.05) !important;border-bottom-style: solid !important;}&#8221;][vc_column][vc_empty_space height=&#8221;60px&#8221;][vc_row_inner][vc_column_inner][vc_column_text el_class=&#8221;custom&#8221;] Ellegaard supply uptime to all industries For machine builders it can be an advantage to choose Ellegaard as a supplier. With us you can get conveyor belts, drum motors, and rollers in one place. It makes your work easier, and you save time. Our ... Read more\" \/>\n<meta property=\"og:url\" content=\"https:\/\/www.ellegaard.com\/en\/about-us\/\" \/>\n<meta property=\"og:site_name\" content=\"Ellegaard Group\" \/>\n<meta property=\"article:modified_time\" content=\"2023-02-09T13:20:56+00:00\" \/>\n<meta property=\"og:image\" content=\"http:\/\/ellegaard.com\/wp-content\/uploads\/2022\/02\/engineer-service-guys.png\" \/>\n<meta name=\"twitter:card\" content=\"summary_large_image\" \/>\n<meta name=\"twitter:label1\" content=\"Est. reading time\" \/>\n\t<meta name=\"twitter:data1\" content=\"5 minutes\" \/>\n<script type=\"application\/ld+json\" class=\"yoast-schema-graph\">{\"@context\":\"https:\/\/schema.org\",\"@graph\":[{\"@type\":\"WebPage\",\"@id\":\"https:\/\/www.ellegaard.com\/en\/about-us\/\",\"url\":\"https:\/\/www.ellegaard.com\/en\/about-us\/\",\"name\":\"About us &#183; Ellegaard Group\",\"isPartOf\":{\"@id\":\"https:\/\/www.ellegaard.com\/en\/#website\"},\"primaryImageOfPage\":{\"@id\":\"https:\/\/www.ellegaard.com\/en\/about-us\/#primaryimage\"},\"image\":{\"@id\":\"https:\/\/www.ellegaard.com\/en\/about-us\/#primaryimage\"},\"thumbnailUrl\":\"http:\/\/ellegaard.com\/wp-content\/uploads\/2022\/02\/engineer-service-guys.png\",\"datePublished\":\"2021-09-17T06:29:40+00:00\",\"dateModified\":\"2023-02-09T13:20:56+00:00\",\"breadcrumb\":{\"@id\":\"https:\/\/www.ellegaard.com\/en\/about-us\/#breadcrumb\"},\"inLanguage\":\"en-US\",\"potentialAction\":[{\"@type\":\"ReadAction\",\"target\":[\"https:\/\/www.ellegaard.com\/en\/about-us\/\"]}]},{\"@type\":\"ImageObject\",\"inLanguage\":\"en-US\",\"@id\":\"https:\/\/www.ellegaard.com\/en\/about-us\/#primaryimage\",\"url\":\"http:\/\/ellegaard.com\/wp-content\/uploads\/2022\/02\/engineer-service-guys.png\",\"contentUrl\":\"http:\/\/ellegaard.com\/wp-content\/uploads\/2022\/02\/engineer-service-guys.png\"},{\"@type\":\"BreadcrumbList\",\"@id\":\"https:\/\/www.ellegaard.com\/en\/about-us\/#breadcrumb\",\"itemListElement\":[{\"@type\":\"ListItem\",\"position\":1,\"name\":\"Hjem\",\"item\":\"https:\/\/www.ellegaard.com\/en\/\"},{\"@type\":\"ListItem\",\"position\":2,\"name\":\"About us\"}]},{\"@type\":\"WebSite\",\"@id\":\"https:\/\/www.ellegaard.com\/en\/#website\",\"url\":\"https:\/\/www.ellegaard.com\/en\/\",\"name\":\"Ellegaard Group\",\"description\":\"Totalleverand\u00f8r til industrien: Alt i transportb\u00e5nd, transportsystemer, service og transport\u00f8rer\",\"publisher\":{\"@id\":\"https:\/\/www.ellegaard.com\/en\/#organization\"},\"potentialAction\":[{\"@type\":\"SearchAction\",\"target\":{\"@type\":\"EntryPoint\",\"urlTemplate\":\"https:\/\/www.ellegaard.com\/en\/?s={search_term_string}\"},\"query-input\":{\"@type\":\"PropertyValueSpecification\",\"valueRequired\":true,\"valueName\":\"search_term_string\"}}],\"inLanguage\":\"en-US\"},{\"@type\":\"Organization\",\"@id\":\"https:\/\/www.ellegaard.com\/en\/#organization\",\"name\":\"Ellegaard Group\",\"url\":\"https:\/\/www.ellegaard.com\/en\/\",\"logo\":{\"@type\":\"ImageObject\",\"inLanguage\":\"en-US\",\"@id\":\"https:\/\/www.ellegaard.com\/en\/#\/schema\/logo\/image\/\",\"url\":\"https:\/\/www.ellegaard.com\/wp-content\/uploads\/2021\/09\/logo.svg\",\"contentUrl\":\"https:\/\/www.ellegaard.com\/wp-content\/uploads\/2021\/09\/logo.svg\",\"width\":519,\"height\":46,\"caption\":\"Ellegaard Group\"},\"image\":{\"@id\":\"https:\/\/www.ellegaard.com\/en\/#\/schema\/logo\/image\/\"}}]}<\/script>\n<!-- \/ Yoast SEO plugin. -->","yoast_head_json":{"title":"About us &#183; Ellegaard Group","robots":{"index":"index","follow":"follow","max-snippet":"max-snippet:-1","max-image-preview":"max-image-preview:large","max-video-preview":"max-video-preview:-1"},"canonical":"https:\/\/www.ellegaard.com\/en\/about-us\/","og_locale":"en_US","og_type":"article","og_title":"About us &#183; Ellegaard Group","og_description":"[vc_row full_width=&#8221;stretch_row&#8221; css=&#8221;.vc_custom_1632401912765{border-bottom-width: 1px !important;border-bottom-color: rgba(0,0,0,0.05) !important;border-bottom-style: solid !important;}&#8221;][vc_column][vc_empty_space height=&#8221;60px&#8221;][vc_row_inner][vc_column_inner][vc_column_text el_class=&#8221;custom&#8221;] Ellegaard supply uptime to all industries For machine builders it can be an advantage to choose Ellegaard as a supplier. With us you can get conveyor belts, drum motors, and rollers in one place. It makes your work easier, and you save time. Our ... Read more","og_url":"https:\/\/www.ellegaard.com\/en\/about-us\/","og_site_name":"Ellegaard Group","article_modified_time":"2023-02-09T13:20:56+00:00","og_image":[{"url":"http:\/\/ellegaard.com\/wp-content\/uploads\/2022\/02\/engineer-service-guys.png","type":"","width":"","height":""}],"twitter_card":"summary_large_image","twitter_misc":{"Est. reading time":"5 minutes"},"schema":{"@context":"https:\/\/schema.org","@graph":[{"@type":"WebPage","@id":"https:\/\/www.ellegaard.com\/en\/about-us\/","url":"https:\/\/www.ellegaard.com\/en\/about-us\/","name":"About us &#183; Ellegaard Group","isPartOf":{"@id":"https:\/\/www.ellegaard.com\/en\/#website"},"primaryImageOfPage":{"@id":"https:\/\/www.ellegaard.com\/en\/about-us\/#primaryimage"},"image":{"@id":"https:\/\/www.ellegaard.com\/en\/about-us\/#primaryimage"},"thumbnailUrl":"http:\/\/ellegaard.com\/wp-content\/uploads\/2022\/02\/engineer-service-guys.png","datePublished":"2021-09-17T06:29:40+00:00","dateModified":"2023-02-09T13:20:56+00:00","breadcrumb":{"@id":"https:\/\/www.ellegaard.com\/en\/about-us\/#breadcrumb"},"inLanguage":"en-US","potentialAction":[{"@type":"ReadAction","target":["https:\/\/www.ellegaard.com\/en\/about-us\/"]}]},{"@type":"ImageObject","inLanguage":"en-US","@id":"https:\/\/www.ellegaard.com\/en\/about-us\/#primaryimage","url":"http:\/\/ellegaard.com\/wp-content\/uploads\/2022\/02\/engineer-service-guys.png","contentUrl":"http:\/\/ellegaard.com\/wp-content\/uploads\/2022\/02\/engineer-service-guys.png"},{"@type":"BreadcrumbList","@id":"https:\/\/www.ellegaard.com\/en\/about-us\/#breadcrumb","itemListElement":[{"@type":"ListItem","position":1,"name":"Hjem","item":"https:\/\/www.ellegaard.com\/en\/"},{"@type":"ListItem","position":2,"name":"About us"}]},{"@type":"WebSite","@id":"https:\/\/www.ellegaard.com\/en\/#website","url":"https:\/\/www.ellegaard.com\/en\/","name":"Ellegaard Group","description":"Totalleverand\u00f8r til industrien: Alt i transportb\u00e5nd, transportsystemer, service og transport\u00f8rer","publisher":{"@id":"https:\/\/www.ellegaard.com\/en\/#organization"},"potentialAction":[{"@type":"SearchAction","target":{"@type":"EntryPoint","urlTemplate":"https:\/\/www.ellegaard.com\/en\/?s={search_term_string}"},"query-input":{"@type":"PropertyValueSpecification","valueRequired":true,"valueName":"search_term_string"}}],"inLanguage":"en-US"},{"@type":"Organization","@id":"https:\/\/www.ellegaard.com\/en\/#organization","name":"Ellegaard Group","url":"https:\/\/www.ellegaard.com\/en\/","logo":{"@type":"ImageObject","inLanguage":"en-US","@id":"https:\/\/www.ellegaard.com\/en\/#\/schema\/logo\/image\/","url":"https:\/\/www.ellegaard.com\/wp-content\/uploads\/2021\/09\/logo.svg","contentUrl":"https:\/\/www.ellegaard.com\/wp-content\/uploads\/2021\/09\/logo.svg","width":519,"height":46,"caption":"Ellegaard Group"},"image":{"@id":"https:\/\/www.ellegaard.com\/en\/#\/schema\/logo\/image\/"}}]}},"_links":{"self":[{"href":"https:\/\/www.ellegaard.com\/en\/wp-json\/wp\/v2\/pages\/7939","targetHints":{"allow":["GET"]}}],"collection":[{"href":"https:\/\/www.ellegaard.com\/en\/wp-json\/wp\/v2\/pages"}],"about":[{"href":"https:\/\/www.ellegaard.com\/en\/wp-json\/wp\/v2\/types\/page"}],"author":[{"embeddable":true,"href":"https:\/\/www.ellegaard.com\/en\/wp-json\/wp\/v2\/users\/1"}],"replies":[{"embeddable":true,"href":"https:\/\/www.ellegaard.com\/en\/wp-json\/wp\/v2\/comments?post=7939"}],"version-history":[{"count":34,"href":"https:\/\/www.ellegaard.com\/en\/wp-json\/wp\/v2\/pages\/7939\/revisions"}],"predecessor-version":[{"id":83662,"href":"https:\/\/www.ellegaard.com\/en\/wp-json\/wp\/v2\/pages\/7939\/revisions\/83662"}],"wp:attachment":[{"href":"https:\/\/www.ellegaard.com\/en\/wp-json\/wp\/v2\/media?parent=7939"}],"wp:term":[{"taxonomy":"category","embeddable":true,"href":"https:\/\/www.ellegaard.com\/en\/wp-json\/wp\/v2\/categories?post=7939"}],"curies":[{"name":"wp","href":"https:\/\/api.w.org\/{rel}","templated":true}]}}