{"id":9111,"date":"2022-11-22T13:47:35","date_gmt":"2022-11-22T12:47:35","guid":{"rendered":"http:\/\/ellegaard.com\/schlosserarbeiten\/"},"modified":"2023-08-29T10:42:15","modified_gmt":"2023-08-29T08:42:15","slug":"schlosserarbeiten","status":"publish","type":"page","link":"https:\/\/www.ellegaard.com\/de\/schlosserarbeiten\/","title":{"rendered":"Schlosserarbeiten"},"content":{"rendered":"<section class=\"wpb-content-wrapper\"><p>[vc_row full_width=&#8220;stretch_row&#8220; css=&#8220;.vc_custom_1632401993261{border-bottom-width: 1px !important;border-bottom-color: rgba(0,0,0,0.05) !important;border-bottom-style: solid !important;}&#8220;][vc_column][vc_empty_space height=&#8220;60px&#8220;][vc_column_text]<\/p>\n<h1>Schlosserarbeiten<\/h1>\n<p><img decoding=\"async\" class=\"alignnone size-full wp-image-9100\" src=\"https:\/\/ellegaard.com\/wp-content\/uploads\/2022\/11\/lineup-smedearbjede.jpg\" alt=\"\" width=\"1200\" height=\"150\" srcset=\"https:\/\/www.ellegaard.com\/wp-content\/uploads\/2022\/11\/lineup-smedearbjede.jpg 1200w, https:\/\/www.ellegaard.com\/wp-content\/uploads\/2022\/11\/lineup-smedearbjede-768x96.jpg 768w\" sizes=\"(max-width: 1200px) 100vw, 1200px\" \/>[\/vc_column_text][vc_empty_space height=&#8220;30px&#8220;][vc_row_inner][vc_column_inner width=&#8220;2\/3&#8243;][vc_toggle title=&#8220;Rohr- und Schlosserarbeiten&#8220; style=&#8220;text_only&#8220; size=&#8220;lg&#8220; custom_font_container=&#8220;tag:h2|font_size:20px|text_align:center|color:%23ffffff|line_height:24px&#8220; custom_use_theme_fonts=&#8220;yes&#8220; use_custom_heading=&#8220;true&#8220; css=&#8220;.vc_custom_1693298526971{margin-bottom: 15px !important;}&#8220;]<\/p>\n<h4>Rohr- und Schlosserarbeiten<\/h4>\n<ul>\n<li>Wir f\u00fchren Schmiede- und Rohrarbeiten f\u00fcr alle Branchen aus.<\/li>\n<li>Zertifikatschwei\u00dfen in rostfreier Ausf\u00fchrung<\/li>\n<li>Gesetzliche Tankpr\u00fcfungen<\/li>\n<li>Durchf\u00fchrung von Arbeiten innerhalb von ATEX-Zonen (explosionsgef\u00e4hrdete Bereiche)<\/li>\n<li>Fachleute mit einem ATEX-Zertifikat und einem Kurs in Hei\u00dfarbeiten<\/li>\n<\/ul>\n<p>Kontaktieren Sie uns gerne unter +45 8020 8020 f\u00fcr ein Angebot &#8211; auch f\u00fcr Gro\u00dfprojekte<\/p>\n<p>Alle Arten von Rohrarbeiten[\/vc_toggle][vc_toggle title=&#8220;Schmiede- und Industrieservice&#8220; style=&#8220;text_only&#8220; size=&#8220;lg&#8220; custom_font_container=&#8220;tag:h2|font_size:20px|text_align:center|color:%23ffffff|line_height:24px&#8220; custom_use_theme_fonts=&#8220;yes&#8220; use_custom_heading=&#8220;true&#8220; css=&#8220;.vc_custom_1693298533287{margin-bottom: 15px !important;}&#8220;]<\/p>\n<h4>Schmiede- und Industrieservice<\/h4>\n<p>Fl\u00fcssigkeitstemperaturen standhalten<\/p>\n<ul>\n<li>Wir f\u00fchren Schmiede- und Rohrarbeiten f\u00fcr alle Branchen aus.<\/li>\n<li>Zertifikatschwei\u00dfen in rostfreier Ausf\u00fchrung<\/li>\n<li>Gesetzliche Tankpr\u00fcfungen<\/li>\n<li>Durchf\u00fchrung von Arbeiten innerhalb von ATEX-Zonen (explosionsgef\u00e4hrdete Bereiche)<\/li>\n<li>Fachleute mit einem ATEX-Zertifikat und einem Kurs in Hei\u00dfarbeiten<\/li>\n<\/ul>\n<p><img decoding=\"async\" class=\"alignnone wp-image-7873\" src=\"https:\/\/ellegaard.com\/wp-content\/uploads\/2022\/03\/91A0802-web.jpg\" alt=\"\" width=\"300\" height=\"200\" srcset=\"https:\/\/www.ellegaard.com\/wp-content\/uploads\/2022\/03\/91A0802-web.jpg 1200w, https:\/\/www.ellegaard.com\/wp-content\/uploads\/2022\/03\/91A0802-web-768x512.jpg 768w\" sizes=\"(max-width: 300px) 100vw, 300px\" \/> <img decoding=\"async\" class=\"alignnone wp-image-7875\" src=\"https:\/\/ellegaard.com\/wp-content\/uploads\/2022\/03\/91A0864-web.jpg\" alt=\"\" width=\"300\" height=\"200\" srcset=\"https:\/\/www.ellegaard.com\/wp-content\/uploads\/2022\/03\/91A0864-web.jpg 1200w, https:\/\/www.ellegaard.com\/wp-content\/uploads\/2022\/03\/91A0864-web-768x512.jpg 768w\" sizes=\"(max-width: 300px) 100vw, 300px\" \/><\/p>\n<p><img decoding=\"async\" class=\"alignnone wp-image-7703\" src=\"https:\/\/ellegaard.com\/wp-content\/uploads\/2022\/02\/Teknik-og-konstruktion.jpg\" alt=\"\" width=\"614\" height=\"346\" \/>[\/vc_toggle]<div class=\"ult-spacer spacer-69d1a23654e37\" data-id=\"69d1a23654e37\" data-height=\"0\" data-height-mobile=\"30\" data-height-tab=\"0\" data-height-tab-portrait=\"0\" data-height-mobile-landscape=\"30\" style=\"clear:both;display:block;\"><\/div>[\/vc_column_inner][vc_column_inner width=&#8220;1\/3&#8243;]<div class=\"ult_row_spacer\"><div class=\"ult-sticky-anchor\"><div class=\"ult-sticky-section ult-sticky \"  data-gutter= '60' data-stick_behaviour= 'stick_with_scroll_row'  data-sticky_position= 'top' data-mobile='no' data-support='no'>[vc_wp_custommenu nav_menu=&#8220;10&#8243;]<\/div><div class=\"ult-space\"><\/div><\/div><\/div>[\/vc_column_inner][\/vc_row_inner][vc_empty_space height=&#8220;60px&#8220;][\/vc_column][\/vc_row]<\/p>\n<\/section>","protected":false},"excerpt":{"rendered":"<p>[vc_row full_width=&#8220;stretch_row&#8220; css=&#8220;.vc_custom_1632401993261{border-bottom-width: 1px !important;border-bottom-color: rgba(0,0,0,0.05) !important;border-bottom-style: solid !important;}&#8220;][vc_column][vc_empty_space height=&#8220;60px&#8220;][vc_column_text] Schlosserarbeiten [\/vc_column_text][vc_empty_space height=&#8220;30px&#8220;][vc_row_inner][vc_column_inner width=&#8220;2\/3&#8243;][vc_toggle title=&#8220;Rohr- und Schlosserarbeiten&#8220; style=&#8220;text_only&#8220; size=&#8220;lg&#8220; custom_font_container=&#8220;tag:h2|font_size:20px|text_align:center|color:%23ffffff|line_height:24px&#8220; custom_use_theme_fonts=&#8220;yes&#8220; use_custom_heading=&#8220;true&#8220; css=&#8220;.vc_custom_1693298526971{margin-bottom: 15px !important;}&#8220;] Rohr- und Schlosserarbeiten Wir f\u00fchren Schmiede- und Rohrarbeiten f\u00fcr alle Branchen aus. Zertifikatschwei\u00dfen in rostfreier Ausf\u00fchrung Gesetzliche Tankpr\u00fcfungen Durchf\u00fchrung von Arbeiten innerhalb von ATEX-Zonen (explosionsgef\u00e4hrdete Bereiche) Fachleute mit einem ATEX-Zertifikat &#8230; <a title=\"Schlosserarbeiten\" class=\"read-more\" href=\"https:\/\/www.ellegaard.com\/de\/schlosserarbeiten\/\" aria-label=\"Mehr Informationen \u00fcber Schlosserarbeiten\">Weiterlesen &#8230;<\/a><\/p>\n","protected":false},"author":4,"featured_media":0,"parent":0,"menu_order":0,"comment_status":"closed","ping_status":"closed","template":"","meta":{"_acf_changed":false,"footnotes":""},"categories":[],"class_list":["post-9111","page","type-page","status-publish"],"acf":[],"yoast_head":"<!-- This site is optimized with the Yoast SEO plugin v27.1.1 - https:\/\/yoast.com\/product\/yoast-seo-wordpress\/ -->\n<title>Schlosserarbeiten &#183; Ellegaard Group<\/title>\n<meta name=\"robots\" content=\"index, follow, max-snippet:-1, max-image-preview:large, max-video-preview:-1\" \/>\n<link rel=\"canonical\" href=\"https:\/\/www.ellegaard.com\/de\/schlosserarbeiten\/\" \/>\n<meta property=\"og:locale\" content=\"de_DE\" \/>\n<meta property=\"og:type\" content=\"article\" \/>\n<meta property=\"og:title\" content=\"Schlosserarbeiten &#183; Ellegaard Group\" \/>\n<meta property=\"og:description\" content=\"[vc_row full_width=&#8220;stretch_row&#8220; css=&#8220;.vc_custom_1632401993261{border-bottom-width: 1px !important;border-bottom-color: rgba(0,0,0,0.05) !important;border-bottom-style: solid !important;}&#8220;][vc_column][vc_empty_space height=&#8220;60px&#8220;][vc_column_text] Schlosserarbeiten [\/vc_column_text][vc_empty_space height=&#8220;30px&#8220;][vc_row_inner][vc_column_inner width=&#8220;2\/3&#8243;][vc_toggle title=&#8220;Rohr- und Schlosserarbeiten&#8220; style=&#8220;text_only&#8220; size=&#8220;lg&#8220; custom_font_container=&#8220;tag:h2|font_size:20px|text_align:center|color:%23ffffff|line_height:24px&#8220; custom_use_theme_fonts=&#8220;yes&#8220; use_custom_heading=&#8220;true&#8220; css=&#8220;.vc_custom_1693298526971{margin-bottom: 15px !important;}&#8220;] Rohr- und Schlosserarbeiten Wir f\u00fchren Schmiede- und Rohrarbeiten f\u00fcr alle Branchen aus. Zertifikatschwei\u00dfen in rostfreier Ausf\u00fchrung Gesetzliche Tankpr\u00fcfungen Durchf\u00fchrung von Arbeiten innerhalb von ATEX-Zonen (explosionsgef\u00e4hrdete Bereiche) Fachleute mit einem ATEX-Zertifikat ... Weiterlesen ...\" \/>\n<meta property=\"og:url\" content=\"https:\/\/www.ellegaard.com\/de\/schlosserarbeiten\/\" \/>\n<meta property=\"og:site_name\" content=\"Ellegaard Group\" \/>\n<meta property=\"article:modified_time\" content=\"2023-08-29T08:42:15+00:00\" \/>\n<meta property=\"og:image\" content=\"https:\/\/ellegaard.com\/wp-content\/uploads\/2022\/11\/lineup-smedearbjede.jpg\" \/>\n<meta name=\"twitter:card\" content=\"summary_large_image\" \/>\n<meta name=\"twitter:label1\" content=\"Gesch\u00e4tzte Lesezeit\" \/>\n\t<meta name=\"twitter:data1\" content=\"2\u00a0Minuten\" \/>\n<script type=\"application\/ld+json\" class=\"yoast-schema-graph\">{\"@context\":\"https:\/\/schema.org\",\"@graph\":[{\"@type\":\"WebPage\",\"@id\":\"https:\/\/www.ellegaard.com\/de\/schlosserarbeiten\/\",\"url\":\"https:\/\/www.ellegaard.com\/de\/schlosserarbeiten\/\",\"name\":\"Schlosserarbeiten &#183; Ellegaard Group\",\"isPartOf\":{\"@id\":\"https:\/\/www.ellegaard.com\/de\/#website\"},\"primaryImageOfPage\":{\"@id\":\"https:\/\/www.ellegaard.com\/de\/schlosserarbeiten\/#primaryimage\"},\"image\":{\"@id\":\"https:\/\/www.ellegaard.com\/de\/schlosserarbeiten\/#primaryimage\"},\"thumbnailUrl\":\"https:\/\/ellegaard.com\/wp-content\/uploads\/2022\/11\/lineup-smedearbjede.jpg\",\"datePublished\":\"2022-11-22T12:47:35+00:00\",\"dateModified\":\"2023-08-29T08:42:15+00:00\",\"breadcrumb\":{\"@id\":\"https:\/\/www.ellegaard.com\/de\/schlosserarbeiten\/#breadcrumb\"},\"inLanguage\":\"de\",\"potentialAction\":[{\"@type\":\"ReadAction\",\"target\":[\"https:\/\/www.ellegaard.com\/de\/schlosserarbeiten\/\"]}]},{\"@type\":\"ImageObject\",\"inLanguage\":\"de\",\"@id\":\"https:\/\/www.ellegaard.com\/de\/schlosserarbeiten\/#primaryimage\",\"url\":\"https:\/\/ellegaard.com\/wp-content\/uploads\/2022\/11\/lineup-smedearbjede.jpg\",\"contentUrl\":\"https:\/\/ellegaard.com\/wp-content\/uploads\/2022\/11\/lineup-smedearbjede.jpg\"},{\"@type\":\"BreadcrumbList\",\"@id\":\"https:\/\/www.ellegaard.com\/de\/schlosserarbeiten\/#breadcrumb\",\"itemListElement\":[{\"@type\":\"ListItem\",\"position\":1,\"name\":\"Hjem\",\"item\":\"https:\/\/www.ellegaard.com\/de\/\"},{\"@type\":\"ListItem\",\"position\":2,\"name\":\"Schlosserarbeiten\"}]},{\"@type\":\"WebSite\",\"@id\":\"https:\/\/www.ellegaard.com\/de\/#website\",\"url\":\"https:\/\/www.ellegaard.com\/de\/\",\"name\":\"Ellegaard Group\",\"description\":\"Totalleverand\u00f8r til industrien: Alt i transportb\u00e5nd, transportsystemer, service og transport\u00f8rer\",\"publisher\":{\"@id\":\"https:\/\/www.ellegaard.com\/de\/#organization\"},\"potentialAction\":[{\"@type\":\"SearchAction\",\"target\":{\"@type\":\"EntryPoint\",\"urlTemplate\":\"https:\/\/www.ellegaard.com\/de\/?s={search_term_string}\"},\"query-input\":{\"@type\":\"PropertyValueSpecification\",\"valueRequired\":true,\"valueName\":\"search_term_string\"}}],\"inLanguage\":\"de\"},{\"@type\":\"Organization\",\"@id\":\"https:\/\/www.ellegaard.com\/de\/#organization\",\"name\":\"Ellegaard Group\",\"url\":\"https:\/\/www.ellegaard.com\/de\/\",\"logo\":{\"@type\":\"ImageObject\",\"inLanguage\":\"de\",\"@id\":\"https:\/\/www.ellegaard.com\/de\/#\/schema\/logo\/image\/\",\"url\":\"https:\/\/www.ellegaard.com\/wp-content\/uploads\/2021\/09\/logo.svg\",\"contentUrl\":\"https:\/\/www.ellegaard.com\/wp-content\/uploads\/2021\/09\/logo.svg\",\"width\":519,\"height\":46,\"caption\":\"Ellegaard Group\"},\"image\":{\"@id\":\"https:\/\/www.ellegaard.com\/de\/#\/schema\/logo\/image\/\"}}]}<\/script>\n<!-- \/ Yoast SEO plugin. -->","yoast_head_json":{"title":"Schlosserarbeiten &#183; Ellegaard Group","robots":{"index":"index","follow":"follow","max-snippet":"max-snippet:-1","max-image-preview":"max-image-preview:large","max-video-preview":"max-video-preview:-1"},"canonical":"https:\/\/www.ellegaard.com\/de\/schlosserarbeiten\/","og_locale":"de_DE","og_type":"article","og_title":"Schlosserarbeiten &#183; Ellegaard Group","og_description":"[vc_row full_width=&#8220;stretch_row&#8220; css=&#8220;.vc_custom_1632401993261{border-bottom-width: 1px !important;border-bottom-color: rgba(0,0,0,0.05) !important;border-bottom-style: solid !important;}&#8220;][vc_column][vc_empty_space height=&#8220;60px&#8220;][vc_column_text] Schlosserarbeiten [\/vc_column_text][vc_empty_space height=&#8220;30px&#8220;][vc_row_inner][vc_column_inner width=&#8220;2\/3&#8243;][vc_toggle title=&#8220;Rohr- und Schlosserarbeiten&#8220; style=&#8220;text_only&#8220; size=&#8220;lg&#8220; custom_font_container=&#8220;tag:h2|font_size:20px|text_align:center|color:%23ffffff|line_height:24px&#8220; custom_use_theme_fonts=&#8220;yes&#8220; use_custom_heading=&#8220;true&#8220; css=&#8220;.vc_custom_1693298526971{margin-bottom: 15px !important;}&#8220;] Rohr- und Schlosserarbeiten Wir f\u00fchren Schmiede- und Rohrarbeiten f\u00fcr alle Branchen aus. Zertifikatschwei\u00dfen in rostfreier Ausf\u00fchrung Gesetzliche Tankpr\u00fcfungen Durchf\u00fchrung von Arbeiten innerhalb von ATEX-Zonen (explosionsgef\u00e4hrdete Bereiche) Fachleute mit einem ATEX-Zertifikat ... Weiterlesen ...","og_url":"https:\/\/www.ellegaard.com\/de\/schlosserarbeiten\/","og_site_name":"Ellegaard Group","article_modified_time":"2023-08-29T08:42:15+00:00","og_image":[{"url":"https:\/\/ellegaard.com\/wp-content\/uploads\/2022\/11\/lineup-smedearbjede.jpg","type":"","width":"","height":""}],"twitter_card":"summary_large_image","twitter_misc":{"Gesch\u00e4tzte Lesezeit":"2\u00a0Minuten"},"schema":{"@context":"https:\/\/schema.org","@graph":[{"@type":"WebPage","@id":"https:\/\/www.ellegaard.com\/de\/schlosserarbeiten\/","url":"https:\/\/www.ellegaard.com\/de\/schlosserarbeiten\/","name":"Schlosserarbeiten &#183; Ellegaard Group","isPartOf":{"@id":"https:\/\/www.ellegaard.com\/de\/#website"},"primaryImageOfPage":{"@id":"https:\/\/www.ellegaard.com\/de\/schlosserarbeiten\/#primaryimage"},"image":{"@id":"https:\/\/www.ellegaard.com\/de\/schlosserarbeiten\/#primaryimage"},"thumbnailUrl":"https:\/\/ellegaard.com\/wp-content\/uploads\/2022\/11\/lineup-smedearbjede.jpg","datePublished":"2022-11-22T12:47:35+00:00","dateModified":"2023-08-29T08:42:15+00:00","breadcrumb":{"@id":"https:\/\/www.ellegaard.com\/de\/schlosserarbeiten\/#breadcrumb"},"inLanguage":"de","potentialAction":[{"@type":"ReadAction","target":["https:\/\/www.ellegaard.com\/de\/schlosserarbeiten\/"]}]},{"@type":"ImageObject","inLanguage":"de","@id":"https:\/\/www.ellegaard.com\/de\/schlosserarbeiten\/#primaryimage","url":"https:\/\/ellegaard.com\/wp-content\/uploads\/2022\/11\/lineup-smedearbjede.jpg","contentUrl":"https:\/\/ellegaard.com\/wp-content\/uploads\/2022\/11\/lineup-smedearbjede.jpg"},{"@type":"BreadcrumbList","@id":"https:\/\/www.ellegaard.com\/de\/schlosserarbeiten\/#breadcrumb","itemListElement":[{"@type":"ListItem","position":1,"name":"Hjem","item":"https:\/\/www.ellegaard.com\/de\/"},{"@type":"ListItem","position":2,"name":"Schlosserarbeiten"}]},{"@type":"WebSite","@id":"https:\/\/www.ellegaard.com\/de\/#website","url":"https:\/\/www.ellegaard.com\/de\/","name":"Ellegaard Group","description":"Totalleverand\u00f8r til industrien: Alt i transportb\u00e5nd, transportsystemer, service og transport\u00f8rer","publisher":{"@id":"https:\/\/www.ellegaard.com\/de\/#organization"},"potentialAction":[{"@type":"SearchAction","target":{"@type":"EntryPoint","urlTemplate":"https:\/\/www.ellegaard.com\/de\/?s={search_term_string}"},"query-input":{"@type":"PropertyValueSpecification","valueRequired":true,"valueName":"search_term_string"}}],"inLanguage":"de"},{"@type":"Organization","@id":"https:\/\/www.ellegaard.com\/de\/#organization","name":"Ellegaard Group","url":"https:\/\/www.ellegaard.com\/de\/","logo":{"@type":"ImageObject","inLanguage":"de","@id":"https:\/\/www.ellegaard.com\/de\/#\/schema\/logo\/image\/","url":"https:\/\/www.ellegaard.com\/wp-content\/uploads\/2021\/09\/logo.svg","contentUrl":"https:\/\/www.ellegaard.com\/wp-content\/uploads\/2021\/09\/logo.svg","width":519,"height":46,"caption":"Ellegaard Group"},"image":{"@id":"https:\/\/www.ellegaard.com\/de\/#\/schema\/logo\/image\/"}}]}},"_links":{"self":[{"href":"https:\/\/www.ellegaard.com\/de\/wp-json\/wp\/v2\/pages\/9111","targetHints":{"allow":["GET"]}}],"collection":[{"href":"https:\/\/www.ellegaard.com\/de\/wp-json\/wp\/v2\/pages"}],"about":[{"href":"https:\/\/www.ellegaard.com\/de\/wp-json\/wp\/v2\/types\/page"}],"author":[{"embeddable":true,"href":"https:\/\/www.ellegaard.com\/de\/wp-json\/wp\/v2\/users\/4"}],"replies":[{"embeddable":true,"href":"https:\/\/www.ellegaard.com\/de\/wp-json\/wp\/v2\/comments?post=9111"}],"version-history":[{"count":7,"href":"https:\/\/www.ellegaard.com\/de\/wp-json\/wp\/v2\/pages\/9111\/revisions"}],"predecessor-version":[{"id":84671,"href":"https:\/\/www.ellegaard.com\/de\/wp-json\/wp\/v2\/pages\/9111\/revisions\/84671"}],"wp:attachment":[{"href":"https:\/\/www.ellegaard.com\/de\/wp-json\/wp\/v2\/media?parent=9111"}],"wp:term":[{"taxonomy":"category","embeddable":true,"href":"https:\/\/www.ellegaard.com\/de\/wp-json\/wp\/v2\/categories?post=9111"}],"curies":[{"name":"wp","href":"https:\/\/api.w.org\/{rel}","templated":true}]}}