{"id":8673,"date":"2021-09-17T08:32:07","date_gmt":"2021-09-17T06:32:07","guid":{"rendered":"http:\/\/ellegaard.com\/produkte\/transport-schwerer-gegenstaende-transportkoffer\/"},"modified":"2023-08-29T10:41:53","modified_gmt":"2023-08-29T08:41:53","slug":"transport-schwerer-gegenstaende-transportkoffer","status":"publish","type":"page","link":"https:\/\/www.ellegaard.com\/de\/produkte\/transport-schwerer-gegenstaende-transportkoffer\/","title":{"rendered":"Transport schwerer Gegenst\u00e4nde Transportkoffer"},"content":{"rendered":"<section class=\"wpb-content-wrapper\"><p>[vc_row full_width=&#8220;stretch_row&#8220; css=&#8220;.vc_custom_1632401993261{border-bottom-width: 1px !important;border-bottom-color: rgba(0,0,0,0.05) !important;border-bottom-style: solid !important;}&#8220;][vc_column][vc_empty_space height=&#8220;60px&#8220;][vc_column_text]<\/p>\n<h1>Transport schwerer Gegenst\u00e4nde<\/h1>\n<h1>Transportkoffer<\/h1>\n<p>[\/vc_column_text][vc_empty_space height=&#8220;30px&#8220;][vc_row_inner][vc_column_inner width=&#8220;2\/3&#8243;][vc_toggle title=&#8220;AeroGo&#8220; style=&#8220;text_only&#8220; size=&#8220;lg&#8220; custom_font_container=&#8220;tag:h2|font_size:20px|text_align:center|color:%23ffffff|line_height:24px&#8220; custom_use_theme_fonts=&#8220;yes&#8220; use_custom_heading=&#8220;true&#8220; css=&#8220;.vc_custom_1693298505330{margin-bottom: 15px !important;}&#8220;]<\/p>\n<h4>Bewegen schwerer Gegenst\u00e4nde mit einem Luftkissensystem<\/h4>\n<p><img decoding=\"async\" class=\"alignnone wp-image-5638\" src=\"http:\/\/ellegaard.com\/wp-content\/uploads\/2022\/02\/AeroGo-transporter.jpg\" alt=\"\" width=\"199\" height=\"200\" \/> <img decoding=\"async\" class=\"alignnone wp-image-5639\" src=\"http:\/\/ellegaard.com\/wp-content\/uploads\/2022\/02\/AeroGo-loadRunner.jpg\" alt=\"\" width=\"246\" height=\"200\" \/> <img decoding=\"async\" class=\"alignnone wp-image-5640\" src=\"http:\/\/ellegaard.com\/wp-content\/uploads\/2022\/02\/AeroGo-caster-rigging-system.jpg\" alt=\"\" width=\"271\" height=\"200\" \/><\/p>\n<p>AeroGo ist ein flexibles System, das eine effiziente und wirtschaftliche Materialhandhabung bietet. Es ist ein sicheres System f\u00fcr den internen Transport, den Transport von Maschinen und schweren G\u00fctern mit Luft. Einzige Voraussetzung ist eine ebene Fl\u00e4che, die keine Luft absorbiert. Das AeroGo-System ist ideal zum Bewegen von Maschinen in Produktionen, in denen es teuer ist, Produktionslinien stillstehen zu lassen, wenn mit Kr\u00e4nen angehoben werden muss.<\/p>\n<ul>\n<li>G\u00fcnstiger als herk\u00f6mmliche L\u00f6sungen<\/li>\n<li>Pr\u00e4zise Steuerung mit voller Bewegungsfreiheit<\/li>\n<li>Leicht zu bedienen<\/li>\n<li>Keine Abnutzung der B\u00f6den<\/li>\n<li>Mehr Sicherheit<\/li>\n<\/ul>\n<p>Da das Ger\u00e4t nicht hoch hebt und sich um die eigene Achse drehen kann, kann es problemlos von 2 Personen zwischen Produktionslinien man\u00f6vriert werden. Das AeroGo-System ist so flexibel, dass es auch f\u00fcr andere Aufgaben verwendet werden kann \u2013 zum Beispiel, um einen Rahmen\/eine Wiege mit darauf gewickelten<\/p>\n<p>Rohren zu bewegen. Die Anschaffung eines AeroGo-Transportmoduls kann sich durch Einsparungen bei Kranen, Produktionsunterbrechungen und anderen damit verbundenen Kosten schnell amortisieren.<\/p>\n<p>Wir k\u00f6nnen ein AeroGo-System mit speziell entwickelten Modulen, die mit dem System verbunden werden, genau an Ihre Bed\u00fcrfnisse anpassen. Nahezu alle Transportaufgaben k\u00f6nnen gel\u00f6st werden; von sto\u00dfempfindlichen Objekten bis hin zu gro\u00dfen, schwer zu handhabenden und sehr schweren Objekten.<\/p>\n<p>Kontaktieren Sie uns unter <strong>+45 8020 8020<\/strong> und erhalten Sie eine ma\u00dfgeschneiderte L\u00f6sung, die Ihren Anforderungen entspricht. Brosch\u00fcren herunterladen<\/p>\n<p><img decoding=\"async\" class=\"alignnone wp-image-5630\" src=\"http:\/\/ellegaard.com\/wp-content\/uploads\/2022\/02\/Aerogo-1.jpg\" alt=\"\" width=\"300\" height=\"375\" \/> <img decoding=\"async\" class=\"alignnone wp-image-5631\" src=\"http:\/\/ellegaard.com\/wp-content\/uploads\/2022\/02\/Aerogo-2.jpg\" alt=\"\" width=\"300\" height=\"375\" \/><\/p>\n<p><img decoding=\"async\" class=\"size-medium wp-image-5632\" src=\"http:\/\/ellegaard.com\/wp-content\/uploads\/2022\/02\/Aerogo-3.jpg\" alt=\"\" width=\"600\" height=\"450\" \/><\/p>\n<p><a href=\"http:\/\/ellegaard.com\/wp-content\/uploads\/2022\/02\/AeroGo-Ellegaard-2017-web.pdf\"><strong>Brosch\u00fcren herunterladen<\/strong><\/a><\/p>\n<p><a href=\"http:\/\/ellegaard.com\/wp-content\/uploads\/2022\/02\/AeroGo-Ellegaard-2017-web.pdf\"><img decoding=\"async\" class=\"alignnone size-full wp-image-5634\" src=\"http:\/\/ellegaard.com\/wp-content\/uploads\/2022\/02\/AeroGo-web-cover.jpg\" alt=\"\" width=\"100\" height=\"141\" \/><\/a>[\/vc_toggle][vc_single_image image=&#8220;7763&#8243; img_size=&#8220;full&#8220;]<div class=\"ult-spacer spacer-69f16b7d82e16\" data-id=\"69f16b7d82e16\" data-height=\"60\" data-height-mobile=\"30\" data-height-tab=\"0\" data-height-tab-portrait=\"0\" data-height-mobile-landscape=\"30\" style=\"clear:both;display:block;\"><\/div>[vc_toggle title=&#8220;SuproBox&#8220; style=&#8220;text_only&#8220; size=&#8220;lg&#8220; custom_font_container=&#8220;tag:h3|font_size:20px|text_align:center|color:%23ffffff|line_height:24px&#8220; custom_use_theme_fonts=&#8220;yes&#8220; use_custom_heading=&#8220;true&#8220; css=&#8220;.vc_custom_1645180087244{margin-bottom: 15px !important;}&#8220;]<\/p>\n<h4><strong>Sicherer Transport mit der Suprobox R-Serie<\/strong><\/h4>\n<ul>\n<li>Easy Grip robuster, rostfreier Stahlgriff<\/li>\n<li>Atmungsl\u00f6cher<\/li>\n<li>76-mm verst\u00e4rkte R\u00e4der<\/li>\n<li>Multibrix Stapelsystem<\/li>\n<li>Rostfreier Stahl, robuster Schlie\u00dfmechanismus<\/li>\n<li>Wasserdichte Silikonversiegelung zwischen<\/li>\n<li>Kasten und Deckel Mit einer soliden und einzigartigen Struktur hergestellt<\/li>\n<li>Extra widerstandsf\u00e4hig gegen St\u00f6\u00dfe und Vibrationen<\/li>\n<li>UV-best\u00e4ndig<\/li>\n<li>Hergestellt, um extremen Temperaturen und Sonneneinstrahlung standzuhalten<\/li>\n<\/ul>\n<p><img decoding=\"async\" class=\"alignnone wp-image-5635\" src=\"http:\/\/ellegaard.com\/wp-content\/uploads\/2022\/02\/Stacking-system1.jpg\" alt=\"\" width=\"405\" height=\"200\" \/> <img decoding=\"async\" class=\"alignnone wp-image-5636\" src=\"http:\/\/ellegaard.com\/wp-content\/uploads\/2022\/02\/Suprobox-airport.jpg\" alt=\"\" width=\"283\" height=\"200\" srcset=\"https:\/\/www.ellegaard.com\/wp-content\/uploads\/2022\/02\/Suprobox-airport.jpg 840w, https:\/\/www.ellegaard.com\/wp-content\/uploads\/2022\/02\/Suprobox-airport-768x543.jpg 768w\" sizes=\"(max-width: 283px) 100vw, 283px\" \/><\/p>\n<p>Multibrix ist ein patentiertes einzigartiges Stapel- und Aufbewahrungssystem, mit dem es m\u00f6glich ist, gleichgro\u00dfe und verschiedengro\u00dfe Koffer sicher zu stapeln und zu kreuzstapeln.<\/p>\n<p>Das Multibrix Stapel- und Aufbewahrungssystem greift einfach ineinander, sodass sicher gestapelt werden kann. Dasselbe System erm\u00f6glicht es, die Kisten im 90\u00b0-Winkel zu stapeln und so als zus\u00e4tzliche platzsparende Option zu transportieren.<\/p>\n<p>Die Multibrix Stapelfunktion ist so designt, dass sie die strukturell-robuste Konstruktion im Koffer verst\u00e4rkt. Die Gridlinien des Deckels sind speziell so designt, dass mehrere auf der gleichen Palette gestapelt werden k\u00f6nnen.<\/p>\n<p>Die Suprobox\u00ae ist in kumulativen Gr\u00f6\u00dfen von 10 cm erh\u00e4ltlich, womit sie perfekt f\u00fcr das Stapeln auf Standardpaletten und zur metrischen Packung geeignet sind.<\/p>\n<h4><strong>Sto\u00df- und Vibrationsd\u00e4mpfung<\/strong><\/h4>\n<p>Empfindliche Ger\u00e4te und Instrumente werden vollst\u00e4ndig gesch\u00fctzt vor St\u00f6\u00dfen, Vibrationen, Feuchtigkeit und Aufprall transportiert und eingesetzt. Die K\u00e4sten sind mit dem relevanten Schaumtyp und\/oder sto\u00dfabsorbierenden Material im Sinne der Anforderungen des Projekts ausgestattet.<\/p>\n<p>Als Teil unseres Produktionsprozesses sind alle Schaumeins\u00e4tze CAD designt und ma\u00dfgeschneidert, in-house, mit einer CNC-Fr\u00e4se, Laminierung, Bohrung und Handformung.<\/p>\n<p>Die Suprobox R Serie Auskleidungssch\u00e4ume werden speziell ausgew\u00e4hlt, um dem Gewicht und den Sto\u00df-\/Vibrationsanforderungen an das zu transportierende Produkt zu entsprechen. Au\u00dferdem werden bei Bedarf spezielle antistatische und leitf\u00e4hige Sch\u00e4ume f\u00fcr elektrostatisch empfindliche Ger\u00e4te verwendet.<\/p>\n<h4><strong>Das komplette Paket<\/strong><\/h4>\n<p>Kisten der Suprobox R-Serie bieten einen kompletten Service, einschlie\u00dflich hauseigenem Design, Fertigung, Anpassung und Innenausstattung. Unser Vertriebsteam und unsere Konstrukteure arbeiten zusammen, um die perfekte L\u00f6sung zu schaffen, beginnend mit der Auswahl des richtigen Kastens und des richtigen D\u00e4mpfungsmaterials.<\/p>\n<p><a href=\"http:\/\/ellegaard.com\/wp-content\/uploads\/2022\/02\/Suprobox.pdf\"><strong>Brosch\u00fcre herunterladen<\/strong><\/a><\/p>\n<p><a href=\"http:\/\/ellegaard.com\/wp-content\/uploads\/2022\/02\/Suprobox.pdf\"><img decoding=\"async\" class=\"alignnone size-full wp-image-5637\" src=\"http:\/\/ellegaard.com\/wp-content\/uploads\/2022\/02\/Suprobox-web-cover.jpg\" alt=\"\" width=\"100\" height=\"141\" \/><\/a>[\/vc_toggle][vc_single_image image=&#8220;7765&#8243; img_size=&#8220;full&#8220;]<div class=\"ult-spacer spacer-69f16b7d82e64\" data-id=\"69f16b7d82e64\" data-height=\"0\" data-height-mobile=\"30\" data-height-tab=\"0\" data-height-tab-portrait=\"0\" data-height-mobile-landscape=\"30\" style=\"clear:both;display:block;\"><\/div>[\/vc_column_inner][vc_column_inner width=&#8220;1\/3&#8243;]<div class=\"ult_row_spacer\"><div class=\"ult-sticky-anchor\"><div class=\"ult-sticky-section ult-sticky \"  data-gutter= '60' data-stick_behaviour= 'stick_with_scroll_row'  data-sticky_position= 'top' data-mobile='no' data-support='no'>[vc_wp_custommenu nav_menu=&#8220;10&#8243;]<\/div><div class=\"ult-space\"><\/div><\/div><\/div>[\/vc_column_inner][\/vc_row_inner][vc_empty_space height=&#8220;60px&#8220;][\/vc_column][\/vc_row][vc_row][vc_column][\/vc_column][\/vc_row]<\/p>\n<\/section>","protected":false},"excerpt":{"rendered":"<p>[vc_row full_width=&#8220;stretch_row&#8220; css=&#8220;.vc_custom_1632401993261{border-bottom-width: 1px !important;border-bottom-color: rgba(0,0,0,0.05) !important;border-bottom-style: solid !important;}&#8220;][vc_column][vc_empty_space height=&#8220;60px&#8220;][vc_column_text] Transport schwerer Gegenst\u00e4nde Transportkoffer [\/vc_column_text][vc_empty_space height=&#8220;30px&#8220;][vc_row_inner][vc_column_inner width=&#8220;2\/3&#8243;][vc_toggle title=&#8220;AeroGo&#8220; style=&#8220;text_only&#8220; size=&#8220;lg&#8220; custom_font_container=&#8220;tag:h2|font_size:20px|text_align:center|color:%23ffffff|line_height:24px&#8220; custom_use_theme_fonts=&#8220;yes&#8220; use_custom_heading=&#8220;true&#8220; css=&#8220;.vc_custom_1693298505330{margin-bottom: 15px !important;}&#8220;] Bewegen schwerer Gegenst\u00e4nde mit einem Luftkissensystem AeroGo ist ein flexibles System, das eine effiziente und wirtschaftliche Materialhandhabung bietet. Es ist ein sicheres System f\u00fcr den internen Transport, den Transport &#8230; <a title=\"Transport schwerer Gegenst\u00e4nde Transportkoffer\" class=\"read-more\" href=\"https:\/\/www.ellegaard.com\/de\/produkte\/transport-schwerer-gegenstaende-transportkoffer\/\" aria-label=\"Mehr Informationen \u00fcber Transport schwerer Gegenst\u00e4nde Transportkoffer\">Weiterlesen &#8230;<\/a><\/p>\n","protected":false},"author":1,"featured_media":7719,"parent":8272,"menu_order":26,"comment_status":"closed","ping_status":"closed","template":"","meta":{"_acf_changed":false,"footnotes":""},"categories":[87],"class_list":{"0":"post-8673","1":"page","2":"type-page","3":"status-publish","4":"has-post-thumbnail","6":"category-produkte"},"acf":[],"yoast_head":"<!-- This site is optimized with the Yoast SEO plugin v27.1.1 - https:\/\/yoast.com\/product\/yoast-seo-wordpress\/ -->\n<title>Transport schwerer Gegenst\u00e4nde Transportkoffer &#183; Ellegaard Group<\/title>\n<meta name=\"robots\" content=\"index, follow, max-snippet:-1, max-image-preview:large, max-video-preview:-1\" \/>\n<link rel=\"canonical\" href=\"https:\/\/www.ellegaard.com\/de\/produkte\/transport-schwerer-gegenstaende-transportkoffer\/\" \/>\n<meta property=\"og:locale\" content=\"de_DE\" \/>\n<meta property=\"og:type\" content=\"article\" \/>\n<meta property=\"og:title\" content=\"Transport schwerer Gegenst\u00e4nde Transportkoffer &#183; Ellegaard Group\" \/>\n<meta property=\"og:description\" content=\"[vc_row full_width=&#8220;stretch_row&#8220; css=&#8220;.vc_custom_1632401993261{border-bottom-width: 1px !important;border-bottom-color: rgba(0,0,0,0.05) !important;border-bottom-style: solid !important;}&#8220;][vc_column][vc_empty_space height=&#8220;60px&#8220;][vc_column_text] Transport schwerer Gegenst\u00e4nde Transportkoffer [\/vc_column_text][vc_empty_space height=&#8220;30px&#8220;][vc_row_inner][vc_column_inner width=&#8220;2\/3&#8243;][vc_toggle title=&#8220;AeroGo&#8220; style=&#8220;text_only&#8220; size=&#8220;lg&#8220; custom_font_container=&#8220;tag:h2|font_size:20px|text_align:center|color:%23ffffff|line_height:24px&#8220; custom_use_theme_fonts=&#8220;yes&#8220; use_custom_heading=&#8220;true&#8220; css=&#8220;.vc_custom_1693298505330{margin-bottom: 15px !important;}&#8220;] Bewegen schwerer Gegenst\u00e4nde mit einem Luftkissensystem AeroGo ist ein flexibles System, das eine effiziente und wirtschaftliche Materialhandhabung bietet. Es ist ein sicheres System f\u00fcr den internen Transport, den Transport ... Weiterlesen ...\" \/>\n<meta property=\"og:url\" content=\"https:\/\/www.ellegaard.com\/de\/produkte\/transport-schwerer-gegenstaende-transportkoffer\/\" \/>\n<meta property=\"og:site_name\" content=\"Ellegaard Group\" \/>\n<meta property=\"article:modified_time\" content=\"2023-08-29T08:41:53+00:00\" \/>\n<meta property=\"og:image\" content=\"https:\/\/www.ellegaard.com\/wp-content\/uploads\/2022\/02\/Oevrige-fade.jpg\" \/>\n\t<meta property=\"og:image:width\" content=\"600\" \/>\n\t<meta property=\"og:image:height\" content=\"340\" \/>\n\t<meta property=\"og:image:type\" content=\"image\/jpeg\" \/>\n<meta name=\"twitter:card\" content=\"summary_large_image\" \/>\n<meta name=\"twitter:label1\" content=\"Gesch\u00e4tzte Lesezeit\" \/>\n\t<meta name=\"twitter:data1\" content=\"5\u00a0Minuten\" \/>\n<script type=\"application\/ld+json\" class=\"yoast-schema-graph\">{\"@context\":\"https:\/\/schema.org\",\"@graph\":[{\"@type\":\"WebPage\",\"@id\":\"https:\/\/www.ellegaard.com\/de\/produkte\/transport-schwerer-gegenstaende-transportkoffer\/\",\"url\":\"https:\/\/www.ellegaard.com\/de\/produkte\/transport-schwerer-gegenstaende-transportkoffer\/\",\"name\":\"Transport schwerer Gegenst\u00e4nde Transportkoffer &#183; Ellegaard Group\",\"isPartOf\":{\"@id\":\"https:\/\/www.ellegaard.com\/de\/#website\"},\"primaryImageOfPage\":{\"@id\":\"https:\/\/www.ellegaard.com\/de\/produkte\/transport-schwerer-gegenstaende-transportkoffer\/#primaryimage\"},\"image\":{\"@id\":\"https:\/\/www.ellegaard.com\/de\/produkte\/transport-schwerer-gegenstaende-transportkoffer\/#primaryimage\"},\"thumbnailUrl\":\"https:\/\/www.ellegaard.com\/wp-content\/uploads\/2022\/02\/Oevrige-fade.jpg\",\"datePublished\":\"2021-09-17T06:32:07+00:00\",\"dateModified\":\"2023-08-29T08:41:53+00:00\",\"breadcrumb\":{\"@id\":\"https:\/\/www.ellegaard.com\/de\/produkte\/transport-schwerer-gegenstaende-transportkoffer\/#breadcrumb\"},\"inLanguage\":\"de\",\"potentialAction\":[{\"@type\":\"ReadAction\",\"target\":[\"https:\/\/www.ellegaard.com\/de\/produkte\/transport-schwerer-gegenstaende-transportkoffer\/\"]}]},{\"@type\":\"ImageObject\",\"inLanguage\":\"de\",\"@id\":\"https:\/\/www.ellegaard.com\/de\/produkte\/transport-schwerer-gegenstaende-transportkoffer\/#primaryimage\",\"url\":\"https:\/\/www.ellegaard.com\/wp-content\/uploads\/2022\/02\/Oevrige-fade.jpg\",\"contentUrl\":\"https:\/\/www.ellegaard.com\/wp-content\/uploads\/2022\/02\/Oevrige-fade.jpg\",\"width\":600,\"height\":340},{\"@type\":\"BreadcrumbList\",\"@id\":\"https:\/\/www.ellegaard.com\/de\/produkte\/transport-schwerer-gegenstaende-transportkoffer\/#breadcrumb\",\"itemListElement\":[{\"@type\":\"ListItem\",\"position\":1,\"name\":\"Hjem\",\"item\":\"https:\/\/www.ellegaard.com\/de\/\"},{\"@type\":\"ListItem\",\"position\":2,\"name\":\"Produkte\",\"item\":\"https:\/\/www.ellegaard.com\/de\/produkte\/\"},{\"@type\":\"ListItem\",\"position\":3,\"name\":\"Transport schwerer Gegenst\u00e4nde Transportkoffer\"}]},{\"@type\":\"WebSite\",\"@id\":\"https:\/\/www.ellegaard.com\/de\/#website\",\"url\":\"https:\/\/www.ellegaard.com\/de\/\",\"name\":\"Ellegaard Group\",\"description\":\"Totalleverand\u00f8r til industrien: Alt i transportb\u00e5nd, transportsystemer, service og transport\u00f8rer\",\"publisher\":{\"@id\":\"https:\/\/www.ellegaard.com\/de\/#organization\"},\"potentialAction\":[{\"@type\":\"SearchAction\",\"target\":{\"@type\":\"EntryPoint\",\"urlTemplate\":\"https:\/\/www.ellegaard.com\/de\/?s={search_term_string}\"},\"query-input\":{\"@type\":\"PropertyValueSpecification\",\"valueRequired\":true,\"valueName\":\"search_term_string\"}}],\"inLanguage\":\"de\"},{\"@type\":\"Organization\",\"@id\":\"https:\/\/www.ellegaard.com\/de\/#organization\",\"name\":\"Ellegaard Group\",\"url\":\"https:\/\/www.ellegaard.com\/de\/\",\"logo\":{\"@type\":\"ImageObject\",\"inLanguage\":\"de\",\"@id\":\"https:\/\/www.ellegaard.com\/de\/#\/schema\/logo\/image\/\",\"url\":\"https:\/\/www.ellegaard.com\/wp-content\/uploads\/2021\/09\/logo.svg\",\"contentUrl\":\"https:\/\/www.ellegaard.com\/wp-content\/uploads\/2021\/09\/logo.svg\",\"width\":519,\"height\":46,\"caption\":\"Ellegaard Group\"},\"image\":{\"@id\":\"https:\/\/www.ellegaard.com\/de\/#\/schema\/logo\/image\/\"}}]}<\/script>\n<!-- \/ Yoast SEO plugin. -->","yoast_head_json":{"title":"Transport schwerer Gegenst\u00e4nde Transportkoffer &#183; Ellegaard Group","robots":{"index":"index","follow":"follow","max-snippet":"max-snippet:-1","max-image-preview":"max-image-preview:large","max-video-preview":"max-video-preview:-1"},"canonical":"https:\/\/www.ellegaard.com\/de\/produkte\/transport-schwerer-gegenstaende-transportkoffer\/","og_locale":"de_DE","og_type":"article","og_title":"Transport schwerer Gegenst\u00e4nde Transportkoffer &#183; Ellegaard Group","og_description":"[vc_row full_width=&#8220;stretch_row&#8220; css=&#8220;.vc_custom_1632401993261{border-bottom-width: 1px !important;border-bottom-color: rgba(0,0,0,0.05) !important;border-bottom-style: solid !important;}&#8220;][vc_column][vc_empty_space height=&#8220;60px&#8220;][vc_column_text] Transport schwerer Gegenst\u00e4nde Transportkoffer [\/vc_column_text][vc_empty_space height=&#8220;30px&#8220;][vc_row_inner][vc_column_inner width=&#8220;2\/3&#8243;][vc_toggle title=&#8220;AeroGo&#8220; style=&#8220;text_only&#8220; size=&#8220;lg&#8220; custom_font_container=&#8220;tag:h2|font_size:20px|text_align:center|color:%23ffffff|line_height:24px&#8220; custom_use_theme_fonts=&#8220;yes&#8220; use_custom_heading=&#8220;true&#8220; css=&#8220;.vc_custom_1693298505330{margin-bottom: 15px !important;}&#8220;] Bewegen schwerer Gegenst\u00e4nde mit einem Luftkissensystem AeroGo ist ein flexibles System, das eine effiziente und wirtschaftliche Materialhandhabung bietet. Es ist ein sicheres System f\u00fcr den internen Transport, den Transport ... Weiterlesen ...","og_url":"https:\/\/www.ellegaard.com\/de\/produkte\/transport-schwerer-gegenstaende-transportkoffer\/","og_site_name":"Ellegaard Group","article_modified_time":"2023-08-29T08:41:53+00:00","og_image":[{"width":600,"height":340,"url":"https:\/\/www.ellegaard.com\/wp-content\/uploads\/2022\/02\/Oevrige-fade.jpg","type":"image\/jpeg"}],"twitter_card":"summary_large_image","twitter_misc":{"Gesch\u00e4tzte Lesezeit":"5\u00a0Minuten"},"schema":{"@context":"https:\/\/schema.org","@graph":[{"@type":"WebPage","@id":"https:\/\/www.ellegaard.com\/de\/produkte\/transport-schwerer-gegenstaende-transportkoffer\/","url":"https:\/\/www.ellegaard.com\/de\/produkte\/transport-schwerer-gegenstaende-transportkoffer\/","name":"Transport schwerer Gegenst\u00e4nde Transportkoffer &#183; Ellegaard Group","isPartOf":{"@id":"https:\/\/www.ellegaard.com\/de\/#website"},"primaryImageOfPage":{"@id":"https:\/\/www.ellegaard.com\/de\/produkte\/transport-schwerer-gegenstaende-transportkoffer\/#primaryimage"},"image":{"@id":"https:\/\/www.ellegaard.com\/de\/produkte\/transport-schwerer-gegenstaende-transportkoffer\/#primaryimage"},"thumbnailUrl":"https:\/\/www.ellegaard.com\/wp-content\/uploads\/2022\/02\/Oevrige-fade.jpg","datePublished":"2021-09-17T06:32:07+00:00","dateModified":"2023-08-29T08:41:53+00:00","breadcrumb":{"@id":"https:\/\/www.ellegaard.com\/de\/produkte\/transport-schwerer-gegenstaende-transportkoffer\/#breadcrumb"},"inLanguage":"de","potentialAction":[{"@type":"ReadAction","target":["https:\/\/www.ellegaard.com\/de\/produkte\/transport-schwerer-gegenstaende-transportkoffer\/"]}]},{"@type":"ImageObject","inLanguage":"de","@id":"https:\/\/www.ellegaard.com\/de\/produkte\/transport-schwerer-gegenstaende-transportkoffer\/#primaryimage","url":"https:\/\/www.ellegaard.com\/wp-content\/uploads\/2022\/02\/Oevrige-fade.jpg","contentUrl":"https:\/\/www.ellegaard.com\/wp-content\/uploads\/2022\/02\/Oevrige-fade.jpg","width":600,"height":340},{"@type":"BreadcrumbList","@id":"https:\/\/www.ellegaard.com\/de\/produkte\/transport-schwerer-gegenstaende-transportkoffer\/#breadcrumb","itemListElement":[{"@type":"ListItem","position":1,"name":"Hjem","item":"https:\/\/www.ellegaard.com\/de\/"},{"@type":"ListItem","position":2,"name":"Produkte","item":"https:\/\/www.ellegaard.com\/de\/produkte\/"},{"@type":"ListItem","position":3,"name":"Transport schwerer Gegenst\u00e4nde Transportkoffer"}]},{"@type":"WebSite","@id":"https:\/\/www.ellegaard.com\/de\/#website","url":"https:\/\/www.ellegaard.com\/de\/","name":"Ellegaard Group","description":"Totalleverand\u00f8r til industrien: Alt i transportb\u00e5nd, transportsystemer, service og transport\u00f8rer","publisher":{"@id":"https:\/\/www.ellegaard.com\/de\/#organization"},"potentialAction":[{"@type":"SearchAction","target":{"@type":"EntryPoint","urlTemplate":"https:\/\/www.ellegaard.com\/de\/?s={search_term_string}"},"query-input":{"@type":"PropertyValueSpecification","valueRequired":true,"valueName":"search_term_string"}}],"inLanguage":"de"},{"@type":"Organization","@id":"https:\/\/www.ellegaard.com\/de\/#organization","name":"Ellegaard Group","url":"https:\/\/www.ellegaard.com\/de\/","logo":{"@type":"ImageObject","inLanguage":"de","@id":"https:\/\/www.ellegaard.com\/de\/#\/schema\/logo\/image\/","url":"https:\/\/www.ellegaard.com\/wp-content\/uploads\/2021\/09\/logo.svg","contentUrl":"https:\/\/www.ellegaard.com\/wp-content\/uploads\/2021\/09\/logo.svg","width":519,"height":46,"caption":"Ellegaard Group"},"image":{"@id":"https:\/\/www.ellegaard.com\/de\/#\/schema\/logo\/image\/"}}]}},"_links":{"self":[{"href":"https:\/\/www.ellegaard.com\/de\/wp-json\/wp\/v2\/pages\/8673","targetHints":{"allow":["GET"]}}],"collection":[{"href":"https:\/\/www.ellegaard.com\/de\/wp-json\/wp\/v2\/pages"}],"about":[{"href":"https:\/\/www.ellegaard.com\/de\/wp-json\/wp\/v2\/types\/page"}],"author":[{"embeddable":true,"href":"https:\/\/www.ellegaard.com\/de\/wp-json\/wp\/v2\/users\/1"}],"replies":[{"embeddable":true,"href":"https:\/\/www.ellegaard.com\/de\/wp-json\/wp\/v2\/comments?post=8673"}],"version-history":[{"count":7,"href":"https:\/\/www.ellegaard.com\/de\/wp-json\/wp\/v2\/pages\/8673\/revisions"}],"predecessor-version":[{"id":84670,"href":"https:\/\/www.ellegaard.com\/de\/wp-json\/wp\/v2\/pages\/8673\/revisions\/84670"}],"up":[{"embeddable":true,"href":"https:\/\/www.ellegaard.com\/de\/wp-json\/wp\/v2\/pages\/8272"}],"wp:featuredmedia":[{"embeddable":true,"href":"https:\/\/www.ellegaard.com\/de\/wp-json\/wp\/v2\/media\/7719"}],"wp:attachment":[{"href":"https:\/\/www.ellegaard.com\/de\/wp-json\/wp\/v2\/media?parent=8673"}],"wp:term":[{"taxonomy":"category","embeddable":true,"href":"https:\/\/www.ellegaard.com\/de\/wp-json\/wp\/v2\/categories?post=8673"}],"curies":[{"name":"wp","href":"https:\/\/api.w.org\/{rel}","templated":true}]}}