{"id":8658,"date":"2021-09-17T08:29:40","date_gmt":"2021-09-17T06:29:40","guid":{"rendered":"http:\/\/ellegaard.com\/service\/"},"modified":"2023-08-03T11:27:23","modified_gmt":"2023-08-03T09:27:23","slug":"service","status":"publish","type":"page","link":"https:\/\/www.ellegaard.com\/de\/service\/","title":{"rendered":"Service"},"content":{"rendered":"<section class=\"wpb-content-wrapper\"><p>[vc_row full_width=&#8220;stretch_row&#8220; css=&#8220;.vc_custom_1632401912765{border-bottom-width: 1px !important;border-bottom-color: rgba(0,0,0,0.05) !important;border-bottom-style: solid !important;}&#8220;][vc_column][vc_empty_space height=&#8220;60px&#8220;][vc_row_inner][vc_column_inner width=&#8220;1\/6&#8243;][vc_single_image image=&#8220;7793&#8243; img_size=&#8220;full&#8220;][\/vc_column_inner][vc_column_inner width=&#8220;3\/5&#8243;][vc_column_text el_class=&#8220;custom&#8220;]<\/p>\n<h1 style=\"text-align: center;\">Bieten Sie Ihrem Unternehmen rund um die Uhr ernsthafte Vorteile<\/h1>\n<p style=\"text-align: center;\">Ein <strong>24-Stunden-Vertrag<\/strong> mit Ellegaard Service tr\u00e4gt zu erh\u00f6hter Produktivit\u00e4t und sp\u00fcrbaren Einsparungen bei. Wir bieten individuelle L\u00f6sungen, Fachwissen und einen landesweiten 24-Stunden-Service, der die Betriebszeit sicherstellt. Wir bieten individuelle L\u00f6sungen, Fachwissen und einen landesweiten 24-Stunden-Service, der die Betriebszeit sicherstellt.<\/p>\n<p style=\"text-align: center;\">Bei Ellegaard kennen wir Ihren Bedarf an langfristig sicheren und langlebigen L\u00f6sungen, die auch wirtschaftlich tragbar sind.<\/p>\n<p>[\/vc_column_text][\/vc_column_inner][vc_column_inner width=&#8220;1\/6&#8243;][vc_single_image image=&#8220;7811&#8243; img_size=&#8220;full&#8220;][\/vc_column_inner][\/vc_row_inner][vc_empty_space height=&#8220;60px&#8220;][\/vc_column][\/vc_row][vc_row full_width=&#8220;stretch_row&#8220; css=&#8220;.vc_custom_1632401912765{border-bottom-width: 1px !important;border-bottom-color: rgba(0,0,0,0.05) !important;border-bottom-style: solid !important;}&#8220;][vc_column][vc_empty_space height=&#8220;60px&#8220;][vc_column_text el_class=&#8220;white&#8220; css=&#8220;.vc_custom_1691054841564{padding-top: 20px !important;padding-right: 20px !important;padding-bottom: 20px !important;padding-left: 20px !important;background-color: #004154 !important;}&#8220;]<\/p>\n<h2 style=\"text-align: center;\"><span class=\"HwtZe\" lang=\"de\"><span class=\"jCAhz ChMk0b\"><span class=\"ryNqvb\">Materialfluss<\/span><\/span><\/span><\/h2>\n<p>[\/vc_column_text][vc_empty_space height=&#8220;60px&#8220;][vc_row_inner el_class=&#8220;white&#8220;][vc_column_inner width=&#8220;1\/4&#8243; offset=&#8220;vc_col-lg-3 vc_col-md-6 vc_col-xs-12&#8243;]<div class=\"ult-new-ib ult-ib-effect-style1 tag-link ult-ib-resp ult-ib2-min-height \" data-min-width=\"0\" data-max-width=\"0\" style=\"background:#ffffff; opacity:0; \" data-opacity=\"0.4\" data-hover-opacity=\"0.2\"  data-min-height=\"250\" ><img decoding=\"async\" class=\"ult-new-ib-img\" style=\"opacity:0.4;\" alt=\"null\" src=\"https:\/\/www.ellegaard.com\/wp-content\/uploads\/2022\/02\/transporter-600.jpg\"  data-min-height=\"250\"   \/><div id=\"interactive-banner-wrap-9864\" class=\"ult-new-ib-desc\" style=\"\"><h3 class=\"ult-new-ib-title ult-responsive\"  data-ultimate-target='#interactive-banner-wrap-9864 .ult-new-ib-title'  data-responsive-json-new='{\"font-size\":\"desktop:22px;\",\"line-height\":\"\"}'  style=\"font-weight:normal;color:#004154;\">F\u00f6rderb\u00e4nder<\/h3><div class=\"ult-new-ib-content ult-responsive\"  data-ultimate-target='#interactive-banner-wrap-9864 .ult-new-ib-content'  data-responsive-json-new='{\"font-size\":\"desktop:16px;\",\"line-height\":\"\"}'  style=\"font-weight:normal;color:#82adbd;\"><p>Lesen Sie hier mehr<\/p><\/div><\/div><a class=\"ult-new-ib-link\" href=\"http:\/\/ellegaard.wk120.dk\/de\/produkte\/foerderbaender\/\"  ><\/a><\/div><div class=\"ult-spacer spacer-69dfedf91e9d9\" data-id=\"69dfedf91e9d9\" data-height=\"0\" data-height-mobile=\"30\" data-height-tab=\"60\" data-height-tab-portrait=\"60\" data-height-mobile-landscape=\"30\" style=\"clear:both;display:block;\"><\/div>[\/vc_column_inner][vc_column_inner width=&#8220;1\/4&#8243; offset=&#8220;vc_col-lg-3 vc_col-md-6 vc_col-xs-12&#8243;]<div class=\"ult-new-ib ult-ib-effect-style1 tag-link ult-ib-resp ult-ib2-min-height \" data-min-width=\"0\" data-max-width=\"0\" style=\"background:#ffffff; opacity:0; \" data-opacity=\"0.4\" data-hover-opacity=\"0.2\"  data-min-height=\"250\" ><img decoding=\"async\" class=\"ult-new-ib-img\" style=\"opacity:0.4;\" alt=\"null\" src=\"https:\/\/www.ellegaard.com\/wp-content\/uploads\/2022\/02\/smed.jpg\"  data-min-height=\"250\"   \/><div id=\"interactive-banner-wrap-3733\" class=\"ult-new-ib-desc\" style=\"\"><h3 class=\"ult-new-ib-title ult-responsive\"  data-ultimate-target='#interactive-banner-wrap-3733 .ult-new-ib-title'  data-responsive-json-new='{\"font-size\":\"desktop:22px;\",\"line-height\":\"\"}'  style=\"font-weight:normal;color:#004154;\">Rohrtransport<\/h3><div class=\"ult-new-ib-content ult-responsive\"  data-ultimate-target='#interactive-banner-wrap-3733 .ult-new-ib-content'  data-responsive-json-new='{\"font-size\":\"desktop:16px;\",\"line-height\":\"\"}'  style=\"font-weight:normal;color:#82adbd;\"><p>Lesen Sie hier mehr<\/p><\/div><\/div><a class=\"ult-new-ib-link\" href=\"http:\/\/ellegaard.wk120.dk\/de\/produkte\/technik-und-konstruktion\/\"  ><\/a><\/div><div class=\"ult-spacer spacer-69dfedf91eca8\" data-id=\"69dfedf91eca8\" data-height=\"0\" data-height-mobile=\"30\" data-height-tab=\"60\" data-height-tab-portrait=\"60\" data-height-mobile-landscape=\"30\" style=\"clear:both;display:block;\"><\/div>[\/vc_column_inner][vc_column_inner width=&#8220;1\/4&#8243; offset=&#8220;vc_col-lg-3 vc_col-md-6 vc_col-xs-12&#8243;]<div class=\"ult-new-ib ult-ib-effect-style1 tag-link ult-ib-resp ult-ib2-min-height \" data-min-width=\"0\" data-max-width=\"0\" style=\"background:#ffffff; opacity:0; \" data-opacity=\"0.4\" data-hover-opacity=\"0.2\"  data-min-height=\"250\" ><img decoding=\"async\" class=\"ult-new-ib-img\" style=\"opacity:0.4;\" alt=\"null\" src=\"https:\/\/www.ellegaard.com\/wp-content\/uploads\/2022\/02\/Teknik-og-konstruktion.jpg\"  data-min-height=\"250\"   \/><div id=\"interactive-banner-wrap-5867\" class=\"ult-new-ib-desc\" style=\"\"><h3 class=\"ult-new-ib-title ult-responsive\"  data-ultimate-target='#interactive-banner-wrap-5867 .ult-new-ib-title'  data-responsive-json-new='{\"font-size\":\"desktop:22px;\",\"line-height\":\"\"}'  style=\"font-weight:normal;color:#004154;\">Schlosserarbeiten<\/h3><div class=\"ult-new-ib-content ult-responsive\"  data-ultimate-target='#interactive-banner-wrap-5867 .ult-new-ib-content'  data-responsive-json-new='{\"font-size\":\"desktop:16px;\",\"line-height\":\"\"}'  style=\"font-weight:normal;color:#82adbd;\"><p>Lesen Sie hier mehr<\/p><\/div><\/div><a class=\"ult-new-ib-link\" href=\"http:\/\/ellegaard.wk120.dk\/de\/schlosserarbeiten\/\"  ><\/a><\/div><div class=\"ult-spacer spacer-69dfedf91ef4b\" data-id=\"69dfedf91ef4b\" data-height=\"0\" data-height-mobile=\"30\" data-height-tab=\"0\" data-height-tab-portrait=\"0\" data-height-mobile-landscape=\"30\" style=\"clear:both;display:block;\"><\/div>[\/vc_column_inner][vc_column_inner width=&#8220;1\/4&#8243; offset=&#8220;vc_col-lg-3 vc_col-md-6 vc_col-xs-12&#8243;]<div class=\"ult-new-ib ult-ib-effect-style1 tag-link ult-ib-resp ult-ib2-min-height \" data-min-width=\"0\" data-max-width=\"0\" style=\"background:#ffffff; opacity:0; \" data-opacity=\"0.4\" data-hover-opacity=\"0.2\"  data-min-height=\"250\" ><img decoding=\"async\" class=\"ult-new-ib-img\" style=\"opacity:0.4;\" alt=\"null\" src=\"https:\/\/www.ellegaard.com\/wp-content\/uploads\/2021\/09\/rail_07.png\"  data-min-height=\"250\"   \/><div id=\"interactive-banner-wrap-2111\" class=\"ult-new-ib-desc\" style=\"\"><h3 class=\"ult-new-ib-title ult-responsive\"  data-ultimate-target='#interactive-banner-wrap-2111 .ult-new-ib-title'  data-responsive-json-new='{\"font-size\":\"desktop:22px;\",\"line-height\":\"\"}'  style=\"font-weight:normal;color:#004154;\">Schienenverkehr<\/h3><div class=\"ult-new-ib-content ult-responsive\"  data-ultimate-target='#interactive-banner-wrap-2111 .ult-new-ib-content'  data-responsive-json-new='{\"font-size\":\"desktop:16px;\",\"line-height\":\"\"}'  style=\"font-weight:normal;color:#82adbd;\"><p>Lesen Sie hier mehr<\/p><\/div><\/div><a class=\"ult-new-ib-link\" href=\"http:\/\/ellegaard.wk120.dk\/de\/branche\/ellegaard-rail\/\"  ><\/a><\/div>[\/vc_column_inner][\/vc_row_inner][vc_empty_space height=&#8220;60px&#8220;][\/vc_column][\/vc_row][vc_row][vc_column]<div class=\"ult-spacer spacer-69dfedf91f1f1\" data-id=\"69dfedf91f1f1\" data-height=\"\" data-height-mobile=\"\" data-height-tab=\"\" data-height-tab-portrait=\"\" data-height-mobile-landscape=\"\" style=\"clear:both;display:block;\"><\/div>[\/vc_column][\/vc_row]<\/p>\n<\/section>","protected":false},"excerpt":{"rendered":"<p>[vc_row full_width=&#8220;stretch_row&#8220; css=&#8220;.vc_custom_1632401912765{border-bottom-width: 1px !important;border-bottom-color: rgba(0,0,0,0.05) !important;border-bottom-style: solid !important;}&#8220;][vc_column][vc_empty_space height=&#8220;60px&#8220;][vc_row_inner][vc_column_inner width=&#8220;1\/6&#8243;][vc_single_image image=&#8220;7793&#8243; img_size=&#8220;full&#8220;][\/vc_column_inner][vc_column_inner width=&#8220;3\/5&#8243;][vc_column_text el_class=&#8220;custom&#8220;] Bieten Sie Ihrem Unternehmen rund um die Uhr ernsthafte Vorteile Ein 24-Stunden-Vertrag mit Ellegaard Service tr\u00e4gt zu erh\u00f6hter Produktivit\u00e4t und sp\u00fcrbaren Einsparungen bei. Wir bieten individuelle L\u00f6sungen, Fachwissen und einen landesweiten 24-Stunden-Service, der die Betriebszeit sicherstellt. Wir bieten individuelle L\u00f6sungen, &#8230; <a title=\"Service\" class=\"read-more\" href=\"https:\/\/www.ellegaard.com\/de\/service\/\" aria-label=\"Mehr Informationen \u00fcber Service\">Weiterlesen &#8230;<\/a><\/p>\n","protected":false},"author":1,"featured_media":0,"parent":0,"menu_order":3,"comment_status":"closed","ping_status":"closed","template":"","meta":{"_acf_changed":false,"footnotes":""},"categories":[],"class_list":["post-8658","page","type-page","status-publish"],"acf":[],"yoast_head":"<!-- This site is optimized with the Yoast SEO plugin v27.1.1 - https:\/\/yoast.com\/product\/yoast-seo-wordpress\/ -->\n<title>Service &#183; Ellegaard Group<\/title>\n<meta name=\"robots\" content=\"index, follow, max-snippet:-1, max-image-preview:large, max-video-preview:-1\" \/>\n<link rel=\"canonical\" href=\"https:\/\/www.ellegaard.com\/de\/service\/\" \/>\n<meta property=\"og:locale\" content=\"de_DE\" \/>\n<meta property=\"og:type\" content=\"article\" \/>\n<meta property=\"og:title\" content=\"Service &#183; Ellegaard Group\" \/>\n<meta property=\"og:description\" content=\"[vc_row full_width=&#8220;stretch_row&#8220; css=&#8220;.vc_custom_1632401912765{border-bottom-width: 1px !important;border-bottom-color: rgba(0,0,0,0.05) !important;border-bottom-style: solid !important;}&#8220;][vc_column][vc_empty_space height=&#8220;60px&#8220;][vc_row_inner][vc_column_inner width=&#8220;1\/6&#8243;][vc_single_image image=&#8220;7793&#8243; img_size=&#8220;full&#8220;][\/vc_column_inner][vc_column_inner width=&#8220;3\/5&#8243;][vc_column_text el_class=&#8220;custom&#8220;] Bieten Sie Ihrem Unternehmen rund um die Uhr ernsthafte Vorteile Ein 24-Stunden-Vertrag mit Ellegaard Service tr\u00e4gt zu erh\u00f6hter Produktivit\u00e4t und sp\u00fcrbaren Einsparungen bei. Wir bieten individuelle L\u00f6sungen, Fachwissen und einen landesweiten 24-Stunden-Service, der die Betriebszeit sicherstellt. Wir bieten individuelle L\u00f6sungen, ... Weiterlesen ...\" \/>\n<meta property=\"og:url\" content=\"https:\/\/www.ellegaard.com\/de\/service\/\" \/>\n<meta property=\"og:site_name\" content=\"Ellegaard Group\" \/>\n<meta property=\"article:modified_time\" content=\"2023-08-03T09:27:23+00:00\" \/>\n<meta name=\"twitter:card\" content=\"summary_large_image\" \/>\n<meta name=\"twitter:label1\" content=\"Gesch\u00e4tzte Lesezeit\" \/>\n\t<meta name=\"twitter:data1\" content=\"4\u00a0Minuten\" \/>\n<script type=\"application\/ld+json\" class=\"yoast-schema-graph\">{\"@context\":\"https:\/\/schema.org\",\"@graph\":[{\"@type\":\"WebPage\",\"@id\":\"https:\/\/www.ellegaard.com\/de\/service\/\",\"url\":\"https:\/\/www.ellegaard.com\/de\/service\/\",\"name\":\"Service &#183; Ellegaard Group\",\"isPartOf\":{\"@id\":\"https:\/\/www.ellegaard.com\/de\/#website\"},\"datePublished\":\"2021-09-17T06:29:40+00:00\",\"dateModified\":\"2023-08-03T09:27:23+00:00\",\"breadcrumb\":{\"@id\":\"https:\/\/www.ellegaard.com\/de\/service\/#breadcrumb\"},\"inLanguage\":\"de\",\"potentialAction\":[{\"@type\":\"ReadAction\",\"target\":[\"https:\/\/www.ellegaard.com\/de\/service\/\"]}]},{\"@type\":\"BreadcrumbList\",\"@id\":\"https:\/\/www.ellegaard.com\/de\/service\/#breadcrumb\",\"itemListElement\":[{\"@type\":\"ListItem\",\"position\":1,\"name\":\"Hjem\",\"item\":\"https:\/\/www.ellegaard.com\/de\/\"},{\"@type\":\"ListItem\",\"position\":2,\"name\":\"Service\"}]},{\"@type\":\"WebSite\",\"@id\":\"https:\/\/www.ellegaard.com\/de\/#website\",\"url\":\"https:\/\/www.ellegaard.com\/de\/\",\"name\":\"Ellegaard Group\",\"description\":\"Totalleverand\u00f8r til industrien: Alt i transportb\u00e5nd, transportsystemer, service og transport\u00f8rer\",\"publisher\":{\"@id\":\"https:\/\/www.ellegaard.com\/de\/#organization\"},\"potentialAction\":[{\"@type\":\"SearchAction\",\"target\":{\"@type\":\"EntryPoint\",\"urlTemplate\":\"https:\/\/www.ellegaard.com\/de\/?s={search_term_string}\"},\"query-input\":{\"@type\":\"PropertyValueSpecification\",\"valueRequired\":true,\"valueName\":\"search_term_string\"}}],\"inLanguage\":\"de\"},{\"@type\":\"Organization\",\"@id\":\"https:\/\/www.ellegaard.com\/de\/#organization\",\"name\":\"Ellegaard Group\",\"url\":\"https:\/\/www.ellegaard.com\/de\/\",\"logo\":{\"@type\":\"ImageObject\",\"inLanguage\":\"de\",\"@id\":\"https:\/\/www.ellegaard.com\/de\/#\/schema\/logo\/image\/\",\"url\":\"https:\/\/www.ellegaard.com\/wp-content\/uploads\/2021\/09\/logo.svg\",\"contentUrl\":\"https:\/\/www.ellegaard.com\/wp-content\/uploads\/2021\/09\/logo.svg\",\"width\":519,\"height\":46,\"caption\":\"Ellegaard Group\"},\"image\":{\"@id\":\"https:\/\/www.ellegaard.com\/de\/#\/schema\/logo\/image\/\"}}]}<\/script>\n<!-- \/ Yoast SEO plugin. -->","yoast_head_json":{"title":"Service &#183; Ellegaard Group","robots":{"index":"index","follow":"follow","max-snippet":"max-snippet:-1","max-image-preview":"max-image-preview:large","max-video-preview":"max-video-preview:-1"},"canonical":"https:\/\/www.ellegaard.com\/de\/service\/","og_locale":"de_DE","og_type":"article","og_title":"Service &#183; Ellegaard Group","og_description":"[vc_row full_width=&#8220;stretch_row&#8220; css=&#8220;.vc_custom_1632401912765{border-bottom-width: 1px !important;border-bottom-color: rgba(0,0,0,0.05) !important;border-bottom-style: solid !important;}&#8220;][vc_column][vc_empty_space height=&#8220;60px&#8220;][vc_row_inner][vc_column_inner width=&#8220;1\/6&#8243;][vc_single_image image=&#8220;7793&#8243; img_size=&#8220;full&#8220;][\/vc_column_inner][vc_column_inner width=&#8220;3\/5&#8243;][vc_column_text el_class=&#8220;custom&#8220;] Bieten Sie Ihrem Unternehmen rund um die Uhr ernsthafte Vorteile Ein 24-Stunden-Vertrag mit Ellegaard Service tr\u00e4gt zu erh\u00f6hter Produktivit\u00e4t und sp\u00fcrbaren Einsparungen bei. Wir bieten individuelle L\u00f6sungen, Fachwissen und einen landesweiten 24-Stunden-Service, der die Betriebszeit sicherstellt. Wir bieten individuelle L\u00f6sungen, ... Weiterlesen ...","og_url":"https:\/\/www.ellegaard.com\/de\/service\/","og_site_name":"Ellegaard Group","article_modified_time":"2023-08-03T09:27:23+00:00","twitter_card":"summary_large_image","twitter_misc":{"Gesch\u00e4tzte Lesezeit":"4\u00a0Minuten"},"schema":{"@context":"https:\/\/schema.org","@graph":[{"@type":"WebPage","@id":"https:\/\/www.ellegaard.com\/de\/service\/","url":"https:\/\/www.ellegaard.com\/de\/service\/","name":"Service &#183; Ellegaard Group","isPartOf":{"@id":"https:\/\/www.ellegaard.com\/de\/#website"},"datePublished":"2021-09-17T06:29:40+00:00","dateModified":"2023-08-03T09:27:23+00:00","breadcrumb":{"@id":"https:\/\/www.ellegaard.com\/de\/service\/#breadcrumb"},"inLanguage":"de","potentialAction":[{"@type":"ReadAction","target":["https:\/\/www.ellegaard.com\/de\/service\/"]}]},{"@type":"BreadcrumbList","@id":"https:\/\/www.ellegaard.com\/de\/service\/#breadcrumb","itemListElement":[{"@type":"ListItem","position":1,"name":"Hjem","item":"https:\/\/www.ellegaard.com\/de\/"},{"@type":"ListItem","position":2,"name":"Service"}]},{"@type":"WebSite","@id":"https:\/\/www.ellegaard.com\/de\/#website","url":"https:\/\/www.ellegaard.com\/de\/","name":"Ellegaard Group","description":"Totalleverand\u00f8r til industrien: Alt i transportb\u00e5nd, transportsystemer, service og transport\u00f8rer","publisher":{"@id":"https:\/\/www.ellegaard.com\/de\/#organization"},"potentialAction":[{"@type":"SearchAction","target":{"@type":"EntryPoint","urlTemplate":"https:\/\/www.ellegaard.com\/de\/?s={search_term_string}"},"query-input":{"@type":"PropertyValueSpecification","valueRequired":true,"valueName":"search_term_string"}}],"inLanguage":"de"},{"@type":"Organization","@id":"https:\/\/www.ellegaard.com\/de\/#organization","name":"Ellegaard Group","url":"https:\/\/www.ellegaard.com\/de\/","logo":{"@type":"ImageObject","inLanguage":"de","@id":"https:\/\/www.ellegaard.com\/de\/#\/schema\/logo\/image\/","url":"https:\/\/www.ellegaard.com\/wp-content\/uploads\/2021\/09\/logo.svg","contentUrl":"https:\/\/www.ellegaard.com\/wp-content\/uploads\/2021\/09\/logo.svg","width":519,"height":46,"caption":"Ellegaard Group"},"image":{"@id":"https:\/\/www.ellegaard.com\/de\/#\/schema\/logo\/image\/"}}]}},"_links":{"self":[{"href":"https:\/\/www.ellegaard.com\/de\/wp-json\/wp\/v2\/pages\/8658","targetHints":{"allow":["GET"]}}],"collection":[{"href":"https:\/\/www.ellegaard.com\/de\/wp-json\/wp\/v2\/pages"}],"about":[{"href":"https:\/\/www.ellegaard.com\/de\/wp-json\/wp\/v2\/types\/page"}],"author":[{"embeddable":true,"href":"https:\/\/www.ellegaard.com\/de\/wp-json\/wp\/v2\/users\/1"}],"replies":[{"embeddable":true,"href":"https:\/\/www.ellegaard.com\/de\/wp-json\/wp\/v2\/comments?post=8658"}],"version-history":[{"count":12,"href":"https:\/\/www.ellegaard.com\/de\/wp-json\/wp\/v2\/pages\/8658\/revisions"}],"predecessor-version":[{"id":84423,"href":"https:\/\/www.ellegaard.com\/de\/wp-json\/wp\/v2\/pages\/8658\/revisions\/84423"}],"wp:attachment":[{"href":"https:\/\/www.ellegaard.com\/de\/wp-json\/wp\/v2\/media?parent=8658"}],"wp:term":[{"taxonomy":"category","embeddable":true,"href":"https:\/\/www.ellegaard.com\/de\/wp-json\/wp\/v2\/categories?post=8658"}],"curies":[{"name":"wp","href":"https:\/\/api.w.org\/{rel}","templated":true}]}}