{"id":8648,"date":"2021-09-17T08:32:07","date_gmt":"2021-09-17T06:32:07","guid":{"rendered":"http:\/\/ellegaard.com\/produkte\/technischer-gummi\/"},"modified":"2023-09-25T10:30:59","modified_gmt":"2023-09-25T08:30:59","slug":"technischer-gummi","status":"publish","type":"page","link":"https:\/\/www.ellegaard.com\/de\/produkte\/technischer-gummi\/","title":{"rendered":"Technischer Gummi"},"content":{"rendered":"<section class=\"wpb-content-wrapper\"><p>[vc_row full_width=&#8220;stretch_row&#8220; css=&#8220;.vc_custom_1632401993261{border-bottom-width: 1px !important;border-bottom-color: rgba(0,0,0,0.05) !important;border-bottom-style: solid !important;}&#8220;][vc_column][vc_empty_space height=&#8220;60px&#8220;][vc_column_text]<\/p>\n<h1>Technischer Gummi<\/h1>\n<p><img decoding=\"async\" class=\"alignnone size-full wp-image-5477\" src=\"https:\/\/ellegaard.com\/wp-content\/uploads\/2022\/02\/vibrationsdaempere-linup.jpg\" alt=\"\" width=\"1200\" height=\"150\" srcset=\"https:\/\/www.ellegaard.com\/wp-content\/uploads\/2022\/02\/vibrationsdaempere-linup.jpg 1200w, https:\/\/www.ellegaard.com\/wp-content\/uploads\/2022\/02\/vibrationsdaempere-linup-768x96.jpg 768w\" sizes=\"(max-width: 1200px) 100vw, 1200px\" \/>[\/vc_column_text][vc_empty_space height=&#8220;30px&#8220;][vc_row_inner][vc_column_inner width=&#8220;2\/3&#8243;][vc_toggle title=&#8220;Technischer Gummi&#8220; style=&#8220;text_only&#8220; size=&#8220;lg&#8220; custom_font_container=&#8220;tag:h2|font_size:20px|text_align:center|color:%23ffffff|line_height:24px&#8220; custom_use_theme_fonts=&#8220;yes&#8220; use_custom_heading=&#8220;true&#8220; css=&#8220;.vc_custom_1695630654954{margin-bottom: 15px !important;}&#8220;]Vibrationsd\u00e4mpfung ist \u00fcberall da notwendig, wo Schwingungen entstehen oder wo Sto\u00dfeinwirkungen schnell abgemildert werden sollen. Vibrationsisolierung darf nicht mit Vibrationsd\u00e4mpfung verwechselt werden. Eine effektive Vibrationsisolierung wird ausschlie\u00dflich durch entsprechende Frequenzanpassung erreicht.<\/p>\n<p><strong><img decoding=\"async\" class=\"alignnone size-full wp-image-5479\" src=\"https:\/\/ellegaard.com\/wp-content\/uploads\/2022\/02\/Metavulk-rubber-cut.jpg\" alt=\"\" width=\"800\" height=\"274\" srcset=\"https:\/\/www.ellegaard.com\/wp-content\/uploads\/2022\/02\/Metavulk-rubber-cut.jpg 800w, https:\/\/www.ellegaard.com\/wp-content\/uploads\/2022\/02\/Metavulk-rubber-cut-768x263.jpg 768w\" sizes=\"(max-width: 800px) 100vw, 800px\" \/><\/strong><\/p>\n<p><strong>Kontaktieren Sie uns unter <span style=\"color: #ff9900;\">+45 8020 8020<\/span>, um mehr zu erfahren.<\/strong><\/p>\n<p>Auf dieser Seite k\u00f6nnen Sie auch unseren Katalog zu Technischem Gummi herunterladen.<\/p>\n<h4><img decoding=\"async\" class=\"alignnone wp-image-5475\" src=\"https:\/\/ellegaard.com\/wp-content\/uploads\/2022\/02\/vibrationsdaemper-streg-300px.png\" alt=\"\" width=\"227\" height=\"107\" \/> <img decoding=\"async\" class=\"alignnone wp-image-5473\" src=\"https:\/\/ellegaard.com\/wp-content\/uploads\/2022\/02\/fjeder-karakteristik-gb.png\" alt=\"\" width=\"182\" height=\"135\" \/> <img decoding=\"async\" class=\"alignnone size-medium wp-image-5474\" src=\"https:\/\/ellegaard.com\/wp-content\/uploads\/2022\/02\/vibrationsdaempning-kurve-gb.png\" alt=\"\" width=\"250\" height=\"96\" \/><\/h4>\n<p>&nbsp;<\/p>\n<h4>DIE WIRKUNG DER VIBRATIONSD\u00c4MPFUNG<\/h4>\n<p>Schwingungsverh\u00e4ltnis: Die D\u00e4mpfung mit Gummi unterscheidet sich deutlich von z. B. viskoser D\u00e4mpfung.<\/p>\n<p>Im Frequenzbereich 10-200 Hz ist die Form des Kraft-Bewegungs-Diagramms (D\u00e4mpfungsellipse) konstant und unabh\u00e4ngig von der Einwirkungsfrequenz.<\/p>\n<p>Bei Gummi ist der D\u00e4mpfungsfaktor frequenzabh\u00e4ngig und geht mit zunehmender Frequenz gegen Null.<\/p>\n<p>Das bedeutet, dass bei kleinen Bewegungen die D\u00e4mpfungskr\u00e4fte des Gummis vernachl\u00e4ssigbar sind und die Isolationswirkung kaum beeintr\u00e4chtigen.<\/p>\n<p>Bei der viskosen D\u00e4mpfung hingegen steigt die D\u00e4mpfungskraft mit zunehmender Frequenz, was zu einer Verschlechterung der Isolationswirkung f\u00fchrt.<\/p>\n<p>&nbsp;<\/p>\n<h4>GUMMIELEMENTE<\/h4>\n<p>Gummifedern sind optimal als Vibrations- und Schalld\u00e4mpfer.<br \/>\nDie vulkanisierten Gummielemente haben eine Haftfestigkeit zwischen Metall und Gummi von 130 kp\/cm\u00b2.<\/p>\n<p>&nbsp;<\/p>\n<p><a href=\"https:\/\/ellegaard.com\/wp-content\/uploads\/2023\/09\/Ellegaard-antivibration-damper-catalogue-2022.pdf\"><strong>Laden Sie hier den Katalog herunter<\/strong><\/a><\/p>\n<p>[\/vc_toggle][vc_toggle title=&#8220;Reparatur von Gummi&#8220; style=&#8220;text_only&#8220; size=&#8220;lg&#8220; custom_font_container=&#8220;tag:h2|font_size:20px|text_align:center|color:%23ffffff|line_height:24px&#8220; custom_use_theme_fonts=&#8220;yes&#8220; use_custom_heading=&#8220;true&#8220; css=&#8220;.vc_custom_1693298268024{margin-bottom: 15px !important;}&#8220;]Ellegaard betreut die d\u00e4nische Industrie seit 1954 und verf\u00fcgt \u00fcber langj\u00e4hrige Erfahrung in der Wartung und Reparatur von Gummi. In \u00fcber 60 Jahren haben wir ein beeindruckendes Wissen aufgebaut, das sich \u00fcber viele Branchen erstreckt, und warten Transportanlagen im ganzen Land.<\/p>\n<p><strong><img decoding=\"async\" class=\"alignnone size-full wp-image-5481\" src=\"https:\/\/ellegaard.com\/wp-content\/uploads\/2022\/02\/reparation-linup.jpg\" alt=\"\" width=\"1200\" height=\"150\" srcset=\"https:\/\/www.ellegaard.com\/wp-content\/uploads\/2022\/02\/reparation-linup.jpg 1200w, https:\/\/www.ellegaard.com\/wp-content\/uploads\/2022\/02\/reparation-linup-768x96.jpg 768w\" sizes=\"(max-width: 1200px) 100vw, 1200px\" \/><\/strong><\/p>\n<p>Wir warten, konstruieren und produzieren schwere Transportanlagen und k\u00f6nnen mit einem landesweiten Servicenetz schnell ausr\u00fccken und dadurch die Betriebszeiten<br \/>\nin der Produktion sicherstellen. Wir wissen, wie man Rohstoffe von A nach B transportiert, und unsere<br \/>\nerfahrenen Monteure k\u00f6nnen Sie daher auch bei der Wartung und Reparatur der gesamten Anlage beraten. Ellegaard verf\u00fcgt \u00fcber einen Hightech-Maschinenpark und ein landesweites Servicenetz, die beide in D\u00e4nemark ihresgleichen suchen.<\/p>\n<p><strong>Ellegaard bietet der d\u00e4nischen Industrie das gesamte Servicepaket:<\/strong><\/p>\n<ul>\n<li>Abonnementl\u00f6sungen f\u00fcr den Service<\/li>\n<li>Instandhaltung von Technik, Strom und Automatisierung<\/li>\n<li>Design und Produktion von Transportsystemen<\/li>\n<\/ul>\n<p><strong>Kontaktieren Sie uns unter <span style=\"color: #ff9900;\">+45 8020 8020<\/span>, um mehr zu erfahren.<\/strong><\/p>\n<p>Ein schlecht gewartetes F\u00f6rderband f\u00fchrt sowohl zu teuren Reparaturen als auch zu Einnahmeausf\u00e4llen, wenn die Produktion nicht l\u00e4uft.<\/p>\n<p>Sehen Sie, welchen Unterschied ein Servicevertrag mit Ellegaard f\u00fcr Ihr Unternehmen machen kann:<\/p>\n<p>Ein 24-Stunden-Vertrag mit Ellegaard Service tr\u00e4gt zu erh\u00f6hter Produktivit\u00e4t und sp\u00fcrbaren Einsparungen bei.<br \/>\nWir bieten individuelle L\u00f6sungen, Fachwissen und einen landesweiten 24-Stunden-Service, der die Betriebszeit sicherstellt.<\/p>\n<p>Bei Ellegaard kennen wir Ihren Bedarf an langfristig sicheren und langlebigen L\u00f6sungen, die auch wirtschaftlich tragbar sind.<\/p>\n<p><strong>Rufen Sie <span id=\"u33741-18\">+45 8020 8020<\/span> an und erfahren Sie mehr dar\u00fcber, wie Sie Ihren eigenen 24-Stunden-Servicevertrag mit uns abschlie\u00dfen k\u00f6nnen.<\/strong><\/p>\n<p><img decoding=\"async\" class=\"alignnone wp-image-5483\" src=\"https:\/\/ellegaard.com\/wp-content\/uploads\/2022\/02\/Ellegaard-danmarkskort-web-2022.png\" alt=\"\" width=\"600\" height=\"572\" \/>[\/vc_toggle]<div class=\"ult-spacer spacer-69f1a8f94ef18\" data-id=\"69f1a8f94ef18\" data-height=\"0\" data-height-mobile=\"30\" data-height-tab=\"0\" data-height-tab-portrait=\"0\" data-height-mobile-landscape=\"30\" style=\"clear:both;display:block;\"><\/div>[\/vc_column_inner][vc_column_inner width=&#8220;1\/3&#8243;]<div class=\"ult_row_spacer\"><div class=\"ult-sticky-anchor\"><div class=\"ult-sticky-section ult-sticky \"  data-gutter= '60' data-stick_behaviour= 'stick_with_scroll_row'  data-sticky_position= 'top' data-mobile='no' data-support='no'>[vc_wp_custommenu nav_menu=&#8220;10&#8243;]<\/div><div class=\"ult-space\"><\/div><\/div><\/div>[\/vc_column_inner][\/vc_row_inner][vc_empty_space height=&#8220;60px&#8220;][\/vc_column][\/vc_row]<\/p>\n<\/section>","protected":false},"excerpt":{"rendered":"<p>[vc_row full_width=&#8220;stretch_row&#8220; css=&#8220;.vc_custom_1632401993261{border-bottom-width: 1px !important;border-bottom-color: rgba(0,0,0,0.05) !important;border-bottom-style: solid !important;}&#8220;][vc_column][vc_empty_space height=&#8220;60px&#8220;][vc_column_text] Technischer Gummi [\/vc_column_text][vc_empty_space height=&#8220;30px&#8220;][vc_row_inner][vc_column_inner width=&#8220;2\/3&#8243;][vc_toggle title=&#8220;Technischer Gummi&#8220; style=&#8220;text_only&#8220; size=&#8220;lg&#8220; custom_font_container=&#8220;tag:h2|font_size:20px|text_align:center|color:%23ffffff|line_height:24px&#8220; custom_use_theme_fonts=&#8220;yes&#8220; use_custom_heading=&#8220;true&#8220; css=&#8220;.vc_custom_1695630654954{margin-bottom: 15px !important;}&#8220;]Vibrationsd\u00e4mpfung ist \u00fcberall da notwendig, wo Schwingungen entstehen oder wo Sto\u00dfeinwirkungen schnell abgemildert werden sollen. Vibrationsisolierung darf nicht mit Vibrationsd\u00e4mpfung verwechselt werden. Eine effektive Vibrationsisolierung wird ausschlie\u00dflich durch entsprechende Frequenzanpassung erreicht. &#8230; <a title=\"Technischer Gummi\" class=\"read-more\" href=\"https:\/\/www.ellegaard.com\/de\/produkte\/technischer-gummi\/\" aria-label=\"Mehr Informationen \u00fcber Technischer Gummi\">Weiterlesen &#8230;<\/a><\/p>\n","protected":false},"author":1,"featured_media":7727,"parent":8272,"menu_order":24,"comment_status":"closed","ping_status":"closed","template":"","meta":{"_acf_changed":false,"footnotes":""},"categories":[87],"class_list":{"0":"post-8648","1":"page","2":"type-page","3":"status-publish","4":"has-post-thumbnail","6":"category-produkte"},"acf":[],"yoast_head":"<!-- This site is optimized with the Yoast SEO plugin v27.1.1 - https:\/\/yoast.com\/product\/yoast-seo-wordpress\/ -->\n<title>Technischer Gummi &#183; Ellegaard Group<\/title>\n<meta name=\"robots\" content=\"index, follow, max-snippet:-1, max-image-preview:large, max-video-preview:-1\" \/>\n<link rel=\"canonical\" href=\"https:\/\/www.ellegaard.com\/de\/produkte\/technischer-gummi\/\" \/>\n<meta property=\"og:locale\" content=\"de_DE\" \/>\n<meta property=\"og:type\" content=\"article\" \/>\n<meta property=\"og:title\" content=\"Technischer Gummi &#183; Ellegaard Group\" \/>\n<meta property=\"og:description\" content=\"[vc_row full_width=&#8220;stretch_row&#8220; css=&#8220;.vc_custom_1632401993261{border-bottom-width: 1px !important;border-bottom-color: rgba(0,0,0,0.05) !important;border-bottom-style: solid !important;}&#8220;][vc_column][vc_empty_space height=&#8220;60px&#8220;][vc_column_text] Technischer Gummi [\/vc_column_text][vc_empty_space height=&#8220;30px&#8220;][vc_row_inner][vc_column_inner width=&#8220;2\/3&#8243;][vc_toggle title=&#8220;Technischer Gummi&#8220; style=&#8220;text_only&#8220; size=&#8220;lg&#8220; custom_font_container=&#8220;tag:h2|font_size:20px|text_align:center|color:%23ffffff|line_height:24px&#8220; custom_use_theme_fonts=&#8220;yes&#8220; use_custom_heading=&#8220;true&#8220; css=&#8220;.vc_custom_1695630654954{margin-bottom: 15px !important;}&#8220;]Vibrationsd\u00e4mpfung ist \u00fcberall da notwendig, wo Schwingungen entstehen oder wo Sto\u00dfeinwirkungen schnell abgemildert werden sollen. Vibrationsisolierung darf nicht mit Vibrationsd\u00e4mpfung verwechselt werden. Eine effektive Vibrationsisolierung wird ausschlie\u00dflich durch entsprechende Frequenzanpassung erreicht. ... Weiterlesen ...\" \/>\n<meta property=\"og:url\" content=\"https:\/\/www.ellegaard.com\/de\/produkte\/technischer-gummi\/\" \/>\n<meta property=\"og:site_name\" content=\"Ellegaard Group\" \/>\n<meta property=\"article:modified_time\" content=\"2023-09-25T08:30:59+00:00\" \/>\n<meta property=\"og:image\" content=\"https:\/\/www.ellegaard.com\/wp-content\/uploads\/2022\/02\/Teknisk-gummi-fade.jpg\" \/>\n\t<meta property=\"og:image:width\" content=\"600\" \/>\n\t<meta property=\"og:image:height\" content=\"340\" \/>\n\t<meta property=\"og:image:type\" content=\"image\/jpeg\" \/>\n<meta name=\"twitter:card\" content=\"summary_large_image\" \/>\n<meta name=\"twitter:label1\" content=\"Gesch\u00e4tzte Lesezeit\" \/>\n\t<meta name=\"twitter:data1\" content=\"4\u00a0Minuten\" \/>\n<script type=\"application\/ld+json\" class=\"yoast-schema-graph\">{\"@context\":\"https:\/\/schema.org\",\"@graph\":[{\"@type\":\"WebPage\",\"@id\":\"https:\/\/www.ellegaard.com\/de\/produkte\/technischer-gummi\/\",\"url\":\"https:\/\/www.ellegaard.com\/de\/produkte\/technischer-gummi\/\",\"name\":\"Technischer Gummi &#183; Ellegaard Group\",\"isPartOf\":{\"@id\":\"https:\/\/www.ellegaard.com\/de\/#website\"},\"primaryImageOfPage\":{\"@id\":\"https:\/\/www.ellegaard.com\/de\/produkte\/technischer-gummi\/#primaryimage\"},\"image\":{\"@id\":\"https:\/\/www.ellegaard.com\/de\/produkte\/technischer-gummi\/#primaryimage\"},\"thumbnailUrl\":\"https:\/\/www.ellegaard.com\/wp-content\/uploads\/2022\/02\/Teknisk-gummi-fade.jpg\",\"datePublished\":\"2021-09-17T06:32:07+00:00\",\"dateModified\":\"2023-09-25T08:30:59+00:00\",\"breadcrumb\":{\"@id\":\"https:\/\/www.ellegaard.com\/de\/produkte\/technischer-gummi\/#breadcrumb\"},\"inLanguage\":\"de\",\"potentialAction\":[{\"@type\":\"ReadAction\",\"target\":[\"https:\/\/www.ellegaard.com\/de\/produkte\/technischer-gummi\/\"]}]},{\"@type\":\"ImageObject\",\"inLanguage\":\"de\",\"@id\":\"https:\/\/www.ellegaard.com\/de\/produkte\/technischer-gummi\/#primaryimage\",\"url\":\"https:\/\/www.ellegaard.com\/wp-content\/uploads\/2022\/02\/Teknisk-gummi-fade.jpg\",\"contentUrl\":\"https:\/\/www.ellegaard.com\/wp-content\/uploads\/2022\/02\/Teknisk-gummi-fade.jpg\",\"width\":600,\"height\":340},{\"@type\":\"BreadcrumbList\",\"@id\":\"https:\/\/www.ellegaard.com\/de\/produkte\/technischer-gummi\/#breadcrumb\",\"itemListElement\":[{\"@type\":\"ListItem\",\"position\":1,\"name\":\"Hjem\",\"item\":\"https:\/\/www.ellegaard.com\/de\/\"},{\"@type\":\"ListItem\",\"position\":2,\"name\":\"Produkte\",\"item\":\"https:\/\/www.ellegaard.com\/de\/produkte\/\"},{\"@type\":\"ListItem\",\"position\":3,\"name\":\"Technischer Gummi\"}]},{\"@type\":\"WebSite\",\"@id\":\"https:\/\/www.ellegaard.com\/de\/#website\",\"url\":\"https:\/\/www.ellegaard.com\/de\/\",\"name\":\"Ellegaard Group\",\"description\":\"Totalleverand\u00f8r til industrien: Alt i transportb\u00e5nd, transportsystemer, service og transport\u00f8rer\",\"publisher\":{\"@id\":\"https:\/\/www.ellegaard.com\/de\/#organization\"},\"potentialAction\":[{\"@type\":\"SearchAction\",\"target\":{\"@type\":\"EntryPoint\",\"urlTemplate\":\"https:\/\/www.ellegaard.com\/de\/?s={search_term_string}\"},\"query-input\":{\"@type\":\"PropertyValueSpecification\",\"valueRequired\":true,\"valueName\":\"search_term_string\"}}],\"inLanguage\":\"de\"},{\"@type\":\"Organization\",\"@id\":\"https:\/\/www.ellegaard.com\/de\/#organization\",\"name\":\"Ellegaard Group\",\"url\":\"https:\/\/www.ellegaard.com\/de\/\",\"logo\":{\"@type\":\"ImageObject\",\"inLanguage\":\"de\",\"@id\":\"https:\/\/www.ellegaard.com\/de\/#\/schema\/logo\/image\/\",\"url\":\"https:\/\/www.ellegaard.com\/wp-content\/uploads\/2021\/09\/logo.svg\",\"contentUrl\":\"https:\/\/www.ellegaard.com\/wp-content\/uploads\/2021\/09\/logo.svg\",\"width\":519,\"height\":46,\"caption\":\"Ellegaard Group\"},\"image\":{\"@id\":\"https:\/\/www.ellegaard.com\/de\/#\/schema\/logo\/image\/\"}}]}<\/script>\n<!-- \/ Yoast SEO plugin. -->","yoast_head_json":{"title":"Technischer Gummi &#183; Ellegaard Group","robots":{"index":"index","follow":"follow","max-snippet":"max-snippet:-1","max-image-preview":"max-image-preview:large","max-video-preview":"max-video-preview:-1"},"canonical":"https:\/\/www.ellegaard.com\/de\/produkte\/technischer-gummi\/","og_locale":"de_DE","og_type":"article","og_title":"Technischer Gummi &#183; Ellegaard Group","og_description":"[vc_row full_width=&#8220;stretch_row&#8220; css=&#8220;.vc_custom_1632401993261{border-bottom-width: 1px !important;border-bottom-color: rgba(0,0,0,0.05) !important;border-bottom-style: solid !important;}&#8220;][vc_column][vc_empty_space height=&#8220;60px&#8220;][vc_column_text] Technischer Gummi [\/vc_column_text][vc_empty_space height=&#8220;30px&#8220;][vc_row_inner][vc_column_inner width=&#8220;2\/3&#8243;][vc_toggle title=&#8220;Technischer Gummi&#8220; style=&#8220;text_only&#8220; size=&#8220;lg&#8220; custom_font_container=&#8220;tag:h2|font_size:20px|text_align:center|color:%23ffffff|line_height:24px&#8220; custom_use_theme_fonts=&#8220;yes&#8220; use_custom_heading=&#8220;true&#8220; css=&#8220;.vc_custom_1695630654954{margin-bottom: 15px !important;}&#8220;]Vibrationsd\u00e4mpfung ist \u00fcberall da notwendig, wo Schwingungen entstehen oder wo Sto\u00dfeinwirkungen schnell abgemildert werden sollen. Vibrationsisolierung darf nicht mit Vibrationsd\u00e4mpfung verwechselt werden. Eine effektive Vibrationsisolierung wird ausschlie\u00dflich durch entsprechende Frequenzanpassung erreicht. ... Weiterlesen ...","og_url":"https:\/\/www.ellegaard.com\/de\/produkte\/technischer-gummi\/","og_site_name":"Ellegaard Group","article_modified_time":"2023-09-25T08:30:59+00:00","og_image":[{"width":600,"height":340,"url":"https:\/\/www.ellegaard.com\/wp-content\/uploads\/2022\/02\/Teknisk-gummi-fade.jpg","type":"image\/jpeg"}],"twitter_card":"summary_large_image","twitter_misc":{"Gesch\u00e4tzte Lesezeit":"4\u00a0Minuten"},"schema":{"@context":"https:\/\/schema.org","@graph":[{"@type":"WebPage","@id":"https:\/\/www.ellegaard.com\/de\/produkte\/technischer-gummi\/","url":"https:\/\/www.ellegaard.com\/de\/produkte\/technischer-gummi\/","name":"Technischer Gummi &#183; Ellegaard Group","isPartOf":{"@id":"https:\/\/www.ellegaard.com\/de\/#website"},"primaryImageOfPage":{"@id":"https:\/\/www.ellegaard.com\/de\/produkte\/technischer-gummi\/#primaryimage"},"image":{"@id":"https:\/\/www.ellegaard.com\/de\/produkte\/technischer-gummi\/#primaryimage"},"thumbnailUrl":"https:\/\/www.ellegaard.com\/wp-content\/uploads\/2022\/02\/Teknisk-gummi-fade.jpg","datePublished":"2021-09-17T06:32:07+00:00","dateModified":"2023-09-25T08:30:59+00:00","breadcrumb":{"@id":"https:\/\/www.ellegaard.com\/de\/produkte\/technischer-gummi\/#breadcrumb"},"inLanguage":"de","potentialAction":[{"@type":"ReadAction","target":["https:\/\/www.ellegaard.com\/de\/produkte\/technischer-gummi\/"]}]},{"@type":"ImageObject","inLanguage":"de","@id":"https:\/\/www.ellegaard.com\/de\/produkte\/technischer-gummi\/#primaryimage","url":"https:\/\/www.ellegaard.com\/wp-content\/uploads\/2022\/02\/Teknisk-gummi-fade.jpg","contentUrl":"https:\/\/www.ellegaard.com\/wp-content\/uploads\/2022\/02\/Teknisk-gummi-fade.jpg","width":600,"height":340},{"@type":"BreadcrumbList","@id":"https:\/\/www.ellegaard.com\/de\/produkte\/technischer-gummi\/#breadcrumb","itemListElement":[{"@type":"ListItem","position":1,"name":"Hjem","item":"https:\/\/www.ellegaard.com\/de\/"},{"@type":"ListItem","position":2,"name":"Produkte","item":"https:\/\/www.ellegaard.com\/de\/produkte\/"},{"@type":"ListItem","position":3,"name":"Technischer Gummi"}]},{"@type":"WebSite","@id":"https:\/\/www.ellegaard.com\/de\/#website","url":"https:\/\/www.ellegaard.com\/de\/","name":"Ellegaard Group","description":"Totalleverand\u00f8r til industrien: Alt i transportb\u00e5nd, transportsystemer, service og transport\u00f8rer","publisher":{"@id":"https:\/\/www.ellegaard.com\/de\/#organization"},"potentialAction":[{"@type":"SearchAction","target":{"@type":"EntryPoint","urlTemplate":"https:\/\/www.ellegaard.com\/de\/?s={search_term_string}"},"query-input":{"@type":"PropertyValueSpecification","valueRequired":true,"valueName":"search_term_string"}}],"inLanguage":"de"},{"@type":"Organization","@id":"https:\/\/www.ellegaard.com\/de\/#organization","name":"Ellegaard Group","url":"https:\/\/www.ellegaard.com\/de\/","logo":{"@type":"ImageObject","inLanguage":"de","@id":"https:\/\/www.ellegaard.com\/de\/#\/schema\/logo\/image\/","url":"https:\/\/www.ellegaard.com\/wp-content\/uploads\/2021\/09\/logo.svg","contentUrl":"https:\/\/www.ellegaard.com\/wp-content\/uploads\/2021\/09\/logo.svg","width":519,"height":46,"caption":"Ellegaard Group"},"image":{"@id":"https:\/\/www.ellegaard.com\/de\/#\/schema\/logo\/image\/"}}]}},"_links":{"self":[{"href":"https:\/\/www.ellegaard.com\/de\/wp-json\/wp\/v2\/pages\/8648","targetHints":{"allow":["GET"]}}],"collection":[{"href":"https:\/\/www.ellegaard.com\/de\/wp-json\/wp\/v2\/pages"}],"about":[{"href":"https:\/\/www.ellegaard.com\/de\/wp-json\/wp\/v2\/types\/page"}],"author":[{"embeddable":true,"href":"https:\/\/www.ellegaard.com\/de\/wp-json\/wp\/v2\/users\/1"}],"replies":[{"embeddable":true,"href":"https:\/\/www.ellegaard.com\/de\/wp-json\/wp\/v2\/comments?post=8648"}],"version-history":[{"count":4,"href":"https:\/\/www.ellegaard.com\/de\/wp-json\/wp\/v2\/pages\/8648\/revisions"}],"predecessor-version":[{"id":85213,"href":"https:\/\/www.ellegaard.com\/de\/wp-json\/wp\/v2\/pages\/8648\/revisions\/85213"}],"up":[{"embeddable":true,"href":"https:\/\/www.ellegaard.com\/de\/wp-json\/wp\/v2\/pages\/8272"}],"wp:featuredmedia":[{"embeddable":true,"href":"https:\/\/www.ellegaard.com\/de\/wp-json\/wp\/v2\/media\/7727"}],"wp:attachment":[{"href":"https:\/\/www.ellegaard.com\/de\/wp-json\/wp\/v2\/media?parent=8648"}],"wp:term":[{"taxonomy":"category","embeddable":true,"href":"https:\/\/www.ellegaard.com\/de\/wp-json\/wp\/v2\/categories?post=8648"}],"curies":[{"name":"wp","href":"https:\/\/api.w.org\/{rel}","templated":true}]}}