{"id":8645,"date":"2021-09-17T08:32:07","date_gmt":"2021-09-17T06:32:07","guid":{"rendered":"http:\/\/ellegaard.com\/produkte\/technik-und-konstruktion\/"},"modified":"2023-09-20T12:07:38","modified_gmt":"2023-09-20T10:07:38","slug":"technik-und-konstruktion","status":"publish","type":"page","link":"https:\/\/www.ellegaard.com\/de\/produkte\/technik-und-konstruktion\/","title":{"rendered":"Technik und Konstruktion"},"content":{"rendered":"<section class=\"wpb-content-wrapper\"><p>[vc_row full_width=&#8220;stretch_row&#8220; css=&#8220;.vc_custom_1632401993261{border-bottom-width: 1px !important;border-bottom-color: rgba(0,0,0,0.05) !important;border-bottom-style: solid !important;}&#8220;][vc_column][vc_empty_space height=&#8220;60px&#8220;][vc_column_text]<\/p>\n<h1>Technik und Konstruktion<\/h1>\n<p><img decoding=\"async\" class=\"alignnone size-full wp-image-5462\" src=\"http:\/\/ellegaard.com\/wp-content\/uploads\/2022\/02\/teknik-kontsruktion-linup.jpg\" alt=\"\" width=\"1200\" height=\"150\" srcset=\"https:\/\/www.ellegaard.com\/wp-content\/uploads\/2022\/02\/teknik-kontsruktion-linup.jpg 1200w, https:\/\/www.ellegaard.com\/wp-content\/uploads\/2022\/02\/teknik-kontsruktion-linup-768x96.jpg 768w\" sizes=\"(max-width: 1200px) 100vw, 1200px\" \/>[\/vc_column_text][vc_empty_space height=&#8220;30px&#8220;][vc_row_inner][vc_column_inner width=&#8220;2\/3&#8243;][vc_column_text]Ellegaard hat seit Generationen Erfahrung mit F\u00f6rdersystemen und hilft gerne beim Bau komplett neuer Systeme und Anlagen oder beim Umbau bestehender.<br \/>\nVon der Beratung \u00fcber die Planung bis hin zur Konstruktion und Montage k\u00f6nnen wir uns professionell einbringen. Gerne gehen wir unseren Aufgaben nach und sorgen daf\u00fcr, dass die Anlage so l\u00e4uft, wie sie soll.<\/p>\n<p>In der Konstruktionsabteilung von Ellegaard werden kundenspezifische L\u00f6sungen hergestellt, die den Anforderungen unserer Kunden entsprechen.<\/p>\n<p>Wir bauen F\u00f6rderer aus bekannten und getesteten Komponenten f\u00fcr einzigartige ma\u00dfgeschneiderte L\u00f6sungen. F\u00f6rderer werden in der neuesten Version von Inventor 3D\/Autocad und stets im engen Dialog mit dem Kunden konstruiert.<\/p>\n<p><img decoding=\"async\" class=\"alignnone size-full wp-image-5936\" src=\"http:\/\/ellegaard.com\/wp-content\/uploads\/2022\/03\/91A0752-web.jpg\" alt=\"\" width=\"999\" height=\"674\" srcset=\"https:\/\/www.ellegaard.com\/wp-content\/uploads\/2022\/03\/91A0752-web.jpg 999w, https:\/\/www.ellegaard.com\/wp-content\/uploads\/2022\/03\/91A0752-web-768x518.jpg 768w\" sizes=\"(max-width: 999px) 100vw, 999px\" \/><\/p>\n<p><strong>Bau und Anlagenbau<\/strong><\/p>\n<ul>\n<li>Beton- und Zementindustrie<\/li>\n<li>Stahlindustrie<\/li>\n<li>Interner Transport<\/li>\n<\/ul>\n<p><strong>Energiesektor<\/strong><\/p>\n<ul>\n<li>Kraftwerke<\/li>\n<li>Heizkraftwerke<\/li>\n<li>Verbrennungsanlagen<\/li>\n<\/ul>\n<p><strong>Lebensmittelindustrie<\/strong><\/p>\n<ul>\n<li>B\u00e4ckereien<\/li>\n<li>Schlachth\u00f6fe<\/li>\n<li>M\u00fchlen<\/li>\n<li>Brauereien<\/li>\n<li>Landwirtschaft<\/li>\n<li>Sonstige Verarbeitung\/Herstellung<\/li>\n<\/ul>\n<p><strong>Recyclingsektor<\/strong><\/p>\n<ul>\n<li>Schlacke<\/li>\n<li>Beton\/Holz\/Glas<\/li>\n<li>Karton und Papier<\/li>\n<li>M\u00fclltrennung<\/li>\n<\/ul>\n<p><strong>Pharmazeutische und chemische Industrie<\/strong><\/p>\n<ul>\n<li>Pharmaunternehmen<\/li>\n<li>Chemische Unternehmen<\/li>\n<\/ul>\n<p><strong>Rohstoffe und Mineralien<\/strong><\/p>\n<ul>\n<li>Stein\/Kies\/Kalk\/Salz etc.<\/li>\n<\/ul>\n<p><strong>Verteilung<\/strong><\/p>\n<ul>\n<li>Paketabwicklung<\/li>\n<li>Rollenbahnenanlagen<\/li>\n<\/ul>\n<p><strong>Beratung<\/strong><\/p>\n<ul>\n<li>Innerhalb von F\u00f6rderbahnanlagen etc.<\/li>\n<\/ul>\n<p>[\/vc_column_text]<div class=\"ult-spacer spacer-69f182500e8be\" data-id=\"69f182500e8be\" data-height=\"0\" data-height-mobile=\"30\" data-height-tab=\"0\" data-height-tab-portrait=\"0\" data-height-mobile-landscape=\"30\" style=\"clear:both;display:block;\"><\/div>[\/vc_column_inner][vc_column_inner width=&#8220;1\/3&#8243;]<div class=\"ult_row_spacer\"><div class=\"ult-sticky-anchor\"><div class=\"ult-sticky-section ult-sticky \"  data-gutter= '60' data-stick_behaviour= 'stick_with_scroll_row'  data-sticky_position= 'top' data-mobile='no' data-support='no'>[vc_wp_custommenu nav_menu=&#8220;10&#8243;]<\/div><div class=\"ult-space\"><\/div><\/div><\/div>[\/vc_column_inner][\/vc_row_inner][vc_empty_space height=&#8220;60px&#8220;][\/vc_column][\/vc_row][vc_row][vc_column offset=&#8220;vc_col-lg-6 vc_col-md-6&#8243;][\/vc_column][\/vc_row][vc_row][vc_column offset=&#8220;vc_col-lg-6 vc_col-md-6&#8243;][\/vc_column][\/vc_row]<\/p>\n<\/section>","protected":false},"excerpt":{"rendered":"<p>[vc_row full_width=&#8220;stretch_row&#8220; css=&#8220;.vc_custom_1632401993261{border-bottom-width: 1px !important;border-bottom-color: rgba(0,0,0,0.05) !important;border-bottom-style: solid !important;}&#8220;][vc_column][vc_empty_space height=&#8220;60px&#8220;][vc_column_text] Technik und Konstruktion [\/vc_column_text][vc_empty_space height=&#8220;30px&#8220;][vc_row_inner][vc_column_inner width=&#8220;2\/3&#8243;][vc_column_text]Ellegaard hat seit Generationen Erfahrung mit F\u00f6rdersystemen und hilft gerne beim Bau komplett neuer Systeme und Anlagen oder beim Umbau bestehender. Von der Beratung \u00fcber die Planung bis hin zur Konstruktion und Montage k\u00f6nnen wir uns professionell einbringen. Gerne gehen &#8230; <a title=\"Technik und Konstruktion\" class=\"read-more\" href=\"https:\/\/www.ellegaard.com\/de\/produkte\/technik-und-konstruktion\/\" aria-label=\"Mehr Informationen \u00fcber Technik und Konstruktion\">Weiterlesen &#8230;<\/a><\/p>\n","protected":false},"author":1,"featured_media":7725,"parent":8272,"menu_order":23,"comment_status":"closed","ping_status":"closed","template":"","meta":{"_acf_changed":false,"footnotes":""},"categories":[87],"class_list":{"0":"post-8645","1":"page","2":"type-page","3":"status-publish","4":"has-post-thumbnail","6":"category-produkte"},"acf":[],"yoast_head":"<!-- This site is optimized with the Yoast SEO plugin v27.1.1 - https:\/\/yoast.com\/product\/yoast-seo-wordpress\/ -->\n<title>Technik und Konstruktion &#183; Ellegaard Group<\/title>\n<meta name=\"robots\" content=\"index, follow, max-snippet:-1, max-image-preview:large, max-video-preview:-1\" \/>\n<link rel=\"canonical\" href=\"https:\/\/www.ellegaard.com\/de\/produkte\/technik-und-konstruktion\/\" \/>\n<meta property=\"og:locale\" content=\"de_DE\" \/>\n<meta property=\"og:type\" content=\"article\" \/>\n<meta property=\"og:title\" content=\"Technik und Konstruktion &#183; Ellegaard Group\" \/>\n<meta property=\"og:description\" content=\"[vc_row full_width=&#8220;stretch_row&#8220; css=&#8220;.vc_custom_1632401993261{border-bottom-width: 1px !important;border-bottom-color: rgba(0,0,0,0.05) !important;border-bottom-style: solid !important;}&#8220;][vc_column][vc_empty_space height=&#8220;60px&#8220;][vc_column_text] Technik und Konstruktion [\/vc_column_text][vc_empty_space height=&#8220;30px&#8220;][vc_row_inner][vc_column_inner width=&#8220;2\/3&#8243;][vc_column_text]Ellegaard hat seit Generationen Erfahrung mit F\u00f6rdersystemen und hilft gerne beim Bau komplett neuer Systeme und Anlagen oder beim Umbau bestehender. Von der Beratung \u00fcber die Planung bis hin zur Konstruktion und Montage k\u00f6nnen wir uns professionell einbringen. Gerne gehen ... Weiterlesen ...\" \/>\n<meta property=\"og:url\" content=\"https:\/\/www.ellegaard.com\/de\/produkte\/technik-und-konstruktion\/\" \/>\n<meta property=\"og:site_name\" content=\"Ellegaard Group\" \/>\n<meta property=\"article:modified_time\" content=\"2023-09-20T10:07:38+00:00\" \/>\n<meta property=\"og:image\" content=\"https:\/\/www.ellegaard.com\/wp-content\/uploads\/2022\/02\/Teknik-og-konstruktion-fade.jpg\" \/>\n\t<meta property=\"og:image:width\" content=\"600\" \/>\n\t<meta property=\"og:image:height\" content=\"338\" \/>\n\t<meta property=\"og:image:type\" content=\"image\/jpeg\" \/>\n<meta name=\"twitter:card\" content=\"summary_large_image\" \/>\n<meta name=\"twitter:label1\" content=\"Gesch\u00e4tzte Lesezeit\" \/>\n\t<meta name=\"twitter:data1\" content=\"2\u00a0Minuten\" \/>\n<script type=\"application\/ld+json\" class=\"yoast-schema-graph\">{\"@context\":\"https:\/\/schema.org\",\"@graph\":[{\"@type\":\"WebPage\",\"@id\":\"https:\/\/www.ellegaard.com\/de\/produkte\/technik-und-konstruktion\/\",\"url\":\"https:\/\/www.ellegaard.com\/de\/produkte\/technik-und-konstruktion\/\",\"name\":\"Technik und Konstruktion &#183; Ellegaard Group\",\"isPartOf\":{\"@id\":\"https:\/\/www.ellegaard.com\/de\/#website\"},\"primaryImageOfPage\":{\"@id\":\"https:\/\/www.ellegaard.com\/de\/produkte\/technik-und-konstruktion\/#primaryimage\"},\"image\":{\"@id\":\"https:\/\/www.ellegaard.com\/de\/produkte\/technik-und-konstruktion\/#primaryimage\"},\"thumbnailUrl\":\"https:\/\/www.ellegaard.com\/wp-content\/uploads\/2022\/02\/Teknik-og-konstruktion-fade.jpg\",\"datePublished\":\"2021-09-17T06:32:07+00:00\",\"dateModified\":\"2023-09-20T10:07:38+00:00\",\"breadcrumb\":{\"@id\":\"https:\/\/www.ellegaard.com\/de\/produkte\/technik-und-konstruktion\/#breadcrumb\"},\"inLanguage\":\"de\",\"potentialAction\":[{\"@type\":\"ReadAction\",\"target\":[\"https:\/\/www.ellegaard.com\/de\/produkte\/technik-und-konstruktion\/\"]}]},{\"@type\":\"ImageObject\",\"inLanguage\":\"de\",\"@id\":\"https:\/\/www.ellegaard.com\/de\/produkte\/technik-und-konstruktion\/#primaryimage\",\"url\":\"https:\/\/www.ellegaard.com\/wp-content\/uploads\/2022\/02\/Teknik-og-konstruktion-fade.jpg\",\"contentUrl\":\"https:\/\/www.ellegaard.com\/wp-content\/uploads\/2022\/02\/Teknik-og-konstruktion-fade.jpg\",\"width\":600,\"height\":338},{\"@type\":\"BreadcrumbList\",\"@id\":\"https:\/\/www.ellegaard.com\/de\/produkte\/technik-und-konstruktion\/#breadcrumb\",\"itemListElement\":[{\"@type\":\"ListItem\",\"position\":1,\"name\":\"Hjem\",\"item\":\"https:\/\/www.ellegaard.com\/de\/\"},{\"@type\":\"ListItem\",\"position\":2,\"name\":\"Produkte\",\"item\":\"https:\/\/www.ellegaard.com\/de\/produkte\/\"},{\"@type\":\"ListItem\",\"position\":3,\"name\":\"Technik und Konstruktion\"}]},{\"@type\":\"WebSite\",\"@id\":\"https:\/\/www.ellegaard.com\/de\/#website\",\"url\":\"https:\/\/www.ellegaard.com\/de\/\",\"name\":\"Ellegaard Group\",\"description\":\"Totalleverand\u00f8r til industrien: Alt i transportb\u00e5nd, transportsystemer, service og transport\u00f8rer\",\"publisher\":{\"@id\":\"https:\/\/www.ellegaard.com\/de\/#organization\"},\"potentialAction\":[{\"@type\":\"SearchAction\",\"target\":{\"@type\":\"EntryPoint\",\"urlTemplate\":\"https:\/\/www.ellegaard.com\/de\/?s={search_term_string}\"},\"query-input\":{\"@type\":\"PropertyValueSpecification\",\"valueRequired\":true,\"valueName\":\"search_term_string\"}}],\"inLanguage\":\"de\"},{\"@type\":\"Organization\",\"@id\":\"https:\/\/www.ellegaard.com\/de\/#organization\",\"name\":\"Ellegaard Group\",\"url\":\"https:\/\/www.ellegaard.com\/de\/\",\"logo\":{\"@type\":\"ImageObject\",\"inLanguage\":\"de\",\"@id\":\"https:\/\/www.ellegaard.com\/de\/#\/schema\/logo\/image\/\",\"url\":\"https:\/\/www.ellegaard.com\/wp-content\/uploads\/2021\/09\/logo.svg\",\"contentUrl\":\"https:\/\/www.ellegaard.com\/wp-content\/uploads\/2021\/09\/logo.svg\",\"width\":519,\"height\":46,\"caption\":\"Ellegaard Group\"},\"image\":{\"@id\":\"https:\/\/www.ellegaard.com\/de\/#\/schema\/logo\/image\/\"}}]}<\/script>\n<!-- \/ Yoast SEO plugin. -->","yoast_head_json":{"title":"Technik und Konstruktion &#183; Ellegaard Group","robots":{"index":"index","follow":"follow","max-snippet":"max-snippet:-1","max-image-preview":"max-image-preview:large","max-video-preview":"max-video-preview:-1"},"canonical":"https:\/\/www.ellegaard.com\/de\/produkte\/technik-und-konstruktion\/","og_locale":"de_DE","og_type":"article","og_title":"Technik und Konstruktion &#183; Ellegaard Group","og_description":"[vc_row full_width=&#8220;stretch_row&#8220; css=&#8220;.vc_custom_1632401993261{border-bottom-width: 1px !important;border-bottom-color: rgba(0,0,0,0.05) !important;border-bottom-style: solid !important;}&#8220;][vc_column][vc_empty_space height=&#8220;60px&#8220;][vc_column_text] Technik und Konstruktion [\/vc_column_text][vc_empty_space height=&#8220;30px&#8220;][vc_row_inner][vc_column_inner width=&#8220;2\/3&#8243;][vc_column_text]Ellegaard hat seit Generationen Erfahrung mit F\u00f6rdersystemen und hilft gerne beim Bau komplett neuer Systeme und Anlagen oder beim Umbau bestehender. Von der Beratung \u00fcber die Planung bis hin zur Konstruktion und Montage k\u00f6nnen wir uns professionell einbringen. Gerne gehen ... Weiterlesen ...","og_url":"https:\/\/www.ellegaard.com\/de\/produkte\/technik-und-konstruktion\/","og_site_name":"Ellegaard Group","article_modified_time":"2023-09-20T10:07:38+00:00","og_image":[{"width":600,"height":338,"url":"https:\/\/www.ellegaard.com\/wp-content\/uploads\/2022\/02\/Teknik-og-konstruktion-fade.jpg","type":"image\/jpeg"}],"twitter_card":"summary_large_image","twitter_misc":{"Gesch\u00e4tzte Lesezeit":"2\u00a0Minuten"},"schema":{"@context":"https:\/\/schema.org","@graph":[{"@type":"WebPage","@id":"https:\/\/www.ellegaard.com\/de\/produkte\/technik-und-konstruktion\/","url":"https:\/\/www.ellegaard.com\/de\/produkte\/technik-und-konstruktion\/","name":"Technik und Konstruktion &#183; Ellegaard Group","isPartOf":{"@id":"https:\/\/www.ellegaard.com\/de\/#website"},"primaryImageOfPage":{"@id":"https:\/\/www.ellegaard.com\/de\/produkte\/technik-und-konstruktion\/#primaryimage"},"image":{"@id":"https:\/\/www.ellegaard.com\/de\/produkte\/technik-und-konstruktion\/#primaryimage"},"thumbnailUrl":"https:\/\/www.ellegaard.com\/wp-content\/uploads\/2022\/02\/Teknik-og-konstruktion-fade.jpg","datePublished":"2021-09-17T06:32:07+00:00","dateModified":"2023-09-20T10:07:38+00:00","breadcrumb":{"@id":"https:\/\/www.ellegaard.com\/de\/produkte\/technik-und-konstruktion\/#breadcrumb"},"inLanguage":"de","potentialAction":[{"@type":"ReadAction","target":["https:\/\/www.ellegaard.com\/de\/produkte\/technik-und-konstruktion\/"]}]},{"@type":"ImageObject","inLanguage":"de","@id":"https:\/\/www.ellegaard.com\/de\/produkte\/technik-und-konstruktion\/#primaryimage","url":"https:\/\/www.ellegaard.com\/wp-content\/uploads\/2022\/02\/Teknik-og-konstruktion-fade.jpg","contentUrl":"https:\/\/www.ellegaard.com\/wp-content\/uploads\/2022\/02\/Teknik-og-konstruktion-fade.jpg","width":600,"height":338},{"@type":"BreadcrumbList","@id":"https:\/\/www.ellegaard.com\/de\/produkte\/technik-und-konstruktion\/#breadcrumb","itemListElement":[{"@type":"ListItem","position":1,"name":"Hjem","item":"https:\/\/www.ellegaard.com\/de\/"},{"@type":"ListItem","position":2,"name":"Produkte","item":"https:\/\/www.ellegaard.com\/de\/produkte\/"},{"@type":"ListItem","position":3,"name":"Technik und Konstruktion"}]},{"@type":"WebSite","@id":"https:\/\/www.ellegaard.com\/de\/#website","url":"https:\/\/www.ellegaard.com\/de\/","name":"Ellegaard Group","description":"Totalleverand\u00f8r til industrien: Alt i transportb\u00e5nd, transportsystemer, service og transport\u00f8rer","publisher":{"@id":"https:\/\/www.ellegaard.com\/de\/#organization"},"potentialAction":[{"@type":"SearchAction","target":{"@type":"EntryPoint","urlTemplate":"https:\/\/www.ellegaard.com\/de\/?s={search_term_string}"},"query-input":{"@type":"PropertyValueSpecification","valueRequired":true,"valueName":"search_term_string"}}],"inLanguage":"de"},{"@type":"Organization","@id":"https:\/\/www.ellegaard.com\/de\/#organization","name":"Ellegaard Group","url":"https:\/\/www.ellegaard.com\/de\/","logo":{"@type":"ImageObject","inLanguage":"de","@id":"https:\/\/www.ellegaard.com\/de\/#\/schema\/logo\/image\/","url":"https:\/\/www.ellegaard.com\/wp-content\/uploads\/2021\/09\/logo.svg","contentUrl":"https:\/\/www.ellegaard.com\/wp-content\/uploads\/2021\/09\/logo.svg","width":519,"height":46,"caption":"Ellegaard Group"},"image":{"@id":"https:\/\/www.ellegaard.com\/de\/#\/schema\/logo\/image\/"}}]}},"_links":{"self":[{"href":"https:\/\/www.ellegaard.com\/de\/wp-json\/wp\/v2\/pages\/8645","targetHints":{"allow":["GET"]}}],"collection":[{"href":"https:\/\/www.ellegaard.com\/de\/wp-json\/wp\/v2\/pages"}],"about":[{"href":"https:\/\/www.ellegaard.com\/de\/wp-json\/wp\/v2\/types\/page"}],"author":[{"embeddable":true,"href":"https:\/\/www.ellegaard.com\/de\/wp-json\/wp\/v2\/users\/1"}],"replies":[{"embeddable":true,"href":"https:\/\/www.ellegaard.com\/de\/wp-json\/wp\/v2\/comments?post=8645"}],"version-history":[{"count":4,"href":"https:\/\/www.ellegaard.com\/de\/wp-json\/wp\/v2\/pages\/8645\/revisions"}],"predecessor-version":[{"id":85135,"href":"https:\/\/www.ellegaard.com\/de\/wp-json\/wp\/v2\/pages\/8645\/revisions\/85135"}],"up":[{"embeddable":true,"href":"https:\/\/www.ellegaard.com\/de\/wp-json\/wp\/v2\/pages\/8272"}],"wp:featuredmedia":[{"embeddable":true,"href":"https:\/\/www.ellegaard.com\/de\/wp-json\/wp\/v2\/media\/7725"}],"wp:attachment":[{"href":"https:\/\/www.ellegaard.com\/de\/wp-json\/wp\/v2\/media?parent=8645"}],"wp:term":[{"taxonomy":"category","embeddable":true,"href":"https:\/\/www.ellegaard.com\/de\/wp-json\/wp\/v2\/categories?post=8645"}],"curies":[{"name":"wp","href":"https:\/\/api.w.org\/{rel}","templated":true}]}}