{"id":8639,"date":"2021-09-17T08:32:07","date_gmt":"2021-09-17T06:32:07","guid":{"rendered":"http:\/\/ellegaard.com\/produkte\/geraeuschdaemmende-trichter\/"},"modified":"2022-11-17T15:38:24","modified_gmt":"2022-11-17T14:38:24","slug":"geraeuschdaemmende-trichter","status":"publish","type":"page","link":"https:\/\/www.ellegaard.com\/de\/produkte\/geraeuschdaemmende-trichter\/","title":{"rendered":"Ger\u00e4uschd\u00e4mmende Trichter"},"content":{"rendered":"<section class=\"wpb-content-wrapper\"><p>[vc_row full_width=&#8220;stretch_row&#8220; css=&#8220;.vc_custom_1632401993261{border-bottom-width: 1px !important;border-bottom-color: rgba(0,0,0,0.05) !important;border-bottom-style: solid !important;}&#8220;][vc_column][vc_empty_space height=&#8220;60px&#8220;][vc_column_text]<\/p>\n<h1>Ger\u00e4uschd\u00e4mmende Trichter<\/h1>\n<p><img decoding=\"async\" class=\"alignnone size-full wp-image-5459\" src=\"http:\/\/ellegaard.com\/wp-content\/uploads\/2022\/02\/funnel-linup.jpg\" alt=\"\" width=\"1200\" height=\"150\" srcset=\"https:\/\/www.ellegaard.com\/wp-content\/uploads\/2022\/02\/funnel-linup.jpg 1200w, https:\/\/www.ellegaard.com\/wp-content\/uploads\/2022\/02\/funnel-linup-768x96.jpg 768w\" sizes=\"(max-width: 1200px) 100vw, 1200px\" \/>[\/vc_column_text][vc_empty_space height=&#8220;30px&#8220;][vc_row_inner][vc_column_inner width=&#8220;2\/3&#8243;][vc_column_text]In Prozessen in der verarbeitenden Industrie, wo der Transport von Produkten mit zu viel L\u00e4rm verbunden ist, k\u00f6nnen ger\u00e4uschd\u00e4mmende Trichter vorteilhaft eingesetzt werden. Die Trichter werden speziell nach Ma\u00df gefertigt und aus lebensmittelzugelassenem PU-Material geschnitten und zu einem fertigen Trichter zusammengesetzt.<\/p>\n<p>Mit seiner glatten Oberfl\u00e4che hat der PU-Trichter deutliche Hygienevorteile, da er die Bildung von Bakterien verhindert und leicht zu reinigen ist. Der Trichter reduziert wirksam Sto\u00dfl\u00e4rm und kann vorteilhaft in Prozesslinien zur Verarbeitung von gefrorenen Lebensmitteln verwendet werden.<\/p>\n<p><img decoding=\"async\" class=\"alignnone wp-image-5437\" src=\"http:\/\/ellegaard.com\/wp-content\/uploads\/2022\/02\/stoejreducerence-tragte-44db.jpg\" alt=\"\" width=\"651\" height=\"366\" srcset=\"https:\/\/www.ellegaard.com\/wp-content\/uploads\/2022\/02\/stoejreducerence-tragte-44db.jpg 800w, https:\/\/www.ellegaard.com\/wp-content\/uploads\/2022\/02\/stoejreducerence-tragte-44db-768x432.jpg 768w\" sizes=\"(max-width: 651px) 100vw, 651px\" \/><\/p>\n<p><img decoding=\"async\" class=\"alignnone size-full wp-image-5450\" src=\"http:\/\/ellegaard.com\/wp-content\/uploads\/2022\/02\/stoejreducerende-tragt4b.jpg\" alt=\"\" width=\"150\" height=\"225\">    <img decoding=\"async\" class=\"alignnone size-full wp-image-5449\" src=\"http:\/\/ellegaard.com\/wp-content\/uploads\/2022\/02\/stoejreducerende-tragt1.jpg\" alt=\"\" width=\"150\" height=\"225\">    <img decoding=\"async\" class=\"alignnone size-full wp-image-5448\" src=\"http:\/\/ellegaard.com\/wp-content\/uploads\/2022\/02\/stoejreducerende-tragt2.jpg\" alt=\"\" width=\"150\" height=\"225\">    <img decoding=\"async\" class=\"alignnone size-full wp-image-5447\" src=\"http:\/\/ellegaard.com\/wp-content\/uploads\/2022\/02\/stoejreducerende-tragt3.jpg\" alt=\"\" width=\"150\" height=\"225\"><\/p>\n<h3>Erfahrungen aus der Praxis<\/h3>\n<p>Wir haben den Trichter unter anderem bei HKSCAN installiert, was zu einer besseren Arbeitsumgebung gef\u00fchrt und zu weniger Produktausschuss beigetragen hat.<\/p>\n<p><em>&#8222;Die Lebensdauer des weichen Produkts hat uns \u00fcberrascht, und wir beabsichtigen, es an weiteren Stellen in der Produktion zu installieren.&#8220; <\/em>Tue Albrektsen, HKSCAN<\/p>\n<div style=\"width: 1200px;\" class=\"wp-video\"><video class=\"wp-video-shortcode\" id=\"video-8639-1\" width=\"1200\" height=\"675\" preload=\"metadata\" controls=\"controls\"><source type=\"video\/mp4\" src=\"http:\/\/ellegaard.com\/wp-content\/uploads\/2022\/02\/Noise-reduction-funnel.mp4?_=1\" \/><a href=\"http:\/\/ellegaard.com\/wp-content\/uploads\/2022\/02\/Noise-reduction-funnel.mp4\">http:\/\/ellegaard.com\/wp-content\/uploads\/2022\/02\/Noise-reduction-funnel.mp4<\/a><\/video><\/div>\n<p>&nbsp;<\/p>\n<hr>\n<ul>\n<li>Reduziert L\u00e4rm um bis zu 20 dB<\/li>\n<li>Verbessert die Reinigungseffizienz<\/li>\n<li>Lebensmittelzugelassenes Volta-Material: USDA, FDA und 3-A Dairy<\/li>\n<li>Einfache Handhabung<\/li>\n<li>Migrationstest<\/li>\n<li>Enth\u00e4lt keine Weichmacher oder andere Zus\u00e4tze in Form von Phthalaten<\/li>\n<li>Eine glatte Oberfl\u00e4che f\u00fchrt zu einem stabileren Transport des Produkts<\/li>\n<li>Kein Produktausschuss<\/li>\n<\/ul>\n<h2>Rufen Sie uns unter <span style=\"color: #ff9900;\">+45 8020 8020<\/span> an, um mehr zu erfahren<\/h2>\n<p>[\/vc_column_text][vc_empty_space height=&#8220;20px&#8220;]<div class=\"ult-spacer spacer-69f1833411ab5\" data-id=\"69f1833411ab5\" data-height=\"0\" data-height-mobile=\"30\" data-height-tab=\"0\" data-height-tab-portrait=\"0\" data-height-mobile-landscape=\"30\" style=\"clear:both;display:block;\"><\/div>[\/vc_column_inner][vc_column_inner width=&#8220;1\/3&#8243;]<div class=\"ult_row_spacer\"><div class=\"ult-sticky-anchor\"><div class=\"ult-sticky-section ult-sticky \"  data-gutter= '60' data-stick_behaviour= 'stick_with_scroll_row'  data-sticky_position= 'top' data-mobile='no' data-support='no'>[vc_wp_custommenu nav_menu=&#8220;10&#8243;]<\/div><div class=\"ult-space\"><\/div><\/div><\/div>[\/vc_column_inner][\/vc_row_inner][vc_empty_space height=&#8220;60px&#8220;][\/vc_column][\/vc_row]<\/p>\n<\/section>","protected":false},"excerpt":{"rendered":"<p>[vc_row full_width=&#8220;stretch_row&#8220; css=&#8220;.vc_custom_1632401993261{border-bottom-width: 1px !important;border-bottom-color: rgba(0,0,0,0.05) !important;border-bottom-style: solid !important;}&#8220;][vc_column][vc_empty_space height=&#8220;60px&#8220;][vc_column_text] Ger\u00e4uschd\u00e4mmende Trichter [\/vc_column_text][vc_empty_space height=&#8220;30px&#8220;][vc_row_inner][vc_column_inner width=&#8220;2\/3&#8243;][vc_column_text]In Prozessen in der verarbeitenden Industrie, wo der Transport von Produkten mit zu viel L\u00e4rm verbunden ist, k\u00f6nnen ger\u00e4uschd\u00e4mmende Trichter vorteilhaft eingesetzt werden. Die Trichter werden speziell nach Ma\u00df gefertigt und aus lebensmittelzugelassenem PU-Material geschnitten und zu einem fertigen Trichter zusammengesetzt. &#8230; <a title=\"Ger\u00e4uschd\u00e4mmende Trichter\" class=\"read-more\" href=\"https:\/\/www.ellegaard.com\/de\/produkte\/geraeuschdaemmende-trichter\/\" aria-label=\"Mehr Informationen \u00fcber Ger\u00e4uschd\u00e4mmende Trichter\">Weiterlesen &#8230;<\/a><\/p>\n","protected":false},"author":1,"featured_media":7717,"parent":8272,"menu_order":21,"comment_status":"closed","ping_status":"closed","template":"","meta":{"_acf_changed":false,"footnotes":""},"categories":[87],"class_list":{"0":"post-8639","1":"page","2":"type-page","3":"status-publish","4":"has-post-thumbnail","6":"category-produkte"},"acf":[],"yoast_head":"<!-- This site is optimized with the Yoast SEO plugin v27.1.1 - https:\/\/yoast.com\/product\/yoast-seo-wordpress\/ -->\n<title>Ger\u00e4uschd\u00e4mmende Trichter &#183; Ellegaard Group<\/title>\n<meta name=\"robots\" content=\"index, follow, max-snippet:-1, max-image-preview:large, max-video-preview:-1\" \/>\n<link rel=\"canonical\" href=\"https:\/\/www.ellegaard.com\/de\/produkte\/geraeuschdaemmende-trichter\/\" \/>\n<meta property=\"og:locale\" content=\"de_DE\" \/>\n<meta property=\"og:type\" content=\"article\" \/>\n<meta property=\"og:title\" content=\"Ger\u00e4uschd\u00e4mmende Trichter &#183; Ellegaard Group\" \/>\n<meta property=\"og:description\" content=\"[vc_row full_width=&#8220;stretch_row&#8220; css=&#8220;.vc_custom_1632401993261{border-bottom-width: 1px !important;border-bottom-color: rgba(0,0,0,0.05) !important;border-bottom-style: solid !important;}&#8220;][vc_column][vc_empty_space height=&#8220;60px&#8220;][vc_column_text] Ger\u00e4uschd\u00e4mmende Trichter [\/vc_column_text][vc_empty_space height=&#8220;30px&#8220;][vc_row_inner][vc_column_inner width=&#8220;2\/3&#8243;][vc_column_text]In Prozessen in der verarbeitenden Industrie, wo der Transport von Produkten mit zu viel L\u00e4rm verbunden ist, k\u00f6nnen ger\u00e4uschd\u00e4mmende Trichter vorteilhaft eingesetzt werden. Die Trichter werden speziell nach Ma\u00df gefertigt und aus lebensmittelzugelassenem PU-Material geschnitten und zu einem fertigen Trichter zusammengesetzt. ... Weiterlesen ...\" \/>\n<meta property=\"og:url\" content=\"https:\/\/www.ellegaard.com\/de\/produkte\/geraeuschdaemmende-trichter\/\" \/>\n<meta property=\"og:site_name\" content=\"Ellegaard Group\" \/>\n<meta property=\"article:modified_time\" content=\"2022-11-17T14:38:24+00:00\" \/>\n<meta property=\"og:image\" content=\"https:\/\/www.ellegaard.com\/wp-content\/uploads\/2022\/02\/noise-canceling-funnel-fade.jpg\" \/>\n\t<meta property=\"og:image:width\" content=\"600\" \/>\n\t<meta property=\"og:image:height\" content=\"338\" \/>\n\t<meta property=\"og:image:type\" content=\"image\/jpeg\" \/>\n<meta name=\"twitter:card\" content=\"summary_large_image\" \/>\n<meta name=\"twitter:label1\" content=\"Gesch\u00e4tzte Lesezeit\" \/>\n\t<meta name=\"twitter:data1\" content=\"2\u00a0Minuten\" \/>\n<script type=\"application\/ld+json\" class=\"yoast-schema-graph\">{\"@context\":\"https:\/\/schema.org\",\"@graph\":[{\"@type\":\"WebPage\",\"@id\":\"https:\/\/www.ellegaard.com\/de\/produkte\/geraeuschdaemmende-trichter\/\",\"url\":\"https:\/\/www.ellegaard.com\/de\/produkte\/geraeuschdaemmende-trichter\/\",\"name\":\"Ger\u00e4uschd\u00e4mmende Trichter &#183; Ellegaard Group\",\"isPartOf\":{\"@id\":\"https:\/\/www.ellegaard.com\/de\/#website\"},\"primaryImageOfPage\":{\"@id\":\"https:\/\/www.ellegaard.com\/de\/produkte\/geraeuschdaemmende-trichter\/#primaryimage\"},\"image\":{\"@id\":\"https:\/\/www.ellegaard.com\/de\/produkte\/geraeuschdaemmende-trichter\/#primaryimage\"},\"thumbnailUrl\":\"https:\/\/www.ellegaard.com\/wp-content\/uploads\/2022\/02\/noise-canceling-funnel-fade.jpg\",\"datePublished\":\"2021-09-17T06:32:07+00:00\",\"dateModified\":\"2022-11-17T14:38:24+00:00\",\"breadcrumb\":{\"@id\":\"https:\/\/www.ellegaard.com\/de\/produkte\/geraeuschdaemmende-trichter\/#breadcrumb\"},\"inLanguage\":\"de\",\"potentialAction\":[{\"@type\":\"ReadAction\",\"target\":[\"https:\/\/www.ellegaard.com\/de\/produkte\/geraeuschdaemmende-trichter\/\"]}]},{\"@type\":\"ImageObject\",\"inLanguage\":\"de\",\"@id\":\"https:\/\/www.ellegaard.com\/de\/produkte\/geraeuschdaemmende-trichter\/#primaryimage\",\"url\":\"https:\/\/www.ellegaard.com\/wp-content\/uploads\/2022\/02\/noise-canceling-funnel-fade.jpg\",\"contentUrl\":\"https:\/\/www.ellegaard.com\/wp-content\/uploads\/2022\/02\/noise-canceling-funnel-fade.jpg\",\"width\":600,\"height\":338},{\"@type\":\"BreadcrumbList\",\"@id\":\"https:\/\/www.ellegaard.com\/de\/produkte\/geraeuschdaemmende-trichter\/#breadcrumb\",\"itemListElement\":[{\"@type\":\"ListItem\",\"position\":1,\"name\":\"Hjem\",\"item\":\"https:\/\/www.ellegaard.com\/de\/\"},{\"@type\":\"ListItem\",\"position\":2,\"name\":\"Produkte\",\"item\":\"https:\/\/www.ellegaard.com\/de\/produkte\/\"},{\"@type\":\"ListItem\",\"position\":3,\"name\":\"Ger\u00e4uschd\u00e4mmende Trichter\"}]},{\"@type\":\"WebSite\",\"@id\":\"https:\/\/www.ellegaard.com\/de\/#website\",\"url\":\"https:\/\/www.ellegaard.com\/de\/\",\"name\":\"Ellegaard Group\",\"description\":\"Totalleverand\u00f8r til industrien: Alt i transportb\u00e5nd, transportsystemer, service og transport\u00f8rer\",\"publisher\":{\"@id\":\"https:\/\/www.ellegaard.com\/de\/#organization\"},\"potentialAction\":[{\"@type\":\"SearchAction\",\"target\":{\"@type\":\"EntryPoint\",\"urlTemplate\":\"https:\/\/www.ellegaard.com\/de\/?s={search_term_string}\"},\"query-input\":{\"@type\":\"PropertyValueSpecification\",\"valueRequired\":true,\"valueName\":\"search_term_string\"}}],\"inLanguage\":\"de\"},{\"@type\":\"Organization\",\"@id\":\"https:\/\/www.ellegaard.com\/de\/#organization\",\"name\":\"Ellegaard Group\",\"url\":\"https:\/\/www.ellegaard.com\/de\/\",\"logo\":{\"@type\":\"ImageObject\",\"inLanguage\":\"de\",\"@id\":\"https:\/\/www.ellegaard.com\/de\/#\/schema\/logo\/image\/\",\"url\":\"https:\/\/www.ellegaard.com\/wp-content\/uploads\/2021\/09\/logo.svg\",\"contentUrl\":\"https:\/\/www.ellegaard.com\/wp-content\/uploads\/2021\/09\/logo.svg\",\"width\":519,\"height\":46,\"caption\":\"Ellegaard Group\"},\"image\":{\"@id\":\"https:\/\/www.ellegaard.com\/de\/#\/schema\/logo\/image\/\"}}]}<\/script>\n<!-- \/ Yoast SEO plugin. -->","yoast_head_json":{"title":"Ger\u00e4uschd\u00e4mmende Trichter &#183; Ellegaard Group","robots":{"index":"index","follow":"follow","max-snippet":"max-snippet:-1","max-image-preview":"max-image-preview:large","max-video-preview":"max-video-preview:-1"},"canonical":"https:\/\/www.ellegaard.com\/de\/produkte\/geraeuschdaemmende-trichter\/","og_locale":"de_DE","og_type":"article","og_title":"Ger\u00e4uschd\u00e4mmende Trichter &#183; Ellegaard Group","og_description":"[vc_row full_width=&#8220;stretch_row&#8220; css=&#8220;.vc_custom_1632401993261{border-bottom-width: 1px !important;border-bottom-color: rgba(0,0,0,0.05) !important;border-bottom-style: solid !important;}&#8220;][vc_column][vc_empty_space height=&#8220;60px&#8220;][vc_column_text] Ger\u00e4uschd\u00e4mmende Trichter [\/vc_column_text][vc_empty_space height=&#8220;30px&#8220;][vc_row_inner][vc_column_inner width=&#8220;2\/3&#8243;][vc_column_text]In Prozessen in der verarbeitenden Industrie, wo der Transport von Produkten mit zu viel L\u00e4rm verbunden ist, k\u00f6nnen ger\u00e4uschd\u00e4mmende Trichter vorteilhaft eingesetzt werden. Die Trichter werden speziell nach Ma\u00df gefertigt und aus lebensmittelzugelassenem PU-Material geschnitten und zu einem fertigen Trichter zusammengesetzt. ... Weiterlesen ...","og_url":"https:\/\/www.ellegaard.com\/de\/produkte\/geraeuschdaemmende-trichter\/","og_site_name":"Ellegaard Group","article_modified_time":"2022-11-17T14:38:24+00:00","og_image":[{"width":600,"height":338,"url":"https:\/\/www.ellegaard.com\/wp-content\/uploads\/2022\/02\/noise-canceling-funnel-fade.jpg","type":"image\/jpeg"}],"twitter_card":"summary_large_image","twitter_misc":{"Gesch\u00e4tzte Lesezeit":"2\u00a0Minuten"},"schema":{"@context":"https:\/\/schema.org","@graph":[{"@type":"WebPage","@id":"https:\/\/www.ellegaard.com\/de\/produkte\/geraeuschdaemmende-trichter\/","url":"https:\/\/www.ellegaard.com\/de\/produkte\/geraeuschdaemmende-trichter\/","name":"Ger\u00e4uschd\u00e4mmende Trichter &#183; Ellegaard Group","isPartOf":{"@id":"https:\/\/www.ellegaard.com\/de\/#website"},"primaryImageOfPage":{"@id":"https:\/\/www.ellegaard.com\/de\/produkte\/geraeuschdaemmende-trichter\/#primaryimage"},"image":{"@id":"https:\/\/www.ellegaard.com\/de\/produkte\/geraeuschdaemmende-trichter\/#primaryimage"},"thumbnailUrl":"https:\/\/www.ellegaard.com\/wp-content\/uploads\/2022\/02\/noise-canceling-funnel-fade.jpg","datePublished":"2021-09-17T06:32:07+00:00","dateModified":"2022-11-17T14:38:24+00:00","breadcrumb":{"@id":"https:\/\/www.ellegaard.com\/de\/produkte\/geraeuschdaemmende-trichter\/#breadcrumb"},"inLanguage":"de","potentialAction":[{"@type":"ReadAction","target":["https:\/\/www.ellegaard.com\/de\/produkte\/geraeuschdaemmende-trichter\/"]}]},{"@type":"ImageObject","inLanguage":"de","@id":"https:\/\/www.ellegaard.com\/de\/produkte\/geraeuschdaemmende-trichter\/#primaryimage","url":"https:\/\/www.ellegaard.com\/wp-content\/uploads\/2022\/02\/noise-canceling-funnel-fade.jpg","contentUrl":"https:\/\/www.ellegaard.com\/wp-content\/uploads\/2022\/02\/noise-canceling-funnel-fade.jpg","width":600,"height":338},{"@type":"BreadcrumbList","@id":"https:\/\/www.ellegaard.com\/de\/produkte\/geraeuschdaemmende-trichter\/#breadcrumb","itemListElement":[{"@type":"ListItem","position":1,"name":"Hjem","item":"https:\/\/www.ellegaard.com\/de\/"},{"@type":"ListItem","position":2,"name":"Produkte","item":"https:\/\/www.ellegaard.com\/de\/produkte\/"},{"@type":"ListItem","position":3,"name":"Ger\u00e4uschd\u00e4mmende Trichter"}]},{"@type":"WebSite","@id":"https:\/\/www.ellegaard.com\/de\/#website","url":"https:\/\/www.ellegaard.com\/de\/","name":"Ellegaard Group","description":"Totalleverand\u00f8r til industrien: Alt i transportb\u00e5nd, transportsystemer, service og transport\u00f8rer","publisher":{"@id":"https:\/\/www.ellegaard.com\/de\/#organization"},"potentialAction":[{"@type":"SearchAction","target":{"@type":"EntryPoint","urlTemplate":"https:\/\/www.ellegaard.com\/de\/?s={search_term_string}"},"query-input":{"@type":"PropertyValueSpecification","valueRequired":true,"valueName":"search_term_string"}}],"inLanguage":"de"},{"@type":"Organization","@id":"https:\/\/www.ellegaard.com\/de\/#organization","name":"Ellegaard Group","url":"https:\/\/www.ellegaard.com\/de\/","logo":{"@type":"ImageObject","inLanguage":"de","@id":"https:\/\/www.ellegaard.com\/de\/#\/schema\/logo\/image\/","url":"https:\/\/www.ellegaard.com\/wp-content\/uploads\/2021\/09\/logo.svg","contentUrl":"https:\/\/www.ellegaard.com\/wp-content\/uploads\/2021\/09\/logo.svg","width":519,"height":46,"caption":"Ellegaard Group"},"image":{"@id":"https:\/\/www.ellegaard.com\/de\/#\/schema\/logo\/image\/"}}]}},"_links":{"self":[{"href":"https:\/\/www.ellegaard.com\/de\/wp-json\/wp\/v2\/pages\/8639","targetHints":{"allow":["GET"]}}],"collection":[{"href":"https:\/\/www.ellegaard.com\/de\/wp-json\/wp\/v2\/pages"}],"about":[{"href":"https:\/\/www.ellegaard.com\/de\/wp-json\/wp\/v2\/types\/page"}],"author":[{"embeddable":true,"href":"https:\/\/www.ellegaard.com\/de\/wp-json\/wp\/v2\/users\/1"}],"replies":[{"embeddable":true,"href":"https:\/\/www.ellegaard.com\/de\/wp-json\/wp\/v2\/comments?post=8639"}],"version-history":[{"count":2,"href":"https:\/\/www.ellegaard.com\/de\/wp-json\/wp\/v2\/pages\/8639\/revisions"}],"predecessor-version":[{"id":8641,"href":"https:\/\/www.ellegaard.com\/de\/wp-json\/wp\/v2\/pages\/8639\/revisions\/8641"}],"up":[{"embeddable":true,"href":"https:\/\/www.ellegaard.com\/de\/wp-json\/wp\/v2\/pages\/8272"}],"wp:featuredmedia":[{"embeddable":true,"href":"https:\/\/www.ellegaard.com\/de\/wp-json\/wp\/v2\/media\/7717"}],"wp:attachment":[{"href":"https:\/\/www.ellegaard.com\/de\/wp-json\/wp\/v2\/media?parent=8639"}],"wp:term":[{"taxonomy":"category","embeddable":true,"href":"https:\/\/www.ellegaard.com\/de\/wp-json\/wp\/v2\/categories?post=8639"}],"curies":[{"name":"wp","href":"https:\/\/api.w.org\/{rel}","templated":true}]}}