{"id":8633,"date":"2021-09-17T08:32:07","date_gmt":"2021-09-17T06:32:07","guid":{"rendered":"http:\/\/ellegaard.com\/produkte\/scandrive-rollen\/"},"modified":"2023-08-29T10:38:22","modified_gmt":"2023-08-29T08:38:22","slug":"scandrive-rollen","status":"publish","type":"page","link":"https:\/\/www.ellegaard.com\/de\/produkte\/scandrive-rollen\/","title":{"rendered":"ScanDrive Rollen"},"content":{"rendered":"<section class=\"wpb-content-wrapper\"><p>[vc_row full_width=&#8220;stretch_row&#8220; css=&#8220;.vc_custom_1632401993261{border-bottom-width: 1px !important;border-bottom-color: rgba(0,0,0,0.05) !important;border-bottom-style: solid !important;}&#8220;][vc_column][vc_empty_space height=&#8220;60px&#8220;][vc_column_text]<\/p>\n<h1>ScanDrive Rollen<\/h1>\n<p><img decoding=\"async\" class=\"alignnone size-full wp-image-5426\" src=\"http:\/\/ellegaard.com\/wp-content\/uploads\/2022\/02\/ruller-linup.jpg\" alt=\"\" width=\"1200\" height=\"150\" srcset=\"https:\/\/www.ellegaard.com\/wp-content\/uploads\/2022\/02\/ruller-linup.jpg 1200w, https:\/\/www.ellegaard.com\/wp-content\/uploads\/2022\/02\/ruller-linup-768x96.jpg 768w\" sizes=\"(max-width: 1200px) 100vw, 1200px\" \/>[\/vc_column_text][vc_empty_space height=&#8220;30px&#8220;][vc_row_inner][vc_column_inner width=&#8220;2\/3&#8243;][vc_toggle title=&#8220;Scandrive Stahlrollen&#8220; style=&#8220;text_only&#8220; size=&#8220;lg&#8220; custom_font_container=&#8220;tag:h2|font_size:20px|text_align:center|color:%23ffffff|line_height:24px&#8220; custom_use_theme_fonts=&#8220;yes&#8220; use_custom_heading=&#8220;true&#8220; css=&#8220;.vc_custom_1693298292233{margin-bottom: 15px !important;}&#8220;]<\/p>\n<div id=\"u122544\" class=\"gradient clearfix grpelem\">\n<div id=\"u18232-7\" class=\"clearfix grpelem\" data-muse-uid=\"U18232\" data-muse-type=\"txt_frame\" data-ibe-flags=\"txtStyleSrc\">\n<p>Scandrive steel rollers use a technology that allows the roller to withstand a much greater load over a longer period of time.<\/p>\n<p>Ellegaard produces all types of rollers and have short delivery times with our own production facilities in Roskilde. Please contact our Sales Department for offers or further information.<\/p>\n<\/div>\n<\/div>\n<div id=\"u18638-6\" class=\"clearfix grpelem\" data-muse-uid=\"U18638\" data-muse-type=\"txt_frame\" data-ibe-flags=\"txtStyleSrc\">\n<h4>SCANDRIVE STEEL ROLLERS<\/h4>\n<\/div>\n<div id=\"u30918-21\" class=\"clearfix grpelem\" data-muse-uid=\"U30918\" data-muse-type=\"txt_frame\" data-ibe-flags=\"txtStyleSrc\">\n<ul>\n<li id=\"u30918-4\"><span id=\"u30918-3\"><img decoding=\"async\" class=\"wp-image-83896 size-full alignright\" src=\"http:\/\/ellegaard.com\/wp-content\/uploads\/2023\/03\/ruller-line-up-staal-blue.webp\" alt=\"\" width=\"366\" height=\"293\" \/>Wrap up to 3 mm thickness<\/span><\/li>\n<li><span id=\"u30918-3\">Welded end caps results in a stronger construction<\/span><\/li>\n<li><span id=\"u30918-3\">Labyrint seals means tighter bearings<\/span><\/li>\n<li><span id=\"u30918-3\">Roller diameter from \u00d838 mm to \u00d8133 mm<\/span><\/li>\n<li><span id=\"u30918-3\">Optional disc rings<\/span><\/li>\n<li><span id=\"u30918-3\">Bespoke lengths on enquiry<br \/>\nWe stock all common types of steel for casings, axles and bearings<\/span><\/li>\n<\/ul>\n<div id=\"u34959-6\" class=\"clearfix colelem\" data-muse-uid=\"U34959\" data-muse-type=\"txt_frame\" data-ibe-flags=\"txtStyleSrc\">\n<h4>SCANDRIVE IP 69K ROLLERS FOR THE FOOD INDUSTRY<\/h4>\n<\/div>\n<div id=\"pu34958-16\" class=\"clearfix colelem\">\n<div id=\"u34958-16\" class=\"clearfix grpelem\" data-muse-uid=\"U34958\" data-muse-type=\"txt_frame\" data-ibe-flags=\"txtStyleSrc\">\n<p>Our continuous development work has resulted in that we now are able to deliver ScanDrive\u00ae steel rollers with IP69K sealing. Here we have compact and robust rollers, which are able to perform optimally in almost all situations and conditions.<\/p>\n<p>With an IP69K sealing, you achieve the highest possible encapsulation of the motor, and an even greater opportunity to meet the high demands placed on hygiene and cleaning, especially in the food industry. ScanDrive\u00ae IP69K motors can withstand high pressure cleaning and rinsing, including hot water cleaning, and can run under extreme conditions without dust or liquids entering the motor.<\/p>\n<p id=\"u34958-12\"><strong>Test method<\/strong><\/p>\n<p>The test standard for IP69K specifies a nozzle supplied with water with a temperature of 80\u00b0C, a pressure of 8 \u2013 10 MPa (80-100 bar), and a water jet of 4-16 litres\/min. The nozzle is placed 10-15 cm from the equipment that is to be tested. The nozzle is held in place for 30 seconds in each of the angles 0\u00b0, 30\u00b0, 60\u00b0, and 90\u00b0. The equipment must during the testing be placed on a table that rotates with five revolutions per minute.<\/p>\n<p>This is what the standard means:<\/p>\n<p>The letter and number combination defines the encapsulation degree for dust<br \/>\nand liquids:<\/p>\n<p id=\"u34973-10\"><strong><span id=\"u34973-8\">IP<\/span><\/strong> = Ingress Protection<br \/>\n<strong><span id=\"u34973-11\">6<\/span><\/strong> = Dust proof<br \/>\n<strong><span id=\"u34973-14\">9K<\/span><\/strong> =\u00a0 Suited for high pressure cleaning and rinsing<\/p>\n<hr \/>\n<\/div>\n<p><img decoding=\"async\" class=\"alignnone wp-image-5268\" src=\"http:\/\/ellegaard.com\/wp-content\/uploads\/2022\/02\/Heycon-logo-blue-370px.png\" alt=\"\" width=\"215\" height=\"55\" \/><\/p>\n<p>Hyecon is a term for the highly efficient Ellegaard component developed for the Food Industry, focusing on hygiene and economy. The product portfolio consists of the following components:<\/p>\n<ul>\n<li>ScanDrive Drum Motor IP69K certified<\/li>\n<li>Scandrive Rollers<\/li>\n<li>Undine Belt cleaning technology<\/li>\n<li>Quick-Release Belt Tensioner<\/li>\n<li>Dropbelt<\/li>\n<\/ul>\n<p><a href=\"http:\/\/ellegaard.com\/de\/produkte\/hyecon-komponenten-fuer-die-lebensmittelindustrie\/\"><strong>Click here to read more about Hyecon<\/strong><\/a><\/p>\n<div id=\"u34973-24\" class=\"clearfix grpelem\" data-muse-uid=\"U34973\" data-muse-type=\"txt_frame\" data-ibe-flags=\"txtStyleSrc\">\n<p id=\"u34973-19\"><strong>DIN-norm<\/strong><\/p>\n<p id=\"u34973-22\"><strong><span id=\"u34973-20\">IP 69K\u00a0<\/span><\/strong>surpasses the German standard DIN 40050-9 for equipment that can withstand high pressure, high temperatures, and strong water jets.<\/p>\n<\/div>\n<\/div>\n<\/div>\n<p>[\/vc_toggle][vc_toggle title=&#8220;Scandrive Polymer rollen&#8220; style=&#8220;text_only&#8220; size=&#8220;lg&#8220; custom_font_container=&#8220;tag:h2|font_size:20px|text_align:center|color:%23ffffff|line_height:24px&#8220; custom_use_theme_fonts=&#8220;yes&#8220; use_custom_heading=&#8220;true&#8220; css=&#8220;.vc_custom_1693298300167{margin-bottom: 15px !important;}&#8220;]<\/p>\n<div id=\"u31394-6\" class=\"clearfix colelem\" data-muse-uid=\"U31394\" data-muse-type=\"txt_frame\" data-ibe-flags=\"txtStyleSrc\">\n<h4>SCANDRIVE POLYMERROLLEN<\/h4>\n<\/div>\n<div id=\"pu31416\" class=\"clearfix colelem\">\n<div id=\"u35108\" class=\"clip_frame grpelem\" data-muse-uid=\"U35108\" data-muse-type=\"img_frame\"><img decoding=\"async\" class=\"alignnone size-full wp-image-5006\" src=\"http:\/\/ellegaard.com\/wp-content\/uploads\/2022\/02\/plastruller2.jpg\" alt=\"\" width=\"600\" height=\"300\" \/><\/div>\n<div id=\"u31418\" class=\"clip_frame grpelem\" data-muse-uid=\"U31418\" data-muse-type=\"img_frame\"><img decoding=\"async\" class=\"alignnone size-full wp-image-5005\" src=\"http:\/\/ellegaard.com\/wp-content\/uploads\/2022\/02\/plastruller.jpg\" alt=\"\" width=\"455\" height=\"287\" \/><\/div>\n<div id=\"u31414-6\" class=\"clearfix grpelem\" data-muse-uid=\"U31414\" data-muse-type=\"txt_frame\" data-ibe-flags=\"txtStyleSrc\">\n<p>Ellegaard ist in der Lage, alle Arten von Rollen zu liefern.<\/p>\n<p>Bitte kontaktieren Sie unsere Verkaufsabteilung f\u00fcr Angebote oder weitere Informationen.<\/p>\n<ul>\n<li id=\"u31415-4\"><span id=\"u31415-3\">Ummantelung aus lebensmittelzugelassenem blauem PVC<\/span><\/li>\n<li id=\"u31415-8\"><span id=\"u31415-7\">Endkappen aus lebensmittelzugelassenem POM<\/span><\/li>\n<li id=\"u31415-12\"><span id=\"u31415-11\">Dichtes hygienisches Design<\/span><\/li>\n<li id=\"u31415-16\"><span id=\"u31415-15\">Eingebaute feste Achsbolzen<\/span><\/li>\n<li id=\"u31415-23\"><span id=\"u31415-22\">Lagertr\u00e4ger aus lebensmittelzugelassenem, quietschfreiem Gleitmaterial (UHMWPE)<\/span><\/li>\n<li id=\"u31415-27\"><span id=\"u31415-26\">Durchmesser: von \u00d850 \u2013 \u00d8133 mm<\/span><\/li>\n<li id=\"u31415-31\"><span id=\"u31415-30\">Achsen und Lager werden in allen<\/span><\/li>\n<li id=\"u31415-35\"><span id=\"u31415-34\">Stahlsorten geliefert L\u00e4ngen auf Anfrage<\/span><\/li>\n<li id=\"u31415-39\"><span id=\"u31415-38\">Zul\u00e4ssige Belastung: bis 200 N<\/span><\/li>\n<li id=\"u31415-43\"><span id=\"u31415-42\">Erf\u00fcllt die Anforderungen des IP69K-Standards<\/span><\/li>\n<\/ul>\n<\/div>\n<\/div>\n<p>&nbsp;<\/p>\n<hr \/>\n<p><img decoding=\"async\" class=\"alignnone wp-image-5268\" src=\"http:\/\/ellegaard.com\/wp-content\/uploads\/2022\/02\/Heycon-logo-blue-370px.png\" alt=\"\" width=\"215\" height=\"55\" \/><\/p>\n<p>Hyecon ist eine Bezeichnung f\u00fcr hocheffiziente Ellegaard-Komponenten, die f\u00fcr die Lebensmittelindustrie mit Fokus auf Hygiene und Wirtschaftlichkeit entwickelt wurden. Das Produktportfolio besteht aus folgenden Komponenten:<\/p>\n<ul>\n<li>ScanDrive Trommelmotor IP 69K-zertifiziert<\/li>\n<li>Scandrive Rollen<\/li>\n<li>Undine Bandreinigungstechnologie<\/li>\n<li>Quick-Release Bandspanner<\/li>\n<li>Dropbelt<\/li>\n<\/ul>\n<p><a href=\"http:\/\/ellegaard.com\/de\/produkte\/hyecon-komponenten-fuer-die-lebensmittelindustrie\/\"><strong>Klicken Sie hier, um mehr \u00fcber Heycon zu erfahren<\/strong><\/a>[\/vc_toggle]<div class=\"ult-spacer spacer-69f194ade4f91\" data-id=\"69f194ade4f91\" data-height=\"0\" data-height-mobile=\"30\" data-height-tab=\"0\" data-height-tab-portrait=\"0\" data-height-mobile-landscape=\"30\" style=\"clear:both;display:block;\"><\/div>[\/vc_column_inner][vc_column_inner width=&#8220;1\/3&#8243;]<div class=\"ult_row_spacer\"><div class=\"ult-sticky-anchor\"><div class=\"ult-sticky-section ult-sticky \"  data-gutter= '60' data-stick_behaviour= 'stick_with_scroll_row'  data-sticky_position= 'top' data-mobile='no' data-support='no'>[vc_wp_custommenu nav_menu=&#8220;10&#8243;]<\/div><div class=\"ult-space\"><\/div><\/div><\/div>[\/vc_column_inner][\/vc_row_inner][vc_empty_space height=&#8220;60px&#8220;][\/vc_column][\/vc_row]<\/p>\n<\/section>","protected":false},"excerpt":{"rendered":"<p>[vc_row full_width=&#8220;stretch_row&#8220; css=&#8220;.vc_custom_1632401993261{border-bottom-width: 1px !important;border-bottom-color: rgba(0,0,0,0.05) !important;border-bottom-style: solid !important;}&#8220;][vc_column][vc_empty_space height=&#8220;60px&#8220;][vc_column_text] ScanDrive Rollen [\/vc_column_text][vc_empty_space height=&#8220;30px&#8220;][vc_row_inner][vc_column_inner width=&#8220;2\/3&#8243;][vc_toggle title=&#8220;Scandrive Stahlrollen&#8220; style=&#8220;text_only&#8220; size=&#8220;lg&#8220; custom_font_container=&#8220;tag:h2|font_size:20px|text_align:center|color:%23ffffff|line_height:24px&#8220; custom_use_theme_fonts=&#8220;yes&#8220; use_custom_heading=&#8220;true&#8220; css=&#8220;.vc_custom_1693298292233{margin-bottom: 15px !important;}&#8220;] Scandrive steel rollers use a technology that allows the roller to withstand a much greater load over a longer period of time. Ellegaard produces all types of rollers and have &#8230; <a title=\"ScanDrive Rollen\" class=\"read-more\" href=\"https:\/\/www.ellegaard.com\/de\/produkte\/scandrive-rollen\/\" aria-label=\"Mehr Informationen \u00fcber ScanDrive Rollen\">Weiterlesen &#8230;<\/a><\/p>\n","protected":false},"author":1,"featured_media":83901,"parent":8272,"menu_order":20,"comment_status":"closed","ping_status":"closed","template":"","meta":{"_acf_changed":false,"footnotes":""},"categories":[87],"class_list":{"0":"post-8633","1":"page","2":"type-page","3":"status-publish","4":"has-post-thumbnail","6":"category-produkte"},"acf":[],"yoast_head":"<!-- This site is optimized with the Yoast SEO plugin v27.1.1 - https:\/\/yoast.com\/product\/yoast-seo-wordpress\/ -->\n<title>ScanDrive Rollen &#183; Ellegaard Group<\/title>\n<meta name=\"robots\" content=\"index, follow, max-snippet:-1, max-image-preview:large, max-video-preview:-1\" \/>\n<link rel=\"canonical\" href=\"https:\/\/www.ellegaard.com\/de\/produkte\/scandrive-rollen\/\" \/>\n<meta property=\"og:locale\" content=\"de_DE\" \/>\n<meta property=\"og:type\" content=\"article\" \/>\n<meta property=\"og:title\" content=\"ScanDrive Rollen &#183; Ellegaard Group\" \/>\n<meta property=\"og:description\" content=\"[vc_row full_width=&#8220;stretch_row&#8220; css=&#8220;.vc_custom_1632401993261{border-bottom-width: 1px !important;border-bottom-color: rgba(0,0,0,0.05) !important;border-bottom-style: solid !important;}&#8220;][vc_column][vc_empty_space height=&#8220;60px&#8220;][vc_column_text] ScanDrive Rollen [\/vc_column_text][vc_empty_space height=&#8220;30px&#8220;][vc_row_inner][vc_column_inner width=&#8220;2\/3&#8243;][vc_toggle title=&#8220;Scandrive Stahlrollen&#8220; style=&#8220;text_only&#8220; size=&#8220;lg&#8220; custom_font_container=&#8220;tag:h2|font_size:20px|text_align:center|color:%23ffffff|line_height:24px&#8220; custom_use_theme_fonts=&#8220;yes&#8220; use_custom_heading=&#8220;true&#8220; css=&#8220;.vc_custom_1693298292233{margin-bottom: 15px !important;}&#8220;] Scandrive steel rollers use a technology that allows the roller to withstand a much greater load over a longer period of time. Ellegaard produces all types of rollers and have ... Weiterlesen ...\" \/>\n<meta property=\"og:url\" content=\"https:\/\/www.ellegaard.com\/de\/produkte\/scandrive-rollen\/\" \/>\n<meta property=\"og:site_name\" content=\"Ellegaard Group\" \/>\n<meta property=\"article:modified_time\" content=\"2023-08-29T08:38:22+00:00\" \/>\n<meta property=\"og:image\" content=\"https:\/\/www.ellegaard.com\/wp-content\/uploads\/2023\/03\/ruller-line-up-staal-blue.png\" \/>\n\t<meta property=\"og:image:width\" content=\"366\" \/>\n\t<meta property=\"og:image:height\" content=\"293\" \/>\n\t<meta property=\"og:image:type\" content=\"image\/png\" \/>\n<meta name=\"twitter:card\" content=\"summary_large_image\" \/>\n<meta name=\"twitter:label1\" content=\"Gesch\u00e4tzte Lesezeit\" \/>\n\t<meta name=\"twitter:data1\" content=\"4\u00a0Minuten\" \/>\n<script type=\"application\/ld+json\" class=\"yoast-schema-graph\">{\"@context\":\"https:\/\/schema.org\",\"@graph\":[{\"@type\":\"WebPage\",\"@id\":\"https:\/\/www.ellegaard.com\/de\/produkte\/scandrive-rollen\/\",\"url\":\"https:\/\/www.ellegaard.com\/de\/produkte\/scandrive-rollen\/\",\"name\":\"ScanDrive Rollen &#183; Ellegaard Group\",\"isPartOf\":{\"@id\":\"https:\/\/www.ellegaard.com\/de\/#website\"},\"primaryImageOfPage\":{\"@id\":\"https:\/\/www.ellegaard.com\/de\/produkte\/scandrive-rollen\/#primaryimage\"},\"image\":{\"@id\":\"https:\/\/www.ellegaard.com\/de\/produkte\/scandrive-rollen\/#primaryimage\"},\"thumbnailUrl\":\"https:\/\/www.ellegaard.com\/wp-content\/uploads\/2023\/03\/ruller-line-up-staal-blue.png\",\"datePublished\":\"2021-09-17T06:32:07+00:00\",\"dateModified\":\"2023-08-29T08:38:22+00:00\",\"breadcrumb\":{\"@id\":\"https:\/\/www.ellegaard.com\/de\/produkte\/scandrive-rollen\/#breadcrumb\"},\"inLanguage\":\"de\",\"potentialAction\":[{\"@type\":\"ReadAction\",\"target\":[\"https:\/\/www.ellegaard.com\/de\/produkte\/scandrive-rollen\/\"]}]},{\"@type\":\"ImageObject\",\"inLanguage\":\"de\",\"@id\":\"https:\/\/www.ellegaard.com\/de\/produkte\/scandrive-rollen\/#primaryimage\",\"url\":\"https:\/\/www.ellegaard.com\/wp-content\/uploads\/2023\/03\/ruller-line-up-staal-blue.png\",\"contentUrl\":\"https:\/\/www.ellegaard.com\/wp-content\/uploads\/2023\/03\/ruller-line-up-staal-blue.png\",\"width\":366,\"height\":293},{\"@type\":\"BreadcrumbList\",\"@id\":\"https:\/\/www.ellegaard.com\/de\/produkte\/scandrive-rollen\/#breadcrumb\",\"itemListElement\":[{\"@type\":\"ListItem\",\"position\":1,\"name\":\"Hjem\",\"item\":\"https:\/\/www.ellegaard.com\/de\/\"},{\"@type\":\"ListItem\",\"position\":2,\"name\":\"Produkte\",\"item\":\"https:\/\/www.ellegaard.com\/de\/produkte\/\"},{\"@type\":\"ListItem\",\"position\":3,\"name\":\"ScanDrive Rollen\"}]},{\"@type\":\"WebSite\",\"@id\":\"https:\/\/www.ellegaard.com\/de\/#website\",\"url\":\"https:\/\/www.ellegaard.com\/de\/\",\"name\":\"Ellegaard Group\",\"description\":\"Totalleverand\u00f8r til industrien: Alt i transportb\u00e5nd, transportsystemer, service og transport\u00f8rer\",\"publisher\":{\"@id\":\"https:\/\/www.ellegaard.com\/de\/#organization\"},\"potentialAction\":[{\"@type\":\"SearchAction\",\"target\":{\"@type\":\"EntryPoint\",\"urlTemplate\":\"https:\/\/www.ellegaard.com\/de\/?s={search_term_string}\"},\"query-input\":{\"@type\":\"PropertyValueSpecification\",\"valueRequired\":true,\"valueName\":\"search_term_string\"}}],\"inLanguage\":\"de\"},{\"@type\":\"Organization\",\"@id\":\"https:\/\/www.ellegaard.com\/de\/#organization\",\"name\":\"Ellegaard Group\",\"url\":\"https:\/\/www.ellegaard.com\/de\/\",\"logo\":{\"@type\":\"ImageObject\",\"inLanguage\":\"de\",\"@id\":\"https:\/\/www.ellegaard.com\/de\/#\/schema\/logo\/image\/\",\"url\":\"https:\/\/www.ellegaard.com\/wp-content\/uploads\/2021\/09\/logo.svg\",\"contentUrl\":\"https:\/\/www.ellegaard.com\/wp-content\/uploads\/2021\/09\/logo.svg\",\"width\":519,\"height\":46,\"caption\":\"Ellegaard Group\"},\"image\":{\"@id\":\"https:\/\/www.ellegaard.com\/de\/#\/schema\/logo\/image\/\"}}]}<\/script>\n<!-- \/ Yoast SEO plugin. -->","yoast_head_json":{"title":"ScanDrive Rollen &#183; Ellegaard Group","robots":{"index":"index","follow":"follow","max-snippet":"max-snippet:-1","max-image-preview":"max-image-preview:large","max-video-preview":"max-video-preview:-1"},"canonical":"https:\/\/www.ellegaard.com\/de\/produkte\/scandrive-rollen\/","og_locale":"de_DE","og_type":"article","og_title":"ScanDrive Rollen &#183; Ellegaard Group","og_description":"[vc_row full_width=&#8220;stretch_row&#8220; css=&#8220;.vc_custom_1632401993261{border-bottom-width: 1px !important;border-bottom-color: rgba(0,0,0,0.05) !important;border-bottom-style: solid !important;}&#8220;][vc_column][vc_empty_space height=&#8220;60px&#8220;][vc_column_text] ScanDrive Rollen [\/vc_column_text][vc_empty_space height=&#8220;30px&#8220;][vc_row_inner][vc_column_inner width=&#8220;2\/3&#8243;][vc_toggle title=&#8220;Scandrive Stahlrollen&#8220; style=&#8220;text_only&#8220; size=&#8220;lg&#8220; custom_font_container=&#8220;tag:h2|font_size:20px|text_align:center|color:%23ffffff|line_height:24px&#8220; custom_use_theme_fonts=&#8220;yes&#8220; use_custom_heading=&#8220;true&#8220; css=&#8220;.vc_custom_1693298292233{margin-bottom: 15px !important;}&#8220;] Scandrive steel rollers use a technology that allows the roller to withstand a much greater load over a longer period of time. Ellegaard produces all types of rollers and have ... Weiterlesen ...","og_url":"https:\/\/www.ellegaard.com\/de\/produkte\/scandrive-rollen\/","og_site_name":"Ellegaard Group","article_modified_time":"2023-08-29T08:38:22+00:00","og_image":[{"width":366,"height":293,"url":"https:\/\/www.ellegaard.com\/wp-content\/uploads\/2023\/03\/ruller-line-up-staal-blue.png","type":"image\/png"}],"twitter_card":"summary_large_image","twitter_misc":{"Gesch\u00e4tzte Lesezeit":"4\u00a0Minuten"},"schema":{"@context":"https:\/\/schema.org","@graph":[{"@type":"WebPage","@id":"https:\/\/www.ellegaard.com\/de\/produkte\/scandrive-rollen\/","url":"https:\/\/www.ellegaard.com\/de\/produkte\/scandrive-rollen\/","name":"ScanDrive Rollen &#183; Ellegaard Group","isPartOf":{"@id":"https:\/\/www.ellegaard.com\/de\/#website"},"primaryImageOfPage":{"@id":"https:\/\/www.ellegaard.com\/de\/produkte\/scandrive-rollen\/#primaryimage"},"image":{"@id":"https:\/\/www.ellegaard.com\/de\/produkte\/scandrive-rollen\/#primaryimage"},"thumbnailUrl":"https:\/\/www.ellegaard.com\/wp-content\/uploads\/2023\/03\/ruller-line-up-staal-blue.png","datePublished":"2021-09-17T06:32:07+00:00","dateModified":"2023-08-29T08:38:22+00:00","breadcrumb":{"@id":"https:\/\/www.ellegaard.com\/de\/produkte\/scandrive-rollen\/#breadcrumb"},"inLanguage":"de","potentialAction":[{"@type":"ReadAction","target":["https:\/\/www.ellegaard.com\/de\/produkte\/scandrive-rollen\/"]}]},{"@type":"ImageObject","inLanguage":"de","@id":"https:\/\/www.ellegaard.com\/de\/produkte\/scandrive-rollen\/#primaryimage","url":"https:\/\/www.ellegaard.com\/wp-content\/uploads\/2023\/03\/ruller-line-up-staal-blue.png","contentUrl":"https:\/\/www.ellegaard.com\/wp-content\/uploads\/2023\/03\/ruller-line-up-staal-blue.png","width":366,"height":293},{"@type":"BreadcrumbList","@id":"https:\/\/www.ellegaard.com\/de\/produkte\/scandrive-rollen\/#breadcrumb","itemListElement":[{"@type":"ListItem","position":1,"name":"Hjem","item":"https:\/\/www.ellegaard.com\/de\/"},{"@type":"ListItem","position":2,"name":"Produkte","item":"https:\/\/www.ellegaard.com\/de\/produkte\/"},{"@type":"ListItem","position":3,"name":"ScanDrive Rollen"}]},{"@type":"WebSite","@id":"https:\/\/www.ellegaard.com\/de\/#website","url":"https:\/\/www.ellegaard.com\/de\/","name":"Ellegaard Group","description":"Totalleverand\u00f8r til industrien: Alt i transportb\u00e5nd, transportsystemer, service og transport\u00f8rer","publisher":{"@id":"https:\/\/www.ellegaard.com\/de\/#organization"},"potentialAction":[{"@type":"SearchAction","target":{"@type":"EntryPoint","urlTemplate":"https:\/\/www.ellegaard.com\/de\/?s={search_term_string}"},"query-input":{"@type":"PropertyValueSpecification","valueRequired":true,"valueName":"search_term_string"}}],"inLanguage":"de"},{"@type":"Organization","@id":"https:\/\/www.ellegaard.com\/de\/#organization","name":"Ellegaard Group","url":"https:\/\/www.ellegaard.com\/de\/","logo":{"@type":"ImageObject","inLanguage":"de","@id":"https:\/\/www.ellegaard.com\/de\/#\/schema\/logo\/image\/","url":"https:\/\/www.ellegaard.com\/wp-content\/uploads\/2021\/09\/logo.svg","contentUrl":"https:\/\/www.ellegaard.com\/wp-content\/uploads\/2021\/09\/logo.svg","width":519,"height":46,"caption":"Ellegaard Group"},"image":{"@id":"https:\/\/www.ellegaard.com\/de\/#\/schema\/logo\/image\/"}}]}},"_links":{"self":[{"href":"https:\/\/www.ellegaard.com\/de\/wp-json\/wp\/v2\/pages\/8633","targetHints":{"allow":["GET"]}}],"collection":[{"href":"https:\/\/www.ellegaard.com\/de\/wp-json\/wp\/v2\/pages"}],"about":[{"href":"https:\/\/www.ellegaard.com\/de\/wp-json\/wp\/v2\/types\/page"}],"author":[{"embeddable":true,"href":"https:\/\/www.ellegaard.com\/de\/wp-json\/wp\/v2\/users\/1"}],"replies":[{"embeddable":true,"href":"https:\/\/www.ellegaard.com\/de\/wp-json\/wp\/v2\/comments?post=8633"}],"version-history":[{"count":11,"href":"https:\/\/www.ellegaard.com\/de\/wp-json\/wp\/v2\/pages\/8633\/revisions"}],"predecessor-version":[{"id":84663,"href":"https:\/\/www.ellegaard.com\/de\/wp-json\/wp\/v2\/pages\/8633\/revisions\/84663"}],"up":[{"embeddable":true,"href":"https:\/\/www.ellegaard.com\/de\/wp-json\/wp\/v2\/pages\/8272"}],"wp:featuredmedia":[{"embeddable":true,"href":"https:\/\/www.ellegaard.com\/de\/wp-json\/wp\/v2\/media\/83901"}],"wp:attachment":[{"href":"https:\/\/www.ellegaard.com\/de\/wp-json\/wp\/v2\/media?parent=8633"}],"wp:term":[{"taxonomy":"category","embeddable":true,"href":"https:\/\/www.ellegaard.com\/de\/wp-json\/wp\/v2\/categories?post=8633"}],"curies":[{"name":"wp","href":"https:\/\/api.w.org\/{rel}","templated":true}]}}