{"id":8272,"date":"2021-09-17T08:29:40","date_gmt":"2021-09-17T06:29:40","guid":{"rendered":"http:\/\/ellegaard.com\/produkte\/"},"modified":"2023-09-19T12:46:17","modified_gmt":"2023-09-19T10:46:17","slug":"produkte","status":"publish","type":"page","link":"https:\/\/www.ellegaard.com\/de\/produkte\/","title":{"rendered":"Produkte"},"content":{"rendered":"<section class=\"wpb-content-wrapper\"><p>[vc_row full_width=&#8220;stretch_row&#8220;][vc_column][vc_empty_space height=&#8220;60px&#8220;][vc_row_inner][vc_column_inner offset=&#8220;vc_col-lg-6 vc_col-md-6 vc_col-xs-12&#8243;][vc_column_text]<\/p>\n<h1 style=\"text-align: left;\">Qualit\u00e4tskomponenten von Ellegaard<\/h1>\n<h2>Wir erleichtern Maschinenbauern den Alltag<\/h2>\n<p>Wir liefern ma\u00dfgeschneiderte Trommelmotoren und spezialgefertigte Reserveteile aus PVC\/PU oder Gummi f\u00fcr alle Arten von Verarbeitungssystemen und f\u00fcr alle Branchen.<\/p>\n<p>Wir bieten wettbewerbsf\u00e4hige Preise und eine schnelle und kontinuierliche Lieferung direkt von unserem Werken in D\u00e4nemark.<\/p>\n<h3><img decoding=\"async\" class=\"wp-image-5691 alignleft\" src=\"http:\/\/ellegaard.com\/wp-content\/uploads\/2022\/02\/Service-guy-standing.png\" alt=\"\" width=\"200\" height=\"300\" \/>Vorteile von Ellegaard als Lieferant<\/h3>\n<p>Ellegaard ist D\u00e4nemarks gr\u00f6\u00dfter Lieferant von Komponenten f\u00fcr F\u00f6rderer und Transportsysteme.<\/p>\n<p>Wir verf\u00fcgen \u00fcber einen Hightech-Maschinenpark und ein landesweites Servicenetz, die beide in D\u00e4nemark ihresgleichen suchen.[\/vc_column_text]<div class=\"ult-spacer spacer-69f1baedafb54\" data-id=\"69f1baedafb54\" data-height=\"0\" data-height-mobile=\"30\" data-height-tab=\"0\" data-height-tab-portrait=\"30\" data-height-mobile-landscape=\"30\" style=\"clear:both;display:block;\"><\/div>[\/vc_column_inner][vc_column_inner offset=&#8220;vc_col-lg-6 vc_col-md-6 vc_col-xs-12&#8243;][vc_column_text el_class=&#8220;value&#8220;]<\/p>\n<ul>\n<li>Gleichbleibend hohe Qualit\u00e4t\n<ul>\n<li>Unsere Komponenten werden gem\u00e4\u00df ISO 9001:2008 hergestellt und sind von der d\u00e4nischen Lebensmittelbeh\u00f6rde zugelassen. Serienfertigung mit schneller und kontinuierlicher Lieferung (just-in-time). Selbstverst\u00e4ndlich sind wir ISO: 9001 zertifiziert<\/li>\n<li><a href=\"https:\/\/www.findsmiley.dk\/28070\">Kontrollbericht der d\u00e4nischen Lebensmittelbeh\u00f6rde<\/a><br \/>\nEllegaard Group, Viborg<\/li>\n<li><a href=\"https:\/\/www.findsmiley.dk\/943836\">Kontrollbericht der d\u00e4nischen Lebensmittelbeh\u00f6rde<\/a><br \/>\nEllegaard Group, Roskilde<\/li>\n<\/ul>\n<\/li>\n<li><a href=\"http:\/\/ellegaard.com\/de\/produkte\/foerderbaender\/\">F\u00f6rderb\u00e4nder<\/a>\n<ul>\n<li>Mehr als 50 Jahre Erfahrung mit Gummi-F\u00f6rderb\u00e4ndern in allen Branchen.<\/li>\n<\/ul>\n<\/li>\n<li><a href=\"http:\/\/ellegaard.com\/de\/produkte\/hyecon-komponenten-fuer-die-lebensmittelindustrie\/\">Lebensmittelbranche<\/a>\n<ul>\n<li>Von der FDA, USDA und 3A zugelassene Voltab\u00e4nder. Polymax\u00ae FDA- und USDA-zugelassene B\u00e4nder.<\/li>\n<\/ul>\n<\/li>\n<li><a href=\"http:\/\/ellegaard.com\/de\/branche\/landwirtschaft\/\">Landwirtschaftsmaschinen<\/a>\n<ul>\n<li>Kundenspezifische Reserveteile und Produkte mit hoher Leistung und niedrigen Betriebskosten..<\/li>\n<\/ul>\n<\/li>\n<li><a href=\"http:\/\/ellegaard.com\/de\/produkte\/trommelmotoren-und-beschichtungen\/\">Trommelmotor<\/a>\n<ul>\n<li>ScanDrive\u00ae-Trommelmotoren \u00d860-\u00d8400 mm mit optionaler IP69K Versiegelung.<\/li>\n<\/ul>\n<\/li>\n<li><a href=\"http:\/\/ellegaard.com\/de\/produkte\/wasserstrahlschneider\/\">Smartcut\u00ae<\/a>\n<ul>\n<li>Schneiden von z\u00e4hen Materialien (Gummi, PVC, PU o. \u00c4.) ohne die Elemente oder die Umwelt zu verunreinigen.<\/li>\n<\/ul>\n<\/li>\n<\/ul>\n<p>[\/vc_column_text][\/vc_column_inner][\/vc_row_inner][vc_empty_space height=&#8220;60px&#8220;][\/vc_column][\/vc_row][vc_row full_width=&#8220;stretch_row&#8220; css=&#8220;.vc_custom_1632386807216{border-top-width: 1px !important;border-bottom-width: 1px !important;border-top-color: rgba(0,0,0,0.05) !important;border-top-style: solid !important;border-bottom-color: rgba(0,0,0,0.05) !important;border-bottom-style: solid !important;}&#8220;][vc_column][vc_empty_space height=&#8220;60px&#8220;][vc_basic_grid post_type=&#8220;page&#8220; max_items=&#8220;-1&#8243; gap=&#8220;25&#8243; orderby=&#8220;menu_order&#8220; order=&#8220;ASC&#8220; item=&#8220;5606&#8243; grid_id=&#8220;vc_gid:1695120337824-ab241203-ea24-1&#8243; taxonomies=&#8220;13&#8243;][vc_empty_space height=&#8220;60px&#8220;][\/vc_column][\/vc_row][vc_row full_width=&#8220;stretch_row&#8220; css=&#8220;.vc_custom_1632386803931{background-image: url(http:\/\/ellegaard.com\/wp-content\/uploads\/2021\/09\/iStock-1181272142-min-scaled-1.jpeg?id=3495) !important;background-position: center !important;background-repeat: no-repeat !important;background-size: cover !important;}&#8220; el_class=&#8220;overlay parallax white&#8220;][vc_column][vc_empty_space height=&#8220;100px&#8220;][vc_row_inner equal_height=&#8220;yes&#8220; content_placement=&#8220;bottom&#8220;][vc_column_inner width=&#8220;1\/2&#8243;][vc_column_text]<\/p>\n<h3>Wir erleichtern Ihren Alltag<\/h3>\n<p><strong>Berater und Spezialisten mit Branchenkenntnis sowie sehr gro\u00dfe Rabatte sind nur einige der Vorteile, die Maschinenbauer aus der Zusammenarbeit mit Ellegaard ziehen k\u00f6nnen.<\/strong><\/p>\n<p>Unsere Produkte werden durch Step-Dateien im Internet unterst\u00fctzt, sodass Sie schnell und einfach z. B. ein F\u00f6rderband oder einen Motor in Ihrer Maschinengesamtl\u00f6sung einbauen k\u00f6nnen.<\/p>\n<p>Unsere Komponenten werden nach ISO 9001:2008 hergestellt. Dies ist ein zertifizierter Arbeitsprozess, der von der d\u00e4nischen Lebensmittelkontrollbeh\u00f6rde \u00fcberwacht wird.[\/vc_column_text]<div class=\"ult-spacer spacer-69f1baedafb99\" data-id=\"69f1baedafb99\" data-height=\"0\" data-height-mobile=\"15\" data-height-tab=\"0\" data-height-tab-portrait=\"0\" data-height-mobile-landscape=\"15\" style=\"clear:both;display:block;\"><\/div>[\/vc_column_inner][vc_column_inner width=&#8220;1\/2&#8243;][vc_column_text]<\/p>\n<h3>\u200bWir haben ein gro\u00dfes Warenlager<\/h3>\n<p><strong>Wir sind in der Lage, gro\u00dfe Serien von Komponenten zu liefern.<br \/>\n<\/strong><\/p>\n<p>Wir haben eine eigene Produktion von Komponenten und stellen die Qualit\u00e4t aller Produkte sicher. Ellegaard liefert p\u00fcnktlich und ist preislich konkurrenzf\u00e4hig. Bei uns erhalten Sie F\u00f6rderb\u00e4nder, Trommelmotoren und Rollen aus einer Hand.[\/vc_column_text][\/vc_column_inner][\/vc_row_inner][vc_empty_space height=&#8220;100px&#8220;][\/vc_column][\/vc_row]<\/p>\n<\/section>","protected":false},"excerpt":{"rendered":"<p>[vc_row full_width=&#8220;stretch_row&#8220;][vc_column][vc_empty_space height=&#8220;60px&#8220;][vc_row_inner][vc_column_inner offset=&#8220;vc_col-lg-6 vc_col-md-6 vc_col-xs-12&#8243;][vc_column_text] Qualit\u00e4tskomponenten von Ellegaard Wir erleichtern Maschinenbauern den Alltag Wir liefern ma\u00dfgeschneiderte Trommelmotoren und spezialgefertigte Reserveteile aus PVC\/PU oder Gummi f\u00fcr alle Arten von Verarbeitungssystemen und f\u00fcr alle Branchen. Wir bieten wettbewerbsf\u00e4hige Preise und eine schnelle und kontinuierliche Lieferung direkt von unserem Werken in D\u00e4nemark. Vorteile von Ellegaard als Lieferant &#8230; <a title=\"Produkte\" class=\"read-more\" href=\"https:\/\/www.ellegaard.com\/de\/produkte\/\" aria-label=\"Mehr Informationen \u00fcber Produkte\">Weiterlesen &#8230;<\/a><\/p>\n","protected":false},"author":1,"featured_media":0,"parent":0,"menu_order":2,"comment_status":"closed","ping_status":"closed","template":"","meta":{"_acf_changed":false,"footnotes":""},"categories":[],"class_list":["post-8272","page","type-page","status-publish"],"acf":[],"yoast_head":"<!-- This site is optimized with the Yoast SEO plugin v27.1.1 - https:\/\/yoast.com\/product\/yoast-seo-wordpress\/ -->\n<title>Produkte &#183; Ellegaard Group<\/title>\n<meta name=\"robots\" content=\"index, follow, max-snippet:-1, max-image-preview:large, max-video-preview:-1\" \/>\n<link rel=\"canonical\" href=\"https:\/\/www.ellegaard.com\/de\/produkte\/\" \/>\n<meta property=\"og:locale\" content=\"de_DE\" \/>\n<meta property=\"og:type\" content=\"article\" \/>\n<meta property=\"og:title\" content=\"Produkte &#183; Ellegaard Group\" \/>\n<meta property=\"og:description\" content=\"[vc_row full_width=&#8220;stretch_row&#8220;][vc_column][vc_empty_space height=&#8220;60px&#8220;][vc_row_inner][vc_column_inner offset=&#8220;vc_col-lg-6 vc_col-md-6 vc_col-xs-12&#8243;][vc_column_text] Qualit\u00e4tskomponenten von Ellegaard Wir erleichtern Maschinenbauern den Alltag Wir liefern ma\u00dfgeschneiderte Trommelmotoren und spezialgefertigte Reserveteile aus PVC\/PU oder Gummi f\u00fcr alle Arten von Verarbeitungssystemen und f\u00fcr alle Branchen. Wir bieten wettbewerbsf\u00e4hige Preise und eine schnelle und kontinuierliche Lieferung direkt von unserem Werken in D\u00e4nemark. Vorteile von Ellegaard als Lieferant ... Weiterlesen ...\" \/>\n<meta property=\"og:url\" content=\"https:\/\/www.ellegaard.com\/de\/produkte\/\" \/>\n<meta property=\"og:site_name\" content=\"Ellegaard Group\" \/>\n<meta property=\"article:modified_time\" content=\"2023-09-19T10:46:17+00:00\" \/>\n<meta property=\"og:image\" content=\"http:\/\/ellegaard.com\/wp-content\/uploads\/2022\/02\/Service-guy-standing.png\" \/>\n<meta name=\"twitter:card\" content=\"summary_large_image\" \/>\n<meta name=\"twitter:label1\" content=\"Gesch\u00e4tzte Lesezeit\" \/>\n\t<meta name=\"twitter:data1\" content=\"2\u00a0Minuten\" \/>\n<script type=\"application\/ld+json\" class=\"yoast-schema-graph\">{\"@context\":\"https:\/\/schema.org\",\"@graph\":[{\"@type\":\"WebPage\",\"@id\":\"https:\/\/www.ellegaard.com\/de\/produkte\/\",\"url\":\"https:\/\/www.ellegaard.com\/de\/produkte\/\",\"name\":\"Produkte &#183; Ellegaard Group\",\"isPartOf\":{\"@id\":\"https:\/\/www.ellegaard.com\/de\/#website\"},\"primaryImageOfPage\":{\"@id\":\"https:\/\/www.ellegaard.com\/de\/produkte\/#primaryimage\"},\"image\":{\"@id\":\"https:\/\/www.ellegaard.com\/de\/produkte\/#primaryimage\"},\"thumbnailUrl\":\"http:\/\/ellegaard.com\/wp-content\/uploads\/2022\/02\/Service-guy-standing.png\",\"datePublished\":\"2021-09-17T06:29:40+00:00\",\"dateModified\":\"2023-09-19T10:46:17+00:00\",\"breadcrumb\":{\"@id\":\"https:\/\/www.ellegaard.com\/de\/produkte\/#breadcrumb\"},\"inLanguage\":\"de\",\"potentialAction\":[{\"@type\":\"ReadAction\",\"target\":[\"https:\/\/www.ellegaard.com\/de\/produkte\/\"]}]},{\"@type\":\"ImageObject\",\"inLanguage\":\"de\",\"@id\":\"https:\/\/www.ellegaard.com\/de\/produkte\/#primaryimage\",\"url\":\"http:\/\/ellegaard.com\/wp-content\/uploads\/2022\/02\/Service-guy-standing.png\",\"contentUrl\":\"http:\/\/ellegaard.com\/wp-content\/uploads\/2022\/02\/Service-guy-standing.png\"},{\"@type\":\"BreadcrumbList\",\"@id\":\"https:\/\/www.ellegaard.com\/de\/produkte\/#breadcrumb\",\"itemListElement\":[{\"@type\":\"ListItem\",\"position\":1,\"name\":\"Hjem\",\"item\":\"https:\/\/www.ellegaard.com\/de\/\"},{\"@type\":\"ListItem\",\"position\":2,\"name\":\"Produkte\"}]},{\"@type\":\"WebSite\",\"@id\":\"https:\/\/www.ellegaard.com\/de\/#website\",\"url\":\"https:\/\/www.ellegaard.com\/de\/\",\"name\":\"Ellegaard Group\",\"description\":\"Totalleverand\u00f8r til industrien: Alt i transportb\u00e5nd, transportsystemer, service og transport\u00f8rer\",\"publisher\":{\"@id\":\"https:\/\/www.ellegaard.com\/de\/#organization\"},\"potentialAction\":[{\"@type\":\"SearchAction\",\"target\":{\"@type\":\"EntryPoint\",\"urlTemplate\":\"https:\/\/www.ellegaard.com\/de\/?s={search_term_string}\"},\"query-input\":{\"@type\":\"PropertyValueSpecification\",\"valueRequired\":true,\"valueName\":\"search_term_string\"}}],\"inLanguage\":\"de\"},{\"@type\":\"Organization\",\"@id\":\"https:\/\/www.ellegaard.com\/de\/#organization\",\"name\":\"Ellegaard Group\",\"url\":\"https:\/\/www.ellegaard.com\/de\/\",\"logo\":{\"@type\":\"ImageObject\",\"inLanguage\":\"de\",\"@id\":\"https:\/\/www.ellegaard.com\/de\/#\/schema\/logo\/image\/\",\"url\":\"https:\/\/www.ellegaard.com\/wp-content\/uploads\/2021\/09\/logo.svg\",\"contentUrl\":\"https:\/\/www.ellegaard.com\/wp-content\/uploads\/2021\/09\/logo.svg\",\"width\":519,\"height\":46,\"caption\":\"Ellegaard Group\"},\"image\":{\"@id\":\"https:\/\/www.ellegaard.com\/de\/#\/schema\/logo\/image\/\"}}]}<\/script>\n<!-- \/ Yoast SEO plugin. -->","yoast_head_json":{"title":"Produkte &#183; Ellegaard Group","robots":{"index":"index","follow":"follow","max-snippet":"max-snippet:-1","max-image-preview":"max-image-preview:large","max-video-preview":"max-video-preview:-1"},"canonical":"https:\/\/www.ellegaard.com\/de\/produkte\/","og_locale":"de_DE","og_type":"article","og_title":"Produkte &#183; Ellegaard Group","og_description":"[vc_row full_width=&#8220;stretch_row&#8220;][vc_column][vc_empty_space height=&#8220;60px&#8220;][vc_row_inner][vc_column_inner offset=&#8220;vc_col-lg-6 vc_col-md-6 vc_col-xs-12&#8243;][vc_column_text] Qualit\u00e4tskomponenten von Ellegaard Wir erleichtern Maschinenbauern den Alltag Wir liefern ma\u00dfgeschneiderte Trommelmotoren und spezialgefertigte Reserveteile aus PVC\/PU oder Gummi f\u00fcr alle Arten von Verarbeitungssystemen und f\u00fcr alle Branchen. Wir bieten wettbewerbsf\u00e4hige Preise und eine schnelle und kontinuierliche Lieferung direkt von unserem Werken in D\u00e4nemark. Vorteile von Ellegaard als Lieferant ... Weiterlesen ...","og_url":"https:\/\/www.ellegaard.com\/de\/produkte\/","og_site_name":"Ellegaard Group","article_modified_time":"2023-09-19T10:46:17+00:00","og_image":[{"url":"http:\/\/ellegaard.com\/wp-content\/uploads\/2022\/02\/Service-guy-standing.png","type":"","width":"","height":""}],"twitter_card":"summary_large_image","twitter_misc":{"Gesch\u00e4tzte Lesezeit":"2\u00a0Minuten"},"schema":{"@context":"https:\/\/schema.org","@graph":[{"@type":"WebPage","@id":"https:\/\/www.ellegaard.com\/de\/produkte\/","url":"https:\/\/www.ellegaard.com\/de\/produkte\/","name":"Produkte &#183; Ellegaard Group","isPartOf":{"@id":"https:\/\/www.ellegaard.com\/de\/#website"},"primaryImageOfPage":{"@id":"https:\/\/www.ellegaard.com\/de\/produkte\/#primaryimage"},"image":{"@id":"https:\/\/www.ellegaard.com\/de\/produkte\/#primaryimage"},"thumbnailUrl":"http:\/\/ellegaard.com\/wp-content\/uploads\/2022\/02\/Service-guy-standing.png","datePublished":"2021-09-17T06:29:40+00:00","dateModified":"2023-09-19T10:46:17+00:00","breadcrumb":{"@id":"https:\/\/www.ellegaard.com\/de\/produkte\/#breadcrumb"},"inLanguage":"de","potentialAction":[{"@type":"ReadAction","target":["https:\/\/www.ellegaard.com\/de\/produkte\/"]}]},{"@type":"ImageObject","inLanguage":"de","@id":"https:\/\/www.ellegaard.com\/de\/produkte\/#primaryimage","url":"http:\/\/ellegaard.com\/wp-content\/uploads\/2022\/02\/Service-guy-standing.png","contentUrl":"http:\/\/ellegaard.com\/wp-content\/uploads\/2022\/02\/Service-guy-standing.png"},{"@type":"BreadcrumbList","@id":"https:\/\/www.ellegaard.com\/de\/produkte\/#breadcrumb","itemListElement":[{"@type":"ListItem","position":1,"name":"Hjem","item":"https:\/\/www.ellegaard.com\/de\/"},{"@type":"ListItem","position":2,"name":"Produkte"}]},{"@type":"WebSite","@id":"https:\/\/www.ellegaard.com\/de\/#website","url":"https:\/\/www.ellegaard.com\/de\/","name":"Ellegaard Group","description":"Totalleverand\u00f8r til industrien: Alt i transportb\u00e5nd, transportsystemer, service og transport\u00f8rer","publisher":{"@id":"https:\/\/www.ellegaard.com\/de\/#organization"},"potentialAction":[{"@type":"SearchAction","target":{"@type":"EntryPoint","urlTemplate":"https:\/\/www.ellegaard.com\/de\/?s={search_term_string}"},"query-input":{"@type":"PropertyValueSpecification","valueRequired":true,"valueName":"search_term_string"}}],"inLanguage":"de"},{"@type":"Organization","@id":"https:\/\/www.ellegaard.com\/de\/#organization","name":"Ellegaard Group","url":"https:\/\/www.ellegaard.com\/de\/","logo":{"@type":"ImageObject","inLanguage":"de","@id":"https:\/\/www.ellegaard.com\/de\/#\/schema\/logo\/image\/","url":"https:\/\/www.ellegaard.com\/wp-content\/uploads\/2021\/09\/logo.svg","contentUrl":"https:\/\/www.ellegaard.com\/wp-content\/uploads\/2021\/09\/logo.svg","width":519,"height":46,"caption":"Ellegaard Group"},"image":{"@id":"https:\/\/www.ellegaard.com\/de\/#\/schema\/logo\/image\/"}}]}},"_links":{"self":[{"href":"https:\/\/www.ellegaard.com\/de\/wp-json\/wp\/v2\/pages\/8272","targetHints":{"allow":["GET"]}}],"collection":[{"href":"https:\/\/www.ellegaard.com\/de\/wp-json\/wp\/v2\/pages"}],"about":[{"href":"https:\/\/www.ellegaard.com\/de\/wp-json\/wp\/v2\/types\/page"}],"author":[{"embeddable":true,"href":"https:\/\/www.ellegaard.com\/de\/wp-json\/wp\/v2\/users\/1"}],"replies":[{"embeddable":true,"href":"https:\/\/www.ellegaard.com\/de\/wp-json\/wp\/v2\/comments?post=8272"}],"version-history":[{"count":11,"href":"https:\/\/www.ellegaard.com\/de\/wp-json\/wp\/v2\/pages\/8272\/revisions"}],"predecessor-version":[{"id":85105,"href":"https:\/\/www.ellegaard.com\/de\/wp-json\/wp\/v2\/pages\/8272\/revisions\/85105"}],"wp:attachment":[{"href":"https:\/\/www.ellegaard.com\/de\/wp-json\/wp\/v2\/media?parent=8272"}],"wp:term":[{"taxonomy":"category","embeddable":true,"href":"https:\/\/www.ellegaard.com\/de\/wp-json\/wp\/v2\/categories?post=8272"}],"curies":[{"name":"wp","href":"https:\/\/api.w.org\/{rel}","templated":true}]}}