{"id":8267,"date":"2021-09-17T08:29:40","date_gmt":"2021-09-17T06:29:40","guid":{"rendered":"http:\/\/ellegaard.com\/fallbeispiele\/"},"modified":"2022-11-14T14:15:16","modified_gmt":"2022-11-14T13:15:16","slug":"fallbeispiele","status":"publish","type":"page","link":"https:\/\/www.ellegaard.com\/de\/fallbeispiele\/","title":{"rendered":"Fallbeispiele"},"content":{"rendered":"<section class=\"wpb-content-wrapper\"><p>[vc_row full_width=&#8220;stretch_row&#8220; css=&#8220;.vc_custom_1632299278458{border-top-width: 1px !important;border-bottom-width: 1px !important;border-top-color: rgba(0,0,0,0.05) !important;border-top-style: solid !important;border-bottom-color: rgba(0,0,0,0.05) !important;border-bottom-style: solid !important;}&#8220;][vc_column][vc_empty_space height=&#8220;60px&#8220;][vc_row_inner][vc_column_inner width=&#8220;1\/6&#8243;][\/vc_column_inner][vc_column_inner width=&#8220;2\/3&#8243;][vc_column_text]<\/p>\n<h1 style=\"text-align: center;\">Kunden erz\u00e4hlen Erfolgsgeschichten<\/h1>\n<p style=\"text-align: center;\">Ellegaard steht an vorderster Front, wenn es um technologische Entwicklung geht, die zu Einsparungen an der Produktionslinie f\u00fchrt. Uns ist wichtig, dass es sich auch um ein profitables Gesch\u00e4ft mit kurzfristigem ROI handelt.<\/p>\n<p style=\"text-align: center;\">Klicken Sie auf die Referenzen unten und lesen Sie mehr dar\u00fcber, warum es ein gutes Gesch\u00e4ft f\u00fcr Ihr Unternehmen ist.<\/p>\n<p>[\/vc_column_text][\/vc_column_inner][vc_column_inner width=&#8220;1\/6&#8243;][\/vc_column_inner][\/vc_row_inner][vc_empty_space height=&#8220;30px&#8220;][vc_empty_space height=&#8220;60px&#8220;][\/vc_column][\/vc_row][vc_row full_width=&#8220;stretch_row&#8220; css=&#8220;.vc_custom_1632401942373{border-bottom-width: 1px !important;border-bottom-color: rgba(0,0,0,0.05) !important;border-bottom-style: solid !important;}&#8220;][vc_column][vc_empty_space height=&#8220;60px&#8220;][vc_basic_grid post_type=&#8220;post&#8220; max_items=&#8220;-1&#8243; show_filter=&#8220;yes&#8220; orderby=&#8220;title&#8220; order=&#8220;ASC&#8220; filter_style=&#8220;filled&#8220; filter_default_title=&#8220;Alle&#8220; item=&#8220;1545&#8243; grid_id=&#8220;vc_gid:1645708439572-2762f767-e10a-7&#8243; taxonomies=&#8220;4&#8243; filter_source=&#8220;post_tag&#8220;][vc_empty_space height=&#8220;60px&#8220;][\/vc_column][\/vc_row]<\/p>\n<\/section>","protected":false},"excerpt":{"rendered":"<p>[vc_row full_width=&#8220;stretch_row&#8220; css=&#8220;.vc_custom_1632299278458{border-top-width: 1px !important;border-bottom-width: 1px !important;border-top-color: rgba(0,0,0,0.05) !important;border-top-style: solid !important;border-bottom-color: rgba(0,0,0,0.05) !important;border-bottom-style: solid !important;}&#8220;][vc_column][vc_empty_space height=&#8220;60px&#8220;][vc_row_inner][vc_column_inner width=&#8220;1\/6&#8243;][\/vc_column_inner][vc_column_inner width=&#8220;2\/3&#8243;][vc_column_text] Kunden erz\u00e4hlen Erfolgsgeschichten Ellegaard steht an vorderster Front, wenn es um technologische Entwicklung geht, die zu Einsparungen an der Produktionslinie f\u00fchrt. Uns ist wichtig, dass es sich auch um ein profitables Gesch\u00e4ft mit kurzfristigem ROI handelt. Klicken &#8230; <a title=\"Fallbeispiele\" class=\"read-more\" href=\"https:\/\/www.ellegaard.com\/de\/fallbeispiele\/\" aria-label=\"Mehr Informationen \u00fcber Fallbeispiele\">Weiterlesen &#8230;<\/a><\/p>\n","protected":false},"author":1,"featured_media":0,"parent":0,"menu_order":4,"comment_status":"closed","ping_status":"closed","template":"","meta":{"_acf_changed":false,"footnotes":""},"categories":[],"class_list":["post-8267","page","type-page","status-publish"],"acf":[],"yoast_head":"<!-- This site is optimized with the Yoast SEO plugin v27.1.1 - https:\/\/yoast.com\/product\/yoast-seo-wordpress\/ -->\n<title>Fallbeispiele &#183; Ellegaard Group<\/title>\n<meta name=\"robots\" content=\"index, follow, max-snippet:-1, max-image-preview:large, max-video-preview:-1\" \/>\n<link rel=\"canonical\" href=\"https:\/\/www.ellegaard.com\/de\/fallbeispiele\/\" \/>\n<meta property=\"og:locale\" content=\"de_DE\" \/>\n<meta property=\"og:type\" content=\"article\" \/>\n<meta property=\"og:title\" content=\"Fallbeispiele &#183; Ellegaard Group\" \/>\n<meta property=\"og:description\" content=\"[vc_row full_width=&#8220;stretch_row&#8220; css=&#8220;.vc_custom_1632299278458{border-top-width: 1px !important;border-bottom-width: 1px !important;border-top-color: rgba(0,0,0,0.05) !important;border-top-style: solid !important;border-bottom-color: rgba(0,0,0,0.05) !important;border-bottom-style: solid !important;}&#8220;][vc_column][vc_empty_space height=&#8220;60px&#8220;][vc_row_inner][vc_column_inner width=&#8220;1\/6&#8243;][\/vc_column_inner][vc_column_inner width=&#8220;2\/3&#8243;][vc_column_text] Kunden erz\u00e4hlen Erfolgsgeschichten Ellegaard steht an vorderster Front, wenn es um technologische Entwicklung geht, die zu Einsparungen an der Produktionslinie f\u00fchrt. Uns ist wichtig, dass es sich auch um ein profitables Gesch\u00e4ft mit kurzfristigem ROI handelt. Klicken ... Weiterlesen ...\" \/>\n<meta property=\"og:url\" content=\"https:\/\/www.ellegaard.com\/de\/fallbeispiele\/\" \/>\n<meta property=\"og:site_name\" content=\"Ellegaard Group\" \/>\n<meta property=\"article:modified_time\" content=\"2022-11-14T13:15:16+00:00\" \/>\n<meta name=\"twitter:card\" content=\"summary_large_image\" \/>\n<meta name=\"twitter:label1\" content=\"Gesch\u00e4tzte Lesezeit\" \/>\n\t<meta name=\"twitter:data1\" content=\"1\u00a0Minute\" \/>\n<script type=\"application\/ld+json\" class=\"yoast-schema-graph\">{\"@context\":\"https:\/\/schema.org\",\"@graph\":[{\"@type\":\"WebPage\",\"@id\":\"https:\/\/www.ellegaard.com\/de\/fallbeispiele\/\",\"url\":\"https:\/\/www.ellegaard.com\/de\/fallbeispiele\/\",\"name\":\"Fallbeispiele &#183; Ellegaard Group\",\"isPartOf\":{\"@id\":\"https:\/\/www.ellegaard.com\/de\/#website\"},\"datePublished\":\"2021-09-17T06:29:40+00:00\",\"dateModified\":\"2022-11-14T13:15:16+00:00\",\"breadcrumb\":{\"@id\":\"https:\/\/www.ellegaard.com\/de\/fallbeispiele\/#breadcrumb\"},\"inLanguage\":\"de\",\"potentialAction\":[{\"@type\":\"ReadAction\",\"target\":[\"https:\/\/www.ellegaard.com\/de\/fallbeispiele\/\"]}]},{\"@type\":\"BreadcrumbList\",\"@id\":\"https:\/\/www.ellegaard.com\/de\/fallbeispiele\/#breadcrumb\",\"itemListElement\":[{\"@type\":\"ListItem\",\"position\":1,\"name\":\"Hjem\",\"item\":\"https:\/\/www.ellegaard.com\/de\/\"},{\"@type\":\"ListItem\",\"position\":2,\"name\":\"Fallbeispiele\"}]},{\"@type\":\"WebSite\",\"@id\":\"https:\/\/www.ellegaard.com\/de\/#website\",\"url\":\"https:\/\/www.ellegaard.com\/de\/\",\"name\":\"Ellegaard Group\",\"description\":\"Totalleverand\u00f8r til industrien: Alt i transportb\u00e5nd, transportsystemer, service og transport\u00f8rer\",\"publisher\":{\"@id\":\"https:\/\/www.ellegaard.com\/de\/#organization\"},\"potentialAction\":[{\"@type\":\"SearchAction\",\"target\":{\"@type\":\"EntryPoint\",\"urlTemplate\":\"https:\/\/www.ellegaard.com\/de\/?s={search_term_string}\"},\"query-input\":{\"@type\":\"PropertyValueSpecification\",\"valueRequired\":true,\"valueName\":\"search_term_string\"}}],\"inLanguage\":\"de\"},{\"@type\":\"Organization\",\"@id\":\"https:\/\/www.ellegaard.com\/de\/#organization\",\"name\":\"Ellegaard Group\",\"url\":\"https:\/\/www.ellegaard.com\/de\/\",\"logo\":{\"@type\":\"ImageObject\",\"inLanguage\":\"de\",\"@id\":\"https:\/\/www.ellegaard.com\/de\/#\/schema\/logo\/image\/\",\"url\":\"https:\/\/www.ellegaard.com\/wp-content\/uploads\/2021\/09\/logo.svg\",\"contentUrl\":\"https:\/\/www.ellegaard.com\/wp-content\/uploads\/2021\/09\/logo.svg\",\"width\":519,\"height\":46,\"caption\":\"Ellegaard Group\"},\"image\":{\"@id\":\"https:\/\/www.ellegaard.com\/de\/#\/schema\/logo\/image\/\"}}]}<\/script>\n<!-- \/ Yoast SEO plugin. -->","yoast_head_json":{"title":"Fallbeispiele &#183; Ellegaard Group","robots":{"index":"index","follow":"follow","max-snippet":"max-snippet:-1","max-image-preview":"max-image-preview:large","max-video-preview":"max-video-preview:-1"},"canonical":"https:\/\/www.ellegaard.com\/de\/fallbeispiele\/","og_locale":"de_DE","og_type":"article","og_title":"Fallbeispiele &#183; Ellegaard Group","og_description":"[vc_row full_width=&#8220;stretch_row&#8220; css=&#8220;.vc_custom_1632299278458{border-top-width: 1px !important;border-bottom-width: 1px !important;border-top-color: rgba(0,0,0,0.05) !important;border-top-style: solid !important;border-bottom-color: rgba(0,0,0,0.05) !important;border-bottom-style: solid !important;}&#8220;][vc_column][vc_empty_space height=&#8220;60px&#8220;][vc_row_inner][vc_column_inner width=&#8220;1\/6&#8243;][\/vc_column_inner][vc_column_inner width=&#8220;2\/3&#8243;][vc_column_text] Kunden erz\u00e4hlen Erfolgsgeschichten Ellegaard steht an vorderster Front, wenn es um technologische Entwicklung geht, die zu Einsparungen an der Produktionslinie f\u00fchrt. Uns ist wichtig, dass es sich auch um ein profitables Gesch\u00e4ft mit kurzfristigem ROI handelt. Klicken ... Weiterlesen ...","og_url":"https:\/\/www.ellegaard.com\/de\/fallbeispiele\/","og_site_name":"Ellegaard Group","article_modified_time":"2022-11-14T13:15:16+00:00","twitter_card":"summary_large_image","twitter_misc":{"Gesch\u00e4tzte Lesezeit":"1\u00a0Minute"},"schema":{"@context":"https:\/\/schema.org","@graph":[{"@type":"WebPage","@id":"https:\/\/www.ellegaard.com\/de\/fallbeispiele\/","url":"https:\/\/www.ellegaard.com\/de\/fallbeispiele\/","name":"Fallbeispiele &#183; Ellegaard Group","isPartOf":{"@id":"https:\/\/www.ellegaard.com\/de\/#website"},"datePublished":"2021-09-17T06:29:40+00:00","dateModified":"2022-11-14T13:15:16+00:00","breadcrumb":{"@id":"https:\/\/www.ellegaard.com\/de\/fallbeispiele\/#breadcrumb"},"inLanguage":"de","potentialAction":[{"@type":"ReadAction","target":["https:\/\/www.ellegaard.com\/de\/fallbeispiele\/"]}]},{"@type":"BreadcrumbList","@id":"https:\/\/www.ellegaard.com\/de\/fallbeispiele\/#breadcrumb","itemListElement":[{"@type":"ListItem","position":1,"name":"Hjem","item":"https:\/\/www.ellegaard.com\/de\/"},{"@type":"ListItem","position":2,"name":"Fallbeispiele"}]},{"@type":"WebSite","@id":"https:\/\/www.ellegaard.com\/de\/#website","url":"https:\/\/www.ellegaard.com\/de\/","name":"Ellegaard Group","description":"Totalleverand\u00f8r til industrien: Alt i transportb\u00e5nd, transportsystemer, service og transport\u00f8rer","publisher":{"@id":"https:\/\/www.ellegaard.com\/de\/#organization"},"potentialAction":[{"@type":"SearchAction","target":{"@type":"EntryPoint","urlTemplate":"https:\/\/www.ellegaard.com\/de\/?s={search_term_string}"},"query-input":{"@type":"PropertyValueSpecification","valueRequired":true,"valueName":"search_term_string"}}],"inLanguage":"de"},{"@type":"Organization","@id":"https:\/\/www.ellegaard.com\/de\/#organization","name":"Ellegaard Group","url":"https:\/\/www.ellegaard.com\/de\/","logo":{"@type":"ImageObject","inLanguage":"de","@id":"https:\/\/www.ellegaard.com\/de\/#\/schema\/logo\/image\/","url":"https:\/\/www.ellegaard.com\/wp-content\/uploads\/2021\/09\/logo.svg","contentUrl":"https:\/\/www.ellegaard.com\/wp-content\/uploads\/2021\/09\/logo.svg","width":519,"height":46,"caption":"Ellegaard Group"},"image":{"@id":"https:\/\/www.ellegaard.com\/de\/#\/schema\/logo\/image\/"}}]}},"_links":{"self":[{"href":"https:\/\/www.ellegaard.com\/de\/wp-json\/wp\/v2\/pages\/8267","targetHints":{"allow":["GET"]}}],"collection":[{"href":"https:\/\/www.ellegaard.com\/de\/wp-json\/wp\/v2\/pages"}],"about":[{"href":"https:\/\/www.ellegaard.com\/de\/wp-json\/wp\/v2\/types\/page"}],"author":[{"embeddable":true,"href":"https:\/\/www.ellegaard.com\/de\/wp-json\/wp\/v2\/users\/1"}],"replies":[{"embeddable":true,"href":"https:\/\/www.ellegaard.com\/de\/wp-json\/wp\/v2\/comments?post=8267"}],"version-history":[{"count":2,"href":"https:\/\/www.ellegaard.com\/de\/wp-json\/wp\/v2\/pages\/8267\/revisions"}],"predecessor-version":[{"id":8269,"href":"https:\/\/www.ellegaard.com\/de\/wp-json\/wp\/v2\/pages\/8267\/revisions\/8269"}],"wp:attachment":[{"href":"https:\/\/www.ellegaard.com\/de\/wp-json\/wp\/v2\/media?parent=8267"}],"wp:term":[{"taxonomy":"category","embeddable":true,"href":"https:\/\/www.ellegaard.com\/de\/wp-json\/wp\/v2\/categories?post=8267"}],"curies":[{"name":"wp","href":"https:\/\/api.w.org\/{rel}","templated":true}]}}