{"id":8239,"date":"2021-10-26T10:36:26","date_gmt":"2021-10-26T08:36:26","guid":{"rendered":"http:\/\/ellegaard.com\/arbeitsbereiche\/"},"modified":"2022-12-05T13:38:55","modified_gmt":"2022-12-05T12:38:55","slug":"arbeitsbereiche","status":"publish","type":"page","link":"https:\/\/www.ellegaard.com\/de\/arbeitsbereiche\/","title":{"rendered":"Arbeitsbereiche"},"content":{"rendered":"<section class=\"wpb-content-wrapper\"><p>[vc_row][vc_column css=&#8220;.vc_custom_1668594541868{margin-top: 50px !important;margin-right: 0px !important;margin-bottom: 0px !important;margin-left: 0px !important;background-color: #ffffff !important;}&#8220;][vc_row_inner][vc_column_inner width=&#8220;1\/4&#8243; css=&#8220;.vc_custom_1668590077591{margin-top: 0px !important;margin-right: 0px !important;margin-bottom: 0px !important;margin-left: 0px !important;background-color: #ee752f !important;}&#8220;][vc_single_image image=&#8220;8492&#8243; img_size=&#8220;full&#8220; alignment=&#8220;center&#8220; css=&#8220;.vc_custom_1670243921493{margin-top: 25px !important;margin-bottom: 10px !important;}&#8220;][vc_single_image image=&#8220;8366&#8243; img_size=&#8220;full&#8220; alignment=&#8220;center&#8220; css=&#8220;.vc_custom_1668589253614{margin-top: 10px !important;margin-bottom: 10px !important;}&#8220;][vc_single_image image=&#8220;8469&#8243; img_size=&#8220;full&#8220; alignment=&#8220;center&#8220; css=&#8220;.vc_custom_1670243713639{margin-top: 10px !important;margin-bottom: 10px !important;}&#8220;][vc_single_image image=&#8220;8330&#8243; img_size=&#8220;full&#8220; alignment=&#8220;center&#8220; css=&#8220;.vc_custom_1668589327587{margin-top: 10px !important;margin-bottom: 25px !important;}&#8220;][\/vc_column_inner][vc_column_inner width=&#8220;1\/4&#8243; css=&#8220;.vc_custom_1668589546363{background-color: #839298 !important;}&#8220;][vc_single_image image=&#8220;8489&#8243; img_size=&#8220;full&#8220; alignment=&#8220;center&#8220; css=&#8220;.vc_custom_1670243910920{margin-top: 25px !important;margin-bottom: 10px !important;}&#8220;][vc_single_image image=&#8220;8360&#8243; img_size=&#8220;full&#8220; alignment=&#8220;center&#8220; css=&#8220;.vc_custom_1668590789238{margin-top: 10px !important;margin-bottom: 10px !important;}&#8220;][vc_single_image image=&#8220;8351&#8243; img_size=&#8220;full&#8220; alignment=&#8220;center&#8220; css=&#8220;.vc_custom_1668590777029{margin-top: 10px !important;margin-bottom: 11px !important;}&#8220;][vc_single_image image=&#8220;8324&#8243; img_size=&#8220;full&#8220; alignment=&#8220;center&#8220; css=&#8220;.vc_custom_1668589675596{margin-top: 10px !important;margin-bottom: 10px !important;}&#8220;][vc_single_image image=&#8220;8327&#8243; img_size=&#8220;full&#8220; alignment=&#8220;center&#8220; css=&#8220;.vc_custom_1668589653362{margin-top: 10px !important;margin-bottom: 25px !important;}&#8220;][\/vc_column_inner][vc_column_inner width=&#8220;1\/4&#8243; css=&#8220;.vc_custom_1668589968984{background-color: #589b43 !important;}&#8220;][vc_single_image image=&#8220;8486&#8243; img_size=&#8220;full&#8220; alignment=&#8220;center&#8220; css=&#8220;.vc_custom_1670243892072{margin-top: 25px !important;margin-bottom: 10px !important;}&#8220;][vc_single_image image=&#8220;8333&#8243; img_size=&#8220;full&#8220; alignment=&#8220;center&#8220; css=&#8220;.vc_custom_1668589740930{margin-top: 10px !important;margin-bottom: 10px !important;}&#8220;][vc_single_image image=&#8220;8460&#8243; img_size=&#8220;full&#8220; alignment=&#8220;center&#8220; css=&#8220;.vc_custom_1670243738209{margin-top: 10px !important;margin-bottom: 10px !important;}&#8220;][vc_single_image image=&#8220;8463&#8243; img_size=&#8220;full&#8220; alignment=&#8220;center&#8220; css=&#8220;.vc_custom_1670243771769{margin-top: 10px !important;margin-bottom: 10px !important;}&#8220;][vc_single_image image=&#8220;8342&#8243; img_size=&#8220;full&#8220; alignment=&#8220;center&#8220; css=&#8220;.vc_custom_1668589778810{margin-top: 10px !important;margin-bottom: 10px !important;}&#8220;][vc_single_image image=&#8220;8466&#8243; img_size=&#8220;full&#8220; alignment=&#8220;center&#8220; css=&#8220;.vc_custom_1670243804528{margin-top: 10px !important;margin-bottom: 25px !important;}&#8220;][\/vc_column_inner][vc_column_inner width=&#8220;1\/4&#8243; css=&#8220;.vc_custom_1668589996729{background-color: #dfe9eb !important;}&#8220;][vc_single_image image=&#8220;8483&#8243; img_size=&#8220;full&#8220; alignment=&#8220;center&#8220; css=&#8220;.vc_custom_1670243933071{margin-top: 25px !important;margin-bottom: 10px !important;}&#8220;][vc_single_image image=&#8220;8472&#8243; img_size=&#8220;full&#8220; alignment=&#8220;center&#8220; css=&#8220;.vc_custom_1670243819552{margin-top: 10px !important;margin-bottom: 10px !important;}&#8220;][vc_single_image image=&#8220;8475&#8243; img_size=&#8220;full&#8220; alignment=&#8220;center&#8220; css=&#8220;.vc_custom_1670243829848{margin-top: 10px !important;margin-bottom: 23px !important;}&#8220;][vc_single_image image=&#8220;8407&#8243; img_size=&#8220;full&#8220; alignment=&#8220;center&#8220; css=&#8220;.vc_custom_1668590610360{margin-top: 10px !important;margin-bottom: 10px !important;}&#8220;][vc_single_image image=&#8220;8457&#8243; img_size=&#8220;full&#8220; alignment=&#8220;center&#8220; css=&#8220;.vc_custom_1670243840872{margin-top: 10px !important;margin-bottom: 25px !important;}&#8220;][\/vc_column_inner][\/vc_row_inner][\/vc_column][\/vc_row]<\/p>\n<\/section>","protected":false},"excerpt":{"rendered":"<p>[vc_row][vc_column css=&#8220;.vc_custom_1668594541868{margin-top: 50px !important;margin-right: 0px !important;margin-bottom: 0px !important;margin-left: 0px !important;background-color: #ffffff !important;}&#8220;][vc_row_inner][vc_column_inner width=&#8220;1\/4&#8243; css=&#8220;.vc_custom_1668590077591{margin-top: 0px !important;margin-right: 0px !important;margin-bottom: 0px !important;margin-left: 0px !important;background-color: #ee752f !important;}&#8220;][vc_single_image image=&#8220;8492&#8243; img_size=&#8220;full&#8220; alignment=&#8220;center&#8220; css=&#8220;.vc_custom_1670243921493{margin-top: 25px !important;margin-bottom: 10px !important;}&#8220;][vc_single_image image=&#8220;8366&#8243; img_size=&#8220;full&#8220; alignment=&#8220;center&#8220; css=&#8220;.vc_custom_1668589253614{margin-top: 10px !important;margin-bottom: 10px !important;}&#8220;][vc_single_image image=&#8220;8469&#8243; img_size=&#8220;full&#8220; alignment=&#8220;center&#8220; css=&#8220;.vc_custom_1670243713639{margin-top: 10px !important;margin-bottom: 10px !important;}&#8220;][vc_single_image image=&#8220;8330&#8243; img_size=&#8220;full&#8220; alignment=&#8220;center&#8220; css=&#8220;.vc_custom_1668589327587{margin-top: 10px !important;margin-bottom: 25px &#8230; <a title=\"Arbeitsbereiche\" class=\"read-more\" href=\"https:\/\/www.ellegaard.com\/de\/arbeitsbereiche\/\" aria-label=\"Mehr Informationen \u00fcber Arbeitsbereiche\">Weiterlesen &#8230;<\/a><\/p>\n","protected":false},"author":1,"featured_media":0,"parent":0,"menu_order":0,"comment_status":"closed","ping_status":"closed","template":"","meta":{"_acf_changed":false,"footnotes":""},"categories":[],"class_list":["post-8239","page","type-page","status-publish"],"acf":[],"yoast_head":"<!-- This site is optimized with the Yoast SEO plugin v27.1.1 - https:\/\/yoast.com\/product\/yoast-seo-wordpress\/ -->\n<title>Arbeitsbereiche &#183; Ellegaard Group<\/title>\n<meta name=\"robots\" content=\"index, follow, max-snippet:-1, max-image-preview:large, max-video-preview:-1\" \/>\n<link rel=\"canonical\" href=\"https:\/\/www.ellegaard.com\/de\/arbeitsbereiche\/\" \/>\n<meta property=\"og:locale\" content=\"de_DE\" \/>\n<meta property=\"og:type\" content=\"article\" \/>\n<meta property=\"og:title\" content=\"Arbeitsbereiche &#183; Ellegaard Group\" \/>\n<meta property=\"og:description\" content=\"[vc_row][vc_column css=&#8220;.vc_custom_1668594541868{margin-top: 50px !important;margin-right: 0px !important;margin-bottom: 0px !important;margin-left: 0px !important;background-color: #ffffff !important;}&#8220;][vc_row_inner][vc_column_inner width=&#8220;1\/4&#8243; css=&#8220;.vc_custom_1668590077591{margin-top: 0px !important;margin-right: 0px !important;margin-bottom: 0px !important;margin-left: 0px !important;background-color: #ee752f !important;}&#8220;][vc_single_image image=&#8220;8492&#8243; img_size=&#8220;full&#8220; alignment=&#8220;center&#8220; css=&#8220;.vc_custom_1670243921493{margin-top: 25px !important;margin-bottom: 10px !important;}&#8220;][vc_single_image image=&#8220;8366&#8243; img_size=&#8220;full&#8220; alignment=&#8220;center&#8220; css=&#8220;.vc_custom_1668589253614{margin-top: 10px !important;margin-bottom: 10px !important;}&#8220;][vc_single_image image=&#8220;8469&#8243; img_size=&#8220;full&#8220; alignment=&#8220;center&#8220; css=&#8220;.vc_custom_1670243713639{margin-top: 10px !important;margin-bottom: 10px !important;}&#8220;][vc_single_image image=&#8220;8330&#8243; img_size=&#8220;full&#8220; alignment=&#8220;center&#8220; css=&#8220;.vc_custom_1668589327587{margin-top: 10px !important;margin-bottom: 25px ... Weiterlesen ...\" \/>\n<meta property=\"og:url\" content=\"https:\/\/www.ellegaard.com\/de\/arbeitsbereiche\/\" \/>\n<meta property=\"og:site_name\" content=\"Ellegaard Group\" \/>\n<meta property=\"article:modified_time\" content=\"2022-12-05T12:38:55+00:00\" \/>\n<meta name=\"twitter:card\" content=\"summary_large_image\" \/>\n<meta name=\"twitter:label1\" content=\"Gesch\u00e4tzte Lesezeit\" \/>\n\t<meta name=\"twitter:data1\" content=\"2\u00a0Minuten\" \/>\n<script type=\"application\/ld+json\" class=\"yoast-schema-graph\">{\"@context\":\"https:\/\/schema.org\",\"@graph\":[{\"@type\":\"WebPage\",\"@id\":\"https:\/\/www.ellegaard.com\/de\/arbeitsbereiche\/\",\"url\":\"https:\/\/www.ellegaard.com\/de\/arbeitsbereiche\/\",\"name\":\"Arbeitsbereiche &#183; Ellegaard Group\",\"isPartOf\":{\"@id\":\"https:\/\/www.ellegaard.com\/de\/#website\"},\"datePublished\":\"2021-10-26T08:36:26+00:00\",\"dateModified\":\"2022-12-05T12:38:55+00:00\",\"breadcrumb\":{\"@id\":\"https:\/\/www.ellegaard.com\/de\/arbeitsbereiche\/#breadcrumb\"},\"inLanguage\":\"de\",\"potentialAction\":[{\"@type\":\"ReadAction\",\"target\":[\"https:\/\/www.ellegaard.com\/de\/arbeitsbereiche\/\"]}]},{\"@type\":\"BreadcrumbList\",\"@id\":\"https:\/\/www.ellegaard.com\/de\/arbeitsbereiche\/#breadcrumb\",\"itemListElement\":[{\"@type\":\"ListItem\",\"position\":1,\"name\":\"Hjem\",\"item\":\"https:\/\/www.ellegaard.com\/de\/\"},{\"@type\":\"ListItem\",\"position\":2,\"name\":\"Arbeitsbereiche\"}]},{\"@type\":\"WebSite\",\"@id\":\"https:\/\/www.ellegaard.com\/de\/#website\",\"url\":\"https:\/\/www.ellegaard.com\/de\/\",\"name\":\"Ellegaard Group\",\"description\":\"Totalleverand\u00f8r til industrien: Alt i transportb\u00e5nd, transportsystemer, service og transport\u00f8rer\",\"publisher\":{\"@id\":\"https:\/\/www.ellegaard.com\/de\/#organization\"},\"potentialAction\":[{\"@type\":\"SearchAction\",\"target\":{\"@type\":\"EntryPoint\",\"urlTemplate\":\"https:\/\/www.ellegaard.com\/de\/?s={search_term_string}\"},\"query-input\":{\"@type\":\"PropertyValueSpecification\",\"valueRequired\":true,\"valueName\":\"search_term_string\"}}],\"inLanguage\":\"de\"},{\"@type\":\"Organization\",\"@id\":\"https:\/\/www.ellegaard.com\/de\/#organization\",\"name\":\"Ellegaard Group\",\"url\":\"https:\/\/www.ellegaard.com\/de\/\",\"logo\":{\"@type\":\"ImageObject\",\"inLanguage\":\"de\",\"@id\":\"https:\/\/www.ellegaard.com\/de\/#\/schema\/logo\/image\/\",\"url\":\"https:\/\/www.ellegaard.com\/wp-content\/uploads\/2021\/09\/logo.svg\",\"contentUrl\":\"https:\/\/www.ellegaard.com\/wp-content\/uploads\/2021\/09\/logo.svg\",\"width\":519,\"height\":46,\"caption\":\"Ellegaard Group\"},\"image\":{\"@id\":\"https:\/\/www.ellegaard.com\/de\/#\/schema\/logo\/image\/\"}}]}<\/script>\n<!-- \/ Yoast SEO plugin. -->","yoast_head_json":{"title":"Arbeitsbereiche &#183; Ellegaard Group","robots":{"index":"index","follow":"follow","max-snippet":"max-snippet:-1","max-image-preview":"max-image-preview:large","max-video-preview":"max-video-preview:-1"},"canonical":"https:\/\/www.ellegaard.com\/de\/arbeitsbereiche\/","og_locale":"de_DE","og_type":"article","og_title":"Arbeitsbereiche &#183; Ellegaard Group","og_description":"[vc_row][vc_column css=&#8220;.vc_custom_1668594541868{margin-top: 50px !important;margin-right: 0px !important;margin-bottom: 0px !important;margin-left: 0px !important;background-color: #ffffff !important;}&#8220;][vc_row_inner][vc_column_inner width=&#8220;1\/4&#8243; css=&#8220;.vc_custom_1668590077591{margin-top: 0px !important;margin-right: 0px !important;margin-bottom: 0px !important;margin-left: 0px !important;background-color: #ee752f !important;}&#8220;][vc_single_image image=&#8220;8492&#8243; img_size=&#8220;full&#8220; alignment=&#8220;center&#8220; css=&#8220;.vc_custom_1670243921493{margin-top: 25px !important;margin-bottom: 10px !important;}&#8220;][vc_single_image image=&#8220;8366&#8243; img_size=&#8220;full&#8220; alignment=&#8220;center&#8220; css=&#8220;.vc_custom_1668589253614{margin-top: 10px !important;margin-bottom: 10px !important;}&#8220;][vc_single_image image=&#8220;8469&#8243; img_size=&#8220;full&#8220; alignment=&#8220;center&#8220; css=&#8220;.vc_custom_1670243713639{margin-top: 10px !important;margin-bottom: 10px !important;}&#8220;][vc_single_image image=&#8220;8330&#8243; img_size=&#8220;full&#8220; alignment=&#8220;center&#8220; css=&#8220;.vc_custom_1668589327587{margin-top: 10px !important;margin-bottom: 25px ... Weiterlesen ...","og_url":"https:\/\/www.ellegaard.com\/de\/arbeitsbereiche\/","og_site_name":"Ellegaard Group","article_modified_time":"2022-12-05T12:38:55+00:00","twitter_card":"summary_large_image","twitter_misc":{"Gesch\u00e4tzte Lesezeit":"2\u00a0Minuten"},"schema":{"@context":"https:\/\/schema.org","@graph":[{"@type":"WebPage","@id":"https:\/\/www.ellegaard.com\/de\/arbeitsbereiche\/","url":"https:\/\/www.ellegaard.com\/de\/arbeitsbereiche\/","name":"Arbeitsbereiche &#183; Ellegaard Group","isPartOf":{"@id":"https:\/\/www.ellegaard.com\/de\/#website"},"datePublished":"2021-10-26T08:36:26+00:00","dateModified":"2022-12-05T12:38:55+00:00","breadcrumb":{"@id":"https:\/\/www.ellegaard.com\/de\/arbeitsbereiche\/#breadcrumb"},"inLanguage":"de","potentialAction":[{"@type":"ReadAction","target":["https:\/\/www.ellegaard.com\/de\/arbeitsbereiche\/"]}]},{"@type":"BreadcrumbList","@id":"https:\/\/www.ellegaard.com\/de\/arbeitsbereiche\/#breadcrumb","itemListElement":[{"@type":"ListItem","position":1,"name":"Hjem","item":"https:\/\/www.ellegaard.com\/de\/"},{"@type":"ListItem","position":2,"name":"Arbeitsbereiche"}]},{"@type":"WebSite","@id":"https:\/\/www.ellegaard.com\/de\/#website","url":"https:\/\/www.ellegaard.com\/de\/","name":"Ellegaard Group","description":"Totalleverand\u00f8r til industrien: Alt i transportb\u00e5nd, transportsystemer, service og transport\u00f8rer","publisher":{"@id":"https:\/\/www.ellegaard.com\/de\/#organization"},"potentialAction":[{"@type":"SearchAction","target":{"@type":"EntryPoint","urlTemplate":"https:\/\/www.ellegaard.com\/de\/?s={search_term_string}"},"query-input":{"@type":"PropertyValueSpecification","valueRequired":true,"valueName":"search_term_string"}}],"inLanguage":"de"},{"@type":"Organization","@id":"https:\/\/www.ellegaard.com\/de\/#organization","name":"Ellegaard Group","url":"https:\/\/www.ellegaard.com\/de\/","logo":{"@type":"ImageObject","inLanguage":"de","@id":"https:\/\/www.ellegaard.com\/de\/#\/schema\/logo\/image\/","url":"https:\/\/www.ellegaard.com\/wp-content\/uploads\/2021\/09\/logo.svg","contentUrl":"https:\/\/www.ellegaard.com\/wp-content\/uploads\/2021\/09\/logo.svg","width":519,"height":46,"caption":"Ellegaard Group"},"image":{"@id":"https:\/\/www.ellegaard.com\/de\/#\/schema\/logo\/image\/"}}]}},"_links":{"self":[{"href":"https:\/\/www.ellegaard.com\/de\/wp-json\/wp\/v2\/pages\/8239","targetHints":{"allow":["GET"]}}],"collection":[{"href":"https:\/\/www.ellegaard.com\/de\/wp-json\/wp\/v2\/pages"}],"about":[{"href":"https:\/\/www.ellegaard.com\/de\/wp-json\/wp\/v2\/types\/page"}],"author":[{"embeddable":true,"href":"https:\/\/www.ellegaard.com\/de\/wp-json\/wp\/v2\/users\/1"}],"replies":[{"embeddable":true,"href":"https:\/\/www.ellegaard.com\/de\/wp-json\/wp\/v2\/comments?post=8239"}],"version-history":[{"count":9,"href":"https:\/\/www.ellegaard.com\/de\/wp-json\/wp\/v2\/pages\/8239\/revisions"}],"predecessor-version":[{"id":9381,"href":"https:\/\/www.ellegaard.com\/de\/wp-json\/wp\/v2\/pages\/8239\/revisions\/9381"}],"wp:attachment":[{"href":"https:\/\/www.ellegaard.com\/de\/wp-json\/wp\/v2\/media?parent=8239"}],"wp:term":[{"taxonomy":"category","embeddable":true,"href":"https:\/\/www.ellegaard.com\/de\/wp-json\/wp\/v2\/categories?post=8239"}],"curies":[{"name":"wp","href":"https:\/\/api.w.org\/{rel}","templated":true}]}}